{"id":991,"date":"2020-06-25T13:42:31","date_gmt":"2020-06-25T11:42:31","guid":{"rendered":"https:\/\/5ka.fr\/project\/patrickbaudrymirror\/?page_id=991"},"modified":"2020-06-25T13:49:21","modified_gmt":"2020-06-25T11:49:21","slug":"2012-2","status":"publish","type":"page","link":"https:\/\/5ka.fr\/project\/patrickbaudrymirror\/le-concept\/2012-2\/","title":{"rendered":"2012"},"content":{"rendered":"<p><a href=\"https:\/\/5ka.fr\/project\/patrickbaudrymirror\/wp-content\/uploads\/2020\/06\/ecs_recto_rvb_site_web.jpg\"><img loading=\"lazy\" class=\"aligncenter size-full wp-image-990\" src=\"https:\/\/5ka.fr\/project\/patrickbaudrymirror\/wp-content\/uploads\/2020\/06\/ecs_recto_rvb_site_web.jpg\" alt=\"\" width=\"500\" height=\"701\" srcset=\"https:\/\/5ka.fr\/project\/patrickbaudrymirror\/wp-content\/uploads\/2020\/06\/ecs_recto_rvb_site_web.jpg 500w, https:\/\/5ka.fr\/project\/patrickbaudrymirror\/wp-content\/uploads\/2020\/06\/ecs_recto_rvb_site_web-214x300.jpg 214w\" sizes=\"(max-width: 500px) 100vw, 500px\" \/><\/a><\/p>\n<p style=\"color: #545454;\"><strong><span style=\"color: #000080;\">RETROSPECTIVE<\/span><\/strong><\/p>\n<p style=\"color: #545454;\"><strong><span style=\"color: #000000;\">Journ\u00e9e du 05 juillet 2012<\/span><\/strong><span style=\"color: #000000;\">&nbsp;(<span style=\"color: #000080;\"><em>Saint-Cyprien 66 \u2014\u2013&gt; Rivi\u00e8res 81<\/em><\/span>)<\/span><\/p>\n<p style=\"color: #545454;\"><a href=\"https:\/\/www.dropbox.com\/sh\/d90tinvnbsauhkx\/AACUUC0onwQS7zzrCjys1jJia?dl=0\"><span style=\"color: #000000;\">Saint -Cyprien (66)&nbsp; \u2013 D\u00e9part de la 1\u00e8re \u00e9dition<\/span><\/a><\/p>\n<p style=\"color: #545454;\"><a href=\"https:\/\/www.dropbox.com\/sh\/j78lfz0uz9gz57s\/AAAIFueCGva_Fzs8e_pJL88Sa?dl=0\"><span style=\"color: #000000;\">Limoux (11) \u2013 1\u00e8re ville \u00e9tape<\/span><\/a><\/p>\n<p style=\"color: #545454;\"><a href=\"https:\/\/www.dropbox.com\/sh\/kjdh89rp67yt2x5\/AAD27sbjKOV2rTw7YcIscnroa?dl=0\"><span style=\"color: #000000;\">Lavaur (81) \u2013 2\u00e8me&nbsp;ville \u00e9tape<\/span><\/a><\/p>\n<p style=\"color: #545454;\"><strong><span style=\"color: #000000;\">Journ\u00e9e du 06 juillet 2012<\/span><\/strong><span style=\"color: #000000;\">&nbsp;(<em><span style=\"color: #000080;\">Rivi\u00e8res 81 \u2014\u2013&gt; Villefranche de Rouergue 12<\/span><\/em>)<\/span><\/p>\n<p style=\"color: #545454;\"><a href=\"https:\/\/www.dropbox.com\/sh\/mqe15u6xsx1voc2\/AAAtSblAqaYe4qwvT1FPNuxPa?dl=0\"><span style=\"color: #000000;\">Isle sur T<\/span><span style=\"color: #000000;\">arn (81)&nbsp;&#8211; 1\u00e8re \u00e9tape<\/span><\/a><\/p>\n<p style=\"color: #545454;\"><a href=\"https:\/\/www.dropbox.com\/sh\/bonm0lztw6uhrp2\/AACvoAQtzVES-ECpoh_FSA5Ja?dl=0\"><span style=\"color: #000000;\">Castelnau de Levis(81) \u2013 2\u00e8me \u00e9tape<\/span><\/a><\/p>\n<p style=\"color: #545454;\"><span style=\"color: #000000;\">Villefranche de Rouergue&nbsp; \u2013 Invitation&nbsp;1\u00e8re soir\u00e9e de Gala organis\u00e9e par l\u2019association \u00ab&nbsp;Tout le monde chante contre le cancer&nbsp;\u00bb \u2013 TLMC<\/span><\/p>\n<p style=\"color: #545454;\"><strong><span style=\"color: #000000;\">J<\/span><span style=\"color: #000000;\">ourn\u00e9e du 07 juillet 2012<\/span><\/strong><span style=\"color: #000000;\">&nbsp;(<span style=\"color: #000080;\"><em>Villefranche de Rouergue 12<\/em><\/span>)<\/span><\/p>\n<p style=\"color: #545454;\"><a href=\"https:\/\/www.dropbox.com\/sh\/1yqz60w24hhhtwc\/AABtH09T60yWDgg42d7ebPlBa?dl=0\"><span style=\"color: #000000;\">Rencontre de Patrick Baudry et enfants malades (invit\u00e9s de marque de TLMC)<\/span><\/a><\/p>\n<p style=\"color: #545454;\"><a href=\"https:\/\/www.dropbox.com\/sh\/8wokp76ld1xoj0v\/AABtwUcUsMqmyOuG346ichnma?dl=0\"><span style=\"color: #000000;\">Ouverture officiel par Patrick Baudry meeting a\u00e9rien&nbsp; (organis\u00e9 par TLMC)<\/span><\/a><\/p>\n<p style=\"color: #545454;\"><span style=\"color: #000000;\">Invitation 2\u00e8me&nbsp; soir\u00e9e de Gala organis\u00e9e par l\u2019association \u00ab&nbsp;Tout le monde chante contre le cancer&nbsp;\u00bb \u2013 TLMC<\/span><\/p>\n","protected":false},"excerpt":{"rendered":"<p>RETROSPECTIVE Journ\u00e9e du 05 juillet 2012&nbsp;(Saint-Cyprien 66 \u2014\u2013&gt; Rivi\u00e8res 81) Saint -Cyprien (66)&nbsp; \u2013 D\u00e9part de la 1\u00e8re \u00e9dition Limoux (11) \u2013 1\u00e8re ville \u00e9tape Lavaur (81) \u2013 2\u00e8me&nbsp;ville \u00e9tape Journ\u00e9e du 06 juillet 2012&nbsp;(Rivi\u00e8res 81 \u2014\u2013&gt; Villefranche de Rouergue 12) Isle sur Tarn (81)&nbsp;&#8211; 1\u00e8re \u00e9tape Castelnau de Levis(81) \u2013 2\u00e8me \u00e9tape Villefranche de [&hellip;]<\/p>\n","protected":false},"author":1,"featured_media":0,"parent":980,"menu_order":1,"comment_status":"closed","ping_status":"closed","template":"","meta":{"ngg_post_thumbnail":0},"_links":{"self":[{"href":"https:\/\/5ka.fr\/project\/patrickbaudrymirror\/wp-json\/wp\/v2\/pages\/991"}],"collection":[{"href":"https:\/\/5ka.fr\/project\/patrickbaudrymirror\/wp-json\/wp\/v2\/pages"}],"about":[{"href":"https:\/\/5ka.fr\/project\/patrickbaudrymirror\/wp-json\/wp\/v2\/types\/page"}],"author":[{"embeddable":true,"href":"https:\/\/5ka.fr\/project\/patrickbaudrymirror\/wp-json\/wp\/v2\/users\/1"}],"replies":[{"embeddable":true,"href":"https:\/\/5ka.fr\/project\/patrickbaudrymirror\/wp-json\/wp\/v2\/comments?post=991"}],"version-history":[{"count":2,"href":"https:\/\/5ka.fr\/project\/patrickbaudrymirror\/wp-json\/wp\/v2\/pages\/991\/revisions"}],"predecessor-version":[{"id":993,"href":"https:\/\/5ka.fr\/project\/patrickbaudrymirror\/wp-json\/wp\/v2\/pages\/991\/revisions\/993"}],"up":[{"embeddable":true,"href":"https:\/\/5ka.fr\/project\/patrickbaudrymirror\/wp-json\/wp\/v2\/pages\/980"}],"wp:attachment":[{"href":"https:\/\/5ka.fr\/project\/patrickbaudrymirror\/wp-json\/wp\/v2\/media?parent=991"}],"curies":[{"name":"wp","href":"https:\/\/api.w.org\/{rel}","templated":true}]}}