{"id":94,"date":"2020-05-27T02:18:23","date_gmt":"2020-05-27T00:18:23","guid":{"rendered":"https:\/\/5ka.fr\/project\/patrickbaudrymirror\/?page_id=94"},"modified":"2020-05-27T02:18:23","modified_gmt":"2020-05-27T00:18:23","slug":"lhomme-et-lequipe","status":"publish","type":"page","link":"https:\/\/5ka.fr\/project\/patrickbaudrymirror\/conferencier\/themes-de-conference\/lhomme-et-lequipe\/","title":{"rendered":"L&rsquo;Homme et l&rsquo;Equipe"},"content":{"rendered":"<p>L\u2019astronaute n\u2019est qu\u2019un des maillons de la cha\u00eene qui m\u00e8ne \u00e0 l\u2019objectif poursuivi dans une mission spatiale, m\u00eame s\u2019il en est le dernier, concr\u00e9tisant la r\u00e9ussite de tous. La Conqu\u00eate de l\u2019Espace devient alors un id\u00e9al qui nous habite tous, quel que soit notre r\u00f4le individuel, et cette vision commune d\u00e9cuple la responsabilit\u00e9 de chacun. Seul, on ne peut rien accomplir de grand, et l\u2019on ne peut s\u2019\u00e9panouir professionnellement qu\u2019au sein d\u2019une \u00e9quipe. Sublimer les performances d\u2019un groupe, d\u2019une entreprise, se r\u00e9alise \u00e0 cette condition. En effet, le tout est beaucoup plus important que la somme des parties, et chacun, en plus du r\u00f4le qui lui est propre, a un r\u00f4le essentiel \u00e0 jouer pour que l\u2019\u00e9quipe soit dynamis\u00e9e, et puisse atteindre l\u2019objectif qu\u2019elle s\u2019est fix\u00e9. Dans le spatial, que ce soit avec les russes, les am\u00e9ricains, ou les europ\u00e9ens, c\u2019est une r\u00e9alit\u00e9 qui s\u2019impose d\u2019elle-m\u00eame.<\/p>\n<p>L\u2019aventure spatiale v\u00e9cue par Patrick BAUDRY, tout comme sa vie d\u2019officier de l\u2019arm\u00e9e de l\u2019air, ou encore sa vie de pilote d\u2019essais lui ont toutes livr\u00e9 les secrets de la coh\u00e9sion et de l\u2019entente en groupe, au quotidien comme en temps de crise. Elles lui ont r\u00e9v\u00e9l\u00e9 les bienfaits de l\u2019esprit d\u2019\u00e9quipe pour le meilleur d\u00e9veloppement de l\u2019entreprise, commune, quel que soit le r\u00f4le que l\u2019on ait \u00e0 y jouer. Elles lui ont appris, de surcro\u00eet, les qualit\u00e9s primordiales de concentration au milieu m\u00eame des autres, d\u2019\u00e9valuation des possibilit\u00e9s de performance de chacun comme de tous, et le plus haut degr\u00e9 d\u2019adaptabilit\u00e9 aux situations inattendues et aux autres hommes. . De la m\u00eame mani\u00e8re, votre \u00ab diff\u00e9rence \u00bb doit vous porter vers l\u2019accomplissement et le succ\u00e8s, et c\u2019est l\u00e0 une chose dont Patrick BAUDRY peut vous amener \u00e0 prendre conscience. Il peut \u00e9galement f\u00e9d\u00e9rer votre sentiment d\u2019appartenance \u00e0 un groupe afin de r\u00e9ussir un bon management des hommes comme des objectifs.<\/p>\n<p>3 ingr\u00e9dients vitaux pour cr\u00e9er une bonne \u00e9quipe :<\/p>\n<p>Une vision commune qui porte l\u2019\u00e9quipe vers une destination ambitieuse et au sein de laquelle chacun trouve le sens qu\u2019il souhaite donner \u00e0 son accomplissement personnel. C\u2019est de la responsabilisation de chacun qu\u2019il s\u2019agit ici.<\/p>\n<p>Des valeurs f\u00e9d\u00e9ratrices qui d\u00e9finissent les comportements attendus autant que ceux qui sont d\u00e9fendus. Sur cette base doivent se d\u00e9cliner les r\u00e8gles du jeu et les sanctions claires et valid\u00e9es par chacun. Une bonne coh\u00e9sion d\u2019\u00e9quipe, bas\u00e9e sur la culture de la diff\u00e9rence de chacun, se manifeste alors par la capacit\u00e9 du chef d\u2019\u00e9quipe \u00e0 faire respecter les r\u00e8gles, sans distinction de grade ou de rang.<\/p>\n<p>Une \u00e9quipe \u00e0 forte valeur ajout\u00e9e est une \u00e9quipe qui sait se retrouver hors cadre professionnel pour f\u00eater les victoires, les progr\u00e8s, les efforts fournis. Cela permet de mieux se conna\u00eetre et donc de mieux se comprendre.<\/p>\n<p>Pour retenir l\u2019expression d\u2019un grand sportif :<\/p>\n<blockquote><p>L\u2019essentiel, dans un sport collectif, c\u2019est d\u2019aimer les autres. C\u2019est de se reconna\u00eetre dans le geste collectif plut\u00f4t que dans ses propres actes. C\u2019est d\u2019\u00eatre heureux quand les autres sont heureux autour de soi. C\u2019est, \u00e0 l\u2019entra\u00eenement, de prendre plaisir \u00e0 souffrir quand les autres prennent plaisir \u00e0 souffrir. Et de ne pas supporter qu\u2019il y en ait un ou deux qui trichent un peu. L\u2019essentiel, c\u2019est de comprendre que le r\u00e9sultat ne peut venir que du groupe uni et que, chaque fois que des \u00e9l\u00e9ments s\u2019isolent ou simplement marchent \u00e0 c\u00f4t\u00e9, le groupe s\u2019affaiblit.<br \/>\n<small class=\"clientname\">Fabien Galthi\u00e9, capitaine 2002 du XV de France.<\/small><\/p><\/blockquote>\n","protected":false},"excerpt":{"rendered":"<p>L\u2019astronaute n\u2019est qu\u2019un des maillons de la cha\u00eene qui m\u00e8ne \u00e0 l\u2019objectif poursuivi dans une mission spatiale, m\u00eame s\u2019il en est le dernier, concr\u00e9tisant la r\u00e9ussite de tous. La Conqu\u00eate de l\u2019Espace devient alors un id\u00e9al qui nous habite tous, quel que soit notre r\u00f4le individuel, et cette vision commune d\u00e9cuple la responsabilit\u00e9 de chacun. [&hellip;]<\/p>\n","protected":false},"author":1,"featured_media":0,"parent":20,"menu_order":6,"comment_status":"closed","ping_status":"closed","template":"","meta":{"ngg_post_thumbnail":0},"_links":{"self":[{"href":"https:\/\/5ka.fr\/project\/patrickbaudrymirror\/wp-json\/wp\/v2\/pages\/94"}],"collection":[{"href":"https:\/\/5ka.fr\/project\/patrickbaudrymirror\/wp-json\/wp\/v2\/pages"}],"about":[{"href":"https:\/\/5ka.fr\/project\/patrickbaudrymirror\/wp-json\/wp\/v2\/types\/page"}],"author":[{"embeddable":true,"href":"https:\/\/5ka.fr\/project\/patrickbaudrymirror\/wp-json\/wp\/v2\/users\/1"}],"replies":[{"embeddable":true,"href":"https:\/\/5ka.fr\/project\/patrickbaudrymirror\/wp-json\/wp\/v2\/comments?post=94"}],"version-history":[{"count":2,"href":"https:\/\/5ka.fr\/project\/patrickbaudrymirror\/wp-json\/wp\/v2\/pages\/94\/revisions"}],"predecessor-version":[{"id":96,"href":"https:\/\/5ka.fr\/project\/patrickbaudrymirror\/wp-json\/wp\/v2\/pages\/94\/revisions\/96"}],"up":[{"embeddable":true,"href":"https:\/\/5ka.fr\/project\/patrickbaudrymirror\/wp-json\/wp\/v2\/pages\/20"}],"wp:attachment":[{"href":"https:\/\/5ka.fr\/project\/patrickbaudrymirror\/wp-json\/wp\/v2\/media?parent=94"}],"curies":[{"name":"wp","href":"https:\/\/api.w.org\/{rel}","templated":true}]}}