{"id":929,"date":"2020-06-19T03:37:34","date_gmt":"2020-06-19T01:37:34","guid":{"rendered":"https:\/\/5ka.fr\/project\/patrickbaudrymirror\/?page_id=929"},"modified":"2021-05-14T14:41:03","modified_gmt":"2021-05-14T12:41:03","slug":"space-camp-patrick-baudry","status":"publish","type":"page","link":"https:\/\/5ka.fr\/project\/patrickbaudrymirror\/associations\/les-actions-pedagogiques-patrick-baudry\/space-camp-patrick-baudry\/","title":{"rendered":"Space Camp Patrick Baudry"},"content":{"rendered":"<h3>Le premier pas vers l&rsquo;espace<\/p>\n<div style=\"width: 150px; float: right;\"><!-- default-view.php -->\n<div\n\tclass=\"ngg-galleryoverview default-view \"\n\tid=\"ngg-gallery-3ae927cd0612a412d6a1b5896cecccb9-1\">\n\n\t\t<!-- Thumbnails -->\n\t\t\t\t<div id=\"ngg-image-0\" class=\"ngg-gallery-thumbnail-box \" >\n\t\t\t\t        <div class=\"ngg-gallery-thumbnail\">\n            <a href=\"https:\/\/5ka.fr\/project\/patrickbaudrymirror\/wp-content\/gallery\/space-camp-patrick-baudry-1\/01-space-camp-patrick-baudry.jpg\"\n               title=\"\"\n               data-src=\"https:\/\/5ka.fr\/project\/patrickbaudrymirror\/wp-content\/gallery\/space-camp-patrick-baudry-1\/01-space-camp-patrick-baudry.jpg\"\n               data-thumbnail=\"https:\/\/5ka.fr\/project\/patrickbaudrymirror\/wp-content\/gallery\/space-camp-patrick-baudry-1\/thumbs\/thumbs_01-space-camp-patrick-baudry.jpg\"\n               data-image-id=\"151\"\n               data-title=\"01-space-camp-patrick-baudry\"\n               data-description=\"\"\n               data-image-slug=\"01-space-camp-patrick-baudry\"\n               class=\"ngg-simplelightbox\" rel=\"3ae927cd0612a412d6a1b5896cecccb9\">\n                <img\n                    title=\"01-space-camp-patrick-baudry\"\n                    alt=\"01-space-camp-patrick-baudry\"\n                    src=\"https:\/\/5ka.fr\/project\/patrickbaudrymirror\/wp-content\/gallery\/space-camp-patrick-baudry-1\/thumbs\/thumbs_01-space-camp-patrick-baudry.jpg\"\n                    width=\"100\"\n                    height=\"75\"\n                    style=\"max-width:100%;\"\n                \/>\n            <\/a>\n        <\/div>\n\t\t\t\t\t\t\t<\/div> \n\t\t\t\n\t\t\t\t<div id=\"ngg-image-1\" class=\"ngg-gallery-thumbnail-box \" >\n\t\t\t\t        <div class=\"ngg-gallery-thumbnail\">\n            <a href=\"https:\/\/5ka.fr\/project\/patrickbaudrymirror\/wp-content\/gallery\/space-camp-patrick-baudry-1\/02-space-camp-patrick-baudry.jpg\"\n               title=\"\"\n               data-src=\"https:\/\/5ka.fr\/project\/patrickbaudrymirror\/wp-content\/gallery\/space-camp-patrick-baudry-1\/02-space-camp-patrick-baudry.jpg\"\n               data-thumbnail=\"https:\/\/5ka.fr\/project\/patrickbaudrymirror\/wp-content\/gallery\/space-camp-patrick-baudry-1\/thumbs\/thumbs_02-space-camp-patrick-baudry.jpg\"\n               data-image-id=\"152\"\n               data-title=\"02-space-camp-patrick-baudry\"\n               data-description=\"\"\n               data-image-slug=\"02-space-camp-patrick-baudry\"\n               class=\"ngg-simplelightbox\" rel=\"3ae927cd0612a412d6a1b5896cecccb9\">\n                <img\n                    title=\"02-space-camp-patrick-baudry\"\n                    alt=\"02-space-camp-patrick-baudry\"\n                    src=\"https:\/\/5ka.fr\/project\/patrickbaudrymirror\/wp-content\/gallery\/space-camp-patrick-baudry-1\/thumbs\/thumbs_02-space-camp-patrick-baudry.jpg\"\n                    width=\"100\"\n                    height=\"75\"\n                    style=\"max-width:100%;\"\n                \/>\n            <\/a>\n        <\/div>\n\t\t\t\t\t\t\t<\/div> \n\t\t\t\n\t\t\t\t<div id=\"ngg-image-2\" class=\"ngg-gallery-thumbnail-box \" >\n\t\t\t\t        <div class=\"ngg-gallery-thumbnail\">\n            <a href=\"https:\/\/5ka.fr\/project\/patrickbaudrymirror\/wp-content\/gallery\/space-camp-patrick-baudry-1\/03-space-camp-patrick-baudry.jpg\"\n               title=\"\"\n               data-src=\"https:\/\/5ka.fr\/project\/patrickbaudrymirror\/wp-content\/gallery\/space-camp-patrick-baudry-1\/03-space-camp-patrick-baudry.jpg\"\n               data-thumbnail=\"https:\/\/5ka.fr\/project\/patrickbaudrymirror\/wp-content\/gallery\/space-camp-patrick-baudry-1\/thumbs\/thumbs_03-space-camp-patrick-baudry.jpg\"\n               data-image-id=\"153\"\n               data-title=\"03-space-camp-patrick-baudry\"\n               data-description=\"\"\n               data-image-slug=\"03-space-camp-patrick-baudry\"\n               class=\"ngg-simplelightbox\" rel=\"3ae927cd0612a412d6a1b5896cecccb9\">\n                <img\n                    title=\"03-space-camp-patrick-baudry\"\n                    alt=\"03-space-camp-patrick-baudry\"\n                    src=\"https:\/\/5ka.fr\/project\/patrickbaudrymirror\/wp-content\/gallery\/space-camp-patrick-baudry-1\/thumbs\/thumbs_03-space-camp-patrick-baudry.jpg\"\n                    width=\"100\"\n                    height=\"75\"\n                    style=\"max-width:100%;\"\n                \/>\n            <\/a>\n        <\/div>\n\t\t\t\t\t\t\t<\/div> \n\t\t\t\n\t\t\t\t<div id=\"ngg-image-3\" class=\"ngg-gallery-thumbnail-box \" >\n\t\t\t\t        <div class=\"ngg-gallery-thumbnail\">\n            <a href=\"https:\/\/5ka.fr\/project\/patrickbaudrymirror\/wp-content\/gallery\/space-camp-patrick-baudry-1\/04-space-camp-patrick-baudry_4.jpg\"\n               title=\"\"\n               data-src=\"https:\/\/5ka.fr\/project\/patrickbaudrymirror\/wp-content\/gallery\/space-camp-patrick-baudry-1\/04-space-camp-patrick-baudry_4.jpg\"\n               data-thumbnail=\"https:\/\/5ka.fr\/project\/patrickbaudrymirror\/wp-content\/gallery\/space-camp-patrick-baudry-1\/thumbs\/thumbs_04-space-camp-patrick-baudry_4.jpg\"\n               data-image-id=\"154\"\n               data-title=\"04-space-camp-patrick-baudry_4\"\n               data-description=\"\"\n               data-image-slug=\"04-space-camp-patrick-baudry_4\"\n               class=\"ngg-simplelightbox\" rel=\"3ae927cd0612a412d6a1b5896cecccb9\">\n                <img\n                    title=\"04-space-camp-patrick-baudry_4\"\n                    alt=\"04-space-camp-patrick-baudry_4\"\n                    src=\"https:\/\/5ka.fr\/project\/patrickbaudrymirror\/wp-content\/gallery\/space-camp-patrick-baudry-1\/thumbs\/thumbs_04-space-camp-patrick-baudry_4.jpg\"\n                    width=\"100\"\n                    height=\"75\"\n                    style=\"max-width:100%;\"\n                \/>\n            <\/a>\n        <\/div>\n\t\t\t\t\t\t\t<\/div> \n\t\t\t\n\t\t\t\t<div id=\"ngg-image-4\" class=\"ngg-gallery-thumbnail-box \" >\n\t\t\t\t        <div class=\"ngg-gallery-thumbnail\">\n            <a href=\"https:\/\/5ka.fr\/project\/patrickbaudrymirror\/wp-content\/gallery\/space-camp-patrick-baudry-1\/05-space-camp-patrick-baudry.jpg\"\n               title=\"\"\n               data-src=\"https:\/\/5ka.fr\/project\/patrickbaudrymirror\/wp-content\/gallery\/space-camp-patrick-baudry-1\/05-space-camp-patrick-baudry.jpg\"\n               data-thumbnail=\"https:\/\/5ka.fr\/project\/patrickbaudrymirror\/wp-content\/gallery\/space-camp-patrick-baudry-1\/thumbs\/thumbs_05-space-camp-patrick-baudry.jpg\"\n               data-image-id=\"155\"\n               data-title=\"05-space-camp-patrick-baudry\"\n               data-description=\"\"\n               data-image-slug=\"05-space-camp-patrick-baudry\"\n               class=\"ngg-simplelightbox\" rel=\"3ae927cd0612a412d6a1b5896cecccb9\">\n                <img\n                    title=\"05-space-camp-patrick-baudry\"\n                    alt=\"05-space-camp-patrick-baudry\"\n                    src=\"https:\/\/5ka.fr\/project\/patrickbaudrymirror\/wp-content\/gallery\/space-camp-patrick-baudry-1\/thumbs\/thumbs_05-space-camp-patrick-baudry.jpg\"\n                    width=\"100\"\n                    height=\"75\"\n                    style=\"max-width:100%;\"\n                \/>\n            <\/a>\n        <\/div>\n\t\t\t\t\t\t\t<\/div> \n\t\t\t\n\t\n\t<br style=\"clear: both\" \/>\n\n\t\n\t\t<!-- Pagination -->\n\t<div class='ngg-clear'><\/div>\t<\/div>\n<\/div>\n<\/h3>\n<p>A vous tous, ex-enseignants du Space Camp, ex-Spaciens que je croise r\u00e9guli\u00e8rement et qui me rappelez, assez souvent, vos souvenirs de ces belles ann\u00e9es&#8230;et les miens, je vous demande de m&rsquo;envoyer vos textes ( et pourquoi pas, vos photos, vid\u00e9os&#8230;) afin que nous puissions tous les partager ici&#8230;.<br \/>\nD&rsquo;avance, MERCI!<\/p>\n<p>Car, il faut bien que je vous l&rsquo;avoue, je fus sans doute l&rsquo;enfant le plus \u00e9merveill\u00e9 par cet endroit que vous m&rsquo;avez aid\u00e9 \u00e0 cr\u00e9er de NOS REVES!<\/p>\n<h5>26 FEVRIER 2010<\/h5>\n<p>Voici le mail que je viens de recevoir de Jean-Louis qui a collabor\u00e9 activement au succ\u00e8s du Space Camp et au bonheur de tous ces enfants qui y ont v\u00e9cu une exp\u00e9rience rare&#8230; LE SPACE CAMP : LE PREMIER PAS VERS L&rsquo;ESPACE<\/p>\n<blockquote><p>Cher Patrick,<\/p>\n<p>Je me permets ce petit mot pour enfin vous remercier de m&rsquo;avoir fait<br \/>\npartager un peu de votre r\u00eave.<br \/>\nJ&rsquo;avais pris un cong\u00e9 sabatique de l&rsquo;Arm\u00e9e de l&rsquo;Air pour rejoindre<br \/>\nvotre \u00e9quipe \u00e0 Cannes et quel bonheur! Bonheur d&rsquo;\u00eatre comme un enfant,<br \/>\nbonheur de voir des enfants ouvrir leurs yeux \u00e9merveill\u00e9s devant une<br \/>\ncentrifugeuse, devant la maquette d&rsquo;une navette Herm\u00e8s.<br \/>\nJe me souviendrai toute ma vie de ce petit gar\u00e7on en classe Espace.<br \/>\nJe me souviens d&rsquo;avoir demand\u00e9 \u00e0 sa maitresse, le premier jour, pourquoi<br \/>\nil fron\u00e7ait toujours les sourcils. Il venait d&rsquo;une famille d&rsquo;origine<br \/>\nespagnole, ses parents travaillaient beaucoup et il s&rsquo;occupait de ses<br \/>\nfr\u00e8res et soeurs \u00e0 la maison. Il ne levait jamais le doigt pour<br \/>\nr\u00e9pondre \u00e0 une question, ou en poser une, donner son avis. Ce petit,<br \/>\nje l&rsquo;ai vu ouvrir les yeux jour apr\u00e8s jour. Lors de leur d\u00e9part, apr\u00e8s<br \/>\nun contact de 2 semaines, sa maitresse avouait qu&rsquo;elle ne le<br \/>\nreconnaissait plus: Il participait en classe et &#8230; il ne fron\u00e7ait<br \/>\nplus les sourcils!<br \/>\nSi votre Space Camp n&rsquo;avait ouvert les yeux qu&rsquo;\u00e0 ce petit gar\u00e7on &#8211; et<br \/>\nje sais qu&rsquo;il n&rsquo;est pas le seul &#8211; alors, tout cela valait bien l&rsquo;effort!<\/p>\n<p>Mon temps dans l&rsquo;Arm\u00e9e de l&rsquo;Air est un souvenir vieux de 18 ans et je<br \/>\nm&rsquo;occupe de ma petite famille en Angleterre. Je travaille pour une<br \/>\ncompanie du groupe Virgin, et je peux vous dire que, souvent, j&rsquo;ai r\u00e9v\u00e9<br \/>\nde voir s&rsquo;associer votre exp\u00e9rience et votre passion \u00e0 la passion<br \/>\net aux moyens de Richard Branson&#8230;Surtout dans une version europ\u00e9enne<br \/>\nde Virgin Galactic.<br \/>\nBien, me voil\u00e0 \u00e0 la fin de ce petit mot.<br \/>\nJe vous remercie encore.<br \/>\nPortez vous bien.<br \/>\nJean-Louis Lamacchia<\/p><\/blockquote>\n<p><iframe loading=\"lazy\" width=\"620\" height=\"489\" src=\"https:\/\/www.youtube.com\/embed\/-Du3s4fLq0s\" title=\"YouTube video player\" frameborder=\"0\" allow=\"accelerometer; autoplay; clipboard-write; encrypted-media; gyroscope; picture-in-picture\" allowfullscreen=\"\"><\/iframe><\/p>\n","protected":false},"excerpt":{"rendered":"<p>Le premier pas vers l&rsquo;espace A vous tous, ex-enseignants du Space Camp, ex-Spaciens que je croise r\u00e9guli\u00e8rement et qui me rappelez, assez souvent, vos souvenirs de ces belles ann\u00e9es&#8230;et les miens, je vous demande de m&rsquo;envoyer vos textes ( et pourquoi pas, vos photos, vid\u00e9os&#8230;) afin que nous puissions tous les partager ici&#8230;. D&rsquo;avance, MERCI! [&hellip;]<\/p>\n","protected":false},"author":1,"featured_media":0,"parent":926,"menu_order":1,"comment_status":"closed","ping_status":"closed","template":"","meta":{"ngg_post_thumbnail":0},"_links":{"self":[{"href":"https:\/\/5ka.fr\/project\/patrickbaudrymirror\/wp-json\/wp\/v2\/pages\/929"}],"collection":[{"href":"https:\/\/5ka.fr\/project\/patrickbaudrymirror\/wp-json\/wp\/v2\/pages"}],"about":[{"href":"https:\/\/5ka.fr\/project\/patrickbaudrymirror\/wp-json\/wp\/v2\/types\/page"}],"author":[{"embeddable":true,"href":"https:\/\/5ka.fr\/project\/patrickbaudrymirror\/wp-json\/wp\/v2\/users\/1"}],"replies":[{"embeddable":true,"href":"https:\/\/5ka.fr\/project\/patrickbaudrymirror\/wp-json\/wp\/v2\/comments?post=929"}],"version-history":[{"count":5,"href":"https:\/\/5ka.fr\/project\/patrickbaudrymirror\/wp-json\/wp\/v2\/pages\/929\/revisions"}],"predecessor-version":[{"id":1846,"href":"https:\/\/5ka.fr\/project\/patrickbaudrymirror\/wp-json\/wp\/v2\/pages\/929\/revisions\/1846"}],"up":[{"embeddable":true,"href":"https:\/\/5ka.fr\/project\/patrickbaudrymirror\/wp-json\/wp\/v2\/pages\/926"}],"wp:attachment":[{"href":"https:\/\/5ka.fr\/project\/patrickbaudrymirror\/wp-json\/wp\/v2\/media?parent=929"}],"curies":[{"name":"wp","href":"https:\/\/api.w.org\/{rel}","templated":true}]}}