{"id":91,"date":"2020-05-27T02:16:40","date_gmt":"2020-05-27T00:16:40","guid":{"rendered":"https:\/\/5ka.fr\/project\/patrickbaudrymirror\/?page_id=91"},"modified":"2020-05-27T02:16:40","modified_gmt":"2020-05-27T00:16:40","slug":"parvenir-a-lexcellence","status":"publish","type":"page","link":"https:\/\/5ka.fr\/project\/patrickbaudrymirror\/conferencier\/themes-de-conference\/parvenir-a-lexcellence\/","title":{"rendered":"Parvenir \u00e0 l&rsquo;excellence"},"content":{"rendered":"<h3>Parvenir \u00e0 l&rsquo;excellence en quelques pr\u00e9ceptes :<\/h3>\n<ul>\n<li>Savoir int\u00e9grer des \u00e9quipes tr\u00e8s diverses<\/li>\n<li>mener des fonctions dans des domaines de comp\u00e9tences tr\u00e8s diff\u00e9rents<\/li>\n<li>poss\u00e9der un sens absolu de la responsabilit\u00e9 et de la responsabilisation<\/li>\n<li>mettre en pratique une recherche permanente de l\u2019excellence<\/li>\n<li>traquer l\u2019innovation dans la haute technologie<\/li>\n<li>faire converger les efforts individuels vers une but collectif<\/li>\n<li>avoir conscience que toute erreur peut \u00eatre fatale<\/li>\n<li>aimer le travail<\/li>\n<li>se passionner pour ce que l\u2019on fait<\/li>\n<li>int\u00e9grer l\u2019imagination \u00e0 chaque chose entreprise<\/li>\n<li>se servir de mod\u00e8les pour se d\u00e9passer<\/li>\n<li>croire en soi et au pouvoir de ses r\u00eaves<\/li>\n<li>g\u00e9rer l\u2019impr\u00e9vu et l\u2019int\u00e9grer \u00e0 ses projets<\/li>\n<li>saisir les opportunit\u00e9s d\u00e8s qu\u2019elles se pr\u00e9sentent<\/li>\n<li>trouver en soi les moteurs de l\u2019excellence<\/li>\n<\/ul>\n<p>Voici donc quelques-uns des ma\u00eetres mots qui font qu\u2019il existe une M\u00e9thode BAUDRY pour parvenir \u00e0 d\u00e9velopper une volont\u00e9 d\u2019excellence dans votre entreprise, quelle qu\u2019elle soit.<\/p>\n","protected":false},"excerpt":{"rendered":"<p>Parvenir \u00e0 l&rsquo;excellence en quelques pr\u00e9ceptes : Savoir int\u00e9grer des \u00e9quipes tr\u00e8s diverses mener des fonctions dans des domaines de comp\u00e9tences tr\u00e8s diff\u00e9rents poss\u00e9der un sens absolu de la responsabilit\u00e9 et de la responsabilisation mettre en pratique une recherche permanente de l\u2019excellence traquer l\u2019innovation dans la haute technologie faire converger les efforts individuels vers une [&hellip;]<\/p>\n","protected":false},"author":1,"featured_media":0,"parent":20,"menu_order":5,"comment_status":"closed","ping_status":"closed","template":"","meta":{"ngg_post_thumbnail":0},"_links":{"self":[{"href":"https:\/\/5ka.fr\/project\/patrickbaudrymirror\/wp-json\/wp\/v2\/pages\/91"}],"collection":[{"href":"https:\/\/5ka.fr\/project\/patrickbaudrymirror\/wp-json\/wp\/v2\/pages"}],"about":[{"href":"https:\/\/5ka.fr\/project\/patrickbaudrymirror\/wp-json\/wp\/v2\/types\/page"}],"author":[{"embeddable":true,"href":"https:\/\/5ka.fr\/project\/patrickbaudrymirror\/wp-json\/wp\/v2\/users\/1"}],"replies":[{"embeddable":true,"href":"https:\/\/5ka.fr\/project\/patrickbaudrymirror\/wp-json\/wp\/v2\/comments?post=91"}],"version-history":[{"count":2,"href":"https:\/\/5ka.fr\/project\/patrickbaudrymirror\/wp-json\/wp\/v2\/pages\/91\/revisions"}],"predecessor-version":[{"id":93,"href":"https:\/\/5ka.fr\/project\/patrickbaudrymirror\/wp-json\/wp\/v2\/pages\/91\/revisions\/93"}],"up":[{"embeddable":true,"href":"https:\/\/5ka.fr\/project\/patrickbaudrymirror\/wp-json\/wp\/v2\/pages\/20"}],"wp:attachment":[{"href":"https:\/\/5ka.fr\/project\/patrickbaudrymirror\/wp-json\/wp\/v2\/media?parent=91"}],"curies":[{"name":"wp","href":"https:\/\/api.w.org\/{rel}","templated":true}]}}