{"id":907,"date":"2020-06-18T03:40:04","date_gmt":"2020-06-18T01:40:04","guid":{"rendered":"https:\/\/5ka.fr\/project\/patrickbaudrymirror\/?page_id=907"},"modified":"2020-06-18T03:54:15","modified_gmt":"2020-06-18T01:54:15","slug":"la-bourguette-autisme","status":"publish","type":"page","link":"https:\/\/5ka.fr\/project\/patrickbaudrymirror\/associations\/solidarite-et-handicap\/la-bourguette-autisme\/","title":{"rendered":"La Bourguette autisme"},"content":{"rendered":"<p><a href=\"https:\/\/5ka.fr\/project\/patrickbaudrymirror\/wp-content\/uploads\/2020\/06\/la-bourgette.jpg\"><img loading=\"lazy\" class=\"aligncenter size-full wp-image-1632\" style=\"box-shadow: none;\" title=\"la-bourgette\" src=\"https:\/\/5ka.fr\/project\/patrickbaudrymirror\/wp-content\/uploads\/2020\/06\/la-bourgette.jpg\" alt=\"\" width=\"521\" height=\"56\"><\/a>La Bourguette autisme cr\u00e9\u00e9e en 1973par deux parents, met en place dans le Vaucluse et dans le Var des lieux de vie pour favoriser la construction de l\u2019enfant et de l\u2019adulte souffrant d\u2019autisme.<br \/>\nLa Bourguette, c\u2019est surtout l\u2019accueil de la petite enfance, l\u2019aide pr\u00e9coce \u00e0 domicile et \u00e0 l\u2019\u00e9cole, des externats et des internats, des soutiens aux personnes vieillissantes, des formations professionnelles<\/p>\n<p><a href=\"https:\/\/5ka.fr\/project\/patrickbaudrymirror\/wp-content\/uploads\/2020\/06\/la-bourgette2.jpg\"><img loading=\"lazy\" class=\"alignleft size-thumbnail wp-image-911\" style=\"display: inline;\" src=\"https:\/\/5ka.fr\/project\/patrickbaudrymirror\/wp-content\/uploads\/2020\/06\/la-bourgette2-150x150.jpg\" alt=\"\" width=\"150\" height=\"150\"><\/a><a href=\"https:\/\/5ka.fr\/project\/patrickbaudrymirror\/wp-content\/uploads\/2020\/06\/la-bourgette3.jpg\"><img loading=\"lazy\" class=\"alignnone size-thumbnail wp-image-912\" style=\"display: inline;\" src=\"https:\/\/5ka.fr\/project\/patrickbaudrymirror\/wp-content\/uploads\/2020\/06\/la-bourgette3-150x150.jpg\" alt=\"\" width=\"150\" height=\"150\"><\/a><\/p>\n<p><span style=\"color: #fe6600; text-shadow: 0px 1px 2px black, 0px 0px 2px black;\"><strong>Pourquoi ai-je souhait\u00e9 parrainer La Bourguette autisme&nbsp;?<\/strong><\/span><br \/>\nCette association contribue \u00e0 la recherche sur les questions li\u00e9es \u00e0 la vie des personnes autistes, la compr\u00e9hension de leur souffrance et l\u2019aide \u00e0 leur apporter, car elle privil\u00e9gie les savoir \u00eatre. Elle rend alors possible l\u2019 \u00e9mergence de la personne. Leur \u00e9thique correspond \u00e0 ma fa\u00e7on de penser&nbsp;: il est important de prendre la personne autiste dans sa dimension de sujet en l\u2019orientant ainsi vers la socialisation, permettant alors la rencontre avec le monde ext\u00e9rieur<br \/>\nEt j\u2019ai la conviction par ailleurs que le travail comme facteur de structuration et de progr\u00e8s humain, c\u2019est l\u00e0 une notion primordiale. Pensant tout cela, il est de ma responsabilit\u00e9 d\u2019aider et de soutenir tous ceux qui sont engag\u00e9s dans cette action. Et je vous invite \u00e0 faire de m\u00eame&nbsp;!<\/p>\n<p><span style=\"color: #ff0000;\"><strong>Pour faire un don&nbsp;:<\/strong><\/span><br \/>\nAssociation La Bourguette<br \/>\nBP 27<br \/>\n84121 Pertuis<br \/>\n<span style=\"color: #3366ff;\">contact@labourguette.org<\/span><\/p>\n","protected":false},"excerpt":{"rendered":"<p>La Bourguette autisme cr\u00e9\u00e9e en 1973par deux parents, met en place dans le Vaucluse et dans le Var des lieux de vie pour favoriser la construction de l\u2019enfant et de l\u2019adulte souffrant d\u2019autisme. La Bourguette, c\u2019est surtout l\u2019accueil de la petite enfance, l\u2019aide pr\u00e9coce \u00e0 domicile et \u00e0 l\u2019\u00e9cole, des externats et des internats, des [&hellip;]<\/p>\n","protected":false},"author":1,"featured_media":0,"parent":893,"menu_order":2,"comment_status":"closed","ping_status":"closed","template":"","meta":{"ngg_post_thumbnail":0},"_links":{"self":[{"href":"https:\/\/5ka.fr\/project\/patrickbaudrymirror\/wp-json\/wp\/v2\/pages\/907"}],"collection":[{"href":"https:\/\/5ka.fr\/project\/patrickbaudrymirror\/wp-json\/wp\/v2\/pages"}],"about":[{"href":"https:\/\/5ka.fr\/project\/patrickbaudrymirror\/wp-json\/wp\/v2\/types\/page"}],"author":[{"embeddable":true,"href":"https:\/\/5ka.fr\/project\/patrickbaudrymirror\/wp-json\/wp\/v2\/users\/1"}],"replies":[{"embeddable":true,"href":"https:\/\/5ka.fr\/project\/patrickbaudrymirror\/wp-json\/wp\/v2\/comments?post=907"}],"version-history":[{"count":4,"href":"https:\/\/5ka.fr\/project\/patrickbaudrymirror\/wp-json\/wp\/v2\/pages\/907\/revisions"}],"predecessor-version":[{"id":915,"href":"https:\/\/5ka.fr\/project\/patrickbaudrymirror\/wp-json\/wp\/v2\/pages\/907\/revisions\/915"}],"up":[{"embeddable":true,"href":"https:\/\/5ka.fr\/project\/patrickbaudrymirror\/wp-json\/wp\/v2\/pages\/893"}],"wp:attachment":[{"href":"https:\/\/5ka.fr\/project\/patrickbaudrymirror\/wp-json\/wp\/v2\/media?parent=907"}],"curies":[{"name":"wp","href":"https:\/\/api.w.org\/{rel}","templated":true}]}}