{"id":896,"date":"2020-06-18T03:35:10","date_gmt":"2020-06-18T01:35:10","guid":{"rendered":"https:\/\/5ka.fr\/project\/patrickbaudrymirror\/?page_id=896"},"modified":"2020-06-18T03:37:58","modified_gmt":"2020-06-18T01:37:58","slug":"ajh","status":"publish","type":"page","link":"https:\/\/5ka.fr\/project\/patrickbaudrymirror\/associations\/solidarite-et-handicap\/ajh\/","title":{"rendered":"AJH"},"content":{"rendered":"<p><a href=\"http:\/\/www.patrick-baudry.com\/wp-content\/uploads\/2012\/02\/AJH-logo.jpg\"><img loading=\"lazy\" class=\"aligncenter size-full wp-image-1616\" style=\"box-shadow: none;\" title=\"AJH-logo\" src=\"http:\/\/www.patrick-baudry.com\/wp-content\/uploads\/2012\/02\/AJH-logo.jpg\" alt=\"\" width=\"615\" height=\"86\"><\/a><br \/>\nL\u2019association Les Jeunes Handicap\u00e9e, en abr\u00e9g\u00e9 AJH ,est une association \u00e0 but non lucratif, constitu\u00e9 en 1957 \u00e0 l\u2019initiative d\u2019une vingtaine de parents d\u2019enfants handicap\u00e9s mentaux habitant la r\u00e9gion parisienne&nbsp;.D\u00e8s le d\u00e9part, son but \u00e9tait d\u2019assurer \u00e0 ces enfants \u00ab&nbsp;une existence conforme \u00e0 leurs besoins&nbsp;\u00bbet&nbsp;\u00ab&nbsp;d\u2019aider \u00e0 la cr\u00e9ation de foyers destin\u00e9s \u00e0 recevoir \u00e0 vie&nbsp;\u00bb. Cet objectif fondateur d\u2019accueillir des personnes handicap\u00e9es tout au long de leur vie n\u2019a pas vari\u00e9 au cours des 53 ans d\u2019histoire d\u2019AJH, c\u2019est un \u00e9l\u00e9ment essentiel de l\u2019identit\u00e9 de cette association de parents et d\u2019amis de personnes handicap\u00e9es mentales ou psychique. Le si\u00e8ge de l\u2019AJH se situe au ch\u00e2teau de Lahage, Haute \u2013Garonne.<\/p>\n<p>L\u2019AJH g\u00e8re actuellement 13 \u00e9tablissement et services. Elle accueille 433 personnes&nbsp;: hommes et femmes handicap\u00e9s mentaux, relevant de la maladie mentale stabilis\u00e9e ou du polyhandicap.<br \/>\nLes \u00e9tablissements g\u00e9r\u00e9s par AJH se situent majoritairement au sein du Pays-sud- Toulousain, sur l\u2019arrondissement de Muret(cantons de Rieumes, Carbonne, Muret et s Saint Lys).<br \/>\nLes premiers jeunes r\u00e9sidents ont pris de l\u2019\u00e2ge, et mi 2011 L\u2019AJH va ouvrir un nouvel \u00e9tablissement sur la commune de Peyssies, Haute-Garonne, pour accueillir des personnes handicap\u00e9es mentales ou psychique \u00e2g\u00e9es&nbsp;:l\u2019EHPAD Le village.<\/p>\n<p><span style=\"color: #fe6600; text-shadow: 0px 1px 2px black, 0px 0px 2px black;\"><strong>Pourquoi veulent-ils que Patrick baudry parraine :<\/strong><\/span><br \/>\nL\u2019AJH souhaite le parrainage de Patrick Baudry car elle est convaincue que l\u2019image de la personne handicap\u00e9e mentale ou souffrant de handicap psychique m\u00e9rite d\u2019\u00eatre constamment am\u00e9lior\u00e9e par un discours refusant la mise \u00e0 l\u2019\u00e9cart ou le paternalisme .Certes les mentalit\u00e9s changent peu \u00e0 peu, mais pas assez vite au go\u00fbt de notre association militante. L\u2019AJH pense donc que l\u2019aide de Patrick Baudry qui incarne la modernit\u00e9 et l\u2019universalit\u00e9 peut nous aider \u00e0 faire tomber les fronti\u00e8res que certains dressent autour des personnes handicap\u00e9es mentales et psychiques.<br \/>\nNous d\u00e9sirons lancer un cycle de conf\u00e9rences ouvert au grand public et \u00e0 nos r\u00e9sidents, sur des th\u00e8mes n\u2019ayant rien \u00e0 voir avec le handicap, dans le seul but de d\u00e9montrer que nos r\u00e9sidents peuvent s\u2019int\u00e9resser aux m\u00eames sujets que le grand public&nbsp;; M baudry pourrait ouvrir ce cycle de conf\u00e9rences.<\/p>\n<p><span style=\"color: #fe6600; text-shadow: 0px 1px 2px black, 0px 0px 2px black;\"><strong>Pourquoi j\u2019ai d\u00e9cid\u00e9 de parrainer l\u2019AJH&nbsp;:<\/strong><\/span><br \/>\nAfin que cessent la mise \u00e0 l\u2019\u00e9cart.<br \/>\nAfin que les personnes handicap\u00e9es aient des lieux de vie adapt\u00e9s tout au long de leur existence.<br \/>\nJe souhaite que leurs besoins soient pris en compte au quotidien et de fa\u00e7on p\u00e9renne .<br \/>\nAfin que chacun trouve une MAS , un CAT, une EHPAD, une structure m\u00e9dicalis\u00e9e, un foyer de vie selon les \u00e9tapes de sa vie , ses aptitudes ou ses besoins .<br \/>\nAfin de faire avancer \u00ab&nbsp;le vivre ensemble&nbsp;\u00bb sur notre plan\u00e8te et dans ce pays.<\/p>\n<p>Si vous voulez aider cette association&nbsp;:<br \/>\n<span style=\"color: #ff0000;\"><strong>Faites un don<\/strong><\/span><br \/>\n<em>Aller sur le site AJH <\/em><br \/>\n<em>Nous aider\/nous rejoindre<\/em><br \/>\n<em>T\u00e9l\u00e9charger bulletin de don ou d\u2019adh\u00e9sion<\/em><br \/>\n<em>Ou envoyer vos dons<\/em><br \/>\n<em>Association les jeunes handicap\u00e9e<\/em><br \/>\n<em>Ch\u00e2teau de Lahage<\/em><br \/>\n<em>31370 Lahage<\/em><br \/>\n<a title=\"www.ajh.fr\" href=\"http:\/\/www.ajh.fr\/\">http:\/\/www.ajh.fr<\/a><\/p>\n<!-- default-view.php -->\n<div\n\tclass=\"ngg-galleryoverview default-view \"\n\tid=\"ngg-gallery-1a30629032985fbea4658f39b55f51d5-1\">\n\n\t\t<!-- Thumbnails -->\n\t\t\t\t<div id=\"ngg-image-0\" class=\"ngg-gallery-thumbnail-box \" >\n\t\t\t\t        <div class=\"ngg-gallery-thumbnail\">\n            <a href=\"https:\/\/5ka.fr\/project\/patrickbaudrymirror\/wp-content\/gallery\/ajh\/AJH1.jpg\"\n               title=\"\"\n               data-src=\"https:\/\/5ka.fr\/project\/patrickbaudrymirror\/wp-content\/gallery\/ajh\/AJH1.jpg\"\n               data-thumbnail=\"https:\/\/5ka.fr\/project\/patrickbaudrymirror\/wp-content\/gallery\/ajh\/thumbs\/thumbs_AJH1.jpg\"\n               data-image-id=\"440\"\n               data-title=\"AJH1\"\n               data-description=\"\"\n               data-image-slug=\"ajh1\"\n               class=\"ngg-simplelightbox\" rel=\"1a30629032985fbea4658f39b55f51d5\">\n                <img\n                    title=\"AJH1\"\n                    alt=\"AJH1\"\n                    src=\"https:\/\/5ka.fr\/project\/patrickbaudrymirror\/wp-content\/gallery\/ajh\/thumbs\/thumbs_AJH1.jpg\"\n                    width=\"100\"\n                    height=\"75\"\n                    style=\"max-width:100%;\"\n                \/>\n            <\/a>\n        <\/div>\n\t\t\t\t\t\t\t<\/div> \n\t\t\t\n\t\t\t\t<div id=\"ngg-image-1\" class=\"ngg-gallery-thumbnail-box \" >\n\t\t\t\t        <div class=\"ngg-gallery-thumbnail\">\n            <a href=\"https:\/\/5ka.fr\/project\/patrickbaudrymirror\/wp-content\/gallery\/ajh\/AJH2.jpg\"\n               title=\"\"\n               data-src=\"https:\/\/5ka.fr\/project\/patrickbaudrymirror\/wp-content\/gallery\/ajh\/AJH2.jpg\"\n               data-thumbnail=\"https:\/\/5ka.fr\/project\/patrickbaudrymirror\/wp-content\/gallery\/ajh\/thumbs\/thumbs_AJH2.jpg\"\n               data-image-id=\"441\"\n               data-title=\"AJH2\"\n               data-description=\"\"\n               data-image-slug=\"ajh2\"\n               class=\"ngg-simplelightbox\" rel=\"1a30629032985fbea4658f39b55f51d5\">\n                <img\n                    title=\"AJH2\"\n                    alt=\"AJH2\"\n                    src=\"https:\/\/5ka.fr\/project\/patrickbaudrymirror\/wp-content\/gallery\/ajh\/thumbs\/thumbs_AJH2.jpg\"\n                    width=\"100\"\n                    height=\"75\"\n                    style=\"max-width:100%;\"\n                \/>\n            <\/a>\n        <\/div>\n\t\t\t\t\t\t\t<\/div> \n\t\t\t\n\t\t\t\t<div id=\"ngg-image-2\" class=\"ngg-gallery-thumbnail-box \" >\n\t\t\t\t        <div class=\"ngg-gallery-thumbnail\">\n            <a href=\"https:\/\/5ka.fr\/project\/patrickbaudrymirror\/wp-content\/gallery\/ajh\/AJH3.jpg\"\n               title=\"\"\n               data-src=\"https:\/\/5ka.fr\/project\/patrickbaudrymirror\/wp-content\/gallery\/ajh\/AJH3.jpg\"\n               data-thumbnail=\"https:\/\/5ka.fr\/project\/patrickbaudrymirror\/wp-content\/gallery\/ajh\/thumbs\/thumbs_AJH3.jpg\"\n               data-image-id=\"442\"\n               data-title=\"AJH3\"\n               data-description=\"\"\n               data-image-slug=\"ajh3\"\n               class=\"ngg-simplelightbox\" rel=\"1a30629032985fbea4658f39b55f51d5\">\n                <img\n                    title=\"AJH3\"\n                    alt=\"AJH3\"\n                    src=\"https:\/\/5ka.fr\/project\/patrickbaudrymirror\/wp-content\/gallery\/ajh\/thumbs\/thumbs_AJH3.jpg\"\n                    width=\"100\"\n                    height=\"75\"\n                    style=\"max-width:100%;\"\n                \/>\n            <\/a>\n        <\/div>\n\t\t\t\t\t\t\t<\/div> \n\t\t\t\n\t\t\t\t<div id=\"ngg-image-3\" class=\"ngg-gallery-thumbnail-box \" >\n\t\t\t\t        <div class=\"ngg-gallery-thumbnail\">\n            <a href=\"https:\/\/5ka.fr\/project\/patrickbaudrymirror\/wp-content\/gallery\/ajh\/AJH4.jpg\"\n               title=\"\"\n               data-src=\"https:\/\/5ka.fr\/project\/patrickbaudrymirror\/wp-content\/gallery\/ajh\/AJH4.jpg\"\n               data-thumbnail=\"https:\/\/5ka.fr\/project\/patrickbaudrymirror\/wp-content\/gallery\/ajh\/thumbs\/thumbs_AJH4.jpg\"\n               data-image-id=\"443\"\n               data-title=\"AJH4\"\n               data-description=\"\"\n               data-image-slug=\"ajh4\"\n               class=\"ngg-simplelightbox\" rel=\"1a30629032985fbea4658f39b55f51d5\">\n                <img\n                    title=\"AJH4\"\n                    alt=\"AJH4\"\n                    src=\"https:\/\/5ka.fr\/project\/patrickbaudrymirror\/wp-content\/gallery\/ajh\/thumbs\/thumbs_AJH4.jpg\"\n                    width=\"100\"\n                    height=\"75\"\n                    style=\"max-width:100%;\"\n                \/>\n            <\/a>\n        <\/div>\n\t\t\t\t\t\t\t<\/div> \n\t\t\t\n\t\n\t<br style=\"clear: both\" \/>\n\n\t\n\t\t<!-- Pagination -->\n\t<div class='ngg-clear'><\/div>\t<\/div>\n\n","protected":false},"excerpt":{"rendered":"<p>L\u2019association Les Jeunes Handicap\u00e9e, en abr\u00e9g\u00e9 AJH ,est une association \u00e0 but non lucratif, constitu\u00e9 en 1957 \u00e0 l\u2019initiative d\u2019une vingtaine de parents d\u2019enfants handicap\u00e9s mentaux habitant la r\u00e9gion parisienne&nbsp;.D\u00e8s le d\u00e9part, son but \u00e9tait d\u2019assurer \u00e0 ces enfants \u00ab&nbsp;une existence conforme \u00e0 leurs besoins&nbsp;\u00bbet&nbsp;\u00ab&nbsp;d\u2019aider \u00e0 la cr\u00e9ation de foyers destin\u00e9s \u00e0 recevoir \u00e0 vie&nbsp;\u00bb. [&hellip;]<\/p>\n","protected":false},"author":1,"featured_media":0,"parent":893,"menu_order":1,"comment_status":"closed","ping_status":"closed","template":"","meta":{"ngg_post_thumbnail":0},"_links":{"self":[{"href":"https:\/\/5ka.fr\/project\/patrickbaudrymirror\/wp-json\/wp\/v2\/pages\/896"}],"collection":[{"href":"https:\/\/5ka.fr\/project\/patrickbaudrymirror\/wp-json\/wp\/v2\/pages"}],"about":[{"href":"https:\/\/5ka.fr\/project\/patrickbaudrymirror\/wp-json\/wp\/v2\/types\/page"}],"author":[{"embeddable":true,"href":"https:\/\/5ka.fr\/project\/patrickbaudrymirror\/wp-json\/wp\/v2\/users\/1"}],"replies":[{"embeddable":true,"href":"https:\/\/5ka.fr\/project\/patrickbaudrymirror\/wp-json\/wp\/v2\/comments?post=896"}],"version-history":[{"count":5,"href":"https:\/\/5ka.fr\/project\/patrickbaudrymirror\/wp-json\/wp\/v2\/pages\/896\/revisions"}],"predecessor-version":[{"id":906,"href":"https:\/\/5ka.fr\/project\/patrickbaudrymirror\/wp-json\/wp\/v2\/pages\/896\/revisions\/906"}],"up":[{"embeddable":true,"href":"https:\/\/5ka.fr\/project\/patrickbaudrymirror\/wp-json\/wp\/v2\/pages\/893"}],"wp:attachment":[{"href":"https:\/\/5ka.fr\/project\/patrickbaudrymirror\/wp-json\/wp\/v2\/media?parent=896"}],"curies":[{"name":"wp","href":"https:\/\/api.w.org\/{rel}","templated":true}]}}