{"id":893,"date":"2020-06-18T03:32:54","date_gmt":"2020-06-18T01:32:54","guid":{"rendered":"https:\/\/5ka.fr\/project\/patrickbaudrymirror\/?page_id=893"},"modified":"2020-06-18T03:32:54","modified_gmt":"2020-06-18T01:32:54","slug":"solidarite-et-handicap","status":"publish","type":"page","link":"https:\/\/5ka.fr\/project\/patrickbaudrymirror\/associations\/solidarite-et-handicap\/","title":{"rendered":"Solidarit\u00e9 et Handicap"},"content":{"rendered":"<p>Page \u00e0 compl\u00e9ter<\/p>\n","protected":false},"excerpt":{"rendered":"<p>Page \u00e0 compl\u00e9ter<\/p>\n","protected":false},"author":1,"featured_media":0,"parent":832,"menu_order":3,"comment_status":"closed","ping_status":"closed","template":"","meta":{"ngg_post_thumbnail":0},"_links":{"self":[{"href":"https:\/\/5ka.fr\/project\/patrickbaudrymirror\/wp-json\/wp\/v2\/pages\/893"}],"collection":[{"href":"https:\/\/5ka.fr\/project\/patrickbaudrymirror\/wp-json\/wp\/v2\/pages"}],"about":[{"href":"https:\/\/5ka.fr\/project\/patrickbaudrymirror\/wp-json\/wp\/v2\/types\/page"}],"author":[{"embeddable":true,"href":"https:\/\/5ka.fr\/project\/patrickbaudrymirror\/wp-json\/wp\/v2\/users\/1"}],"replies":[{"embeddable":true,"href":"https:\/\/5ka.fr\/project\/patrickbaudrymirror\/wp-json\/wp\/v2\/comments?post=893"}],"version-history":[{"count":2,"href":"https:\/\/5ka.fr\/project\/patrickbaudrymirror\/wp-json\/wp\/v2\/pages\/893\/revisions"}],"predecessor-version":[{"id":895,"href":"https:\/\/5ka.fr\/project\/patrickbaudrymirror\/wp-json\/wp\/v2\/pages\/893\/revisions\/895"}],"up":[{"embeddable":true,"href":"https:\/\/5ka.fr\/project\/patrickbaudrymirror\/wp-json\/wp\/v2\/pages\/832"}],"wp:attachment":[{"href":"https:\/\/5ka.fr\/project\/patrickbaudrymirror\/wp-json\/wp\/v2\/media?parent=893"}],"curies":[{"name":"wp","href":"https:\/\/api.w.org\/{rel}","templated":true}]}}