{"id":886,"date":"2020-06-18T03:28:58","date_gmt":"2020-06-18T01:28:58","guid":{"rendered":"https:\/\/5ka.fr\/project\/patrickbaudrymirror\/?page_id=886"},"modified":"2020-06-18T03:31:21","modified_gmt":"2020-06-18T01:31:21","slug":"petits-princes","status":"publish","type":"page","link":"https:\/\/5ka.fr\/project\/patrickbaudrymirror\/associations\/enfants-malades\/petits-princes\/","title":{"rendered":"Petits Princes"},"content":{"rendered":"<p><a href=\"https:\/\/5ka.fr\/project\/patrickbaudrymirror\/wp-content\/uploads\/2020\/06\/Petits-Princes-logo.gif\"><img loading=\"lazy\" class=\"aligncenter size-full wp-image-1817\" style=\"box-shadow: none;\" title=\"Petits-Princes-logo\" src=\"https:\/\/5ka.fr\/project\/patrickbaudrymirror\/wp-content\/uploads\/2020\/06\/Petits-Princes-logo.gif\" alt=\"\" width=\"615\" height=\"195\"><\/a><br \/>\nLa pr\u00e9sidente de cette association, ne savait certainement pas \u00e0 l\u2019origine lorsqu\u2019elle contacte Patrick Baudry et lui demande de parrainer Petits Princes, que tout le monde dans sa famille y compris son fr\u00e8re et ses s\u0153urs, appelaient Patrick Petit prince&nbsp;!<\/p>\n<p>Cela le pr\u00e9destinait peut-\u00eatre \u00e0 voler comme de saint Exup\u00e9ry, mais aussi certainement \u00e0 parrainer leur association afin d\u2019aider \u00e0 r\u00e9aliser les r\u00eaves des enfants et des adolescents gravement malades, afin de les aider \u00e0 trouver une \u00e9nergie suppl\u00e9mentaire, leur permettant d\u2019utiliser leurs ressources personnelles ,pour combattre la maladie&nbsp;: cela fait partie des priorit\u00e9s de cet humaniste depuis bien des ann\u00e9es. Il marche aux c\u00f4t\u00e9s de ces gens fantastiques et uni sa volont\u00e9 \u00e0 celle des b\u00e9n\u00e9voles, lui, chanceux d\u2019avoir une sant\u00e9 de fer, qui a r\u00e9alis\u00e9 son r\u00eave devenir spationaute.<\/p>\n<p><a href=\"https:\/\/5ka.fr\/project\/patrickbaudrymirror\/wp-content\/uploads\/2020\/06\/Petits-Princes-donner-vie-aux-reve.gif\"><img loading=\"lazy\" class=\"aligncenter size-full wp-image-1819\" style=\"box-shadow: none;\" title=\"Petits-Princes-donner-vie-aux-reve\" src=\"https:\/\/5ka.fr\/project\/patrickbaudrymirror\/wp-content\/uploads\/2020\/06\/Petits-Princes-donner-vie-aux-reve.gif\" alt=\"\" width=\"504\" height=\"84\"><\/a><\/p>\n<p><span style=\"color: #fe6600; text-shadow: 0px 1px 2px black, 0px 0px 2px black;\"><strong>Ce que dit Patrick Baudry des Petits Princes&nbsp;:<\/strong><\/span><br \/>\nPr\u00e9sident d\u2019honneur de l\u2019Association PETITS PRINCES depuis 1987, Patrick Baudry a pris fait et cause pour cette association exceptionnelle, port\u00e9e par des gens incroyables! Dans cette association, une m\u00eame volont\u00e9 rassemble b\u00e9n\u00e9voles et salari\u00e9s : aider les enfants gravement malades \u00e0 vivre leurs r\u00eaves. Chaque histoire partag\u00e9e avec les familles est une victoire de plus pour faire le bonheur des enfants et leur offrir la concr\u00e9tisation de leurs r\u00eaves les plus inesp\u00e9r\u00e9s.<\/p>\n<p>Cette association donne vie aux r\u00eaves d\u2019enfants gravement malades touch\u00e9s par des cancers, des leuc\u00e9mies et des maladies g\u00e9n\u00e9tiques. La maladie est une injustice et bien plus encore lorsqu\u2019elle frappe un enfant. En vivant sa passion et en r\u00e9alisant ses r\u00eaves, l\u2019enfant trouve alors une \u00e9nergie suppl\u00e9mentaire pour se battre contre la maladie, et c\u2019est ce moteur l\u00e0 qu\u2019ont voulu leur offrir Dominique Bayle ( cofondatrice) et toute son \u00e9quipe\u2026depuis 1987!<\/p>\n<p>La mission de l\u2019association PETITS PRINCES porte sur deux points essentiels :<\/p>\n<p>Un accompagnement dans la dur\u00e9e : l\u2019association ne limite pas ses interventions \u00e0 la r\u00e9alisation d\u2019un seul r\u00eave. Plusieurs projets sont organis\u00e9s pour un m\u00eame enfant en fonction de ses traitements et hospitalisations. L\u2019Association est pr\u00e9sente aussi longtemps que l\u2019enfant en a besoin.<br \/>\nUn soutien pour l\u2019ensemble de la famille.<br \/>\nParce que la maladie bouleverse tout l\u2019univers familial, les parents et la fratrie sont associ\u00e9s aux r\u00eaves et l\u2019\u00e9quipe de l\u2019association PETITS PRINCES reste \u00e0 leur \u00e9coute.<\/p>\n<p>Pour en savoir plus sur l\u2019association ou pour faire un don, rendez-vous sur le site de l\u2019association des Petits Princes.<\/p>\n<p><span style=\"color: #3366ff;\">mail@petitsprince.com<\/span><br \/>\n<strong>un ch\u00e8que&nbsp;:<\/strong><br \/>\nassociation Petits Princes<br \/>\n<em>15 rue sarrette<\/em><br \/>\n<em>75014 Paris<\/em><br \/>\nPour les joindre&nbsp;:<br \/>\n<em>01 43 35 49 00<\/em><br \/>\n<em>Fax&nbsp;: 01 440 47 60 97<\/em><\/p>\n<p><a href=\"https:\/\/5ka.fr\/project\/patrickbaudrymirror\/wp-content\/uploads\/2020\/06\/Petits-prince.jpg\"><img loading=\"lazy\" class=\"alignnone size-medium wp-image-1821\" title=\"Petits-prince\" src=\"https:\/\/5ka.fr\/project\/patrickbaudrymirror\/wp-content\/uploads\/2020\/06\/Petits-prince.jpg\" alt=\"\" width=\"300\" height=\"145\"><\/a><\/p>\n","protected":false},"excerpt":{"rendered":"<p>La pr\u00e9sidente de cette association, ne savait certainement pas \u00e0 l\u2019origine lorsqu\u2019elle contacte Patrick Baudry et lui demande de parrainer Petits Princes, que tout le monde dans sa famille y compris son fr\u00e8re et ses s\u0153urs, appelaient Patrick Petit prince&nbsp;! Cela le pr\u00e9destinait peut-\u00eatre \u00e0 voler comme de saint Exup\u00e9ry, mais aussi certainement \u00e0 parrainer [&hellip;]<\/p>\n","protected":false},"author":1,"featured_media":0,"parent":870,"menu_order":4,"comment_status":"closed","ping_status":"closed","template":"","meta":{"ngg_post_thumbnail":0},"_links":{"self":[{"href":"https:\/\/5ka.fr\/project\/patrickbaudrymirror\/wp-json\/wp\/v2\/pages\/886"}],"collection":[{"href":"https:\/\/5ka.fr\/project\/patrickbaudrymirror\/wp-json\/wp\/v2\/pages"}],"about":[{"href":"https:\/\/5ka.fr\/project\/patrickbaudrymirror\/wp-json\/wp\/v2\/types\/page"}],"author":[{"embeddable":true,"href":"https:\/\/5ka.fr\/project\/patrickbaudrymirror\/wp-json\/wp\/v2\/users\/1"}],"replies":[{"embeddable":true,"href":"https:\/\/5ka.fr\/project\/patrickbaudrymirror\/wp-json\/wp\/v2\/comments?post=886"}],"version-history":[{"count":3,"href":"https:\/\/5ka.fr\/project\/patrickbaudrymirror\/wp-json\/wp\/v2\/pages\/886\/revisions"}],"predecessor-version":[{"id":892,"href":"https:\/\/5ka.fr\/project\/patrickbaudrymirror\/wp-json\/wp\/v2\/pages\/886\/revisions\/892"}],"up":[{"embeddable":true,"href":"https:\/\/5ka.fr\/project\/patrickbaudrymirror\/wp-json\/wp\/v2\/pages\/870"}],"wp:attachment":[{"href":"https:\/\/5ka.fr\/project\/patrickbaudrymirror\/wp-json\/wp\/v2\/media?parent=886"}],"curies":[{"name":"wp","href":"https:\/\/api.w.org\/{rel}","templated":true}]}}