{"id":88,"date":"2020-05-27T02:14:54","date_gmt":"2020-05-27T00:14:54","guid":{"rendered":"https:\/\/5ka.fr\/project\/patrickbaudrymirror\/?page_id=88"},"modified":"2020-05-27T02:14:54","modified_gmt":"2020-05-27T00:14:54","slug":"relancer-la-conquete","status":"publish","type":"page","link":"https:\/\/5ka.fr\/project\/patrickbaudrymirror\/conferencier\/themes-de-conference\/relancer-la-conquete\/","title":{"rendered":"Relancer la conqu\u00eate"},"content":{"rendered":"<p>Les vols spatiaux habit\u00e9s tels qu\u2019ils sont encore d\u00e9finis de nos jours (vols circum-terrestres en orbite basse) ne r\u00e9pondent plus \u00e0 des aspirations l\u00e9gitimes qui font la noblesse de la conqu\u00eate spatiale et sont la raison m\u00eame de la pr\u00e9sence de l\u2019Homme dans l\u2019Espace. En effet, celle-ci est co\u00fbteuse budg\u00e9tairement et humainement et elle ne peut \u00eatre justifi\u00e9e que lorsque trois crit\u00e8res y sont associ\u00e9s :<\/p>\n<ul>\n<li> Une avanc\u00e9e des connaissances : la Science est l\u2019essence m\u00eame de l\u2019exploration et du progr\u00e8s.<\/li>\n<li> Une avanc\u00e9e des technologies : retomb\u00e9es sur notre vie quotidienne l\u00e9gitimes eu \u00e9gard aux efforts consentis.<\/li>\n<li> R\u00eaver et faire r\u00eaver : les grands programmes doivent permettre aux soci\u00e9t\u00e9s humaines de se d\u00e9passer.<\/li>\n<\/ul>\n<p>Or les vols pratiqu\u00e9s aujourd\u2019hui ne remplissent plus ces trois crit\u00e8res, et il est donc temps d\u2019avancer \u00e0 nouveau, en retournant sur la Lune pour y \u00e9tablir cette fois une base permanente, y travailler et exploiter les ressources de notre satellite. Parall\u00e8lement, l\u2019exploration doit continuer, et Mars est notre prochaine \u00e9tape. Seul ce qui est difficile, voire impossible, m\u00e9rite d\u2019\u00eatre r\u00e9alis\u00e9 !<\/p>\n<p>Il nous faut donc trouver, d\u00e8s aujourd\u2019hui, les moyens de relancer la conqu\u00eate de l\u2019Espace, et ne pas nous laisser, nous, europ\u00e9ens, \u00e9carter de la conqu\u00eate de demain. Nous avions si bien per\u00e7u les enjeux de cette aventure lorsque le programme Herm\u00e8s avait \u00e9t\u00e9 d\u00e9cid\u00e9 \u00e0 la fin des ann\u00e9es 80. Avons-nous perdu ce sens de l\u2019histoire qui avait pr\u00e9sid\u00e9 \u00e0 la d\u00e9cision du programme Ariane quelques ann\u00e9es auparavant ? Nous en recueillons aujourd\u2019hui les fruits, et nous nous devons d\u2019\u00eatre innovants et conqu\u00e9rants, pour nos enfants certes, mais pour nous aussi, afin que nous soyons dignes de cette histoire spatiale qui s\u2019\u00e9crit chaque jour.<\/p>\n","protected":false},"excerpt":{"rendered":"<p>Les vols spatiaux habit\u00e9s tels qu\u2019ils sont encore d\u00e9finis de nos jours (vols circum-terrestres en orbite basse) ne r\u00e9pondent plus \u00e0 des aspirations l\u00e9gitimes qui font la noblesse de la conqu\u00eate spatiale et sont la raison m\u00eame de la pr\u00e9sence de l\u2019Homme dans l\u2019Espace. En effet, celle-ci est co\u00fbteuse budg\u00e9tairement et humainement et elle ne [&hellip;]<\/p>\n","protected":false},"author":1,"featured_media":0,"parent":20,"menu_order":4,"comment_status":"closed","ping_status":"closed","template":"","meta":{"ngg_post_thumbnail":0},"_links":{"self":[{"href":"https:\/\/5ka.fr\/project\/patrickbaudrymirror\/wp-json\/wp\/v2\/pages\/88"}],"collection":[{"href":"https:\/\/5ka.fr\/project\/patrickbaudrymirror\/wp-json\/wp\/v2\/pages"}],"about":[{"href":"https:\/\/5ka.fr\/project\/patrickbaudrymirror\/wp-json\/wp\/v2\/types\/page"}],"author":[{"embeddable":true,"href":"https:\/\/5ka.fr\/project\/patrickbaudrymirror\/wp-json\/wp\/v2\/users\/1"}],"replies":[{"embeddable":true,"href":"https:\/\/5ka.fr\/project\/patrickbaudrymirror\/wp-json\/wp\/v2\/comments?post=88"}],"version-history":[{"count":2,"href":"https:\/\/5ka.fr\/project\/patrickbaudrymirror\/wp-json\/wp\/v2\/pages\/88\/revisions"}],"predecessor-version":[{"id":90,"href":"https:\/\/5ka.fr\/project\/patrickbaudrymirror\/wp-json\/wp\/v2\/pages\/88\/revisions\/90"}],"up":[{"embeddable":true,"href":"https:\/\/5ka.fr\/project\/patrickbaudrymirror\/wp-json\/wp\/v2\/pages\/20"}],"wp:attachment":[{"href":"https:\/\/5ka.fr\/project\/patrickbaudrymirror\/wp-json\/wp\/v2\/media?parent=88"}],"curies":[{"name":"wp","href":"https:\/\/api.w.org\/{rel}","templated":true}]}}