{"id":878,"date":"2020-06-15T16:25:25","date_gmt":"2020-06-15T14:25:25","guid":{"rendered":"https:\/\/5ka.fr\/project\/patrickbaudrymirror\/?page_id=878"},"modified":"2021-05-14T14:39:22","modified_gmt":"2021-05-14T12:39:22","slug":"enfants-et-sante","status":"publish","type":"page","link":"https:\/\/5ka.fr\/project\/patrickbaudrymirror\/associations\/enfants-malades\/enfants-et-sante\/","title":{"rendered":"Enfants et Sant\u00e9"},"content":{"rendered":"<p><a href=\"https:\/\/5ka.fr\/project\/patrickbaudrymirror\/wp-content\/uploads\/2020\/06\/enfants-et-sant\u00e9-logo.jpg\"><img loading=\"lazy\" class=\"aligncenter size-full wp-image-1724\" style=\"box-shadow: none;\" title=\"enfants-et-sant\u00e9-logo\" src=\"https:\/\/5ka.fr\/project\/patrickbaudrymirror\/wp-content\/uploads\/2020\/06\/enfants-et-sant\u00e9-logo.jpg\" alt=\"\" width=\"350\" height=\"116\"><\/a><\/p>\n<p><iframe loading=\"lazy\" width=\"620\" height=\"349\" src=\"https:\/\/www.youtube.com\/embed\/HmGmlk4tBrA\" title=\"YouTube video player\" frameborder=\"0\" allow=\"accelerometer; autoplay; clipboard-write; encrypted-media; gyroscope; picture-in-picture\" allowfullscreen=\"\"><\/iframe><\/p>\n<p>Cette association s\u2019est fix\u00e9e comme objectif d\u2019aider les enfants et adolescents atteints de cancers ou de leuc\u00e9mies, a gu\u00e9rir plus, mais aussi mieux, avec le moins de s\u00e9quelles possible et les m\u00eames chances partout en France.<\/p>\n<p>Pourquoi ENFANTS et SANTE ont-ils contact\u00e9 Patrick Baudry&nbsp;? Parce que la f\u00e9d\u00e9ration Enfants et sant\u00e9 (13associations r\u00e9gionales, reconnue d\u2019utilit\u00e9 publique en 2005) s\u2019est engag\u00e9e de concert avec les m\u00e9decins-chercheurs de la Soci\u00e9t\u00e9 de lutte contre les cancers et leuc\u00e9mies des enfants et adolescents \u2013SFCE (32 centres de recherche en canc\u00e9rologie p\u00e9diatriques)&nbsp;.<br \/>\nN\u2019oublions pas que le cancer est la 2eme cause de mortalit\u00e9 des enfants de 1 \u00e0 15 ans ,apr\u00e8s les accidents domestiques<\/p>\n<p><span style=\"color: #fe6600; text-shadow: 0px 1px 2px black, 0px 0px 2px black;\"><strong>Ce que dit l\u2019association de Patrick Baudry :<\/strong><\/span><br \/>\nL\u2019enjeu actuel pour Enfants et sant\u00e9 est de valoriser son image et sa notori\u00e9t\u00e9 et, en corollaire, \u00e9tant le principal bailleur de fonds de la SFCE, de pouvoir relever de fa\u00e7on p\u00e9renne le d\u00e9fi majeur&nbsp;: collecter 1000000 euros par an pour garantir l\u2019excellence de la recherche fran\u00e7aise et lui permettre de progresser \u00e0 grands pas.<br \/>\n<strong>De nombreuses vies d\u2019enfants et d\u2019adolescents en d\u00e9pendent&nbsp;!<\/strong><\/p>\n<p>Dans le cadre de notre strat\u00e9gie promotionnelle d\u2019Enfants et Sant\u00e9&nbsp;et&nbsp;\u00ab&nbsp;afin de donner des ailes \u00e0 la recherche&nbsp;\u00bb, plusieurs personnalit\u00e9s de renom, (sportifs de haut niveau, artistes, sommit\u00e9s nationales ou internationales, autorit\u00e9s publiques notoires, etc..)&nbsp;nous ont d\u00e9j\u00e0 rejoints, dont <strong>Patrick Baudry<\/strong>. Astronaute, <strong>Ambassadeur de bonne volont\u00e9 de l\u2019UNESCO pour La PAIX et les ENFANTS<\/strong> que nous avons contact\u00e9 \u00e0 ce titre a accept\u00e9 spontan\u00e9ment d\u2019\u00eatre le parrain d\u2019Enfants et sant\u00e9 et de s\u2019impliquer directement dans nos multiples manifestations publiques et de communication. Nous voulons croire que son engagement sans r\u00e9serve \u00e0 nos c\u00f4t\u00e9s, comme celui d\u2019autres personnalit\u00e9s, concourt in\u00e9luctablement \u00e0 la gu\u00e9rison de nos jeunes malades et constitue un message fort d\u2019encouragement \u00e0 la recherche fran\u00e7aise en canc\u00e9rologie p\u00e9diatrique<\/p>\n<p><span style=\"color: #fe6600; text-shadow: 0px 1px 2px black, 0px 0px 2px black;\"><strong>Pourquoi ai-je souhait\u00e9 parrainer ENFANTS ET SANT\u00c9 :<\/strong><\/span><br \/>\nEnfants et sant\u00e9 a une ambition&nbsp;: savoir cela, c\u2019 sauver des vies car le cancer touche aussi les enfants et les adolescents chaque ann\u00e9e et ceci avant l\u2019\u00e2ge de 15 ans\u2026<br \/>\nComment rester indiff\u00e9rent&nbsp;? Conna\u00eetre ceci c\u2019est souhaiter et choisir d\u2019aider, de soutenir&nbsp;:<br \/>\n-Aider les enfants mais aussi les familles<br \/>\n-Rejoindre aider et soutenir l\u2019\u00e9quipe qui, depuis 1998, \u0153uvre pour qu\u2019enfants et adolescents gu\u00e9rissent vite et bien.<br \/>\nJe leur apporte tout mon soutien d\u00e8s qu\u2019ils le jugent utile et je les aide<br \/>\n\u00e0 faire face \u00e0 l\u2019injustice, \u00e0 l\u2019intol\u00e9rable.<br \/>\nImm\u00e9diatement cela m\u2019a paru \u00e9vident.<\/p>\n<p>PATRICK BAUDRY<a href=\"https:\/\/5ka.fr\/project\/patrickbaudrymirror\/wp-content\/uploads\/2020\/06\/enfants-et-sant\u00e92.jpg\"><img loading=\"lazy\" class=\"alignright size-full wp-image-1611\" title=\"enfants-et-sant\u00e92\" src=\"https:\/\/5ka.fr\/project\/patrickbaudrymirror\/wp-content\/uploads\/2020\/06\/enfants-et-sant\u00e92.jpg\" alt=\"\" width=\"258\" height=\"156\"><\/a><br \/>\n<strong>Pour faire un don&nbsp;:<\/strong><br \/>\n<span style=\"color: #3366ff;\">permanencefederation@enfants-sante.asso.fr<\/span><br \/>\n02 38 53 84 09<\/p>\n<!-- default-view.php -->\n<div\n\tclass=\"ngg-galleryoverview default-view \"\n\tid=\"ngg-gallery-aa1efe94bfe99464ff9b4ba12dae7e19-1\">\n\n\t\t<!-- Thumbnails -->\n\t\t\t\t<div id=\"ngg-image-0\" class=\"ngg-gallery-thumbnail-box \" >\n\t\t\t\t        <div class=\"ngg-gallery-thumbnail\">\n            <a href=\"https:\/\/5ka.fr\/project\/patrickbaudrymirror\/wp-content\/gallery\/enfants-et-sante\/enfants_et_sante_1.jpg\"\n               title=\"\"\n               data-src=\"https:\/\/5ka.fr\/project\/patrickbaudrymirror\/wp-content\/gallery\/enfants-et-sante\/enfants_et_sante_1.jpg\"\n               data-thumbnail=\"https:\/\/5ka.fr\/project\/patrickbaudrymirror\/wp-content\/gallery\/enfants-et-sante\/thumbs\/thumbs_enfants_et_sante_1.jpg\"\n               data-image-id=\"436\"\n               data-title=\"enfants_et_sante_1\"\n               data-description=\"\"\n               data-image-slug=\"enfants_et_sante_1\"\n               class=\"ngg-simplelightbox\" rel=\"aa1efe94bfe99464ff9b4ba12dae7e19\">\n                <img\n                    title=\"enfants_et_sante_1\"\n                    alt=\"enfants_et_sante_1\"\n                    src=\"https:\/\/5ka.fr\/project\/patrickbaudrymirror\/wp-content\/gallery\/enfants-et-sante\/thumbs\/thumbs_enfants_et_sante_1.jpg\"\n                    width=\"100\"\n                    height=\"75\"\n                    style=\"max-width:100%;\"\n                \/>\n            <\/a>\n        <\/div>\n\t\t\t\t\t\t\t<\/div> \n\t\t\t\n\t\t\t\t<div id=\"ngg-image-1\" class=\"ngg-gallery-thumbnail-box \" >\n\t\t\t\t        <div class=\"ngg-gallery-thumbnail\">\n            <a href=\"https:\/\/5ka.fr\/project\/patrickbaudrymirror\/wp-content\/gallery\/enfants-et-sante\/enfants_et_sante_2.jpg\"\n               title=\"\"\n               data-src=\"https:\/\/5ka.fr\/project\/patrickbaudrymirror\/wp-content\/gallery\/enfants-et-sante\/enfants_et_sante_2.jpg\"\n               data-thumbnail=\"https:\/\/5ka.fr\/project\/patrickbaudrymirror\/wp-content\/gallery\/enfants-et-sante\/thumbs\/thumbs_enfants_et_sante_2.jpg\"\n               data-image-id=\"437\"\n               data-title=\"enfants_et_sante_2\"\n               data-description=\"\"\n               data-image-slug=\"enfants_et_sante_2\"\n               class=\"ngg-simplelightbox\" rel=\"aa1efe94bfe99464ff9b4ba12dae7e19\">\n                <img\n                    title=\"enfants_et_sante_2\"\n                    alt=\"enfants_et_sante_2\"\n                    src=\"https:\/\/5ka.fr\/project\/patrickbaudrymirror\/wp-content\/gallery\/enfants-et-sante\/thumbs\/thumbs_enfants_et_sante_2.jpg\"\n                    width=\"100\"\n                    height=\"75\"\n                    style=\"max-width:100%;\"\n                \/>\n            <\/a>\n        <\/div>\n\t\t\t\t\t\t\t<\/div> \n\t\t\t\n\t\t\t\t<div id=\"ngg-image-2\" class=\"ngg-gallery-thumbnail-box \" >\n\t\t\t\t        <div class=\"ngg-gallery-thumbnail\">\n            <a href=\"https:\/\/5ka.fr\/project\/patrickbaudrymirror\/wp-content\/gallery\/enfants-et-sante\/enfants_et_sante_3.jpg\"\n               title=\"\"\n               data-src=\"https:\/\/5ka.fr\/project\/patrickbaudrymirror\/wp-content\/gallery\/enfants-et-sante\/enfants_et_sante_3.jpg\"\n               data-thumbnail=\"https:\/\/5ka.fr\/project\/patrickbaudrymirror\/wp-content\/gallery\/enfants-et-sante\/thumbs\/thumbs_enfants_et_sante_3.jpg\"\n               data-image-id=\"438\"\n               data-title=\"enfants_et_sante_3\"\n               data-description=\"\"\n               data-image-slug=\"enfants_et_sante_3\"\n               class=\"ngg-simplelightbox\" rel=\"aa1efe94bfe99464ff9b4ba12dae7e19\">\n                <img\n                    title=\"enfants_et_sante_3\"\n                    alt=\"enfants_et_sante_3\"\n                    src=\"https:\/\/5ka.fr\/project\/patrickbaudrymirror\/wp-content\/gallery\/enfants-et-sante\/thumbs\/thumbs_enfants_et_sante_3.jpg\"\n                    width=\"100\"\n                    height=\"75\"\n                    style=\"max-width:100%;\"\n                \/>\n            <\/a>\n        <\/div>\n\t\t\t\t\t\t\t<\/div> \n\t\t\t\n\t\t\t\t<div id=\"ngg-image-3\" class=\"ngg-gallery-thumbnail-box \" >\n\t\t\t\t        <div class=\"ngg-gallery-thumbnail\">\n            <a href=\"https:\/\/5ka.fr\/project\/patrickbaudrymirror\/wp-content\/gallery\/enfants-et-sante\/enfants_et_sante_4.jpg\"\n               title=\"\"\n               data-src=\"https:\/\/5ka.fr\/project\/patrickbaudrymirror\/wp-content\/gallery\/enfants-et-sante\/enfants_et_sante_4.jpg\"\n               data-thumbnail=\"https:\/\/5ka.fr\/project\/patrickbaudrymirror\/wp-content\/gallery\/enfants-et-sante\/thumbs\/thumbs_enfants_et_sante_4.jpg\"\n               data-image-id=\"439\"\n               data-title=\"enfants_et_sante_4\"\n               data-description=\"\"\n               data-image-slug=\"enfants_et_sante_4\"\n               class=\"ngg-simplelightbox\" rel=\"aa1efe94bfe99464ff9b4ba12dae7e19\">\n                <img\n                    title=\"enfants_et_sante_4\"\n                    alt=\"enfants_et_sante_4\"\n                    src=\"https:\/\/5ka.fr\/project\/patrickbaudrymirror\/wp-content\/gallery\/enfants-et-sante\/thumbs\/thumbs_enfants_et_sante_4.jpg\"\n                    width=\"100\"\n                    height=\"75\"\n                    style=\"max-width:100%;\"\n                \/>\n            <\/a>\n        <\/div>\n\t\t\t\t\t\t\t<\/div> \n\t\t\t\n\t\n\t<br style=\"clear: both\" \/>\n\n\t\n\t\t<!-- Pagination -->\n\t<div class='ngg-clear'><\/div>\t<\/div>\n\n","protected":false},"excerpt":{"rendered":"<p>Cette association s\u2019est fix\u00e9e comme objectif d\u2019aider les enfants et adolescents atteints de cancers ou de leuc\u00e9mies, a gu\u00e9rir plus, mais aussi mieux, avec le moins de s\u00e9quelles possible et les m\u00eames chances partout en France. Pourquoi ENFANTS et SANTE ont-ils contact\u00e9 Patrick Baudry&nbsp;? Parce que la f\u00e9d\u00e9ration Enfants et sant\u00e9 (13associations r\u00e9gionales, reconnue d\u2019utilit\u00e9 [&hellip;]<\/p>\n","protected":false},"author":1,"featured_media":0,"parent":870,"menu_order":1,"comment_status":"closed","ping_status":"closed","template":"","meta":{"ngg_post_thumbnail":0},"_links":{"self":[{"href":"https:\/\/5ka.fr\/project\/patrickbaudrymirror\/wp-json\/wp\/v2\/pages\/878"}],"collection":[{"href":"https:\/\/5ka.fr\/project\/patrickbaudrymirror\/wp-json\/wp\/v2\/pages"}],"about":[{"href":"https:\/\/5ka.fr\/project\/patrickbaudrymirror\/wp-json\/wp\/v2\/types\/page"}],"author":[{"embeddable":true,"href":"https:\/\/5ka.fr\/project\/patrickbaudrymirror\/wp-json\/wp\/v2\/users\/1"}],"replies":[{"embeddable":true,"href":"https:\/\/5ka.fr\/project\/patrickbaudrymirror\/wp-json\/wp\/v2\/comments?post=878"}],"version-history":[{"count":5,"href":"https:\/\/5ka.fr\/project\/patrickbaudrymirror\/wp-json\/wp\/v2\/pages\/878\/revisions"}],"predecessor-version":[{"id":1845,"href":"https:\/\/5ka.fr\/project\/patrickbaudrymirror\/wp-json\/wp\/v2\/pages\/878\/revisions\/1845"}],"up":[{"embeddable":true,"href":"https:\/\/5ka.fr\/project\/patrickbaudrymirror\/wp-json\/wp\/v2\/pages\/870"}],"wp:attachment":[{"href":"https:\/\/5ka.fr\/project\/patrickbaudrymirror\/wp-json\/wp\/v2\/media?parent=878"}],"curies":[{"name":"wp","href":"https:\/\/api.w.org\/{rel}","templated":true}]}}