{"id":853,"date":"2020-06-15T15:43:15","date_gmt":"2020-06-15T13:43:15","guid":{"rendered":"https:\/\/5ka.fr\/project\/patrickbaudrymirror\/?page_id=853"},"modified":"2020-06-15T16:16:06","modified_gmt":"2020-06-15T14:16:06","slug":"tidene-et-les-puits-du-desert","status":"publish","type":"page","link":"https:\/\/5ka.fr\/project\/patrickbaudrymirror\/associations\/enfants-dafrique\/tidene-et-les-puits-du-desert\/","title":{"rendered":"Tid\u00e8ne et les puits du d\u00e9sert"},"content":{"rendered":"<p><a href=\"http:\/\/www.patrick-baudry.com\/wp-content\/uploads\/2012\/02\/tid\u00e8ne-ban.jpg\"><img loading=\"lazy\" class=\"alignnone size-full wp-image-1567\" title=\"tid\u00e8ne-ban\" src=\"http:\/\/www.patrick-baudry.com\/wp-content\/uploads\/2012\/02\/tid\u00e8ne-ban.jpg\" alt=\"\" width=\"615\" height=\"182\"><\/a><\/p>\n<p>Cr\u00e9\u00e9e en 2000 par Christel Pernet afin de venir en aide aux populations du Nord Niger, par l\u2019accession \u00e0 l\u2019eau , \u00e0 la sant\u00e9, \u00e0 l\u2019\u00e9ducation. Mohamed Ixa est \u00e0 ses c\u00f4t\u00e9s pour cela.<br \/>\n<strong><a href=\"http:\/\/www.patrick-baudry.com\/wp-content\/uploads\/2012\/02\/tid\u00e8ne-puit.jpg\"><img loading=\"lazy\" class=\"alignright size-full wp-image-1568\" title=\"tid\u00e8ne-puit\" src=\"http:\/\/www.patrick-baudry.com\/wp-content\/uploads\/2012\/02\/tid\u00e8ne-puit.jpg\" alt=\"\" width=\"182\" height=\"243\"><\/a><\/strong><\/p>\n<p><span style=\"color: #fe6600; text-shadow: 0px 1px 2px black, 0px 0px 2px black;\"><strong>Ce que les puits du d\u00e9sert disent de Patrick BAUDRY :<\/strong><\/span><\/p>\n<p>Christel Pernet , pr\u00e9sidente des puits du d\u00e9sert-ONG-Tid\u00e8ne dit&nbsp;: \u00ab&nbsp;J\u2019ai rencontr\u00e9 Patrick Baudry en 1999 \u00e0 l\u2019occasion du festival de m\u00e9t\u00e9o de l\u2019Alpe d\u2019Huez dont il \u00e9tait l\u2019invit\u00e9 d\u2019honneur. Le milieu de l\u2019aviation nous a rapproch\u00e9 car je participais alors au raid humanitaire d\u2019Air-Solidarit\u00e9. D\u00e9j\u00e0 tr\u00e8s investi en Afrique et en particulier aux c\u00f4t\u00e9s des jeunes, persuad\u00e9 que l\u2019\u00e9ducation est l\u2019\u00e9l\u00e9ment essentiel pour sortir de la spirale de la pauvret\u00e9. Patrick a accept\u00e9 de parrainer notre association&nbsp;\u00ab&nbsp; les puits du d\u00e9sert&nbsp;\u00bb d\u00e8s sa cr\u00e9ation. Il est aujourd\u2019hui le parrain de l\u2019\u00e9cole que nous avons construite dans la vall\u00e9e de Tid\u00e8ne, au nord d\u2019Agad\u00e8s au Niger.<br \/>\nPatrick a eu le privil\u00e8ge d\u2019observer notre Terre depuis l\u2019espace, il conna\u00eet mieux que personne la valeur de l\u2019eau. De l\u2019infiniment grand, il s\u2019est attach\u00e9 aux plus petits avec toute la g\u00e9n\u00e9rosit\u00e9 et l\u2019humanisme qui le caract\u00e9risent.<br \/>\nNous sommes fiers de ce parrainage<\/p>\n<p><span style=\"color: #fe6600; text-shadow: 0px 1px 2px black, 0px 0px 2px black;\"><strong>Ce que Patrick baudry dit des puits du d\u00e9sert :<\/strong><\/span><\/p>\n<p>Attir\u00e9 par le d\u00e9sert, je sais combien il est difficile d\u2019y survivre.<\/p>\n<p>La cr\u00e9ation en 2000 de Tid\u00e8ne, m\u2019 interpelle, son objectif en 2006, de devenir \u00ab&nbsp;Les Puits du D\u00e9sert&nbsp;\u00bb continue de m\u2019interroger et na\u00eet le d\u00e9sir, pour moi, de participer \u00e0 cette aventure humaniste.<\/p>\n<p>Je d\u00e9cide alors, de parrainer l&nbsp;\u00bbLes puits du d\u00e9sert&nbsp;\u00bb,cela m\u2019a paru juste et n\u00e9cessaire ,car on ne parle pas de sant\u00e9, d\u2019\u00e9ducation ,de culture , d\u2019\u00e9levage sans eau.<\/p>\n<p>Du forage aux jardins d\u2019agrumes et de l\u00e9gumes toute une \u00e9quipe gravite pour aider les Touaregs du Nord Niger, car l\u2019eau n\u2019est pas seulement un lien social mais aussi un lien \u00e9conomique. Si un puits est creus\u00e9, fini la corv\u00e9e d\u2019eau pour les enfants qui peuvent ainsi aller \u00e0 l\u2019\u00e9cole.<\/p>\n<p>Parrainer les \u00ab&nbsp;puits du d\u00e9sert&nbsp;\u00bb, c\u2019est surtout, soutenir les Touaregs dans leur effort pour prendre en charge cet \u00e9norme probl\u00e8me<\/p>\n<p>Je tiens \u00e0 vous signaler que le projet \u00ab&nbsp;les Puits du D\u00e9sert&nbsp;\u00bb a \u00e9t\u00e9 labellis\u00e9 sur le FORUM MONDIAL DE L\u2019EAU.<\/p>\n<p>En Mars 2012,il sera pr\u00e9sent\u00e9 \u00e0 l\u2019occasion du FORUM DE L\u2019EAU<\/p>\n<p>Je ne peux que vous inciter \u00e0 ai der les puits du d\u00e9sert.<\/p>\n<p><span style=\"color: #ff0000;\"><strong>FAIRE UN DON<\/strong><\/span><br \/>\nVous souhaitez effectuer un don par <strong>internet<\/strong><br \/>\n1 &#8211; <a title=\"http:\/\/www.alvarum.fr\" href=\"http:\/\/www.alvarum.fr\">http:\/\/www.alvarum.fr<\/a><br \/>\n2 &#8211; choisir&nbsp;\u00bbrechercher une association&nbsp;\u00bb<br \/>\n3 &#8211; dans recherche entrez&nbsp;: les puits du d\u00e9sert<br \/>\n4 &#8211; choisir la page de l\u2019association<br \/>\n5 &#8211; cliquer sur \u00ab&nbsp;faire un don&nbsp;\u00bb<br \/>\nDans la nouvelle fen\u00eatre qui s\u2019ouvre, r\u00e9pondre \u00ab&nbsp;non&nbsp;\u00bb\u00e0 la question \u00ab&nbsp;cherchez-vous \u00e0 faire un don sur la page de collecte d\u2019un ami&nbsp;?&nbsp;\u00bb<br \/>\n6 &#8211; compl\u00e9tez le formulaire<\/p>\n<p>Le re\u00e7u fiscal vous sera envoy\u00e9 par mail.<\/p>\n<p><strong>Par courrier<\/strong><br \/>\nONG Tid\u00e8ne<br \/>\nB P 9<br \/>\n74450 Le Grand_Bornand<br \/>\nvous recevrez votre carte de membre actif et la lettre de l\u2019ONG(trimestrielle)<\/p>\n<p>Si vous \u00eates une institution, une entreprise, une collectivit\u00e9, vous pouvez&nbsp;:<\/p>\n<p>Envoyer une subvention pour la construction des puits.<\/p>\n<p>Prendre en charge une \u00e9cole&nbsp;:cela permettra aux enfants proches de vous de correspondre avec un enfant Touareg.<\/p>\n<p>D\u2019organiser avec les puits du d\u00e9sert des manifestations diverses(expositions,soir\u00e9es de charit\u00e9, conf\u00e9rences\u2026)<\/p>\n<p><strong>Contacts<\/strong><br \/>\nMohamed IXA, Christel PERMET<br \/>\n+&nbsp;33 98 48 74 74<br \/>\nONG Tid\u00e8ne<br \/>\nB P 9<br \/>\n74450 Le Grand Bornand<\/p>\n<p>don@lespuitsdudesert-tidene.org<\/p>\n<div style=\"height: 210px; border: 1px solird red;\"><img loading=\"lazy\" class=\"size-full wp-image-1569 alignnone\" style=\"display: inline;\" title=\"Christel-Pernet\" src=\"http:\/\/www.patrick-baudry.com\/wp-content\/uploads\/2012\/02\/Christel-Pernet.jpg\" alt=\"\" width=\"179\" height=\"200\"><img loading=\"lazy\" class=\"size-full wp-image-1570 alignnone\" style=\"display: inline;\" title=\"Mohamed-Ixa\" src=\"http:\/\/www.patrick-baudry.com\/wp-content\/uploads\/2012\/02\/Mohamed-Ixa.jpg\" alt=\"\" width=\"198\" height=\"200\"><\/div>\n<p>Christel Pernet \/ Mohamed Ixa<\/p>\n<p>&nbsp;<\/p>\n<p>UN RENDEZ-VOUS ANNUEL&nbsp;: LES VENDANGES DU D\u00c9SERT \u00c0 BERTRAND-BELIEU.<\/p>\n<p><a href=\"https:\/\/5ka.fr\/project\/patrickbaudrymirror\/wp-content\/uploads\/2020\/06\/bertaud-belieu.jpg\"><img loading=\"lazy\" class=\"alignnone size-thumbnail wp-image-856\" style=\"display: inline;\" src=\"https:\/\/5ka.fr\/project\/patrickbaudrymirror\/wp-content\/uploads\/2020\/06\/bertaud-belieu-150x150.jpg\" alt=\"\" width=\"150\" height=\"150\"><\/a><a href=\"https:\/\/5ka.fr\/project\/patrickbaudrymirror\/wp-content\/uploads\/2020\/06\/bertaud-belieu2.jpg\"><img loading=\"lazy\" class=\"alignnone size-thumbnail wp-image-857\" style=\"display: inline;\" src=\"https:\/\/5ka.fr\/project\/patrickbaudrymirror\/wp-content\/uploads\/2020\/06\/bertaud-belieu2-150x150.jpg\" alt=\"\" width=\"150\" height=\"150\"><\/a><\/p>\n<p>Patrick et St\u00e9phanie Baudry bordelais d\u2019origine partent chaque fin Aout apporter leur aide aux puits du d\u00e9sert.<br \/>\nC\u2019est l\u2019un des \u00e9v\u00e8nements phare de la saison estivale \u00e0 St Tropez. Cette manifestation tr\u00e8s sympathique permet de r\u00e9colter chaque ann\u00e9e les fonds pour la construction de dix puits en moyenne.`D\u00e8s le matin, emmen\u00e9s joyeusement par R\u00e9gine, marraine embl\u00e9matique et appr\u00e9ci\u00e9e, les invit\u00e9s se sont retrouv\u00e9s dans les vignes du Domaine Bertaud-Belieu.<br \/>\nS\u00e9cateur en main, chacun s\u2019est mis au travail pour une matin\u00e9e de r\u00e9colte sous l\u2019\u0153il attentif de Jean Christophe Sibelya&nbsp;: g\u00e9rant du Domaine et de Karim Jeribi qui, une fois encore se sont mobilis\u00e9s pour changer le vin en eau\u2026<br \/>\nArtistes du grand et du petit \u00e9cran, musiciens et sportifs de haut niveau, personnalit\u00e9s du milieu des affaires et partenaires ont tous contribu\u00e9 avec bonne humeur \u00e0 cette r\u00e9colte des grappes de raisin pour pr\u00e9parer la cuv\u00e9e 2012 de ce fameux vin ros\u00e9 qui sera vendu au profit des Puits du D\u00e9ser&nbsp;.<br \/>\nLa soir\u00e9e a rassembl\u00e9 plus de 350 personnes lors d\u2019un diner de gala autour de R\u00e9gine. Edouard Baer n\u2019a pas h\u00e9sit\u00e9 \u00e0 endosser avec talent le r\u00f4le de Ma\u00eetre Cornette de St Baer pour une vente aux ench\u00e8res anim\u00e9e qui a connu un tr\u00e8s grand succ\u00e8s.<\/p>\n<p>Un immense merci aux g\u00e9n\u00e9reux donateurs qui accordent leur confiance et qui chaque ann\u00e9e participent \u00e0 cette soir\u00e9e de l\u2019amiti\u00e9 et du partage.<br \/>\nL\u2019organisation d\u2019un tel \u00e9v\u00e9nement demande une longue pr\u00e9paration et de nombreuses bonnes volont\u00e9s de solidarit\u00e9&nbsp;;<br \/>\nA R\u00e9gine, Jean Christophe, karim, Edouard et eux tous ,Merci et vive les prochaines Vendanges du D\u00e9sert&nbsp;: cuv\u00e9e 2012.<\/p>\n","protected":false},"excerpt":{"rendered":"<p>Cr\u00e9\u00e9e en 2000 par Christel Pernet afin de venir en aide aux populations du Nord Niger, par l\u2019accession \u00e0 l\u2019eau , \u00e0 la sant\u00e9, \u00e0 l\u2019\u00e9ducation. Mohamed Ixa est \u00e0 ses c\u00f4t\u00e9s pour cela. Ce que les puits du d\u00e9sert disent de Patrick BAUDRY : Christel Pernet , pr\u00e9sidente des puits du d\u00e9sert-ONG-Tid\u00e8ne dit&nbsp;: \u00ab&nbsp;J\u2019ai [&hellip;]<\/p>\n","protected":false},"author":1,"featured_media":0,"parent":850,"menu_order":1,"comment_status":"closed","ping_status":"closed","template":"","meta":{"ngg_post_thumbnail":0},"_links":{"self":[{"href":"https:\/\/5ka.fr\/project\/patrickbaudrymirror\/wp-json\/wp\/v2\/pages\/853"}],"collection":[{"href":"https:\/\/5ka.fr\/project\/patrickbaudrymirror\/wp-json\/wp\/v2\/pages"}],"about":[{"href":"https:\/\/5ka.fr\/project\/patrickbaudrymirror\/wp-json\/wp\/v2\/types\/page"}],"author":[{"embeddable":true,"href":"https:\/\/5ka.fr\/project\/patrickbaudrymirror\/wp-json\/wp\/v2\/users\/1"}],"replies":[{"embeddable":true,"href":"https:\/\/5ka.fr\/project\/patrickbaudrymirror\/wp-json\/wp\/v2\/comments?post=853"}],"version-history":[{"count":10,"href":"https:\/\/5ka.fr\/project\/patrickbaudrymirror\/wp-json\/wp\/v2\/pages\/853\/revisions"}],"predecessor-version":[{"id":869,"href":"https:\/\/5ka.fr\/project\/patrickbaudrymirror\/wp-json\/wp\/v2\/pages\/853\/revisions\/869"}],"up":[{"embeddable":true,"href":"https:\/\/5ka.fr\/project\/patrickbaudrymirror\/wp-json\/wp\/v2\/pages\/850"}],"wp:attachment":[{"href":"https:\/\/5ka.fr\/project\/patrickbaudrymirror\/wp-json\/wp\/v2\/media?parent=853"}],"curies":[{"name":"wp","href":"https:\/\/api.w.org\/{rel}","templated":true}]}}