{"id":85,"date":"2020-05-27T02:09:56","date_gmt":"2020-05-27T00:09:56","guid":{"rendered":"https:\/\/5ka.fr\/project\/patrickbaudrymirror\/?page_id=85"},"modified":"2020-05-27T02:13:28","modified_gmt":"2020-05-27T00:13:28","slug":"entreprendre","status":"publish","type":"page","link":"https:\/\/5ka.fr\/project\/patrickbaudrymirror\/conferencier\/themes-de-conference\/entreprendre\/","title":{"rendered":"Entreprendre"},"content":{"rendered":"<h3>Entreprendre, savoir se d\u00e9passer en prenant des risques<\/h3>\n<p>Entreprendre ne peut se concevoir qu\u2019en faisant des choix et en prenant des d\u00e9cisions, donc des risques. Une avanc\u00e9e ou un progr\u00e8s sont indissociables de cette notion de risque et de d\u00e9cision r\u00e9sultants d\u2019une analyse fruit d\u2019un savoir et d\u2019une exp\u00e9rience, et \u00e9galement d\u2019une capacit\u00e9 \u00e0 imaginer, sans laquelle rien ne peut se faire. Comme Albert Einstein a bien su l\u2019exprimer : l\u2019imagination est plus importante que le savoir.<\/p>\n<p>L\u2019air et l\u2019Espace sont des domaines dangereux et hostiles lorsqu\u2019on les explore. Les approches russe, fran\u00e7aise et am\u00e9ricaine sont diff\u00e9rentes par la place et la responsabilit\u00e9 laiss\u00e9es \u00e0 l\u2019homme. Il est \u00e9galement int\u00e9ressant d\u2019observer les diff\u00e9rences existant entre un a\u00e9ronef civil et un a\u00e9ronef militaire en ce qui concerne le cahier des charges de la s\u00e9curit\u00e9. Mais dans tous les cas, avec des \u00e9quipages s\u00e9lectionn\u00e9s et entra\u00een\u00e9s, la place de l\u2019homme est pr\u00e9pond\u00e9rante.<\/p>\n<p>C\u2019est donc tr\u00e8s t\u00f4t que Patrick BAUDRY a appris \u00e0 d\u00e9passer ce qu\u2019il croyait \u00eatre ses limites. Il a appris \u00e0 ma\u00eetriser les risques qui y sont in\u00e9vitablement li\u00e9s. Gestion du stress, juste dose de courage et de caract\u00e8re intr\u00e9pide, confiance justifi\u00e9e dans des individus hautement responsables et qualifi\u00e9s, analyse et sens de la responsabilit\u00e9 s\u2019entrem\u00ealent alors pour atteindre, avec succ\u00e8s, un but pr\u00e9d\u00e9fini.<\/p>\n<p>Apprendre \u00e0 construire et \u00e0 g\u00e9rer une \u00e9quipe dans l\u2019excellence, f\u00e9d\u00e9rer les talents pour atteindre un objectif difficile que l\u2019on pouvait penser impossible \u00e0 atteindre, ce sont les conditions indispensables \u00e0 la ma\u00eetrise des risques et \u00e0 la r\u00e9ussite dans un contexte hostile.<\/p>\n","protected":false},"excerpt":{"rendered":"<p>Entreprendre, savoir se d\u00e9passer en prenant des risques Entreprendre ne peut se concevoir qu\u2019en faisant des choix et en prenant des d\u00e9cisions, donc des risques. Une avanc\u00e9e ou un progr\u00e8s sont indissociables de cette notion de risque et de d\u00e9cision r\u00e9sultants d\u2019une analyse fruit d\u2019un savoir et d\u2019une exp\u00e9rience, et \u00e9galement d\u2019une capacit\u00e9 \u00e0 imaginer, [&hellip;]<\/p>\n","protected":false},"author":1,"featured_media":0,"parent":20,"menu_order":3,"comment_status":"closed","ping_status":"closed","template":"","meta":{"ngg_post_thumbnail":0},"_links":{"self":[{"href":"https:\/\/5ka.fr\/project\/patrickbaudrymirror\/wp-json\/wp\/v2\/pages\/85"}],"collection":[{"href":"https:\/\/5ka.fr\/project\/patrickbaudrymirror\/wp-json\/wp\/v2\/pages"}],"about":[{"href":"https:\/\/5ka.fr\/project\/patrickbaudrymirror\/wp-json\/wp\/v2\/types\/page"}],"author":[{"embeddable":true,"href":"https:\/\/5ka.fr\/project\/patrickbaudrymirror\/wp-json\/wp\/v2\/users\/1"}],"replies":[{"embeddable":true,"href":"https:\/\/5ka.fr\/project\/patrickbaudrymirror\/wp-json\/wp\/v2\/comments?post=85"}],"version-history":[{"count":2,"href":"https:\/\/5ka.fr\/project\/patrickbaudrymirror\/wp-json\/wp\/v2\/pages\/85\/revisions"}],"predecessor-version":[{"id":87,"href":"https:\/\/5ka.fr\/project\/patrickbaudrymirror\/wp-json\/wp\/v2\/pages\/85\/revisions\/87"}],"up":[{"embeddable":true,"href":"https:\/\/5ka.fr\/project\/patrickbaudrymirror\/wp-json\/wp\/v2\/pages\/20"}],"wp:attachment":[{"href":"https:\/\/5ka.fr\/project\/patrickbaudrymirror\/wp-json\/wp\/v2\/media?parent=85"}],"curies":[{"name":"wp","href":"https:\/\/api.w.org\/{rel}","templated":true}]}}