{"id":832,"date":"2020-06-15T15:32:49","date_gmt":"2020-06-15T13:32:49","guid":{"rendered":"https:\/\/5ka.fr\/project\/patrickbaudrymirror\/?page_id=832"},"modified":"2020-06-15T15:33:06","modified_gmt":"2020-06-15T13:33:06","slug":"associations","status":"publish","type":"page","link":"https:\/\/5ka.fr\/project\/patrickbaudrymirror\/associations\/","title":{"rendered":"ASSOCIATIONS"},"content":{"rendered":"<p><strong>Ce que vous savez de Patrick Baudry.<\/strong><\/p>\n<p>Pionnier de l\u2019espace, \u00e0 la fois cosmonaute et astronaute, il fait partie du cercle le plus ferm\u00e9 de la Plan\u00e8te&nbsp;: celui des cinq cents hommes qui ont eu le privil\u00e8ge de voler dans l\u2019espace.<br \/>\nToute sa vie, pilote de chasse, d\u2019essais ,militaire et civil, a particip\u00e9 au d\u00e9veloppement de toute la flotte AIRBUS jusqu\u2019\u00e0 l\u2019A380. Il a pr\u00e9sent\u00e9 tous ces avions dans de grands meetings mondiaux..<br \/>\nPar ailleurs , il n\u2019a jamais h\u00e9sit\u00e9 \u00e0 s\u2019engager sur une proposition de record \u00e0 battre, d\u2019aventure \u00e0 tenter&nbsp;: raid Catalina sur les traces de l\u2019a\u00e9ropostale, travers\u00e9e de l\u2019Atlantique en bateau de course, Route de la Vanille, record de travers\u00e9e de l\u2019Afrique du cap \u00e0 Alger\u2026<\/p>\n<p>Aujourd\u2019hui il donne des conf\u00e9rences et parcourt le monde.<\/p>\n<p><strong>Ce que vous ignorez peut \u00eatre&nbsp;: son engagement.&nbsp;<\/strong><\/p>\n<p>Parall\u00e8lement, ambassadeur de bonne volont\u00e9 de l\u2019UNESCO pour la Paix et les Enfants il a soutenu nombre d\u2019associations. Anim\u00e9 de la conviction que ce qui est essentiel aujourd\u2019hui n\u2019est pas la Terre que nous laisserons aux enfants mais bien les enfants que nous laisserons \u00e0 la Terre. Il soutien et offre son parrainage \u00e0 des associations qui s\u2019occupent d\u2019enfants courageux et combatifs, des enfants plus pr\u00eats que d\u2019autres peut-\u00eatre \u00e0 affronter le monde.<\/p>\n<p><strong><br \/>\n<\/strong><\/p>\n","protected":false},"excerpt":{"rendered":"<p>Ce que vous savez de Patrick Baudry. Pionnier de l\u2019espace, \u00e0 la fois cosmonaute et astronaute, il fait partie du cercle le plus ferm\u00e9 de la Plan\u00e8te&nbsp;: celui des cinq cents hommes qui ont eu le privil\u00e8ge de voler dans l\u2019espace. Toute sa vie, pilote de chasse, d\u2019essais ,militaire et civil, a particip\u00e9 au d\u00e9veloppement [&hellip;]<\/p>\n","protected":false},"author":1,"featured_media":0,"parent":0,"menu_order":7,"comment_status":"closed","ping_status":"closed","template":"","meta":{"ngg_post_thumbnail":0},"_links":{"self":[{"href":"https:\/\/5ka.fr\/project\/patrickbaudrymirror\/wp-json\/wp\/v2\/pages\/832"}],"collection":[{"href":"https:\/\/5ka.fr\/project\/patrickbaudrymirror\/wp-json\/wp\/v2\/pages"}],"about":[{"href":"https:\/\/5ka.fr\/project\/patrickbaudrymirror\/wp-json\/wp\/v2\/types\/page"}],"author":[{"embeddable":true,"href":"https:\/\/5ka.fr\/project\/patrickbaudrymirror\/wp-json\/wp\/v2\/users\/1"}],"replies":[{"embeddable":true,"href":"https:\/\/5ka.fr\/project\/patrickbaudrymirror\/wp-json\/wp\/v2\/comments?post=832"}],"version-history":[{"count":2,"href":"https:\/\/5ka.fr\/project\/patrickbaudrymirror\/wp-json\/wp\/v2\/pages\/832\/revisions"}],"predecessor-version":[{"id":835,"href":"https:\/\/5ka.fr\/project\/patrickbaudrymirror\/wp-json\/wp\/v2\/pages\/832\/revisions\/835"}],"wp:attachment":[{"href":"https:\/\/5ka.fr\/project\/patrickbaudrymirror\/wp-json\/wp\/v2\/media?parent=832"}],"curies":[{"name":"wp","href":"https:\/\/api.w.org\/{rel}","templated":true}]}}