{"id":829,"date":"2020-06-15T15:27:27","date_gmt":"2020-06-15T13:27:27","guid":{"rendered":"https:\/\/5ka.fr\/project\/patrickbaudrymirror\/?page_id=829"},"modified":"2020-07-09T05:14:03","modified_gmt":"2020-07-09T03:14:03","slug":"les-prefaces-de-patrick-baudry","status":"publish","type":"page","link":"https:\/\/5ka.fr\/project\/patrickbaudrymirror\/auteur\/les-prefaces-de-patrick-baudry\/","title":{"rendered":"Les PREFACES de Patrick Baudry"},"content":{"rendered":"<p>Parce que bien souvent mieux vaut lire un texte court mais percutant qu&rsquo;un long pensum destin\u00e9 \u00e0 faire r\u00e9fl\u00e9chir par des voies d\u00e9tourn\u00e9es, LA PREFACE est devenue un art qui permet \u00e0 l&rsquo;auteur, par la voix &#8211; autoris\u00e9e, l\u00e9gitim\u00e9e et &#8230;consentante &#8211; d&rsquo;un autre, de mettre en valeur le message qu&rsquo;il veut porter.<\/p>\n<p>Patrick Baudry choisit, ainsi, r\u00e9guli\u00e8rement, de pr\u00eater sa voix pour faire \u00e9cho aux pr\u00e9occupations de gens passionn\u00e9s qui mettent en lumi\u00e8re des sujets en commun qui leur tiennent \u00e0 coeur.<\/p>\n<p>Vous retrouverez ici quelques unes des Pr\u00e9faces pr\u00e9f\u00e9r\u00e9es de Patrick Baudry, \u00e9crites, toujours, pour soutenir des causes et des messages auxquels il croit&#8230;profond\u00e9ment!<\/p>\n<div style=\"float: left; width: 615px; margin-bottom:10px;\">\n<div><a href=\"https:\/\/5ka.fr\/project\/patrickbaudrymirror\/wp-content\/uploads\/2020\/07\/la-teste.jpg\"><img loading=\"lazy\" class=\"alignleft size-thumbnail wp-image-1751\" title=\"la teste\" src=\"https:\/\/5ka.fr\/project\/patrickbaudrymirror\/wp-content\/uploads\/2020\/07\/la-teste-150x150.jpg\" alt=\"\" width=\"150\" height=\"150\"><\/a><\/div>\n<div style=\"width: 443px; float: right;\">\n<h3 style=\"margin: 0px;\">2011 : L&rsquo;Aviation fran\u00e7aise 1914-1918<br \/>\n<small>par Georges Pag\u00e9 &#8211; Pr\u00e9face de Patrick Baudry<\/small><\/h3>\n<p><small>Editions Grancher. Collection \u00ab\u00a0T\u00e9moignages pour l&rsquo;histoire\u00a0\u00bb publi\u00e9 en 2011<br \/>\nISBN : 978-2-7339-1160-0<\/small><\/p>\n<\/div>\n<\/div>\n<div style=\"float: left; width: 615px;margin-bottom:10px;\">\n<div><a style=\"float: left;\" href=\"https:\/\/5ka.fr\/project\/patrickbaudrymirror\/wp-content\/uploads\/2020\/07\/pellerin.jpg\"><img loading=\"lazy\" class=\"alignleft size-thumbnail wp-image-1750\" title=\"Aventure dans l'ESPACE\" src=\"https:\/\/5ka.fr\/project\/patrickbaudrymirror\/wp-content\/uploads\/2020\/07\/pellerin-150x150.jpg\" alt=\"Aventure dans l'ESPACE\" width=\"150\" height=\"150\"><\/a><\/div>\n<div style=\"width: 443px; float: right;\">\n<h3 style=\"margin: 0px;\">2011 : Aventure dans l&rsquo;ESPACE &#8211; 20 r\u00e9cits authentiques<br \/>\n<small>par Jean-Fran\u00e7ois Pellerin<\/small><\/h3>\n<p><small>Editions A2C M\u00e9dias &#8211; publi\u00e9 en 2011<br \/>\nISBN : 2011978-2-916831-17-6<\/small><\/p>\n<\/div>\n<\/div>\n<div style=\"float: left; width: 615px;margin-bottom:10px;\">\n<div><a style=\"float: left;\" title=\"2009, Lune : du r\u00eave \u00e0 la conqu\u00eate\" href=\"https:\/\/5ka.fr\/project\/patrickbaudrymirror\/wp-content\/uploads\/2020\/07\/pr-2009-lune.jpg\" rel=\"lightbox[set_2]\"><img loading=\"lazy\" class=\"alignleft size-thumbnail wp-image-1748\" title=\"2009, Lune : du r\u00eave \u00e0 la conqu\u00eate\" src=\"https:\/\/5ka.fr\/project\/patrickbaudrymirror\/wp-content\/uploads\/2020\/07\/pr-2009-lune-150x150.jpg\" alt=\"2009, Lune : du r\u00eave \u00e0 la conqu\u00eate\" width=\"150\" height=\"150\"><\/a><\/div>\n<div style=\"width: 443px; float: right;\">\n<h3 style=\"margin: 0px;\">2009 : Lune : du r\u00eave \u00e0 la conqu\u00eate<br \/>\n<small>par Scott L. Montgomery \u2013 Pr\u00e9face de Patrick Baudry<\/small><\/h3>\n<p><small>Editions S\u00e9lection du Reader\u2019s Digest \u2013 publi\u00e9 en 2008<br \/>\nISBN : 978-2-7098-2039-4<\/small><\/p>\n<\/div>\n<\/div>\n<div style=\"float: left; width: 615px;margin-bottom:10px;\">\n<div><a style=\"float: left;\" title=\"2008, Space Project\" href=\"https:\/\/5ka.fr\/project\/patrickbaudrymirror\/wp-content\/uploads\/2020\/07\/pr-2008-space-project.jpg\" rel=\"lightbox[set_2]\"><img loading=\"lazy\" class=\"alignleft size-thumbnail wp-image-1745\" title=\"2008, Space Project\" src=\"https:\/\/5ka.fr\/project\/patrickbaudrymirror\/wp-content\/uploads\/2020\/07\/pr-2008-space-project-150x150.jpg\" alt=\"2008, Space Project\" width=\"150\" height=\"150\"><\/a><\/div>\n<div style=\"width: 443px; float: right;\">\n<h3 style=\"margin: 0px;\">2008 : Space Project<br \/>\n<small>par Vincent Fournier \u2013 Pr\u00e9face de Patrick Baudry<\/small><\/h3>\n<p><small>Editions Verlhac \u2013 publi\u00e9 en 2008<br \/>\nISBN : 978-2916954295<br \/>\n<\/small><\/p>\n<\/div>\n<\/div>\n<div style=\"float: left; width: 615px;margin-bottom:10px;\">\n<div><a style=\"float: left;\" title=\"2008, S\u00e9curit\u00e9 routi\u00e8re : halte au mensonge\" href=\"https:\/\/5ka.fr\/project\/patrickbaudrymirror\/wp-content\/uploads\/2020\/07\/pr-2001-securite-routiere-halte-mensonge.jpg\" rel=\"lightbox[set_2]\"><img loading=\"lazy\" class=\"alignleft size-thumbnail wp-image-1744\" title=\"2008, S\u00e9curit\u00e9 routi\u00e8re : halte au mensonge\" src=\"https:\/\/5ka.fr\/project\/patrickbaudrymirror\/wp-content\/uploads\/2020\/07\/pr-2001-securite-routiere-halte-mensonge-150x150.jpg\" alt=\"2008, S\u00e9curit\u00e9 routi\u00e8re : halte au mensonge\" width=\"150\" height=\"150\"><\/a><\/div>\n<div style=\"width: 443px; float: right;\">\n<h3 style=\"margin: 0px;\">2008 : S\u00e9curit\u00e9 routi\u00e8re : halte au mensonge<br \/>\n<small>par Yves Marc \u2013 Pr\u00e9face de Jean-Pierre Beltoise<br \/>\nAvant-propos de Patrick Baudry<\/small><\/h3>\n<p><small>Editions Elzevir \u2013 publi\u00e9 en 2008<br \/>\nISBN : 978-2811400156<\/small><\/p>\n<\/div>\n<\/div>\n<div style=\"float: left; width: 615px;margin-bottom:10px;\">\n<div><a style=\"float: left;\" title=\"2001, Cent ans d'avions\" href=\"https:\/\/5ka.fr\/project\/patrickbaudrymirror\/wp-content\/uploads\/2020\/07\/pr-2001-100-ans-avions.jpg\" rel=\"lightbox[set_2]\"><img loading=\"lazy\" class=\"alignleft size-thumbnail wp-image-1746\" title=\"2001, Cent ans d'avions\" src=\"https:\/\/5ka.fr\/project\/patrickbaudrymirror\/wp-content\/uploads\/2020\/07\/pr-2001-100-ans-avions-150x150.jpg\" alt=\"2001, Cent ans d'avions\" width=\"150\" height=\"150\"><\/a><\/div>\n<div style=\"width: 443px; float: right;\">\n<h3 style=\"margin: 0px;\">2001 : Cent ans d&rsquo;avions<br \/>\n<small>par Yves Marc &#8211; Pr\u00e9face de Patrick Baudry<\/small><\/h3>\n<p>La fantastique aventure de l&rsquo;aviation commerciale<br \/>\n<small>Editions Privat &#8211; publi\u00e9 en 2001<br \/>\nISBN : 2-7089-8163-3<\/small><\/p>\n<\/div>\n<\/div>\n<div style=\"float: left; width: 615px;margin-bottom:10px;\">\n<div><a style=\"float: left;\" href=\"https:\/\/5ka.fr\/project\/patrickbaudrymirror\/wp-content\/uploads\/2020\/07\/mes-vols-629x1024-1.jpg\"><img loading=\"lazy\" class=\"alignleft size-thumbnail wp-image-1759\" title=\"mes-vols\" src=\"https:\/\/5ka.fr\/project\/patrickbaudrymirror\/wp-content\/uploads\/2020\/07\/mes-vols-629x1024-1-150x150.jpg\" alt=\"\" width=\"150\" height=\"150\"><\/a><\/div>\n<div style=\"width: 443px; float: right;\">\n<h3 style=\"margin: 0px;\">1937- MERMOZ-MES VOLS.<br \/>\n<small>Pr\u00e9face de Patrick Baudry<\/small><\/h3>\n<p><small>Editions Flammarion<br \/>\nISBN : 2-08-064955-8<\/small><\/p>\n<\/div>\n<\/div>\n<div style=\"float: left; width: 615px;margin-bottom:10px;\">\n<div><a style=\"float: left;\" title=\"2000, Guide pratique du pilote de ligne\" href=\"https:\/\/5ka.fr\/project\/patrickbaudrymirror\/wp-content\/uploads\/2020\/07\/pr-2000-guide-pratique-pilote-ligne.jpg\" rel=\"lightbox[set_2]\"><img loading=\"lazy\" class=\"alignleft size-thumbnail wp-image-1747\" title=\"2000, Guide pratique du pilote de lignes\" src=\"https:\/\/5ka.fr\/project\/patrickbaudrymirror\/wp-content\/uploads\/2020\/07\/pr-2000-guide-pratique-pilote-ligne-150x150.jpg\" alt=\"2000, Guide pratique du pilote de ligne\" width=\"150\" height=\"150\"><\/a><\/div>\n<div style=\"width: 443px; float: right;\">\n<h3 style=\"margin: 0px;\">2000 : Guide pratique du pilote de ligne &#8211; 3\u00e8 \u00e9dition<br \/>\n<small>par Bernard Cabanes et Nicolas Loukakos<br \/>\nPr\u00e9face de Patrick Baudry<\/small><\/h3>\n<p><small>Librairie de l&rsquo;Universit\u00e9 d&rsquo;Aix-en-Provence &#8211; publi\u00e9 en 2000<br \/>\nISBN : 2-903449-53-8<\/small><\/p>\n<\/div>\n<\/div>\n<div style=\"float: left; width: 615px;margin-bottom:10px;\">\n<div><a style=\"float: left;\" title=\"1990, Ce ciel pas comme les autres\" href=\"https:\/\/5ka.fr\/project\/patrickbaudrymirror\/wp-content\/uploads\/2020\/07\/pr-1990-ciel-pas-comme-les-autres.jpg\" rel=\"lightbox[set_2]\"><img loading=\"lazy\" class=\"alignleft size-thumbnail wp-image-1739\" title=\"1990, Ce ciel pas comme les autres\" src=\"https:\/\/5ka.fr\/project\/patrickbaudrymirror\/wp-content\/uploads\/2020\/07\/pr-1990-ciel-pas-comme-les-autres-150x150.jpg\" alt=\"1990, Ce ciel pas comme les autres\" width=\"150\" height=\"150\"><\/a><\/div>\n<div style=\"width: 443px; float: right;\">\n<h3 style=\"margin: 0px;\">1990 : Ce ciel pas comme les autres<br \/>\n<small>par Bernard Chauvreau<br \/>\nPr\u00e9face de Patrick Baudry<\/small><\/h3>\n<p><small>Edition France-Empire &#8211; publi\u00e9 en 1990<br \/>\nISBN : 2-7048-0642-2<\/small><\/p>\n<\/div>\n<\/div>\n<div style=\"float: left; width: 615px;margin-bottom:10px;\">\n<div><a style=\"float: left;\" title=\"1989, Les conqu\u00e9rants de l'industrie\" href=\"https:\/\/5ka.fr\/project\/patrickbaudrymirror\/wp-content\/uploads\/2020\/07\/pr-1989-conquerants-industrie.jpg\" rel=\"lightbox[set_2]\"><img loading=\"lazy\" class=\"alignleft size-thumbnail wp-image-1743\" title=\"1989, Les conqu\u00e9rants de l'industrie\" src=\"https:\/\/5ka.fr\/project\/patrickbaudrymirror\/wp-content\/uploads\/2020\/07\/pr-1989-conquerants-industrie-150x150.jpg\" alt=\"1989, Les conqu\u00e9rants de l'industrie\" width=\"150\" height=\"150\"><\/a><\/div>\n<div style=\"width: 443px; float: right;\">\n<h3 style=\"margin: 0px;\">1989 : Les conqu\u00e9rants de l&rsquo;industrie<br \/>\n<small>Dessins de Bressy &#8211; Sc\u00e9nario de Mauguil<br \/>\nPr\u00e9face de Patrick Baudry<\/small><\/h3>\n<p><small>Editions Claude Lambert &#8211; publi\u00e9 en 1989<br \/>\nISBN : 2011978-2-916831-17-6<\/small><\/p>\n<\/div>\n<\/div>\n<div style=\"float: left; width: 615px;margin-bottom:10px;\">\n<div><a style=\"float: left;\" title=\"1988, Clairs de terre\" href=\"https:\/\/5ka.fr\/project\/patrickbaudrymirror\/wp-content\/uploads\/2020\/07\/pr-1988-clair-de-terre.jpg\" rel=\"lightbox[set_2]\"><img loading=\"lazy\" class=\"alignleft size-thumbnail wp-image-1741\" title=\"1988, Clairs de terre\" src=\"https:\/\/5ka.fr\/project\/patrickbaudrymirror\/wp-content\/uploads\/2020\/07\/pr-1988-clair-de-terre-150x150.jpg\" alt=\"1988, Clairs de terre\" width=\"150\" height=\"150\"><\/a><\/div>\n<div style=\"width: 443px; float: right;\">\n<h3 style=\"margin: 0px;\">1988 : Clairs de terre<br \/>\n<small>par Kevin W. Kelley pour l&rsquo;association des explorateurs de l&rsquo;espace<br \/>\nPr\u00e9faces de Patrick Baudry, Jean-Loup Chr\u00e9tien et Jacques-Yves Cousteau<\/small><\/h3>\n<p>Les plus belles photographies prises depuis l&rsquo;espace.<br \/>\n<small>Edition Bordas &#8211; publi\u00e9 en 1988<br \/>\nISBN : 2-04-012974.X<\/small><\/p>\n<\/div>\n<\/div>\n<div style=\"float: left; width: 615px;margin-bottom:10px;\">\n<div><a style=\"float: left;\" title=\"1986, Carnet de vol\" href=\"https:\/\/5ka.fr\/project\/patrickbaudrymirror\/wp-content\/uploads\/2020\/07\/pr-1986-carnet-de-vol.jpg\" rel=\"lightbox[set_2]\"><img loading=\"lazy\" class=\"alignleft size-thumbnail wp-image-1742\" title=\"1984, Le Ludion et les \u00e9toiles\" src=\"https:\/\/5ka.fr\/project\/patrickbaudrymirror\/wp-content\/uploads\/2020\/07\/pr-1986-carnet-de-vol-150x150.jpg\" alt=\"Carnet de vol\" width=\"150\" height=\"150\"><\/a><\/div>\n<div style=\"width: 443px; float: right;\">\n<h3 style=\"margin: 0px;\">1986, Carnet de vol<br \/>\n<small>par Didier Gayraud et Paul Maurt &#8211; Pr\u00e9face de Patrick Baudry<\/small><\/h3>\n<p><small>Editions Gilletta &#8211; publi\u00e9 en 1986<br \/>\nISBN : 2-903-574-06-5<\/small><\/p>\n<\/div>\n<\/div>\n<div style=\"float: left; width: 615px;margin-bottom:10px;\">\n<div><a style=\"float: left;\" title=\"1984, Le Ludion et les \u00e9toiles\" href=\"https:\/\/5ka.fr\/project\/patrickbaudrymirror\/wp-content\/uploads\/2020\/07\/pr-1984-ludion.jpg\" rel=\"lightbox[set_2]\"><img loading=\"lazy\" class=\"alignleft size-thumbnail wp-image-1740\" title=\"1984, Le Ludion et les \u00e9toiles\" src=\"https:\/\/5ka.fr\/project\/patrickbaudrymirror\/wp-content\/uploads\/2020\/07\/pr-1984-ludion-150x150.jpg\" alt=\"1984, Le Ludion et les \u00e9toiles\" width=\"150\" height=\"150\"><\/a><\/div>\n<div style=\"width: 443px; float: right;\">\n<h3 style=\"margin: 0px;\">1984 : Le Ludion et les \u00e9toiles<br \/>\n<small>par Annette Brierre &#8211; Pr\u00e9face de Patrick Baudry<\/small><\/h3>\n<p>200 ans d&rsquo;amiti\u00e9 a\u00e9ronautique franco-am\u00e9ricaine par Annette Brierre. Pr\u00e9sentation de Anne Morrow Lindbergh.<br \/>\n<small>Edition Capderot-Duvivier &#8211; publi\u00e9 en 1984<br \/>\nISBN : 2-905145-00-5<\/small><\/p>\n<\/div>\n<\/div>\n","protected":false},"excerpt":{"rendered":"<p>Parce que bien souvent mieux vaut lire un texte court mais percutant qu&rsquo;un long pensum destin\u00e9 \u00e0 faire r\u00e9fl\u00e9chir par des voies d\u00e9tourn\u00e9es, LA PREFACE est devenue un art qui permet \u00e0 l&rsquo;auteur, par la voix &#8211; autoris\u00e9e, l\u00e9gitim\u00e9e et &#8230;consentante &#8211; d&rsquo;un autre, de mettre en valeur le message qu&rsquo;il veut porter. Patrick Baudry [&hellip;]<\/p>\n","protected":false},"author":1,"featured_media":0,"parent":823,"menu_order":2,"comment_status":"closed","ping_status":"closed","template":"","meta":{"ngg_post_thumbnail":0},"_links":{"self":[{"href":"https:\/\/5ka.fr\/project\/patrickbaudrymirror\/wp-json\/wp\/v2\/pages\/829"}],"collection":[{"href":"https:\/\/5ka.fr\/project\/patrickbaudrymirror\/wp-json\/wp\/v2\/pages"}],"about":[{"href":"https:\/\/5ka.fr\/project\/patrickbaudrymirror\/wp-json\/wp\/v2\/types\/page"}],"author":[{"embeddable":true,"href":"https:\/\/5ka.fr\/project\/patrickbaudrymirror\/wp-json\/wp\/v2\/users\/1"}],"replies":[{"embeddable":true,"href":"https:\/\/5ka.fr\/project\/patrickbaudrymirror\/wp-json\/wp\/v2\/comments?post=829"}],"version-history":[{"count":15,"href":"https:\/\/5ka.fr\/project\/patrickbaudrymirror\/wp-json\/wp\/v2\/pages\/829\/revisions"}],"predecessor-version":[{"id":1766,"href":"https:\/\/5ka.fr\/project\/patrickbaudrymirror\/wp-json\/wp\/v2\/pages\/829\/revisions\/1766"}],"up":[{"embeddable":true,"href":"https:\/\/5ka.fr\/project\/patrickbaudrymirror\/wp-json\/wp\/v2\/pages\/823"}],"wp:attachment":[{"href":"https:\/\/5ka.fr\/project\/patrickbaudrymirror\/wp-json\/wp\/v2\/media?parent=829"}],"curies":[{"name":"wp","href":"https:\/\/api.w.org\/{rel}","templated":true}]}}