{"id":823,"date":"2020-06-15T15:23:23","date_gmt":"2020-06-15T13:23:23","guid":{"rendered":"https:\/\/5ka.fr\/project\/patrickbaudrymirror\/?page_id=823"},"modified":"2020-07-09T05:15:41","modified_gmt":"2020-07-09T03:15:41","slug":"auteur","status":"publish","type":"page","link":"https:\/\/5ka.fr\/project\/patrickbaudrymirror\/auteur\/","title":{"rendered":"AUTEUR"},"content":{"rendered":"<div style=\"clear:both;\">&nbsp;<\/div>\n<div style=\"float:left;margin: 0px 10px 10px 0px;\"><img loading=\"lazy\" class=\"alignleft size-thumbnail wp-image-1705\" title=\"quoi-de-neuf-PB\" src=\"https:\/\/5ka.fr\/project\/patrickbaudrymirror\/wp-content\/uploads\/2020\/07\/quoi-de-neuf-PB-150x150-1-150x150.jpg\" alt=\"\" width=\"150\" height=\"150\"><\/div>\n<h3><a href=\"https:\/\/5ka.fr\/project\/patrickbaudrymirror\/auteur\/patrick-baudry-auteur\/\">Patrick BAUDRY auteur<\/a><\/h3>\n<p>Retrouvez dans cette rubrique tous les ouvrages \u00e9crits ou co-\u00e9crits par Patrick Baudry<\/p>\n<div style=\"clear:both;\">&nbsp;<\/div>\n<div style=\"float:left;margin: 0px 10px 10px 0px;\"><img loading=\"lazy\" class=\"alignnone size-full wp-image-1706\" title=\"Les Pr\u00e9faces de Patrick Baudry\" src=\"https:\/\/5ka.fr\/project\/patrickbaudrymirror\/wp-content\/uploads\/2020\/07\/pr-2009-lune-150x150-1.jpg\" alt=\"Les pr\u00e9faces de Patrcik Baudry\" width=\"150\" height=\"150\"><\/div>\n<h3><a href=\"https:\/\/5ka.fr\/project\/patrickbaudrymirror\/auteur\/les-prefaces-de-patrick-baudry\/\">Les Pr\u00e9faces de Patrick Baudry<\/a><\/h3>\n<p>Retrouvez dans cette rubriques tous les ouvrages pour lesquels Patrick Baudry a r\u00e9dig\u00e9 une pr\u00e9face ou un avant-propos.<\/p>\n","protected":false},"excerpt":{"rendered":"<p>&nbsp; Patrick BAUDRY auteur Retrouvez dans cette rubrique tous les ouvrages \u00e9crits ou co-\u00e9crits par Patrick Baudry &nbsp; Les Pr\u00e9faces de Patrick Baudry Retrouvez dans cette rubriques tous les ouvrages pour lesquels Patrick Baudry a r\u00e9dig\u00e9 une pr\u00e9face ou un avant-propos.<\/p>\n","protected":false},"author":1,"featured_media":0,"parent":0,"menu_order":6,"comment_status":"closed","ping_status":"closed","template":"","meta":{"ngg_post_thumbnail":0},"_links":{"self":[{"href":"https:\/\/5ka.fr\/project\/patrickbaudrymirror\/wp-json\/wp\/v2\/pages\/823"}],"collection":[{"href":"https:\/\/5ka.fr\/project\/patrickbaudrymirror\/wp-json\/wp\/v2\/pages"}],"about":[{"href":"https:\/\/5ka.fr\/project\/patrickbaudrymirror\/wp-json\/wp\/v2\/types\/page"}],"author":[{"embeddable":true,"href":"https:\/\/5ka.fr\/project\/patrickbaudrymirror\/wp-json\/wp\/v2\/users\/1"}],"replies":[{"embeddable":true,"href":"https:\/\/5ka.fr\/project\/patrickbaudrymirror\/wp-json\/wp\/v2\/comments?post=823"}],"version-history":[{"count":5,"href":"https:\/\/5ka.fr\/project\/patrickbaudrymirror\/wp-json\/wp\/v2\/pages\/823\/revisions"}],"predecessor-version":[{"id":1768,"href":"https:\/\/5ka.fr\/project\/patrickbaudrymirror\/wp-json\/wp\/v2\/pages\/823\/revisions\/1768"}],"wp:attachment":[{"href":"https:\/\/5ka.fr\/project\/patrickbaudrymirror\/wp-json\/wp\/v2\/media?parent=823"}],"curies":[{"name":"wp","href":"https:\/\/api.w.org\/{rel}","templated":true}]}}