{"id":82,"date":"2020-05-27T02:08:27","date_gmt":"2020-05-27T00:08:27","guid":{"rendered":"https:\/\/5ka.fr\/project\/patrickbaudrymirror\/?page_id=82"},"modified":"2020-05-27T02:08:27","modified_gmt":"2020-05-27T00:08:27","slug":"humain-trop-humain","status":"publish","type":"page","link":"https:\/\/5ka.fr\/project\/patrickbaudrymirror\/conferencier\/themes-de-conference\/humain-trop-humain\/","title":{"rendered":"Humain, trop humain"},"content":{"rendered":"<p>Vivre un vol spatial, voir sa plan\u00e8te de l\u2019ext\u00e9rieur change profond\u00e9ment et irr\u00e9vocablement tout homme. Et Patrick Baudry n\u2019a pas \u00e9chapp\u00e9 \u00e0 la r\u00e8gle ! Il est revenu de l\u00e0-haut diff\u00e9rent et anim\u00e9 de la volont\u00e9 constante de redonner \u00e0 l\u2019Homme ce \u00ab petit suppl\u00e9ment d\u2019\u00e2me \u00bb qu\u2019il perd parfois au contact d\u2019une vie moderne accaparante et souvent d\u00e9shumanis\u00e9e.<\/p>\n<p>L\u2019entraide, la solidarit\u00e9, l\u2019humilit\u00e9, le sens du bien commun, le progr\u00e8s et l\u2019exigence avec les autres comme avec soi, la n\u00e9cessit\u00e9 d\u2019un sens \u00e0 donner \u00e0 sa vie. Le courage, la volont\u00e9 et l\u2019excellence sont devenus, au fil des ann\u00e9es d\u2019une vie, des leit-motivs et des cr\u00e9dos qu\u2019il est tout pr\u00eat \u00e0 vous transmettre. A vous de reprendre le flambeau !<\/p>\n","protected":false},"excerpt":{"rendered":"<p>Vivre un vol spatial, voir sa plan\u00e8te de l\u2019ext\u00e9rieur change profond\u00e9ment et irr\u00e9vocablement tout homme. Et Patrick Baudry n\u2019a pas \u00e9chapp\u00e9 \u00e0 la r\u00e8gle ! Il est revenu de l\u00e0-haut diff\u00e9rent et anim\u00e9 de la volont\u00e9 constante de redonner \u00e0 l\u2019Homme ce \u00ab petit suppl\u00e9ment d\u2019\u00e2me \u00bb qu\u2019il perd parfois au contact d\u2019une vie moderne [&hellip;]<\/p>\n","protected":false},"author":1,"featured_media":0,"parent":20,"menu_order":0,"comment_status":"closed","ping_status":"closed","template":"","meta":{"ngg_post_thumbnail":0},"_links":{"self":[{"href":"https:\/\/5ka.fr\/project\/patrickbaudrymirror\/wp-json\/wp\/v2\/pages\/82"}],"collection":[{"href":"https:\/\/5ka.fr\/project\/patrickbaudrymirror\/wp-json\/wp\/v2\/pages"}],"about":[{"href":"https:\/\/5ka.fr\/project\/patrickbaudrymirror\/wp-json\/wp\/v2\/types\/page"}],"author":[{"embeddable":true,"href":"https:\/\/5ka.fr\/project\/patrickbaudrymirror\/wp-json\/wp\/v2\/users\/1"}],"replies":[{"embeddable":true,"href":"https:\/\/5ka.fr\/project\/patrickbaudrymirror\/wp-json\/wp\/v2\/comments?post=82"}],"version-history":[{"count":2,"href":"https:\/\/5ka.fr\/project\/patrickbaudrymirror\/wp-json\/wp\/v2\/pages\/82\/revisions"}],"predecessor-version":[{"id":84,"href":"https:\/\/5ka.fr\/project\/patrickbaudrymirror\/wp-json\/wp\/v2\/pages\/82\/revisions\/84"}],"up":[{"embeddable":true,"href":"https:\/\/5ka.fr\/project\/patrickbaudrymirror\/wp-json\/wp\/v2\/pages\/20"}],"wp:attachment":[{"href":"https:\/\/5ka.fr\/project\/patrickbaudrymirror\/wp-json\/wp\/v2\/media?parent=82"}],"curies":[{"name":"wp","href":"https:\/\/api.w.org\/{rel}","templated":true}]}}