{"id":813,"date":"2020-06-11T01:26:07","date_gmt":"2020-06-10T23:26:07","guid":{"rendered":"https:\/\/5ka.fr\/project\/patrickbaudrymirror\/?page_id=813"},"modified":"2020-06-11T01:26:39","modified_gmt":"2020-06-10T23:26:39","slug":"25eme-anniversaire-de-vol-et-25me-congres-de-lassociation-des-explorateurs-de-lespace","status":"publish","type":"page","link":"https:\/\/5ka.fr\/project\/patrickbaudrymirror\/astronaute\/lespace-hier-et-aujourdhui\/25eme-anniversaire-de-vol-et-25me-congres-de-lassociation-des-explorateurs-de-lespace\/","title":{"rendered":"25eme anniversaire de vol et 25me Congr\u00e8s de l&rsquo;Association des Explorateurs de l&rsquo;Espace"},"content":{"rendered":"<div style=\"width: 125px; float: right;\"><!-- default-view.php -->\n<div\n\tclass=\"ngg-galleryoverview default-view \"\n\tid=\"ngg-gallery-ec72441bae3ced14665efca161ca0d21-1\">\n\n\t\t<!-- Thumbnails -->\n\t\t\t\t<div id=\"ngg-image-0\" class=\"ngg-gallery-thumbnail-box \" >\n\t\t\t\t        <div class=\"ngg-gallery-thumbnail\">\n            <a href=\"https:\/\/5ka.fr\/project\/patrickbaudrymirror\/wp-content\/gallery\/25eme-anniversaire-de-vol\/16-ciel-et-terre-copie-2-e1267484113677.jpg\"\n               title=\"\"\n               data-src=\"https:\/\/5ka.fr\/project\/patrickbaudrymirror\/wp-content\/gallery\/25eme-anniversaire-de-vol\/16-ciel-et-terre-copie-2-e1267484113677.jpg\"\n               data-thumbnail=\"https:\/\/5ka.fr\/project\/patrickbaudrymirror\/wp-content\/gallery\/25eme-anniversaire-de-vol\/thumbs\/thumbs_16-ciel-et-terre-copie-2-e1267484113677.jpg\"\n               data-image-id=\"424\"\n               data-title=\"16-ciel-et-terre-copie-2-e1267484113677\"\n               data-description=\"\"\n               data-image-slug=\"16-ciel-et-terre-copie-2-e1267484113677\"\n               class=\"ngg-simplelightbox\" rel=\"ec72441bae3ced14665efca161ca0d21\">\n                <img\n                    title=\"16-ciel-et-terre-copie-2-e1267484113677\"\n                    alt=\"16-ciel-et-terre-copie-2-e1267484113677\"\n                    src=\"https:\/\/5ka.fr\/project\/patrickbaudrymirror\/wp-content\/gallery\/25eme-anniversaire-de-vol\/thumbs\/thumbs_16-ciel-et-terre-copie-2-e1267484113677.jpg\"\n                    width=\"100\"\n                    height=\"75\"\n                    style=\"max-width:100%;\"\n                \/>\n            <\/a>\n        <\/div>\n\t\t\t\t\t\t\t<\/div> \n\t\t\t\n\t\t\t\t<div id=\"ngg-image-1\" class=\"ngg-gallery-thumbnail-box \" >\n\t\t\t\t        <div class=\"ngg-gallery-thumbnail\">\n            <a href=\"https:\/\/5ka.fr\/project\/patrickbaudrymirror\/wp-content\/gallery\/25eme-anniversaire-de-vol\/18-ciel-et-terre-copie-e1267484135572.jpg\"\n               title=\"\"\n               data-src=\"https:\/\/5ka.fr\/project\/patrickbaudrymirror\/wp-content\/gallery\/25eme-anniversaire-de-vol\/18-ciel-et-terre-copie-e1267484135572.jpg\"\n               data-thumbnail=\"https:\/\/5ka.fr\/project\/patrickbaudrymirror\/wp-content\/gallery\/25eme-anniversaire-de-vol\/thumbs\/thumbs_18-ciel-et-terre-copie-e1267484135572.jpg\"\n               data-image-id=\"425\"\n               data-title=\"18-ciel-et-terre-copie-e1267484135572\"\n               data-description=\"\"\n               data-image-slug=\"18-ciel-et-terre-copie-e1267484135572\"\n               class=\"ngg-simplelightbox\" rel=\"ec72441bae3ced14665efca161ca0d21\">\n                <img\n                    title=\"18-ciel-et-terre-copie-e1267484135572\"\n                    alt=\"18-ciel-et-terre-copie-e1267484135572\"\n                    src=\"https:\/\/5ka.fr\/project\/patrickbaudrymirror\/wp-content\/gallery\/25eme-anniversaire-de-vol\/thumbs\/thumbs_18-ciel-et-terre-copie-e1267484135572.jpg\"\n                    width=\"100\"\n                    height=\"75\"\n                    style=\"max-width:100%;\"\n                \/>\n            <\/a>\n        <\/div>\n\t\t\t\t\t\t\t<\/div> \n\t\t\t\n\t\t\t\t<div id=\"ngg-image-2\" class=\"ngg-gallery-thumbnail-box \" >\n\t\t\t\t        <div class=\"ngg-gallery-thumbnail\">\n            <a href=\"https:\/\/5ka.fr\/project\/patrickbaudrymirror\/wp-content\/gallery\/25eme-anniversaire-de-vol\/23b-entre-ciel-ete-terre-copie-e1267484151844.jpg\"\n               title=\"\"\n               data-src=\"https:\/\/5ka.fr\/project\/patrickbaudrymirror\/wp-content\/gallery\/25eme-anniversaire-de-vol\/23b-entre-ciel-ete-terre-copie-e1267484151844.jpg\"\n               data-thumbnail=\"https:\/\/5ka.fr\/project\/patrickbaudrymirror\/wp-content\/gallery\/25eme-anniversaire-de-vol\/thumbs\/thumbs_23b-entre-ciel-ete-terre-copie-e1267484151844.jpg\"\n               data-image-id=\"426\"\n               data-title=\"23b-entre-ciel-ete-terre-copie-e1267484151844\"\n               data-description=\"\"\n               data-image-slug=\"23b-entre-ciel-ete-terre-copie-e1267484151844\"\n               class=\"ngg-simplelightbox\" rel=\"ec72441bae3ced14665efca161ca0d21\">\n                <img\n                    title=\"23b-entre-ciel-ete-terre-copie-e1267484151844\"\n                    alt=\"23b-entre-ciel-ete-terre-copie-e1267484151844\"\n                    src=\"https:\/\/5ka.fr\/project\/patrickbaudrymirror\/wp-content\/gallery\/25eme-anniversaire-de-vol\/thumbs\/thumbs_23b-entre-ciel-ete-terre-copie-e1267484151844.jpg\"\n                    width=\"100\"\n                    height=\"75\"\n                    style=\"max-width:100%;\"\n                \/>\n            <\/a>\n        <\/div>\n\t\t\t\t\t\t\t<\/div> \n\t\t\t\n\t\t\t\t<div id=\"ngg-image-3\" class=\"ngg-gallery-thumbnail-box \" >\n\t\t\t\t        <div class=\"ngg-gallery-thumbnail\">\n            <a href=\"https:\/\/5ka.fr\/project\/patrickbaudrymirror\/wp-content\/gallery\/25eme-anniversaire-de-vol\/bio-34.jpg\"\n               title=\"\"\n               data-src=\"https:\/\/5ka.fr\/project\/patrickbaudrymirror\/wp-content\/gallery\/25eme-anniversaire-de-vol\/bio-34.jpg\"\n               data-thumbnail=\"https:\/\/5ka.fr\/project\/patrickbaudrymirror\/wp-content\/gallery\/25eme-anniversaire-de-vol\/thumbs\/thumbs_bio-34.jpg\"\n               data-image-id=\"427\"\n               data-title=\"bio-34\"\n               data-description=\"\"\n               data-image-slug=\"bio-34\"\n               class=\"ngg-simplelightbox\" rel=\"ec72441bae3ced14665efca161ca0d21\">\n                <img\n                    title=\"bio-34\"\n                    alt=\"bio-34\"\n                    src=\"https:\/\/5ka.fr\/project\/patrickbaudrymirror\/wp-content\/gallery\/25eme-anniversaire-de-vol\/thumbs\/thumbs_bio-34.jpg\"\n                    width=\"100\"\n                    height=\"75\"\n                    style=\"max-width:100%;\"\n                \/>\n            <\/a>\n        <\/div>\n\t\t\t\t\t\t\t<\/div> \n\t\t\t\n\t\t\t\t<div id=\"ngg-image-4\" class=\"ngg-gallery-thumbnail-box \" >\n\t\t\t\t        <div class=\"ngg-gallery-thumbnail\">\n            <a href=\"https:\/\/5ka.fr\/project\/patrickbaudrymirror\/wp-content\/gallery\/25eme-anniversaire-de-vol\/5-ciel-et-terre-copie.jpg\"\n               title=\"\"\n               data-src=\"https:\/\/5ka.fr\/project\/patrickbaudrymirror\/wp-content\/gallery\/25eme-anniversaire-de-vol\/5-ciel-et-terre-copie.jpg\"\n               data-thumbnail=\"https:\/\/5ka.fr\/project\/patrickbaudrymirror\/wp-content\/gallery\/25eme-anniversaire-de-vol\/thumbs\/thumbs_5-ciel-et-terre-copie.jpg\"\n               data-image-id=\"591\"\n               data-title=\"5-ciel-et-terre-copie\"\n               data-description=\"\"\n               data-image-slug=\"5-ciel-et-terre-copie\"\n               class=\"ngg-simplelightbox\" rel=\"ec72441bae3ced14665efca161ca0d21\">\n                <img\n                    title=\"5-ciel-et-terre-copie\"\n                    alt=\"5-ciel-et-terre-copie\"\n                    src=\"https:\/\/5ka.fr\/project\/patrickbaudrymirror\/wp-content\/gallery\/25eme-anniversaire-de-vol\/thumbs\/thumbs_5-ciel-et-terre-copie.jpg\"\n                    width=\"100\"\n                    height=\"75\"\n                    style=\"max-width:100%;\"\n                \/>\n            <\/a>\n        <\/div>\n\t\t\t\t\t\t\t<\/div> \n\t\t\t\n\t\t\t\t<div id=\"ngg-image-5\" class=\"ngg-gallery-thumbnail-box \" >\n\t\t\t\t        <div class=\"ngg-gallery-thumbnail\">\n            <a href=\"https:\/\/5ka.fr\/project\/patrickbaudrymirror\/wp-content\/gallery\/25eme-anniversaire-de-vol\/6-ciel-et-terre-copie.jpg\"\n               title=\"\"\n               data-src=\"https:\/\/5ka.fr\/project\/patrickbaudrymirror\/wp-content\/gallery\/25eme-anniversaire-de-vol\/6-ciel-et-terre-copie.jpg\"\n               data-thumbnail=\"https:\/\/5ka.fr\/project\/patrickbaudrymirror\/wp-content\/gallery\/25eme-anniversaire-de-vol\/thumbs\/thumbs_6-ciel-et-terre-copie.jpg\"\n               data-image-id=\"592\"\n               data-title=\"6-ciel-et-terre-copie\"\n               data-description=\"\"\n               data-image-slug=\"6-ciel-et-terre-copie\"\n               class=\"ngg-simplelightbox\" rel=\"ec72441bae3ced14665efca161ca0d21\">\n                <img\n                    title=\"6-ciel-et-terre-copie\"\n                    alt=\"6-ciel-et-terre-copie\"\n                    src=\"https:\/\/5ka.fr\/project\/patrickbaudrymirror\/wp-content\/gallery\/25eme-anniversaire-de-vol\/thumbs\/thumbs_6-ciel-et-terre-copie.jpg\"\n                    width=\"100\"\n                    height=\"75\"\n                    style=\"max-width:100%;\"\n                \/>\n            <\/a>\n        <\/div>\n\t\t\t\t\t\t\t<\/div> \n\t\t\t\n\t\t\t\t<div id=\"ngg-image-6\" class=\"ngg-gallery-thumbnail-box \" >\n\t\t\t\t        <div class=\"ngg-gallery-thumbnail\">\n            <a href=\"https:\/\/5ka.fr\/project\/patrickbaudrymirror\/wp-content\/gallery\/25eme-anniversaire-de-vol\/entrainement-espace-27.jpg\"\n               title=\"\"\n               data-src=\"https:\/\/5ka.fr\/project\/patrickbaudrymirror\/wp-content\/gallery\/25eme-anniversaire-de-vol\/entrainement-espace-27.jpg\"\n               data-thumbnail=\"https:\/\/5ka.fr\/project\/patrickbaudrymirror\/wp-content\/gallery\/25eme-anniversaire-de-vol\/thumbs\/thumbs_entrainement-espace-27.jpg\"\n               data-image-id=\"593\"\n               data-title=\"entrainement-espace-27\"\n               data-description=\"\"\n               data-image-slug=\"entrainement-espace-27\"\n               class=\"ngg-simplelightbox\" rel=\"ec72441bae3ced14665efca161ca0d21\">\n                <img\n                    title=\"entrainement-espace-27\"\n                    alt=\"entrainement-espace-27\"\n                    src=\"https:\/\/5ka.fr\/project\/patrickbaudrymirror\/wp-content\/gallery\/25eme-anniversaire-de-vol\/thumbs\/thumbs_entrainement-espace-27.jpg\"\n                    width=\"100\"\n                    height=\"75\"\n                    style=\"max-width:100%;\"\n                \/>\n            <\/a>\n        <\/div>\n\t\t\t\t\t\t\t<\/div> \n\t\t\t\n\t\n\t<br style=\"clear: both\" \/>\n\n\t\n\t\t<!-- Pagination -->\n\t<div class='ngg-clear'><\/div>\t<\/div>\n<\/div>\n<p>Bonjour \u00e0 tous,Mardi sera notre grand d\u00e9part pour f\u00eater comme il se doit notre 25\u00b0 anniversaire de vol en Arabie Saoudite chez mon ami le Prince Sultan Bin Salman Al_Saud qui nous fait le tr\u00e8s grand plaisir de nous inviter. Quelques jours de festivit\u00e9s \u00e0 Jeddah et \u00e0 Riyadh, et l&rsquo;occasion pour nous de travailler aussi durant la conf\u00e9rence qu&rsquo;il organise pour le Roi Abdullah Bin Abdulaziz Al-Saud sur le th\u00e8me : \u00a0\u00bb Aerospace technologies\u00a0\u00bb les 2 et 3 octobre \u00e0 Riyadh.<br \/>\nNous nous envolerons tous \u00e0 la suite, comparses de vols \u00e0 nouveau r\u00e9unis, pour Kuala Lumpur pour le 23\u00b0 congr\u00e8s plan\u00e9taire de l&rsquo;ASE ( Association of Space Explorers ) o\u00f9 nous continuerons \u00e0 d\u00e9battre de la plan\u00e8te, de l&rsquo;espoir, du futur et des nouvelles technologies et lignes de conduite \u00e0 mettre en place pour la plus belle des continuations de la conqu\u00eate spatiale.<br \/>\nBient\u00f4t quelques photos et t\u00e9moignages dans ces pages&#8230;<\/p>\n<h1 style=\"font-family: nasal,Arial,Helvetica,sans-serif; font-size: 28px; margin: 0px; min-height: 15px; color:#739fa9; text-shadow: 2px 2px 6px #000000;\">Et, Bient\u00f4t&#8230;<br \/>\nLe 25 \u00e8me Congr\u00e8s de l&rsquo;Association des explorateurs de l&rsquo;Espace \u00e0 Riyadh Arabie Saoudite en pr\u00e9sence du plus grand nombre des Cosmonautes, Astronautes, Spationautes et Taikonautes!<\/h1>\n","protected":false},"excerpt":{"rendered":"<p>Bonjour \u00e0 tous,Mardi sera notre grand d\u00e9part pour f\u00eater comme il se doit notre 25\u00b0 anniversaire de vol en Arabie Saoudite chez mon ami le Prince Sultan Bin Salman Al_Saud qui nous fait le tr\u00e8s grand plaisir de nous inviter. Quelques jours de festivit\u00e9s \u00e0 Jeddah et \u00e0 Riyadh, et l&rsquo;occasion pour nous de travailler [&hellip;]<\/p>\n","protected":false},"author":1,"featured_media":0,"parent":805,"menu_order":0,"comment_status":"closed","ping_status":"closed","template":"","meta":{"ngg_post_thumbnail":0},"_links":{"self":[{"href":"https:\/\/5ka.fr\/project\/patrickbaudrymirror\/wp-json\/wp\/v2\/pages\/813"}],"collection":[{"href":"https:\/\/5ka.fr\/project\/patrickbaudrymirror\/wp-json\/wp\/v2\/pages"}],"about":[{"href":"https:\/\/5ka.fr\/project\/patrickbaudrymirror\/wp-json\/wp\/v2\/types\/page"}],"author":[{"embeddable":true,"href":"https:\/\/5ka.fr\/project\/patrickbaudrymirror\/wp-json\/wp\/v2\/users\/1"}],"replies":[{"embeddable":true,"href":"https:\/\/5ka.fr\/project\/patrickbaudrymirror\/wp-json\/wp\/v2\/comments?post=813"}],"version-history":[{"count":3,"href":"https:\/\/5ka.fr\/project\/patrickbaudrymirror\/wp-json\/wp\/v2\/pages\/813\/revisions"}],"predecessor-version":[{"id":816,"href":"https:\/\/5ka.fr\/project\/patrickbaudrymirror\/wp-json\/wp\/v2\/pages\/813\/revisions\/816"}],"up":[{"embeddable":true,"href":"https:\/\/5ka.fr\/project\/patrickbaudrymirror\/wp-json\/wp\/v2\/pages\/805"}],"wp:attachment":[{"href":"https:\/\/5ka.fr\/project\/patrickbaudrymirror\/wp-json\/wp\/v2\/media?parent=813"}],"curies":[{"name":"wp","href":"https:\/\/api.w.org\/{rel}","templated":true}]}}