{"id":754,"date":"2020-06-10T21:02:27","date_gmt":"2020-06-10T19:02:27","guid":{"rendered":"https:\/\/5ka.fr\/project\/patrickbaudrymirror\/?page_id=754"},"modified":"2021-05-14T14:23:57","modified_gmt":"2021-05-14T12:23:57","slug":"sts-51e-challenger","status":"publish","type":"page","link":"https:\/\/5ka.fr\/project\/patrickbaudrymirror\/astronaute\/astronaute-aux-usa\/sts-51e-challenger\/","title":{"rendered":"STS-51E \/ Challenger"},"content":{"rendered":"<p>1984-1986, Patrick Baudry suit un entra\u00eenement au Johnson Space Center \u00e0 la NASA \u00e0 Houston au Texas.<br \/>\nIl devient spationaute de r\u00e9serve pour la mission STS-51E de la navette Challenger.<\/p>\n<div style=\"width:400px;margin: 0 auto; text-align:center;\">\n<!-- default-view.php -->\n<div\n\tclass=\"ngg-galleryoverview default-view \"\n\tid=\"ngg-gallery-7b0f66ca9fb787ebac390fcfaf978c65-1\">\n\n\t\t<!-- Thumbnails -->\n\t\t\t\t<div id=\"ngg-image-0\" class=\"ngg-gallery-thumbnail-box \" >\n\t\t\t\t        <div class=\"ngg-gallery-thumbnail\">\n            <a href=\"https:\/\/5ka.fr\/project\/patrickbaudrymirror\/wp-content\/gallery\/sts-51e-challenger\/01-baudry-entrainement-espace-usa.jpg\"\n               title=\"\"\n               data-src=\"https:\/\/5ka.fr\/project\/patrickbaudrymirror\/wp-content\/gallery\/sts-51e-challenger\/01-baudry-entrainement-espace-usa.jpg\"\n               data-thumbnail=\"https:\/\/5ka.fr\/project\/patrickbaudrymirror\/wp-content\/gallery\/sts-51e-challenger\/thumbs\/thumbs_01-baudry-entrainement-espace-usa.jpg\"\n               data-image-id=\"382\"\n               data-title=\"01-baudry-entrainement-espace-usa\"\n               data-description=\"\"\n               data-image-slug=\"01-baudry-entrainement-espace-usa\"\n               class=\"ngg-simplelightbox\" rel=\"7b0f66ca9fb787ebac390fcfaf978c65\">\n                <img\n                    title=\"01-baudry-entrainement-espace-usa\"\n                    alt=\"01-baudry-entrainement-espace-usa\"\n                    src=\"https:\/\/5ka.fr\/project\/patrickbaudrymirror\/wp-content\/gallery\/sts-51e-challenger\/thumbs\/thumbs_01-baudry-entrainement-espace-usa.jpg\"\n                    width=\"100\"\n                    height=\"75\"\n                    style=\"max-width:100%;\"\n                \/>\n            <\/a>\n        <\/div>\n\t\t\t\t\t\t\t<\/div> \n\t\t\t\n\t\t\t\t<div id=\"ngg-image-1\" class=\"ngg-gallery-thumbnail-box \" >\n\t\t\t\t        <div class=\"ngg-gallery-thumbnail\">\n            <a href=\"https:\/\/5ka.fr\/project\/patrickbaudrymirror\/wp-content\/gallery\/sts-51e-challenger\/01-cev-entrainement-espace.jpg\"\n               title=\"\"\n               data-src=\"https:\/\/5ka.fr\/project\/patrickbaudrymirror\/wp-content\/gallery\/sts-51e-challenger\/01-cev-entrainement-espace.jpg\"\n               data-thumbnail=\"https:\/\/5ka.fr\/project\/patrickbaudrymirror\/wp-content\/gallery\/sts-51e-challenger\/thumbs\/thumbs_01-cev-entrainement-espace.jpg\"\n               data-image-id=\"383\"\n               data-title=\"01-cev-entrainement-espace\"\n               data-description=\"\"\n               data-image-slug=\"01-cev-entrainement-espace\"\n               class=\"ngg-simplelightbox\" rel=\"7b0f66ca9fb787ebac390fcfaf978c65\">\n                <img\n                    title=\"01-cev-entrainement-espace\"\n                    alt=\"01-cev-entrainement-espace\"\n                    src=\"https:\/\/5ka.fr\/project\/patrickbaudrymirror\/wp-content\/gallery\/sts-51e-challenger\/thumbs\/thumbs_01-cev-entrainement-espace.jpg\"\n                    width=\"100\"\n                    height=\"75\"\n                    style=\"max-width:100%;\"\n                \/>\n            <\/a>\n        <\/div>\n\t\t\t\t\t\t\t<\/div> \n\t\t\t\n\t\t\t\t<div id=\"ngg-image-2\" class=\"ngg-gallery-thumbnail-box \" >\n\t\t\t\t        <div class=\"ngg-gallery-thumbnail\">\n            <a href=\"https:\/\/5ka.fr\/project\/patrickbaudrymirror\/wp-content\/gallery\/sts-51e-challenger\/02-cev-entrainement-espace.jpg\"\n               title=\"\"\n               data-src=\"https:\/\/5ka.fr\/project\/patrickbaudrymirror\/wp-content\/gallery\/sts-51e-challenger\/02-cev-entrainement-espace.jpg\"\n               data-thumbnail=\"https:\/\/5ka.fr\/project\/patrickbaudrymirror\/wp-content\/gallery\/sts-51e-challenger\/thumbs\/thumbs_02-cev-entrainement-espace.jpg\"\n               data-image-id=\"384\"\n               data-title=\"02-cev-entrainement-espace\"\n               data-description=\"\"\n               data-image-slug=\"02-cev-entrainement-espace\"\n               class=\"ngg-simplelightbox\" rel=\"7b0f66ca9fb787ebac390fcfaf978c65\">\n                <img\n                    title=\"02-cev-entrainement-espace\"\n                    alt=\"02-cev-entrainement-espace\"\n                    src=\"https:\/\/5ka.fr\/project\/patrickbaudrymirror\/wp-content\/gallery\/sts-51e-challenger\/thumbs\/thumbs_02-cev-entrainement-espace.jpg\"\n                    width=\"100\"\n                    height=\"75\"\n                    style=\"max-width:100%;\"\n                \/>\n            <\/a>\n        <\/div>\n\t\t\t\t\t\t\t<\/div> \n\t\t\t\n\t\t\t\t<div id=\"ngg-image-3\" class=\"ngg-gallery-thumbnail-box \" >\n\t\t\t\t        <div class=\"ngg-gallery-thumbnail\">\n            <a href=\"https:\/\/5ka.fr\/project\/patrickbaudrymirror\/wp-content\/gallery\/sts-51e-challenger\/03-cev-logo-mission-entrainement-espace.gif\"\n               title=\"\"\n               data-src=\"https:\/\/5ka.fr\/project\/patrickbaudrymirror\/wp-content\/gallery\/sts-51e-challenger\/03-cev-logo-mission-entrainement-espace.gif\"\n               data-thumbnail=\"https:\/\/5ka.fr\/project\/patrickbaudrymirror\/wp-content\/gallery\/sts-51e-challenger\/thumbs\/thumbs_03-cev-logo-mission-entrainement-espace.gif\"\n               data-image-id=\"385\"\n               data-title=\"03-cev-logo-mission-entrainement-espace\"\n               data-description=\"\"\n               data-image-slug=\"03-cev-logo-mission-entrainement-espace\"\n               class=\"ngg-simplelightbox\" rel=\"7b0f66ca9fb787ebac390fcfaf978c65\">\n                <img\n                    title=\"03-cev-logo-mission-entrainement-espace\"\n                    alt=\"03-cev-logo-mission-entrainement-espace\"\n                    src=\"https:\/\/5ka.fr\/project\/patrickbaudrymirror\/wp-content\/gallery\/sts-51e-challenger\/thumbs\/thumbs_03-cev-logo-mission-entrainement-espace.gif\"\n                    width=\"100\"\n                    height=\"75\"\n                    style=\"max-width:100%;\"\n                \/>\n            <\/a>\n        <\/div>\n\t\t\t\t\t\t\t<\/div> \n\t\t\t\n\t\t\t\t<div id=\"ngg-image-4\" class=\"ngg-gallery-thumbnail-box \" >\n\t\t\t\t        <div class=\"ngg-gallery-thumbnail\">\n            <a href=\"https:\/\/5ka.fr\/project\/patrickbaudrymirror\/wp-content\/gallery\/sts-51e-challenger\/04-baudry-entrainement-espace-usa.jpg\"\n               title=\"\"\n               data-src=\"https:\/\/5ka.fr\/project\/patrickbaudrymirror\/wp-content\/gallery\/sts-51e-challenger\/04-baudry-entrainement-espace-usa.jpg\"\n               data-thumbnail=\"https:\/\/5ka.fr\/project\/patrickbaudrymirror\/wp-content\/gallery\/sts-51e-challenger\/thumbs\/thumbs_04-baudry-entrainement-espace-usa.jpg\"\n               data-image-id=\"386\"\n               data-title=\"04-baudry-entrainement-espace-usa\"\n               data-description=\"\"\n               data-image-slug=\"04-baudry-entrainement-espace-usa\"\n               class=\"ngg-simplelightbox\" rel=\"7b0f66ca9fb787ebac390fcfaf978c65\">\n                <img\n                    title=\"04-baudry-entrainement-espace-usa\"\n                    alt=\"04-baudry-entrainement-espace-usa\"\n                    src=\"https:\/\/5ka.fr\/project\/patrickbaudrymirror\/wp-content\/gallery\/sts-51e-challenger\/thumbs\/thumbs_04-baudry-entrainement-espace-usa.jpg\"\n                    width=\"100\"\n                    height=\"75\"\n                    style=\"max-width:100%;\"\n                \/>\n            <\/a>\n        <\/div>\n\t\t\t\t\t\t\t<\/div> \n\t\t\t\n\t\t\t\t<div id=\"ngg-image-5\" class=\"ngg-gallery-thumbnail-box \" >\n\t\t\t\t        <div class=\"ngg-gallery-thumbnail\">\n            <a href=\"https:\/\/5ka.fr\/project\/patrickbaudrymirror\/wp-content\/gallery\/sts-51e-challenger\/05-baudry-entrainement-espace-usa.jpg\"\n               title=\"\"\n               data-src=\"https:\/\/5ka.fr\/project\/patrickbaudrymirror\/wp-content\/gallery\/sts-51e-challenger\/05-baudry-entrainement-espace-usa.jpg\"\n               data-thumbnail=\"https:\/\/5ka.fr\/project\/patrickbaudrymirror\/wp-content\/gallery\/sts-51e-challenger\/thumbs\/thumbs_05-baudry-entrainement-espace-usa.jpg\"\n               data-image-id=\"387\"\n               data-title=\"05-baudry-entrainement-espace-usa\"\n               data-description=\"\"\n               data-image-slug=\"05-baudry-entrainement-espace-usa\"\n               class=\"ngg-simplelightbox\" rel=\"7b0f66ca9fb787ebac390fcfaf978c65\">\n                <img\n                    title=\"05-baudry-entrainement-espace-usa\"\n                    alt=\"05-baudry-entrainement-espace-usa\"\n                    src=\"https:\/\/5ka.fr\/project\/patrickbaudrymirror\/wp-content\/gallery\/sts-51e-challenger\/thumbs\/thumbs_05-baudry-entrainement-espace-usa.jpg\"\n                    width=\"100\"\n                    height=\"75\"\n                    style=\"max-width:100%;\"\n                \/>\n            <\/a>\n        <\/div>\n\t\t\t\t\t\t\t<\/div> \n\t\t\t\n\t\n\t<br style=\"clear: both\" \/>\n\n\t\n\t\t<!-- Pagination -->\n\t<div class='ngg-clear'><\/div>\t<\/div>\n<\/div>\n<p><iframe loading=\"lazy\" width=\"620\" height=\"489\" src=\"https:\/\/www.youtube.com\/embed\/Hv8vapb8yu4\" title=\"YouTube video player\" frameborder=\"0\" allow=\"accelerometer; autoplay; clipboard-write; encrypted-media; gyroscope; picture-in-picture\" allowfullscreen=\"\"><\/iframe><\/p>\n","protected":false},"excerpt":{"rendered":"<p>1984-1986, Patrick Baudry suit un entra\u00eenement au Johnson Space Center \u00e0 la NASA \u00e0 Houston au Texas. Il devient spationaute de r\u00e9serve pour la mission STS-51E de la navette Challenger.<\/p>\n","protected":false},"author":1,"featured_media":0,"parent":744,"menu_order":1,"comment_status":"closed","ping_status":"closed","template":"","meta":{"ngg_post_thumbnail":0},"_links":{"self":[{"href":"https:\/\/5ka.fr\/project\/patrickbaudrymirror\/wp-json\/wp\/v2\/pages\/754"}],"collection":[{"href":"https:\/\/5ka.fr\/project\/patrickbaudrymirror\/wp-json\/wp\/v2\/pages"}],"about":[{"href":"https:\/\/5ka.fr\/project\/patrickbaudrymirror\/wp-json\/wp\/v2\/types\/page"}],"author":[{"embeddable":true,"href":"https:\/\/5ka.fr\/project\/patrickbaudrymirror\/wp-json\/wp\/v2\/users\/1"}],"replies":[{"embeddable":true,"href":"https:\/\/5ka.fr\/project\/patrickbaudrymirror\/wp-json\/wp\/v2\/comments?post=754"}],"version-history":[{"count":3,"href":"https:\/\/5ka.fr\/project\/patrickbaudrymirror\/wp-json\/wp\/v2\/pages\/754\/revisions"}],"predecessor-version":[{"id":1837,"href":"https:\/\/5ka.fr\/project\/patrickbaudrymirror\/wp-json\/wp\/v2\/pages\/754\/revisions\/1837"}],"up":[{"embeddable":true,"href":"https:\/\/5ka.fr\/project\/patrickbaudrymirror\/wp-json\/wp\/v2\/pages\/744"}],"wp:attachment":[{"href":"https:\/\/5ka.fr\/project\/patrickbaudrymirror\/wp-json\/wp\/v2\/media?parent=754"}],"curies":[{"name":"wp","href":"https:\/\/api.w.org\/{rel}","templated":true}]}}