{"id":744,"date":"2020-06-10T19:22:40","date_gmt":"2020-06-10T17:22:40","guid":{"rendered":"https:\/\/5ka.fr\/project\/patrickbaudrymirror\/?page_id=744"},"modified":"2021-05-14T14:22:40","modified_gmt":"2021-05-14T12:22:40","slug":"astronaute-aux-usa","status":"publish","type":"page","link":"https:\/\/5ka.fr\/project\/patrickbaudrymirror\/astronaute\/astronaute-aux-usa\/","title":{"rendered":"Astronaute aux USA"},"content":{"rendered":"<p>Aux USA, c\u2019est Jean-Loup Chr\u00e9tien qui devient  spationaute de r\u00e9serve de Patrick Baudry, qui lui,  s\u2019entra\u00eene au Johnson Space center durant pr\u00e8s de deux ans.<\/p>\n<p>Apr\u00e8s l\u2019accident de Challenger , l\u2019annulation du vol qu\u2019il devait faire sur cette navette, apr\u00e8s 13 reports de tir, Patrick baudry se rend enfin au pas de tir.<\/p>\n<p>39 ans, souriant, il avance sur le tarmac  du b\u00e2timent de la quarantaine, coiff\u00e9 d\u2019un b\u00e9ret \u00ab&nbsp;franchouillard&nbsp;\u00bb, accompagn\u00e9 de bouteilles de Lynch Bages&nbsp;: premier grand cru \u00e0 voyager dans l\u2019espace&nbsp;!<\/p>\n<p>Entre ciel et terre&nbsp;: 7compagnons, 7 jours , dans moins de 7m\u00e8tres carr\u00e9s&nbsp;!<\/p>\n<p>Patrick Baudry sur ce vol&nbsp;: le vol de sa vie, est sp\u00e9cialiste de charge utile et responsable d\u2019un programme scientifique et m\u00e9dical (adaptation cardio-vasculaire et physiologie neuro-sensorielle). Il fait l\u2019apprentissage de l\u2019espace en r\u00e9alit\u00e9\u2026<\/p>\n<h1 style=\"font-family: nasal,Arial,Helvetica,sans-serif; font-size: 28px; margin: 0px; min-height: 15px; color:#739fa9; text-shadow: 2px 2px 6px #000000;\">Patrick Baudry notre astronaute \u00e0 Cap Kennedy<\/h1>\n<p><!-- default-view.php -->\n<div\n\tclass=\"ngg-galleryoverview default-view \"\n\tid=\"ngg-gallery-5e3cafb95c8fc22ccb36c0c8910b951c-1\">\n\n\t\t<!-- Thumbnails -->\n\t\t\t\t<div id=\"ngg-image-0\" class=\"ngg-gallery-thumbnail-box \" >\n\t\t\t\t        <div class=\"ngg-gallery-thumbnail\">\n            <a href=\"https:\/\/5ka.fr\/project\/patrickbaudrymirror\/wp-content\/gallery\/astronaute-aux-usa\/notre-astronaute1.jpg\"\n               title=\"\"\n               data-src=\"https:\/\/5ka.fr\/project\/patrickbaudrymirror\/wp-content\/gallery\/astronaute-aux-usa\/notre-astronaute1.jpg\"\n               data-thumbnail=\"https:\/\/5ka.fr\/project\/patrickbaudrymirror\/wp-content\/gallery\/astronaute-aux-usa\/thumbs\/thumbs_notre-astronaute1.jpg\"\n               data-image-id=\"376\"\n               data-title=\"notre-astronaute1\"\n               data-description=\"\"\n               data-image-slug=\"notre-astronaute1\"\n               class=\"ngg-simplelightbox\" rel=\"5e3cafb95c8fc22ccb36c0c8910b951c\">\n                <img\n                    title=\"notre-astronaute1\"\n                    alt=\"notre-astronaute1\"\n                    src=\"https:\/\/5ka.fr\/project\/patrickbaudrymirror\/wp-content\/gallery\/astronaute-aux-usa\/thumbs\/thumbs_notre-astronaute1.jpg\"\n                    width=\"100\"\n                    height=\"75\"\n                    style=\"max-width:100%;\"\n                \/>\n            <\/a>\n        <\/div>\n\t\t\t\t\t\t\t<\/div> \n\t\t\t\n\t\t\t\t<div id=\"ngg-image-1\" class=\"ngg-gallery-thumbnail-box \" >\n\t\t\t\t        <div class=\"ngg-gallery-thumbnail\">\n            <a href=\"https:\/\/5ka.fr\/project\/patrickbaudrymirror\/wp-content\/gallery\/astronaute-aux-usa\/notre-astronaute-2-2.jpg\"\n               title=\"\"\n               data-src=\"https:\/\/5ka.fr\/project\/patrickbaudrymirror\/wp-content\/gallery\/astronaute-aux-usa\/notre-astronaute-2-2.jpg\"\n               data-thumbnail=\"https:\/\/5ka.fr\/project\/patrickbaudrymirror\/wp-content\/gallery\/astronaute-aux-usa\/thumbs\/thumbs_notre-astronaute-2-2.jpg\"\n               data-image-id=\"377\"\n               data-title=\"notre-astronaute-2-2\"\n               data-description=\"\"\n               data-image-slug=\"notre-astronaute-2-2\"\n               class=\"ngg-simplelightbox\" rel=\"5e3cafb95c8fc22ccb36c0c8910b951c\">\n                <img\n                    title=\"notre-astronaute-2-2\"\n                    alt=\"notre-astronaute-2-2\"\n                    src=\"https:\/\/5ka.fr\/project\/patrickbaudrymirror\/wp-content\/gallery\/astronaute-aux-usa\/thumbs\/thumbs_notre-astronaute-2-2.jpg\"\n                    width=\"100\"\n                    height=\"75\"\n                    style=\"max-width:100%;\"\n                \/>\n            <\/a>\n        <\/div>\n\t\t\t\t\t\t\t<\/div> \n\t\t\t\n\t\t\t\t<div id=\"ngg-image-2\" class=\"ngg-gallery-thumbnail-box \" >\n\t\t\t\t        <div class=\"ngg-gallery-thumbnail\">\n            <a href=\"https:\/\/5ka.fr\/project\/patrickbaudrymirror\/wp-content\/gallery\/astronaute-aux-usa\/notre-astronaute3.jpg\"\n               title=\"\"\n               data-src=\"https:\/\/5ka.fr\/project\/patrickbaudrymirror\/wp-content\/gallery\/astronaute-aux-usa\/notre-astronaute3.jpg\"\n               data-thumbnail=\"https:\/\/5ka.fr\/project\/patrickbaudrymirror\/wp-content\/gallery\/astronaute-aux-usa\/thumbs\/thumbs_notre-astronaute3.jpg\"\n               data-image-id=\"378\"\n               data-title=\"notre-astronaute3\"\n               data-description=\"\"\n               data-image-slug=\"notre-astronaute3\"\n               class=\"ngg-simplelightbox\" rel=\"5e3cafb95c8fc22ccb36c0c8910b951c\">\n                <img\n                    title=\"notre-astronaute3\"\n                    alt=\"notre-astronaute3\"\n                    src=\"https:\/\/5ka.fr\/project\/patrickbaudrymirror\/wp-content\/gallery\/astronaute-aux-usa\/thumbs\/thumbs_notre-astronaute3.jpg\"\n                    width=\"100\"\n                    height=\"75\"\n                    style=\"max-width:100%;\"\n                \/>\n            <\/a>\n        <\/div>\n\t\t\t\t\t\t\t<\/div> \n\t\t\t\n\t\t\t\t<div id=\"ngg-image-3\" class=\"ngg-gallery-thumbnail-box \" >\n\t\t\t\t        <div class=\"ngg-gallery-thumbnail\">\n            <a href=\"https:\/\/5ka.fr\/project\/patrickbaudrymirror\/wp-content\/gallery\/astronaute-aux-usa\/notre-astronaute3-1.jpg\"\n               title=\"\"\n               data-src=\"https:\/\/5ka.fr\/project\/patrickbaudrymirror\/wp-content\/gallery\/astronaute-aux-usa\/notre-astronaute3-1.jpg\"\n               data-thumbnail=\"https:\/\/5ka.fr\/project\/patrickbaudrymirror\/wp-content\/gallery\/astronaute-aux-usa\/thumbs\/thumbs_notre-astronaute3-1.jpg\"\n               data-image-id=\"379\"\n               data-title=\"notre-astronaute3-1\"\n               data-description=\"\"\n               data-image-slug=\"notre-astronaute3-1\"\n               class=\"ngg-simplelightbox\" rel=\"5e3cafb95c8fc22ccb36c0c8910b951c\">\n                <img\n                    title=\"notre-astronaute3-1\"\n                    alt=\"notre-astronaute3-1\"\n                    src=\"https:\/\/5ka.fr\/project\/patrickbaudrymirror\/wp-content\/gallery\/astronaute-aux-usa\/thumbs\/thumbs_notre-astronaute3-1.jpg\"\n                    width=\"100\"\n                    height=\"75\"\n                    style=\"max-width:100%;\"\n                \/>\n            <\/a>\n        <\/div>\n\t\t\t\t\t\t\t<\/div> \n\t\t\t\n\t\t\t\t<div id=\"ngg-image-4\" class=\"ngg-gallery-thumbnail-box \" >\n\t\t\t\t        <div class=\"ngg-gallery-thumbnail\">\n            <a href=\"https:\/\/5ka.fr\/project\/patrickbaudrymirror\/wp-content\/gallery\/astronaute-aux-usa\/notre-astronaute4.jpg\"\n               title=\"\"\n               data-src=\"https:\/\/5ka.fr\/project\/patrickbaudrymirror\/wp-content\/gallery\/astronaute-aux-usa\/notre-astronaute4.jpg\"\n               data-thumbnail=\"https:\/\/5ka.fr\/project\/patrickbaudrymirror\/wp-content\/gallery\/astronaute-aux-usa\/thumbs\/thumbs_notre-astronaute4.jpg\"\n               data-image-id=\"380\"\n               data-title=\"notre-astronaute4\"\n               data-description=\"\"\n               data-image-slug=\"notre-astronaute4\"\n               class=\"ngg-simplelightbox\" rel=\"5e3cafb95c8fc22ccb36c0c8910b951c\">\n                <img\n                    title=\"notre-astronaute4\"\n                    alt=\"notre-astronaute4\"\n                    src=\"https:\/\/5ka.fr\/project\/patrickbaudrymirror\/wp-content\/gallery\/astronaute-aux-usa\/thumbs\/thumbs_notre-astronaute4.jpg\"\n                    width=\"100\"\n                    height=\"75\"\n                    style=\"max-width:100%;\"\n                \/>\n            <\/a>\n        <\/div>\n\t\t\t\t\t\t\t<\/div> \n\t\t\t\n\t\t\t\t<div id=\"ngg-image-5\" class=\"ngg-gallery-thumbnail-box \" >\n\t\t\t\t        <div class=\"ngg-gallery-thumbnail\">\n            <a href=\"https:\/\/5ka.fr\/project\/patrickbaudrymirror\/wp-content\/gallery\/astronaute-aux-usa\/notre-astronaute5.jpg\"\n               title=\"\"\n               data-src=\"https:\/\/5ka.fr\/project\/patrickbaudrymirror\/wp-content\/gallery\/astronaute-aux-usa\/notre-astronaute5.jpg\"\n               data-thumbnail=\"https:\/\/5ka.fr\/project\/patrickbaudrymirror\/wp-content\/gallery\/astronaute-aux-usa\/thumbs\/thumbs_notre-astronaute5.jpg\"\n               data-image-id=\"381\"\n               data-title=\"notre-astronaute5\"\n               data-description=\"\"\n               data-image-slug=\"notre-astronaute5\"\n               class=\"ngg-simplelightbox\" rel=\"5e3cafb95c8fc22ccb36c0c8910b951c\">\n                <img\n                    title=\"notre-astronaute5\"\n                    alt=\"notre-astronaute5\"\n                    src=\"https:\/\/5ka.fr\/project\/patrickbaudrymirror\/wp-content\/gallery\/astronaute-aux-usa\/thumbs\/thumbs_notre-astronaute5.jpg\"\n                    width=\"100\"\n                    height=\"75\"\n                    style=\"max-width:100%;\"\n                \/>\n            <\/a>\n        <\/div>\n\t\t\t\t\t\t\t<\/div> \n\t\t\t\n\t\n\t<br style=\"clear: both\" \/>\n\n\t\n\t\t<!-- Pagination -->\n\t<div class='ngg-clear'><\/div>\t<\/div>\n<br \/>\n<iframe loading=\"lazy\" width=\"620\" height=\"489\" src=\"https:\/\/www.youtube.com\/embed\/RuYPFPUC14o\" title=\"YouTube video player\" frameborder=\"0\" allow=\"accelerometer; autoplay; clipboard-write; encrypted-media; gyroscope; picture-in-picture\" allowfullscreen=\"\"><\/iframe><\/p>\n","protected":false},"excerpt":{"rendered":"<p>Aux USA, c\u2019est Jean-Loup Chr\u00e9tien qui devient spationaute de r\u00e9serve de Patrick Baudry, qui lui, s\u2019entra\u00eene au Johnson Space center durant pr\u00e8s de deux ans. Apr\u00e8s l\u2019accident de Challenger , l\u2019annulation du vol qu\u2019il devait faire sur cette navette, apr\u00e8s 13 reports de tir, Patrick baudry se rend enfin au pas de tir. 39 ans, [&hellip;]<\/p>\n","protected":false},"author":1,"featured_media":0,"parent":679,"menu_order":2,"comment_status":"closed","ping_status":"closed","template":"","meta":{"ngg_post_thumbnail":0},"_links":{"self":[{"href":"https:\/\/5ka.fr\/project\/patrickbaudrymirror\/wp-json\/wp\/v2\/pages\/744"}],"collection":[{"href":"https:\/\/5ka.fr\/project\/patrickbaudrymirror\/wp-json\/wp\/v2\/pages"}],"about":[{"href":"https:\/\/5ka.fr\/project\/patrickbaudrymirror\/wp-json\/wp\/v2\/types\/page"}],"author":[{"embeddable":true,"href":"https:\/\/5ka.fr\/project\/patrickbaudrymirror\/wp-json\/wp\/v2\/users\/1"}],"replies":[{"embeddable":true,"href":"https:\/\/5ka.fr\/project\/patrickbaudrymirror\/wp-json\/wp\/v2\/comments?post=744"}],"version-history":[{"count":3,"href":"https:\/\/5ka.fr\/project\/patrickbaudrymirror\/wp-json\/wp\/v2\/pages\/744\/revisions"}],"predecessor-version":[{"id":1836,"href":"https:\/\/5ka.fr\/project\/patrickbaudrymirror\/wp-json\/wp\/v2\/pages\/744\/revisions\/1836"}],"up":[{"embeddable":true,"href":"https:\/\/5ka.fr\/project\/patrickbaudrymirror\/wp-json\/wp\/v2\/pages\/679"}],"wp:attachment":[{"href":"https:\/\/5ka.fr\/project\/patrickbaudrymirror\/wp-json\/wp\/v2\/media?parent=744"}],"curies":[{"name":"wp","href":"https:\/\/api.w.org\/{rel}","templated":true}]}}