{"id":6,"date":"2020-05-19T01:35:27","date_gmt":"2020-05-18T23:35:27","guid":{"rendered":"https:\/\/5ka.fr\/project\/patrickbaudrymirror\/?page_id=6"},"modified":"2021-05-13T15:02:17","modified_gmt":"2021-05-13T13:02:17","slug":"home","status":"publish","type":"page","link":"https:\/\/5ka.fr\/project\/patrickbaudrymirror\/","title":{"rendered":"HOME"},"content":{"rendered":"\n<h3>Bienvenus dans \u00ab\u00a0L&rsquo;Espace Patrick Baudry !\u00a0\u00bb<\/h3>\n\n\n\n<p>Avant de lire le mot d&rsquo;accueil que je d\u00e9sire vous adresser, CLIQUEZ sur LA FUSEE AUTOUR DE LA TERRE \u00e0 la fin de cet article, et vous d\u00e9couvrirez quelque chose que vous ne savez sans doute pas sur moi!<\/p>\n\n\n\n<p>C&rsquo;est fait ? Je vous souhaite donc la bienvenue dans cet espace sur le web. Vous me connaissez probablement en tant qu&rsquo;<a href=\"https:\/\/5ka.fr\/project\/patrickbaudrymirror\/bio\/biographie\/entre-ciel-et-terre\/\">Astronaute<\/a>. Mais si les <a href=\"https:\/\/5ka.fr\/project\/patrickbaudrymirror\/bio\/biographie\/entre-ciel-et-terre\/\">7 jours que j&rsquo;ai pass\u00e9s entre ciel et terre<\/a> ont marqu\u00e9 mon existence \u00e0 jamais, ils ne sont qu&rsquo;une toute petite partie d&rsquo;une vie consacr\u00e9e \u00e0 r\u00e9aliser mon <a href=\"https:\/\/5ka.fr\/project\/patrickbaudrymirror\/bio\/biographie\/patrick-baudry-enfant\/\">r\u00eave d&rsquo;enfant<\/a> : voler.<\/p>\n\n\n\n<p>Voler dans le ciel et dans l&rsquo;espace m&rsquo;a permis de changer mon regard sur le monde. Le go\u00fbt du risque et de la d\u00e9couverte, l&rsquo;esprit d&rsquo;\u00e9quipe, la solidarit\u00e9, la protection de la vie et de l&rsquo;environnement sont autant de valeurs que je partage aujourd&rsquo;hui \u00e0 travers <a href=\"https:\/\/5ka.fr\/project\/patrickbaudrymirror\/auteur\/patrick-baudry-auteur\/\">mes livres<\/a> et les <a href=\"https:\/\/5ka.fr\/project\/patrickbaudrymirror\/conferencier\/\">conf\u00e9rences<\/a> que j&rsquo;anime.<\/p>\n\n\n\n<p>Je me suis \u00e9galement beaucoup impliqu\u00e9 dans <a href=\"https:\/\/5ka.fr\/project\/patrickbaudrymirror\/bio\/334-2\/\">l&rsquo;\u00e9ducation des enfants<\/a>, pour favoriser l&rsquo;\u00e9mergence de vocations chez les plus jeunes, et leur donner l&rsquo;envie de se battre pour d\u00e9fendre ces valeurs que j&rsquo;ai toujours port\u00e9es \u00e0 bout de bras. Cette implication s&rsquo;est traduite par de nombreuses initiatives p\u00e9dagogiques, comme la cr\u00e9ation du premier <a href=\"https:\/\/5ka.fr\/project\/patrickbaudrymirror\/bio\/334-2\/space-camp-patrick-baudry\/\">Space Camp europ\u00e9en<\/a>, ou mon engagement aupr\u00e8s de l&rsquo;UNESCO en tant qu&rsquo;<a href=\"https:\/\/5ka.fr\/project\/patrickbaudrymirror\/bio\/334-2\/ambassadeur-de-lunesco\/\">Ambassadeur de Bonne Volont\u00e9 pour la Paix et les Enfants<\/a>.<\/p>\n\n\n\n<div class=\"wp-block-image\"><figure class=\"alignright\"><a href=\"https:\/\/5ka.fr\/project\/patrickbaudrymirror\/le-premier-vin-sur-terre-a-etre-alle-dans-lespace\/\"><img src=\"https:\/\/5ka.fr\/project\/patrickbaudrymirror\/wp-content\/uploads\/2020\/07\/fusees-11.gif\" alt=\"LABEL Patrick Baudry\" class=\"wp-image-1647\" title=\"fusees-11\"\/><\/a><\/figure><\/div>\n\n\n\n<p>Ce site est l&rsquo;occasion de revenir sur ces quelques traces que j&rsquo;ai pu laisser, et d&rsquo;\u00e9voquer quelques souvenirs ensemble. Mais c&rsquo;est avant tout un espace d&rsquo;\u00e9changes et de rencontres tourn\u00e9 vers l&rsquo;avenir que j&rsquo;ai souhait\u00e9 vous proposer. N&rsquo;h\u00e9sitez donc surtout pas \u00e0 entrer en <a href=\"https:\/\/5ka.fr\/project\/patrickbaudrymirror\/contact\/\">contact<\/a> avec moi pour me parler de vos r\u00eaves ou de vos projets.<br><br>Et continuons \u00e0 avancer ensemble\u2026<\/p>\n\n\n\n<p>Amiti\u00e9s Spatiales,<\/p>\n\n\n<p>Patrick BAUDRY<\/p>\n<p><strong>LABEL<\/strong>&nbsp;<strong>Patrick Baudry<\/strong><\/p>\n<p><iframe loading=\"lazy\" width=\"560\" height=\"315\" src=\"https:\/\/www.youtube.com\/embed\/CEDrAu9gtro\" title=\"YouTube video player\" frameborder=\"0\" allow=\"accelerometer; autoplay; clipboard-write; encrypted-media; gyroscope; picture-in-picture\" allowfullscreen=\"\"><\/iframe><\/p>\n<p><iframe loading=\"lazy\" width=\"560\" height=\"315\" src=\"https:\/\/www.youtube.com\/embed\/8dlbELMQuTk\" title=\"YouTube video player\" frameborder=\"0\" allow=\"accelerometer; autoplay; clipboard-write; encrypted-media; gyroscope; picture-in-picture\" allowfullscreen=\"\"><\/iframe><\/p>","protected":false},"excerpt":{"rendered":"<p>Bienvenus dans \u00ab\u00a0L&rsquo;Espace Patrick Baudry !\u00a0\u00bb Avant de lire le mot d&rsquo;accueil que je d\u00e9sire vous adresser, CLIQUEZ sur LA FUSEE AUTOUR DE LA TERRE \u00e0 la fin de cet article, et vous d\u00e9couvrirez quelque chose que vous ne savez sans doute pas sur moi! C&rsquo;est fait ? Je vous souhaite donc la bienvenue dans [&hellip;]<\/p>\n","protected":false},"author":1,"featured_media":0,"parent":0,"menu_order":0,"comment_status":"closed","ping_status":"closed","template":"","meta":{"ngg_post_thumbnail":0},"_links":{"self":[{"href":"https:\/\/5ka.fr\/project\/patrickbaudrymirror\/wp-json\/wp\/v2\/pages\/6"}],"collection":[{"href":"https:\/\/5ka.fr\/project\/patrickbaudrymirror\/wp-json\/wp\/v2\/pages"}],"about":[{"href":"https:\/\/5ka.fr\/project\/patrickbaudrymirror\/wp-json\/wp\/v2\/types\/page"}],"author":[{"embeddable":true,"href":"https:\/\/5ka.fr\/project\/patrickbaudrymirror\/wp-json\/wp\/v2\/users\/1"}],"replies":[{"embeddable":true,"href":"https:\/\/5ka.fr\/project\/patrickbaudrymirror\/wp-json\/wp\/v2\/comments?post=6"}],"version-history":[{"count":11,"href":"https:\/\/5ka.fr\/project\/patrickbaudrymirror\/wp-json\/wp\/v2\/pages\/6\/revisions"}],"predecessor-version":[{"id":1818,"href":"https:\/\/5ka.fr\/project\/patrickbaudrymirror\/wp-json\/wp\/v2\/pages\/6\/revisions\/1818"}],"wp:attachment":[{"href":"https:\/\/5ka.fr\/project\/patrickbaudrymirror\/wp-json\/wp\/v2\/media?parent=6"}],"curies":[{"name":"wp","href":"https:\/\/api.w.org\/{rel}","templated":true}]}}