{"id":513,"date":"2020-05-28T16:49:34","date_gmt":"2020-05-28T14:49:34","guid":{"rendered":"https:\/\/5ka.fr\/project\/patrickbaudrymirror\/?page_id=513"},"modified":"2021-05-13T15:41:57","modified_gmt":"2021-05-13T13:41:57","slug":"pilote","status":"publish","type":"page","link":"https:\/\/5ka.fr\/project\/patrickbaudrymirror\/pilote\/","title":{"rendered":"PILOTE"},"content":{"rendered":"<p>Patrick Baudry a exerc\u00e9 ses talents de pilote sur pratiquement tous les appareils volants. Retrouvez en images et en vid\u00e9os dans cette galerie des souvenirs de l&rsquo;ensemble de ces activit\u00e9s<\/p>\n<div style=\"float:left;\"><img loading=\"lazy\" title=\"Pilote de chasse\" src=\"https:\/\/5ka.fr\/project\/patrickbaudrymirror\/wp-content\/gallery\/avions-de-combat\/37-patrick_baudry-pilote-essais-airbus.jpg\" alt=\"\" width=\"75\" height=\"75\"><\/div>\n<h3><a href=\"https:\/\/5ka.fr\/project\/patrickbaudrymirror\/pilote\/pilote-de-chasse\/\">Pilote de chasse<\/a><\/h3>\n<div style=\"clear:both;\">&nbsp;<\/div>\n<div style=\"float:left;\"><img loading=\"lazy\" title=\"Pilote d'essais sur avions militaires\" src=\"https:\/\/5ka.fr\/project\/patrickbaudrymirror\/wp-content\/gallery\/pilote-d-essai-avion-militaire\/08-patrick_baudry-pilote_de_chasse.jpg\" alt=\"\" width=\"75\" height=\"75\"><\/div>\n<h3><a href=\"https:\/\/5ka.fr\/project\/patrickbaudrymirror\/pilote\/pilote-dessais-sur-avions-militaires\/\">Pilote d&rsquo;essais sur avions militaires<\/a><\/h3>\n<div style=\"clear:both;\">&nbsp;<\/div>\n<div style=\"float:left;\"><img loading=\"lazy\" title=\"Pilote d'essais sur avions civils\" src=\"https:\/\/5ka.fr\/project\/patrickbaudrymirror\/wp-content\/gallery\/pilote-d-essais-sur-avion-civils\/13-patrick_baudry-pilote-essais-airbus.jpg\" alt=\"\" width=\"75\" height=\"75\"><\/div>\n<h3><a href=\"https:\/\/5ka.fr\/project\/patrickbaudrymirror\/pilote\/pilote-dessais-sur-avions-civils\/\">Pilote d&rsquo;essais sur avions civils<\/a><\/h3>\n<div style=\"clear:both;\">&nbsp;<\/div>\n<div style=\"float:left;\"><img loading=\"lazy\" title=\"Conseiller du programme Herm\u00e8s\" src=\"https:\/\/5ka.fr\/project\/patrickbaudrymirror\/wp-content\/gallery\/programme-hermes\/28-patrick_baudry-pilote-essais-airbus.jpg\" alt=\"\" width=\"75\" height=\"75\"><\/div>\n<h3><a href=\"https:\/\/5ka.fr\/project\/patrickbaudrymirror\/pilote\/programme-hermes\/\">Consultant du programme Herm\u00e8s<\/a><\/h3>\n<div style=\"clear:both;\">&nbsp;<\/div>\n<div style=\"float:left;\"><img loading=\"lazy\" title=\"Pilote sur tout ce qui vole\" src=\"https:\/\/5ka.fr\/project\/patrickbaudrymirror\/wp-content\/uploads\/2020\/05\/07-patrick_baudry-pilote-montgolfiere.jpg\" alt=\"\" width=\"75\" height=\"75\"><\/div>\n<h3><a href=\"https:\/\/5ka.fr\/project\/patrickbaudrymirror\/pilote\/sur-tout-ce-qui-vole\/\">Pilote sur tout ce qui vole (ou presque)<\/a><\/h3>\n<div style=\"clear:both;\">&nbsp;<\/div>\n<p><iframe loading=\"lazy\" width=\"620\" height=\"489\" src=\"https:\/\/www.youtube.com\/embed\/tlbTdTNmSFg\" title=\"YouTube video player\" frameborder=\"0\" allow=\"accelerometer; autoplay; clipboard-write; encrypted-media; gyroscope; picture-in-picture\" allowfullscreen=\"\"><\/iframe><\/p>\n","protected":false},"excerpt":{"rendered":"<p>Patrick Baudry a exerc\u00e9 ses talents de pilote sur pratiquement tous les appareils volants. Retrouvez en images et en vid\u00e9os dans cette galerie des souvenirs de l&rsquo;ensemble de ces activit\u00e9s Pilote de chasse &nbsp; Pilote d&rsquo;essais sur avions militaires &nbsp; Pilote d&rsquo;essais sur avions civils &nbsp; Consultant du programme Herm\u00e8s &nbsp; Pilote sur tout ce [&hellip;]<\/p>\n","protected":false},"author":1,"featured_media":0,"parent":0,"menu_order":3,"comment_status":"closed","ping_status":"closed","template":"","meta":{"ngg_post_thumbnail":0},"_links":{"self":[{"href":"https:\/\/5ka.fr\/project\/patrickbaudrymirror\/wp-json\/wp\/v2\/pages\/513"}],"collection":[{"href":"https:\/\/5ka.fr\/project\/patrickbaudrymirror\/wp-json\/wp\/v2\/pages"}],"about":[{"href":"https:\/\/5ka.fr\/project\/patrickbaudrymirror\/wp-json\/wp\/v2\/types\/page"}],"author":[{"embeddable":true,"href":"https:\/\/5ka.fr\/project\/patrickbaudrymirror\/wp-json\/wp\/v2\/users\/1"}],"replies":[{"embeddable":true,"href":"https:\/\/5ka.fr\/project\/patrickbaudrymirror\/wp-json\/wp\/v2\/comments?post=513"}],"version-history":[{"count":11,"href":"https:\/\/5ka.fr\/project\/patrickbaudrymirror\/wp-json\/wp\/v2\/pages\/513\/revisions"}],"predecessor-version":[{"id":1830,"href":"https:\/\/5ka.fr\/project\/patrickbaudrymirror\/wp-json\/wp\/v2\/pages\/513\/revisions\/1830"}],"wp:attachment":[{"href":"https:\/\/5ka.fr\/project\/patrickbaudrymirror\/wp-json\/wp\/v2\/media?parent=513"}],"curies":[{"name":"wp","href":"https:\/\/api.w.org\/{rel}","templated":true}]}}