{"id":442,"date":"2020-05-28T01:57:43","date_gmt":"2020-05-27T23:57:43","guid":{"rendered":"https:\/\/5ka.fr\/project\/patrickbaudrymirror\/?page_id=442"},"modified":"2020-05-28T01:58:16","modified_gmt":"2020-05-27T23:58:16","slug":"ambassadeur-de-lunesco","status":"publish","type":"page","link":"https:\/\/5ka.fr\/project\/patrickbaudrymirror\/bio\/334-2\/ambassadeur-de-lunesco\/","title":{"rendered":"Ambassadeur de l&rsquo;UNESCO"},"content":{"rendered":"<h3>Ambassadeur de Bonne Volont\u00e9 pour la Paix et les Enfants de l&rsquo;UNESCO<\/p>\n<div style=\"width: 250px; float: right;\"><!-- default-view.php -->\n<div\n\tclass=\"ngg-galleryoverview default-view \"\n\tid=\"ngg-gallery-71324f09d3e09df50187165b8e913576-1\">\n\n\t\t<!-- Thumbnails -->\n\t\t\t\t<div id=\"ngg-image-0\" class=\"ngg-gallery-thumbnail-box \" >\n\t\t\t\t        <div class=\"ngg-gallery-thumbnail\">\n            <a href=\"https:\/\/5ka.fr\/project\/patrickbaudrymirror\/wp-content\/gallery\/ambassadeur-de-lunesco\/01-1999-paris-siege-de-l_unesco.jpg\"\n               title=\"\"\n               data-src=\"https:\/\/5ka.fr\/project\/patrickbaudrymirror\/wp-content\/gallery\/ambassadeur-de-lunesco\/01-1999-paris-siege-de-l_unesco.jpg\"\n               data-thumbnail=\"https:\/\/5ka.fr\/project\/patrickbaudrymirror\/wp-content\/gallery\/ambassadeur-de-lunesco\/thumbs\/thumbs_01-1999-paris-siege-de-l_unesco.jpg\"\n               data-image-id=\"222\"\n               data-title=\"01-1999-paris-siege-de-l_unesco\"\n               data-description=\"\"\n               data-image-slug=\"01-1999-paris-siege-de-l_unesco\"\n               class=\"ngg-simplelightbox\" rel=\"71324f09d3e09df50187165b8e913576\">\n                <img\n                    title=\"01-1999-paris-siege-de-l_unesco\"\n                    alt=\"01-1999-paris-siege-de-l_unesco\"\n                    src=\"https:\/\/5ka.fr\/project\/patrickbaudrymirror\/wp-content\/gallery\/ambassadeur-de-lunesco\/thumbs\/thumbs_01-1999-paris-siege-de-l_unesco.jpg\"\n                    width=\"100\"\n                    height=\"75\"\n                    style=\"max-width:100%;\"\n                \/>\n            <\/a>\n        <\/div>\n\t\t\t\t\t\t\t<\/div> \n\t\t\t\n\t\t\t\t<div id=\"ngg-image-1\" class=\"ngg-gallery-thumbnail-box \" >\n\t\t\t\t        <div class=\"ngg-gallery-thumbnail\">\n            <a href=\"https:\/\/5ka.fr\/project\/patrickbaudrymirror\/wp-content\/gallery\/ambassadeur-de-lunesco\/02-2001-new-york-city-olympic-truce.jpg\"\n               title=\"\"\n               data-src=\"https:\/\/5ka.fr\/project\/patrickbaudrymirror\/wp-content\/gallery\/ambassadeur-de-lunesco\/02-2001-new-york-city-olympic-truce.jpg\"\n               data-thumbnail=\"https:\/\/5ka.fr\/project\/patrickbaudrymirror\/wp-content\/gallery\/ambassadeur-de-lunesco\/thumbs\/thumbs_02-2001-new-york-city-olympic-truce.jpg\"\n               data-image-id=\"223\"\n               data-title=\"02-2001-new-york-city-olympic-truce\"\n               data-description=\"\"\n               data-image-slug=\"02-2001-new-york-city-olympic-truce\"\n               class=\"ngg-simplelightbox\" rel=\"71324f09d3e09df50187165b8e913576\">\n                <img\n                    title=\"02-2001-new-york-city-olympic-truce\"\n                    alt=\"02-2001-new-york-city-olympic-truce\"\n                    src=\"https:\/\/5ka.fr\/project\/patrickbaudrymirror\/wp-content\/gallery\/ambassadeur-de-lunesco\/thumbs\/thumbs_02-2001-new-york-city-olympic-truce.jpg\"\n                    width=\"100\"\n                    height=\"75\"\n                    style=\"max-width:100%;\"\n                \/>\n            <\/a>\n        <\/div>\n\t\t\t\t\t\t\t<\/div> \n\t\t\t\n\t\t\t\t<div id=\"ngg-image-2\" class=\"ngg-gallery-thumbnail-box \" >\n\t\t\t\t        <div class=\"ngg-gallery-thumbnail\">\n            <a href=\"https:\/\/5ka.fr\/project\/patrickbaudrymirror\/wp-content\/gallery\/ambassadeur-de-lunesco\/03-1999-patrick-baudry-devient-ambassadeur-de-bonne-volonte-de-l_unesco.jpg\"\n               title=\"\"\n               data-src=\"https:\/\/5ka.fr\/project\/patrickbaudrymirror\/wp-content\/gallery\/ambassadeur-de-lunesco\/03-1999-patrick-baudry-devient-ambassadeur-de-bonne-volonte-de-l_unesco.jpg\"\n               data-thumbnail=\"https:\/\/5ka.fr\/project\/patrickbaudrymirror\/wp-content\/gallery\/ambassadeur-de-lunesco\/thumbs\/thumbs_03-1999-patrick-baudry-devient-ambassadeur-de-bonne-volonte-de-l_unesco.jpg\"\n               data-image-id=\"224\"\n               data-title=\"03-1999-patrick-baudry-devient-ambassadeur-de-bonne-volonte-de-l_unesco\"\n               data-description=\"\"\n               data-image-slug=\"03-1999-patrick-baudry-devient-ambassadeur-de-bonne-volonte-de-l_unesco\"\n               class=\"ngg-simplelightbox\" rel=\"71324f09d3e09df50187165b8e913576\">\n                <img\n                    title=\"03-1999-patrick-baudry-devient-ambassadeur-de-bonne-volonte-de-l_unesco\"\n                    alt=\"03-1999-patrick-baudry-devient-ambassadeur-de-bonne-volonte-de-l_unesco\"\n                    src=\"https:\/\/5ka.fr\/project\/patrickbaudrymirror\/wp-content\/gallery\/ambassadeur-de-lunesco\/thumbs\/thumbs_03-1999-patrick-baudry-devient-ambassadeur-de-bonne-volonte-de-l_unesco.jpg\"\n                    width=\"100\"\n                    height=\"75\"\n                    style=\"max-width:100%;\"\n                \/>\n            <\/a>\n        <\/div>\n\t\t\t\t\t\t\t<\/div> \n\t\t\t\n\t\t\t\t<div id=\"ngg-image-3\" class=\"ngg-gallery-thumbnail-box \" >\n\t\t\t\t        <div class=\"ngg-gallery-thumbnail\">\n            <a href=\"https:\/\/5ka.fr\/project\/patrickbaudrymirror\/wp-content\/gallery\/ambassadeur-de-lunesco\/04-1999-paris-siege-de-l_unesco.jpg\"\n               title=\"\"\n               data-src=\"https:\/\/5ka.fr\/project\/patrickbaudrymirror\/wp-content\/gallery\/ambassadeur-de-lunesco\/04-1999-paris-siege-de-l_unesco.jpg\"\n               data-thumbnail=\"https:\/\/5ka.fr\/project\/patrickbaudrymirror\/wp-content\/gallery\/ambassadeur-de-lunesco\/thumbs\/thumbs_04-1999-paris-siege-de-l_unesco.jpg\"\n               data-image-id=\"225\"\n               data-title=\"04-1999-paris-siege-de-l_unesco\"\n               data-description=\"\"\n               data-image-slug=\"04-1999-paris-siege-de-l_unesco\"\n               class=\"ngg-simplelightbox\" rel=\"71324f09d3e09df50187165b8e913576\">\n                <img\n                    title=\"04-1999-paris-siege-de-l_unesco\"\n                    alt=\"04-1999-paris-siege-de-l_unesco\"\n                    src=\"https:\/\/5ka.fr\/project\/patrickbaudrymirror\/wp-content\/gallery\/ambassadeur-de-lunesco\/thumbs\/thumbs_04-1999-paris-siege-de-l_unesco.jpg\"\n                    width=\"100\"\n                    height=\"75\"\n                    style=\"max-width:100%;\"\n                \/>\n            <\/a>\n        <\/div>\n\t\t\t\t\t\t\t<\/div> \n\t\t\t\n\t\t\t\t<div id=\"ngg-image-4\" class=\"ngg-gallery-thumbnail-box \" >\n\t\t\t\t        <div class=\"ngg-gallery-thumbnail\">\n            <a href=\"https:\/\/5ka.fr\/project\/patrickbaudrymirror\/wp-content\/gallery\/ambassadeur-de-lunesco\/05-2000-paris-siege-de-l_unesco.jpg\"\n               title=\"\"\n               data-src=\"https:\/\/5ka.fr\/project\/patrickbaudrymirror\/wp-content\/gallery\/ambassadeur-de-lunesco\/05-2000-paris-siege-de-l_unesco.jpg\"\n               data-thumbnail=\"https:\/\/5ka.fr\/project\/patrickbaudrymirror\/wp-content\/gallery\/ambassadeur-de-lunesco\/thumbs\/thumbs_05-2000-paris-siege-de-l_unesco.jpg\"\n               data-image-id=\"226\"\n               data-title=\"05-2000-paris-siege-de-l_unesco\"\n               data-description=\"\"\n               data-image-slug=\"05-2000-paris-siege-de-l_unesco\"\n               class=\"ngg-simplelightbox\" rel=\"71324f09d3e09df50187165b8e913576\">\n                <img\n                    title=\"05-2000-paris-siege-de-l_unesco\"\n                    alt=\"05-2000-paris-siege-de-l_unesco\"\n                    src=\"https:\/\/5ka.fr\/project\/patrickbaudrymirror\/wp-content\/gallery\/ambassadeur-de-lunesco\/thumbs\/thumbs_05-2000-paris-siege-de-l_unesco.jpg\"\n                    width=\"100\"\n                    height=\"75\"\n                    style=\"max-width:100%;\"\n                \/>\n            <\/a>\n        <\/div>\n\t\t\t\t\t\t\t<\/div> \n\t\t\t\n\t\t\t\t<div id=\"ngg-image-5\" class=\"ngg-gallery-thumbnail-box \" >\n\t\t\t\t        <div class=\"ngg-gallery-thumbnail\">\n            <a href=\"https:\/\/5ka.fr\/project\/patrickbaudrymirror\/wp-content\/gallery\/ambassadeur-de-lunesco\/06-2000-paris-siege-de-l_unesco.jpg\"\n               title=\"\"\n               data-src=\"https:\/\/5ka.fr\/project\/patrickbaudrymirror\/wp-content\/gallery\/ambassadeur-de-lunesco\/06-2000-paris-siege-de-l_unesco.jpg\"\n               data-thumbnail=\"https:\/\/5ka.fr\/project\/patrickbaudrymirror\/wp-content\/gallery\/ambassadeur-de-lunesco\/thumbs\/thumbs_06-2000-paris-siege-de-l_unesco.jpg\"\n               data-image-id=\"227\"\n               data-title=\"06-2000-paris-siege-de-l_unesco\"\n               data-description=\"\"\n               data-image-slug=\"06-2000-paris-siege-de-l_unesco\"\n               class=\"ngg-simplelightbox\" rel=\"71324f09d3e09df50187165b8e913576\">\n                <img\n                    title=\"06-2000-paris-siege-de-l_unesco\"\n                    alt=\"06-2000-paris-siege-de-l_unesco\"\n                    src=\"https:\/\/5ka.fr\/project\/patrickbaudrymirror\/wp-content\/gallery\/ambassadeur-de-lunesco\/thumbs\/thumbs_06-2000-paris-siege-de-l_unesco.jpg\"\n                    width=\"100\"\n                    height=\"75\"\n                    style=\"max-width:100%;\"\n                \/>\n            <\/a>\n        <\/div>\n\t\t\t\t\t\t\t<\/div> \n\t\t\t\n\t\t\t\t<div id=\"ngg-image-6\" class=\"ngg-gallery-thumbnail-box \" >\n\t\t\t\t        <div class=\"ngg-gallery-thumbnail\">\n            <a href=\"https:\/\/5ka.fr\/project\/patrickbaudrymirror\/wp-content\/gallery\/ambassadeur-de-lunesco\/07-1999-patrick-baudry-ambassadeur-de-bonne-volonte-de-l_unesco.jpg\"\n               title=\"\"\n               data-src=\"https:\/\/5ka.fr\/project\/patrickbaudrymirror\/wp-content\/gallery\/ambassadeur-de-lunesco\/07-1999-patrick-baudry-ambassadeur-de-bonne-volonte-de-l_unesco.jpg\"\n               data-thumbnail=\"https:\/\/5ka.fr\/project\/patrickbaudrymirror\/wp-content\/gallery\/ambassadeur-de-lunesco\/thumbs\/thumbs_07-1999-patrick-baudry-ambassadeur-de-bonne-volonte-de-l_unesco.jpg\"\n               data-image-id=\"228\"\n               data-title=\"07-1999-patrick-baudry-ambassadeur-de-bonne-volonte-de-l_unesco\"\n               data-description=\"\"\n               data-image-slug=\"07-1999-patrick-baudry-ambassadeur-de-bonne-volonte-de-l_unesco\"\n               class=\"ngg-simplelightbox\" rel=\"71324f09d3e09df50187165b8e913576\">\n                <img\n                    title=\"07-1999-patrick-baudry-ambassadeur-de-bonne-volonte-de-l_unesco\"\n                    alt=\"07-1999-patrick-baudry-ambassadeur-de-bonne-volonte-de-l_unesco\"\n                    src=\"https:\/\/5ka.fr\/project\/patrickbaudrymirror\/wp-content\/gallery\/ambassadeur-de-lunesco\/thumbs\/thumbs_07-1999-patrick-baudry-ambassadeur-de-bonne-volonte-de-l_unesco.jpg\"\n                    width=\"100\"\n                    height=\"75\"\n                    style=\"max-width:100%;\"\n                \/>\n            <\/a>\n        <\/div>\n\t\t\t\t\t\t\t<\/div> \n\t\t\t\n\t\t\t\t<div id=\"ngg-image-7\" class=\"ngg-gallery-thumbnail-box \" >\n\t\t\t\t        <div class=\"ngg-gallery-thumbnail\">\n            <a href=\"https:\/\/5ka.fr\/project\/patrickbaudrymirror\/wp-content\/gallery\/ambassadeur-de-lunesco\/08-2000-paris.jpg\"\n               title=\"\"\n               data-src=\"https:\/\/5ka.fr\/project\/patrickbaudrymirror\/wp-content\/gallery\/ambassadeur-de-lunesco\/08-2000-paris.jpg\"\n               data-thumbnail=\"https:\/\/5ka.fr\/project\/patrickbaudrymirror\/wp-content\/gallery\/ambassadeur-de-lunesco\/thumbs\/thumbs_08-2000-paris.jpg\"\n               data-image-id=\"229\"\n               data-title=\"08-2000-paris\"\n               data-description=\"\"\n               data-image-slug=\"08-2000-paris\"\n               class=\"ngg-simplelightbox\" rel=\"71324f09d3e09df50187165b8e913576\">\n                <img\n                    title=\"08-2000-paris\"\n                    alt=\"08-2000-paris\"\n                    src=\"https:\/\/5ka.fr\/project\/patrickbaudrymirror\/wp-content\/gallery\/ambassadeur-de-lunesco\/thumbs\/thumbs_08-2000-paris.jpg\"\n                    width=\"100\"\n                    height=\"75\"\n                    style=\"max-width:100%;\"\n                \/>\n            <\/a>\n        <\/div>\n\t\t\t\t\t\t\t<\/div> \n\t\t\t\n\t\n\t<br style=\"clear: both\" \/>\n\n\t\n\t\t<!-- Pagination -->\n\t<div class='ngg-clear'><\/div>\t<\/div>\n<\/p>\n<p><a href=\"\/wp-content\/uploads\/2009\/10\/cd-discours-federico-mayor-unesco.pdf\"><img src=\"https:\/\/5ka.fr\/project\/patrickbaudrymirror\/wp-content\/uploads\/2020\/05\/document.png\" style=\"float:left;margin:5px;\">Compte-rendu du discours de Federico MAYOR<\/a><\/p>\n<\/div>\n<\/h3>\n<p>L\u2019UNESCO cherche depuis toujours \u00e0 faire avancer le monde de demain, et c\u2019est l\u2019un des organismes qui place les enfants au centre de cette pr\u00e9occupation. Devenir Ambassadeur de Bonne Volont\u00e9 de l\u2019UNESCO arrive dans la vie d\u2019un Homme comme une sorte de r\u00e9compense \u00e0 la suite de projets aventureux et ambitieux men\u00e9s \u00e0 bien. C\u2019est ainsi que cette nomination est entr\u00e9e dans la vie de Patrick BAUDRY.<\/p>\n<p>Engag\u00e9 d\u00e8s son retour de l\u2019Espace dans la recherche d\u2019une mani\u00e8re de mettre en \u0153uvre et en forme uns sorte de camp d\u2019entra\u00eenement \u00e0 la vie d\u2019astronaute pour les enfants, il concr\u00e9tise ce r\u00eave en 1989 avec l\u2019ouverture du <a href=\"\/?page_id=225\">Space Camp Patrick Baudry<\/a> \u00e0 Cannes-Mandelieu.<\/p>\n<p>A la suite, il entreprend de nombreux projets p\u00e9dagogiques pour promouvoir le respect de la Terre, et l\u2019initiation \u00e0 toutes les formes de vol dans l\u2019esprit des plus jeunes d\u2019entre nous. C\u2019est ainsi, notamment qu\u2019en 1998 il emm\u00e8ne avec lui dans une dizaine de pays parcourus des \u00e9quipes p\u00e9dagogiques et des milliers d\u2019enfants venus le retrouver \u00e0 chacune des \u00e9tapes d\u2019un <a href=\"\/?page_id=197\">vol sur les traces de l\u2019A\u00e9ropostale<\/a>.<\/p>\n<p>Et, c\u2019est tout naturellement \u00e0 la suite de la concr\u00e9tisation de tous ces beaux projets que Patrick BAUDRY est nomm\u00e9 au Conseil d\u2019administration de la Fondation Internationale pour la Tr\u00eave Olympique et qu\u2019il devient, en septembre 1999, Ambassadeur de Bonne Volont\u00e9 de l\u2019Unesco, Envoy\u00e9 sp\u00e9cial, tout naturellement l\u00e0 encore pour \u00ab La Paix et les Enfants \u00bb.<\/p>\n<p>Depuis 1999, il entreprend de nombreux voyages. Il s\u2019est investi dans un Camp d\u2019Excellence au Maroc pour jeunes filles tr\u00e8s dou\u00e9es, dans un atelier destin\u00e9 \u00e0 de jeunes Maliennes de haut niveau scientifique organis\u00e9 par Cheick Modibo Diarra. Il fait partie de l\u2019Universit\u00e9 Virtuelle Africaine (AVU) dans laquelle les jeunes africains peuvent suivre des cours en vid\u00e9o-conf\u00e9rences avec des Universit\u00e9s prestigieuses comme celles du Canada, par exemple.<\/p>\n<p>En 2005, il assiste \u00e0 de grandes conf\u00e9rences sur l\u2019education \u00e0 BAKU en AZERBAIDJAN et visite les camps de r\u00e9fugi\u00e9s, partageant un moment de la vie des enfants \u00e9merveill\u00e9s au son du violon d\u2019Ivry GITLIS lui aussi Ambassadeur. A Doha au QATAR, il mesure l\u2019ampleur en 2006 comme en 2009 des mutations du monde scientifique et aime partager avec ce peuple son envie de faire profiter les jeunes \u00e9tudiants de toutes ces nouvelles technologies d\u00e9velopp\u00e9es.<\/p>\n<p>Pour Patrick BAUDRY, la clef de la conservation du Monde et la survie de notre esp\u00e8ce est irr\u00e9m\u00e9diablement li\u00e9e \u00e0 la qualit\u00e9 de l\u2019Education que nous saurons apporter aux enfants d\u2019aujourd\u2019hui et de demain.<\/p>\n<p>C\u2019est cette recherche perp\u00e9tuelle de l\u2019excellence et des plus s\u00fbrs moyens de susciter de vraies vocations pour changer le monde de demain chez les plus jeunes qui animent Patrick BAUDRY aujourd\u2019hui. Cette motivation sans faille l\u2019aide certainement \u00e0 tenir un cap sans jamais en changer : \u0153uvrer, avec l\u2019UNESCO o\u00f9 il pr\u00e9sentera un grand projet culturel et p\u00e9dagogique au mois de Mai, lors de la r\u00e9union annuelle des Ambassadeurs ; pour donner au monde d\u2019aujourd\u2019hui l\u2019\u00e9nergie et les impulsions vitales qui lui manquent tant !<\/p>\n","protected":false},"excerpt":{"rendered":"<p>Ambassadeur de Bonne Volont\u00e9 pour la Paix et les Enfants de l&rsquo;UNESCO Compte-rendu du discours de Federico MAYOR L\u2019UNESCO cherche depuis toujours \u00e0 faire avancer le monde de demain, et c\u2019est l\u2019un des organismes qui place les enfants au centre de cette pr\u00e9occupation. Devenir Ambassadeur de Bonne Volont\u00e9 de l\u2019UNESCO arrive dans la vie d\u2019un [&hellip;]<\/p>\n","protected":false},"author":1,"featured_media":0,"parent":334,"menu_order":6,"comment_status":"closed","ping_status":"closed","template":"","meta":{"ngg_post_thumbnail":0},"_links":{"self":[{"href":"https:\/\/5ka.fr\/project\/patrickbaudrymirror\/wp-json\/wp\/v2\/pages\/442"}],"collection":[{"href":"https:\/\/5ka.fr\/project\/patrickbaudrymirror\/wp-json\/wp\/v2\/pages"}],"about":[{"href":"https:\/\/5ka.fr\/project\/patrickbaudrymirror\/wp-json\/wp\/v2\/types\/page"}],"author":[{"embeddable":true,"href":"https:\/\/5ka.fr\/project\/patrickbaudrymirror\/wp-json\/wp\/v2\/users\/1"}],"replies":[{"embeddable":true,"href":"https:\/\/5ka.fr\/project\/patrickbaudrymirror\/wp-json\/wp\/v2\/comments?post=442"}],"version-history":[{"count":3,"href":"https:\/\/5ka.fr\/project\/patrickbaudrymirror\/wp-json\/wp\/v2\/pages\/442\/revisions"}],"predecessor-version":[{"id":454,"href":"https:\/\/5ka.fr\/project\/patrickbaudrymirror\/wp-json\/wp\/v2\/pages\/442\/revisions\/454"}],"up":[{"embeddable":true,"href":"https:\/\/5ka.fr\/project\/patrickbaudrymirror\/wp-json\/wp\/v2\/pages\/334"}],"wp:attachment":[{"href":"https:\/\/5ka.fr\/project\/patrickbaudrymirror\/wp-json\/wp\/v2\/media?parent=442"}],"curies":[{"name":"wp","href":"https:\/\/api.w.org\/{rel}","templated":true}]}}