{"id":378,"date":"2020-05-28T01:21:24","date_gmt":"2020-05-27T23:21:24","guid":{"rendered":"https:\/\/5ka.fr\/project\/patrickbaudrymirror\/?page_id=378"},"modified":"2020-05-28T01:21:24","modified_gmt":"2020-05-27T23:21:24","slug":"acadis","status":"publish","type":"page","link":"https:\/\/5ka.fr\/project\/patrickbaudrymirror\/bio\/334-2\/acadis\/","title":{"rendered":"ACADIS"},"content":{"rendered":"<h3>Pour avancer vers le monde de demain<\/p>\n<div style=\"width: 250px; float: right;\"><!-- default-view.php -->\n<div\n\tclass=\"ngg-galleryoverview default-view \"\n\tid=\"ngg-gallery-063731d3ce1caaac233820a015c78259-1\">\n\n\t\t<!-- Thumbnails -->\n\t\t\t\t<div id=\"ngg-image-0\" class=\"ngg-gallery-thumbnail-box \" >\n\t\t\t\t        <div class=\"ngg-gallery-thumbnail\">\n            <a href=\"https:\/\/5ka.fr\/project\/patrickbaudrymirror\/wp-content\/gallery\/acadis\/01-acadis-brochure-1.jpg\"\n               title=\"\"\n               data-src=\"https:\/\/5ka.fr\/project\/patrickbaudrymirror\/wp-content\/gallery\/acadis\/01-acadis-brochure-1.jpg\"\n               data-thumbnail=\"https:\/\/5ka.fr\/project\/patrickbaudrymirror\/wp-content\/gallery\/acadis\/thumbs\/thumbs_01-acadis-brochure-1.jpg\"\n               data-image-id=\"185\"\n               data-title=\"01-acadis-brochure-1\"\n               data-description=\"\"\n               data-image-slug=\"01-acadis-brochure-1\"\n               class=\"ngg-simplelightbox\" rel=\"063731d3ce1caaac233820a015c78259\">\n                <img\n                    title=\"01-acadis-brochure-1\"\n                    alt=\"01-acadis-brochure-1\"\n                    src=\"https:\/\/5ka.fr\/project\/patrickbaudrymirror\/wp-content\/gallery\/acadis\/thumbs\/thumbs_01-acadis-brochure-1.jpg\"\n                    width=\"100\"\n                    height=\"75\"\n                    style=\"max-width:100%;\"\n                \/>\n            <\/a>\n        <\/div>\n\t\t\t\t\t\t\t<\/div> \n\t\t\t\n\t\t\t\t<div id=\"ngg-image-1\" class=\"ngg-gallery-thumbnail-box \" >\n\t\t\t\t        <div class=\"ngg-gallery-thumbnail\">\n            <a href=\"https:\/\/5ka.fr\/project\/patrickbaudrymirror\/wp-content\/gallery\/acadis\/02-acadis-brochure-2.jpg\"\n               title=\"\"\n               data-src=\"https:\/\/5ka.fr\/project\/patrickbaudrymirror\/wp-content\/gallery\/acadis\/02-acadis-brochure-2.jpg\"\n               data-thumbnail=\"https:\/\/5ka.fr\/project\/patrickbaudrymirror\/wp-content\/gallery\/acadis\/thumbs\/thumbs_02-acadis-brochure-2.jpg\"\n               data-image-id=\"186\"\n               data-title=\"02-acadis-brochure-2\"\n               data-description=\"\"\n               data-image-slug=\"02-acadis-brochure-2\"\n               class=\"ngg-simplelightbox\" rel=\"063731d3ce1caaac233820a015c78259\">\n                <img\n                    title=\"02-acadis-brochure-2\"\n                    alt=\"02-acadis-brochure-2\"\n                    src=\"https:\/\/5ka.fr\/project\/patrickbaudrymirror\/wp-content\/gallery\/acadis\/thumbs\/thumbs_02-acadis-brochure-2.jpg\"\n                    width=\"100\"\n                    height=\"75\"\n                    style=\"max-width:100%;\"\n                \/>\n            <\/a>\n        <\/div>\n\t\t\t\t\t\t\t<\/div> \n\t\t\t\n\t\t\t\t<div id=\"ngg-image-2\" class=\"ngg-gallery-thumbnail-box \" >\n\t\t\t\t        <div class=\"ngg-gallery-thumbnail\">\n            <a href=\"https:\/\/5ka.fr\/project\/patrickbaudrymirror\/wp-content\/gallery\/acadis\/03-acadis-brochure-3.jpg\"\n               title=\"\"\n               data-src=\"https:\/\/5ka.fr\/project\/patrickbaudrymirror\/wp-content\/gallery\/acadis\/03-acadis-brochure-3.jpg\"\n               data-thumbnail=\"https:\/\/5ka.fr\/project\/patrickbaudrymirror\/wp-content\/gallery\/acadis\/thumbs\/thumbs_03-acadis-brochure-3.jpg\"\n               data-image-id=\"187\"\n               data-title=\"03-acadis-brochure-3\"\n               data-description=\"\"\n               data-image-slug=\"03-acadis-brochure-3\"\n               class=\"ngg-simplelightbox\" rel=\"063731d3ce1caaac233820a015c78259\">\n                <img\n                    title=\"03-acadis-brochure-3\"\n                    alt=\"03-acadis-brochure-3\"\n                    src=\"https:\/\/5ka.fr\/project\/patrickbaudrymirror\/wp-content\/gallery\/acadis\/thumbs\/thumbs_03-acadis-brochure-3.jpg\"\n                    width=\"100\"\n                    height=\"75\"\n                    style=\"max-width:100%;\"\n                \/>\n            <\/a>\n        <\/div>\n\t\t\t\t\t\t\t<\/div> \n\t\t\t\n\t\t\t\t<div id=\"ngg-image-3\" class=\"ngg-gallery-thumbnail-box \" >\n\t\t\t\t        <div class=\"ngg-gallery-thumbnail\">\n            <a href=\"https:\/\/5ka.fr\/project\/patrickbaudrymirror\/wp-content\/gallery\/acadis\/04-acadis-brochure-4.jpg\"\n               title=\"\"\n               data-src=\"https:\/\/5ka.fr\/project\/patrickbaudrymirror\/wp-content\/gallery\/acadis\/04-acadis-brochure-4.jpg\"\n               data-thumbnail=\"https:\/\/5ka.fr\/project\/patrickbaudrymirror\/wp-content\/gallery\/acadis\/thumbs\/thumbs_04-acadis-brochure-4.jpg\"\n               data-image-id=\"188\"\n               data-title=\"04-acadis-brochure-4\"\n               data-description=\"\"\n               data-image-slug=\"04-acadis-brochure-4\"\n               class=\"ngg-simplelightbox\" rel=\"063731d3ce1caaac233820a015c78259\">\n                <img\n                    title=\"04-acadis-brochure-4\"\n                    alt=\"04-acadis-brochure-4\"\n                    src=\"https:\/\/5ka.fr\/project\/patrickbaudrymirror\/wp-content\/gallery\/acadis\/thumbs\/thumbs_04-acadis-brochure-4.jpg\"\n                    width=\"100\"\n                    height=\"75\"\n                    style=\"max-width:100%;\"\n                \/>\n            <\/a>\n        <\/div>\n\t\t\t\t\t\t\t<\/div> \n\t\t\t\n\t\n\t<br style=\"clear: both\" \/>\n\n\t\n\t\t<!-- Pagination -->\n\t<div class='ngg-clear'><\/div>\t<\/div>\n<\/div>\n<\/h3>\n<p>Patrick BAUDRY a toujours eu \u00e0 c\u0153ur de donner aux enfants une \u00e9ducation solide et de trouver des solutions innovantes afin d\u2019\u00e9laborer le plus grand nombre de possibilit\u00e9s pour que ceux-ci, quelle que soit leur origine, puissent d\u00e9couvrir quels sont leurs r\u00eaves. Les aider \u00e0 trouver les moyens de les r\u00e9aliser est ainsi devenu pour lui un objectif et une priorit\u00e9. Car, un enfant qui fait ce qu\u2019il aime est un enfant heureux, mieux arm\u00e9 pour contrecarrer les difficult\u00e9s de la vie si nombreuses aujourd\u2019hui.<\/p>\n<p>C\u2019est dans cet esprit qu\u2019il a particip\u00e9 \u00e0 ouvrir en 1990 un coll\u00e8ge et lyc\u00e9e pilotes \u00e0 Bordeaux \u2013 ACADIS &#8211; ayant pour but de sauver les \u00e9l\u00e8ves les plus en difficult\u00e9 comme les plus avanc\u00e9s, qui ne trouvent pas leur place dans le syst\u00e8me scolaire classique. Dans des classes \u00e0 effectifs r\u00e9duits et entour\u00e9s de professeurs attentifs, motiv\u00e9s, \u2026 et ne comptant pas leur temps et leurs efforts, les \u00e9l\u00e8ves pouvaient travailler dans d\u2019excellentes conditions. Pensionnaires ou non, ceux-ci b\u00e9n\u00e9ficiaient \u00e0 ACADIS d\u2019un cadre pr\u00e9serv\u00e9 en plein c\u0153ur de Bordeaux.<\/p>\n<p>L\u2019\u00e9tablissement \u00e9tait dot\u00e9 de tous les moyens mat\u00e9riels de travail associ\u00e9s aux nouvelles technologies et d\u2019une \u00e9quipe p\u00e9dagogique enti\u00e8rement d\u00e9vou\u00e9e aux \u00e9l\u00e8ves. H\u00e9las, les fonds priv\u00e9s venant \u00e0 manquer et ne trouvant pas de soutien aupr\u00e8s des collectivit\u00e9s de l\u2019\u00e9poque, Patrick BAUDRY subvint seul aux frais encourus une ann\u00e9e de plus et il d\u00fbt fermer les portes d\u2019ACADIS \u00e0 la fin de l\u2019ann\u00e9e scolaire 2002-2003.<\/p>\n<p>Malgr\u00e9 cela, aujourd\u2019hui encore, au d\u00e9tour d\u2019une conf\u00e9rence ou d\u2019une manifestation publique, Patrick BAUDRY rencontre d\u2019anciens \u00e9l\u00e8ves d\u2019ACADIS et leurs \u00e9changes sont toujours riches de ce que cet \u00e9tablissement avait pu apporter \u00e0 ces \u00e9l\u00e8ves. En effet, ceux-ci avaient pu profiter au maximum de l\u2019incroyable mani\u00e8re d\u2019enseigner dans cet \u00e9tablissement qui dispensait pourtant le m\u00eame contenu que les \u00e9tablissements scolaires publics ou priv\u00e9s sous contrat. En tout cas, tous en avaient gagn\u00e9 confiance en eux-m\u00eames et une incroyable qualit\u00e9 p\u00e9dagogique.<\/p>\n<p>Certains d\u2019entre vous \u00eates peut-\u00eatre m\u00eame d\u2019anciens \u00e9l\u00e8ves d\u2019ACADIS et Patrick BAUDRY sera toujours heureux de recueillir vos t\u00e9moignages, alors, si tel est le cas, n\u2019h\u00e9sitez-pas !<\/p>\n","protected":false},"excerpt":{"rendered":"<p>Pour avancer vers le monde de demain Patrick BAUDRY a toujours eu \u00e0 c\u0153ur de donner aux enfants une \u00e9ducation solide et de trouver des solutions innovantes afin d\u2019\u00e9laborer le plus grand nombre de possibilit\u00e9s pour que ceux-ci, quelle que soit leur origine, puissent d\u00e9couvrir quels sont leurs r\u00eaves. Les aider \u00e0 trouver les moyens [&hellip;]<\/p>\n","protected":false},"author":1,"featured_media":0,"parent":334,"menu_order":2,"comment_status":"closed","ping_status":"closed","template":"","meta":{"ngg_post_thumbnail":0},"_links":{"self":[{"href":"https:\/\/5ka.fr\/project\/patrickbaudrymirror\/wp-json\/wp\/v2\/pages\/378"}],"collection":[{"href":"https:\/\/5ka.fr\/project\/patrickbaudrymirror\/wp-json\/wp\/v2\/pages"}],"about":[{"href":"https:\/\/5ka.fr\/project\/patrickbaudrymirror\/wp-json\/wp\/v2\/types\/page"}],"author":[{"embeddable":true,"href":"https:\/\/5ka.fr\/project\/patrickbaudrymirror\/wp-json\/wp\/v2\/users\/1"}],"replies":[{"embeddable":true,"href":"https:\/\/5ka.fr\/project\/patrickbaudrymirror\/wp-json\/wp\/v2\/comments?post=378"}],"version-history":[{"count":2,"href":"https:\/\/5ka.fr\/project\/patrickbaudrymirror\/wp-json\/wp\/v2\/pages\/378\/revisions"}],"predecessor-version":[{"id":385,"href":"https:\/\/5ka.fr\/project\/patrickbaudrymirror\/wp-json\/wp\/v2\/pages\/378\/revisions\/385"}],"up":[{"embeddable":true,"href":"https:\/\/5ka.fr\/project\/patrickbaudrymirror\/wp-json\/wp\/v2\/pages\/334"}],"wp:attachment":[{"href":"https:\/\/5ka.fr\/project\/patrickbaudrymirror\/wp-json\/wp\/v2\/media?parent=378"}],"curies":[{"name":"wp","href":"https:\/\/api.w.org\/{rel}","templated":true}]}}