{"id":334,"date":"2020-05-28T00:57:48","date_gmt":"2020-05-27T22:57:48","guid":{"rendered":"https:\/\/5ka.fr\/project\/patrickbaudrymirror\/?page_id=334"},"modified":"2020-05-28T00:58:26","modified_gmt":"2020-05-27T22:58:26","slug":"334-2","status":"publish","type":"page","link":"https:\/\/5ka.fr\/project\/patrickbaudrymirror\/bio\/334-2\/","title":{"rendered":"Ame d&rsquo;enfant"},"content":{"rendered":"<h3>Qui mieux qu&rsquo;un enfant&#8230;<\/p>\n<div style=\"width: 250px; float: right;\"><!-- default-view.php -->\n<div\n\tclass=\"ngg-galleryoverview default-view \"\n\tid=\"ngg-gallery-21a4b70f12039aba6d6a3536a69132eb-1\">\n\n\t\t<!-- Thumbnails -->\n\t\t\t\t<div id=\"ngg-image-0\" class=\"ngg-gallery-thumbnail-box \" >\n\t\t\t\t        <div class=\"ngg-gallery-thumbnail\">\n            <a href=\"https:\/\/5ka.fr\/project\/patrickbaudrymirror\/wp-content\/gallery\/ame-d-enfant\/01-1987-festival-de-meribel.jpg\"\n               title=\"\"\n               data-src=\"https:\/\/5ka.fr\/project\/patrickbaudrymirror\/wp-content\/gallery\/ame-d-enfant\/01-1987-festival-de-meribel.jpg\"\n               data-thumbnail=\"https:\/\/5ka.fr\/project\/patrickbaudrymirror\/wp-content\/gallery\/ame-d-enfant\/thumbs\/thumbs_01-1987-festival-de-meribel.jpg\"\n               data-image-id=\"142\"\n               data-title=\"01-1987-festival-de-meribel\"\n               data-description=\"\"\n               data-image-slug=\"01-1987-festival-de-meribel\"\n               class=\"ngg-simplelightbox\" rel=\"21a4b70f12039aba6d6a3536a69132eb\">\n                <img\n                    title=\"01-1987-festival-de-meribel\"\n                    alt=\"01-1987-festival-de-meribel\"\n                    src=\"https:\/\/5ka.fr\/project\/patrickbaudrymirror\/wp-content\/gallery\/ame-d-enfant\/thumbs\/thumbs_01-1987-festival-de-meribel.jpg\"\n                    width=\"100\"\n                    height=\"75\"\n                    style=\"max-width:100%;\"\n                \/>\n            <\/a>\n        <\/div>\n\t\t\t\t\t\t\t<\/div> \n\t\t\t\n\t\t\t\t<div id=\"ngg-image-1\" class=\"ngg-gallery-thumbnail-box \" >\n\t\t\t\t        <div class=\"ngg-gallery-thumbnail\">\n            <a href=\"https:\/\/5ka.fr\/project\/patrickbaudrymirror\/wp-content\/gallery\/ame-d-enfant\/02-2009-les-ailes-de-pegase-apprentis-pilotes.jpg\"\n               title=\"\"\n               data-src=\"https:\/\/5ka.fr\/project\/patrickbaudrymirror\/wp-content\/gallery\/ame-d-enfant\/02-2009-les-ailes-de-pegase-apprentis-pilotes.jpg\"\n               data-thumbnail=\"https:\/\/5ka.fr\/project\/patrickbaudrymirror\/wp-content\/gallery\/ame-d-enfant\/thumbs\/thumbs_02-2009-les-ailes-de-pegase-apprentis-pilotes.jpg\"\n               data-image-id=\"143\"\n               data-title=\"02-2009-les-ailes-de-pegase-apprentis-pilotes\"\n               data-description=\"\"\n               data-image-slug=\"02-2009-les-ailes-de-pegase-apprentis-pilotes\"\n               class=\"ngg-simplelightbox\" rel=\"21a4b70f12039aba6d6a3536a69132eb\">\n                <img\n                    title=\"02-2009-les-ailes-de-pegase-apprentis-pilotes\"\n                    alt=\"02-2009-les-ailes-de-pegase-apprentis-pilotes\"\n                    src=\"https:\/\/5ka.fr\/project\/patrickbaudrymirror\/wp-content\/gallery\/ame-d-enfant\/thumbs\/thumbs_02-2009-les-ailes-de-pegase-apprentis-pilotes.jpg\"\n                    width=\"100\"\n                    height=\"75\"\n                    style=\"max-width:100%;\"\n                \/>\n            <\/a>\n        <\/div>\n\t\t\t\t\t\t\t<\/div> \n\t\t\t\n\t\t\t\t<div id=\"ngg-image-2\" class=\"ngg-gallery-thumbnail-box \" >\n\t\t\t\t        <div class=\"ngg-gallery-thumbnail\">\n            <a href=\"https:\/\/5ka.fr\/project\/patrickbaudrymirror\/wp-content\/gallery\/ame-d-enfant\/03-1998-patrick-baudry-avec-jacques-chirac.jpg\"\n               title=\"\"\n               data-src=\"https:\/\/5ka.fr\/project\/patrickbaudrymirror\/wp-content\/gallery\/ame-d-enfant\/03-1998-patrick-baudry-avec-jacques-chirac.jpg\"\n               data-thumbnail=\"https:\/\/5ka.fr\/project\/patrickbaudrymirror\/wp-content\/gallery\/ame-d-enfant\/thumbs\/thumbs_03-1998-patrick-baudry-avec-jacques-chirac.jpg\"\n               data-image-id=\"144\"\n               data-title=\"03-1998-patrick-baudry-avec-jacques-chirac\"\n               data-description=\"\"\n               data-image-slug=\"03-1998-patrick-baudry-avec-jacques-chirac\"\n               class=\"ngg-simplelightbox\" rel=\"21a4b70f12039aba6d6a3536a69132eb\">\n                <img\n                    title=\"03-1998-patrick-baudry-avec-jacques-chirac\"\n                    alt=\"03-1998-patrick-baudry-avec-jacques-chirac\"\n                    src=\"https:\/\/5ka.fr\/project\/patrickbaudrymirror\/wp-content\/gallery\/ame-d-enfant\/thumbs\/thumbs_03-1998-patrick-baudry-avec-jacques-chirac.jpg\"\n                    width=\"100\"\n                    height=\"75\"\n                    style=\"max-width:100%;\"\n                \/>\n            <\/a>\n        <\/div>\n\t\t\t\t\t\t\t<\/div> \n\t\t\t\n\t\t\t\t<div id=\"ngg-image-3\" class=\"ngg-gallery-thumbnail-box \" >\n\t\t\t\t        <div class=\"ngg-gallery-thumbnail\">\n            <a href=\"https:\/\/5ka.fr\/project\/patrickbaudrymirror\/wp-content\/gallery\/ame-d-enfant\/04-1995-patrick-baudry-avec-des-jeunes.jpg\"\n               title=\"\"\n               data-src=\"https:\/\/5ka.fr\/project\/patrickbaudrymirror\/wp-content\/gallery\/ame-d-enfant\/04-1995-patrick-baudry-avec-des-jeunes.jpg\"\n               data-thumbnail=\"https:\/\/5ka.fr\/project\/patrickbaudrymirror\/wp-content\/gallery\/ame-d-enfant\/thumbs\/thumbs_04-1995-patrick-baudry-avec-des-jeunes.jpg\"\n               data-image-id=\"145\"\n               data-title=\"04-1995-patrick-baudry-avec-des-jeunes\"\n               data-description=\"\"\n               data-image-slug=\"04-1995-patrick-baudry-avec-des-jeunes\"\n               class=\"ngg-simplelightbox\" rel=\"21a4b70f12039aba6d6a3536a69132eb\">\n                <img\n                    title=\"04-1995-patrick-baudry-avec-des-jeunes\"\n                    alt=\"04-1995-patrick-baudry-avec-des-jeunes\"\n                    src=\"https:\/\/5ka.fr\/project\/patrickbaudrymirror\/wp-content\/gallery\/ame-d-enfant\/thumbs\/thumbs_04-1995-patrick-baudry-avec-des-jeunes.jpg\"\n                    width=\"100\"\n                    height=\"75\"\n                    style=\"max-width:100%;\"\n                \/>\n            <\/a>\n        <\/div>\n\t\t\t\t\t\t\t<\/div> \n\t\t\t\n\t\t\t\t<div id=\"ngg-image-4\" class=\"ngg-gallery-thumbnail-box \" >\n\t\t\t\t        <div class=\"ngg-gallery-thumbnail\">\n            <a href=\"https:\/\/5ka.fr\/project\/patrickbaudrymirror\/wp-content\/gallery\/ame-d-enfant\/05-patrick_baudry-chirac-enfants-aeropostale.jpg\"\n               title=\"\"\n               data-src=\"https:\/\/5ka.fr\/project\/patrickbaudrymirror\/wp-content\/gallery\/ame-d-enfant\/05-patrick_baudry-chirac-enfants-aeropostale.jpg\"\n               data-thumbnail=\"https:\/\/5ka.fr\/project\/patrickbaudrymirror\/wp-content\/gallery\/ame-d-enfant\/thumbs\/thumbs_05-patrick_baudry-chirac-enfants-aeropostale.jpg\"\n               data-image-id=\"146\"\n               data-title=\"05-patrick_baudry-chirac-enfants-aeropostale\"\n               data-description=\"\"\n               data-image-slug=\"05-patrick_baudry-chirac-enfants-aeropostale\"\n               class=\"ngg-simplelightbox\" rel=\"21a4b70f12039aba6d6a3536a69132eb\">\n                <img\n                    title=\"05-patrick_baudry-chirac-enfants-aeropostale\"\n                    alt=\"05-patrick_baudry-chirac-enfants-aeropostale\"\n                    src=\"https:\/\/5ka.fr\/project\/patrickbaudrymirror\/wp-content\/gallery\/ame-d-enfant\/thumbs\/thumbs_05-patrick_baudry-chirac-enfants-aeropostale.jpg\"\n                    width=\"100\"\n                    height=\"75\"\n                    style=\"max-width:100%;\"\n                \/>\n            <\/a>\n        <\/div>\n\t\t\t\t\t\t\t<\/div> \n\t\t\t\n\t\t\t\t<div id=\"ngg-image-5\" class=\"ngg-gallery-thumbnail-box \" >\n\t\t\t\t        <div class=\"ngg-gallery-thumbnail\">\n            <a href=\"https:\/\/5ka.fr\/project\/patrickbaudrymirror\/wp-content\/gallery\/ame-d-enfant\/06-1998-juste-avant-le-depart-du-catalina.jpg\"\n               title=\"\"\n               data-src=\"https:\/\/5ka.fr\/project\/patrickbaudrymirror\/wp-content\/gallery\/ame-d-enfant\/06-1998-juste-avant-le-depart-du-catalina.jpg\"\n               data-thumbnail=\"https:\/\/5ka.fr\/project\/patrickbaudrymirror\/wp-content\/gallery\/ame-d-enfant\/thumbs\/thumbs_06-1998-juste-avant-le-depart-du-catalina.jpg\"\n               data-image-id=\"147\"\n               data-title=\"06-1998-juste-avant-le-depart-du-catalina\"\n               data-description=\"\"\n               data-image-slug=\"06-1998-juste-avant-le-depart-du-catalina\"\n               class=\"ngg-simplelightbox\" rel=\"21a4b70f12039aba6d6a3536a69132eb\">\n                <img\n                    title=\"06-1998-juste-avant-le-depart-du-catalina\"\n                    alt=\"06-1998-juste-avant-le-depart-du-catalina\"\n                    src=\"https:\/\/5ka.fr\/project\/patrickbaudrymirror\/wp-content\/gallery\/ame-d-enfant\/thumbs\/thumbs_06-1998-juste-avant-le-depart-du-catalina.jpg\"\n                    width=\"100\"\n                    height=\"75\"\n                    style=\"max-width:100%;\"\n                \/>\n            <\/a>\n        <\/div>\n\t\t\t\t\t\t\t<\/div> \n\t\t\t\n\t\t\t\t<div id=\"ngg-image-6\" class=\"ngg-gallery-thumbnail-box \" >\n\t\t\t\t        <div class=\"ngg-gallery-thumbnail\">\n            <a href=\"https:\/\/5ka.fr\/project\/patrickbaudrymirror\/wp-content\/gallery\/ame-d-enfant\/07-2009-a-l_inauguration-les-ailes-de-pegase.jpg\"\n               title=\"\"\n               data-src=\"https:\/\/5ka.fr\/project\/patrickbaudrymirror\/wp-content\/gallery\/ame-d-enfant\/07-2009-a-l_inauguration-les-ailes-de-pegase.jpg\"\n               data-thumbnail=\"https:\/\/5ka.fr\/project\/patrickbaudrymirror\/wp-content\/gallery\/ame-d-enfant\/thumbs\/thumbs_07-2009-a-l_inauguration-les-ailes-de-pegase.jpg\"\n               data-image-id=\"148\"\n               data-title=\"07-2009-a-l_inauguration-les-ailes-de-pegase\"\n               data-description=\"\"\n               data-image-slug=\"07-2009-a-l_inauguration-les-ailes-de-pegase\"\n               class=\"ngg-simplelightbox\" rel=\"21a4b70f12039aba6d6a3536a69132eb\">\n                <img\n                    title=\"07-2009-a-l_inauguration-les-ailes-de-pegase\"\n                    alt=\"07-2009-a-l_inauguration-les-ailes-de-pegase\"\n                    src=\"https:\/\/5ka.fr\/project\/patrickbaudrymirror\/wp-content\/gallery\/ame-d-enfant\/thumbs\/thumbs_07-2009-a-l_inauguration-les-ailes-de-pegase.jpg\"\n                    width=\"100\"\n                    height=\"75\"\n                    style=\"max-width:100%;\"\n                \/>\n            <\/a>\n        <\/div>\n\t\t\t\t\t\t\t<\/div> \n\t\t\t\n\t\t\t\t<div id=\"ngg-image-7\" class=\"ngg-gallery-thumbnail-box \" >\n\t\t\t\t        <div class=\"ngg-gallery-thumbnail\">\n            <a href=\"https:\/\/5ka.fr\/project\/patrickbaudrymirror\/wp-content\/gallery\/ame-d-enfant\/08-2004-ecole-buissonniere-de-montreal.jpg\"\n               title=\"\"\n               data-src=\"https:\/\/5ka.fr\/project\/patrickbaudrymirror\/wp-content\/gallery\/ame-d-enfant\/08-2004-ecole-buissonniere-de-montreal.jpg\"\n               data-thumbnail=\"https:\/\/5ka.fr\/project\/patrickbaudrymirror\/wp-content\/gallery\/ame-d-enfant\/thumbs\/thumbs_08-2004-ecole-buissonniere-de-montreal.jpg\"\n               data-image-id=\"149\"\n               data-title=\"08-2004-ecole-buissonniere-de-montreal\"\n               data-description=\"\"\n               data-image-slug=\"08-2004-ecole-buissonniere-de-montreal\"\n               class=\"ngg-simplelightbox\" rel=\"21a4b70f12039aba6d6a3536a69132eb\">\n                <img\n                    title=\"08-2004-ecole-buissonniere-de-montreal\"\n                    alt=\"08-2004-ecole-buissonniere-de-montreal\"\n                    src=\"https:\/\/5ka.fr\/project\/patrickbaudrymirror\/wp-content\/gallery\/ame-d-enfant\/thumbs\/thumbs_08-2004-ecole-buissonniere-de-montreal.jpg\"\n                    width=\"100\"\n                    height=\"75\"\n                    style=\"max-width:100%;\"\n                \/>\n            <\/a>\n        <\/div>\n\t\t\t\t\t\t\t<\/div> \n\t\t\t\n\t\t\t\t<div id=\"ngg-image-8\" class=\"ngg-gallery-thumbnail-box \" >\n\t\t\t\t        <div class=\"ngg-gallery-thumbnail\">\n            <a href=\"https:\/\/5ka.fr\/project\/patrickbaudrymirror\/wp-content\/gallery\/ame-d-enfant\/09-2008-lycee-francais-de-new-york.jpg\"\n               title=\"\"\n               data-src=\"https:\/\/5ka.fr\/project\/patrickbaudrymirror\/wp-content\/gallery\/ame-d-enfant\/09-2008-lycee-francais-de-new-york.jpg\"\n               data-thumbnail=\"https:\/\/5ka.fr\/project\/patrickbaudrymirror\/wp-content\/gallery\/ame-d-enfant\/thumbs\/thumbs_09-2008-lycee-francais-de-new-york.jpg\"\n               data-image-id=\"150\"\n               data-title=\"09-2008-lycee-francais-de-new-york\"\n               data-description=\"\"\n               data-image-slug=\"09-2008-lycee-francais-de-new-york\"\n               class=\"ngg-simplelightbox\" rel=\"21a4b70f12039aba6d6a3536a69132eb\">\n                <img\n                    title=\"09-2008-lycee-francais-de-new-york\"\n                    alt=\"09-2008-lycee-francais-de-new-york\"\n                    src=\"https:\/\/5ka.fr\/project\/patrickbaudrymirror\/wp-content\/gallery\/ame-d-enfant\/thumbs\/thumbs_09-2008-lycee-francais-de-new-york.jpg\"\n                    width=\"100\"\n                    height=\"75\"\n                    style=\"max-width:100%;\"\n                \/>\n            <\/a>\n        <\/div>\n\t\t\t\t\t\t\t<\/div> \n\t\t\t\n\t\n\t<br style=\"clear: both\" \/>\n\n\t\n\t\t<!-- Pagination -->\n\t<div class='ngg-clear'><\/div>\t<\/div>\n<\/div>\n<\/h3>\n<p>&#8230; peut comprendre aussi bien les enfants ? Et, c\u2019est sans doute un peu ce que Patrick Baudry est rest\u00e9 ! Enfant, il savait qu\u2019il voulait voler, et c\u2019est ce r\u00eave d\u2019enfant qui l\u2019a d\u2019abord port\u00e9 puis qu\u2019il a rattrap\u00e9 lors de ses vols dans un Ciel o\u00f9 se c\u00f4toyaient les images du pr\u00e9sent et celles d\u2019un pass\u00e9 devenu lointain. Ce pass\u00e9 \u00e9tait celui d\u2019un petit gar\u00e7on intr\u00e9pide pr\u00eat \u00e0 tout pour approcher, puis \u00ab hanter \u00bb les pistes. Il ne les a pas hant\u00e9es longtemps, il y surgissait et en partait presque aussi vite que ses avions eux-m\u00eames !<\/p>\n<p>Et, quoi qu\u2019il ait fait par la suite, il a toujours gard\u00e9 \u00e0 c\u0153ur de s\u2019occuper des enfants, de susciter en eux cette m\u00eame vocation, ou d\u2019autres, personnelles, qui pouvaient, \u00e0 leur tour, les animer. Il a juste voulu que le maximum d\u2019enfants puissent trouver la voie qui \u00e9tait la leur parce qu\u2019il est conscient d\u2019avoir eu cette chance tout jeune, et, toute sa vie durant, il a mont\u00e9 projet, apr\u00e8s projet, pour leur permettre de s\u2019\u00e9lever au niveau de leurs r\u00eaves.<\/p>\n<p>Tout naturellement, une partie de sa vie vient donc remplir les pages de cette rubrique consacr\u00e9e \u00e0 ce qu\u2019il a fait, \u00e0 ce qu\u2019il fait pour eux. Un petit espace m\u00eame leur est r\u00e9serv\u00e9 pour venir r\u00eaver, cr\u00e9er, et imaginer un meilleur demain auquel il leur r\u00e9pondra toujours avec plaisir.<\/p>\n<p>Vous entrez ici au jardin d\u2019enfants de Patrick Baudry, celui qu\u2019il ne quitte jamais vraiment, car, quoi qu\u2019il entreprenne, vous le verrez toujours plus heureux au milieu d\u2019eux qu\u2019il associe \u00e0 ses projets d\u00e8s qu\u2019il le peut !<\/p>\n","protected":false},"excerpt":{"rendered":"<p>Qui mieux qu&rsquo;un enfant&#8230; &#8230; peut comprendre aussi bien les enfants ? Et, c\u2019est sans doute un peu ce que Patrick Baudry est rest\u00e9 ! Enfant, il savait qu\u2019il voulait voler, et c\u2019est ce r\u00eave d\u2019enfant qui l\u2019a d\u2019abord port\u00e9 puis qu\u2019il a rattrap\u00e9 lors de ses vols dans un Ciel o\u00f9 se c\u00f4toyaient les [&hellip;]<\/p>\n","protected":false},"author":1,"featured_media":0,"parent":159,"menu_order":6,"comment_status":"closed","ping_status":"closed","template":"","meta":{"ngg_post_thumbnail":0},"_links":{"self":[{"href":"https:\/\/5ka.fr\/project\/patrickbaudrymirror\/wp-json\/wp\/v2\/pages\/334"}],"collection":[{"href":"https:\/\/5ka.fr\/project\/patrickbaudrymirror\/wp-json\/wp\/v2\/pages"}],"about":[{"href":"https:\/\/5ka.fr\/project\/patrickbaudrymirror\/wp-json\/wp\/v2\/types\/page"}],"author":[{"embeddable":true,"href":"https:\/\/5ka.fr\/project\/patrickbaudrymirror\/wp-json\/wp\/v2\/users\/1"}],"replies":[{"embeddable":true,"href":"https:\/\/5ka.fr\/project\/patrickbaudrymirror\/wp-json\/wp\/v2\/comments?post=334"}],"version-history":[{"count":3,"href":"https:\/\/5ka.fr\/project\/patrickbaudrymirror\/wp-json\/wp\/v2\/pages\/334\/revisions"}],"predecessor-version":[{"id":337,"href":"https:\/\/5ka.fr\/project\/patrickbaudrymirror\/wp-json\/wp\/v2\/pages\/334\/revisions\/337"}],"up":[{"embeddable":true,"href":"https:\/\/5ka.fr\/project\/patrickbaudrymirror\/wp-json\/wp\/v2\/pages\/159"}],"wp:attachment":[{"href":"https:\/\/5ka.fr\/project\/patrickbaudrymirror\/wp-json\/wp\/v2\/media?parent=334"}],"curies":[{"name":"wp","href":"https:\/\/api.w.org\/{rel}","templated":true}]}}