{"id":230,"date":"2020-05-28T00:13:28","date_gmt":"2020-05-27T22:13:28","guid":{"rendered":"https:\/\/5ka.fr\/project\/patrickbaudrymirror\/?page_id=230"},"modified":"2021-05-13T15:10:39","modified_gmt":"2021-05-13T13:10:39","slug":"le-johnson-space-center","status":"publish","type":"page","link":"https:\/\/5ka.fr\/project\/patrickbaudrymirror\/bio\/biographie\/le-johnson-space-center\/","title":{"rendered":"Le Johnson Space Center"},"content":{"rendered":"<h3>1982 \u00e0 Juin 1983 &#8211; Retour en France<\/p>\n<div style=\"width: 250px; float: right;\"><!-- default-view.php -->\n<div\n\tclass=\"ngg-galleryoverview default-view \"\n\tid=\"ngg-gallery-253a026d8694b1d6486ba0f8fce39e71-1\">\n\n\t\t<!-- Thumbnails -->\n\t\t\t\t<div id=\"ngg-image-0\" class=\"ngg-gallery-thumbnail-box \" >\n\t\t\t\t        <div class=\"ngg-gallery-thumbnail\">\n            <a href=\"https:\/\/5ka.fr\/project\/patrickbaudrymirror\/wp-content\/gallery\/le-johnson-space-center\/1-patrick_baudry_astronaute.jpg\"\n               title=\"\"\n               data-src=\"https:\/\/5ka.fr\/project\/patrickbaudrymirror\/wp-content\/gallery\/le-johnson-space-center\/1-patrick_baudry_astronaute.jpg\"\n               data-thumbnail=\"https:\/\/5ka.fr\/project\/patrickbaudrymirror\/wp-content\/gallery\/le-johnson-space-center\/thumbs\/thumbs_1-patrick_baudry_astronaute.jpg\"\n               data-image-id=\"87\"\n               data-title=\"1-patrick_baudry_astronaute\"\n               data-description=\"\"\n               data-image-slug=\"1-patrick_baudry_astronaute\"\n               class=\"ngg-simplelightbox\" rel=\"253a026d8694b1d6486ba0f8fce39e71\">\n                <img\n                    title=\"1-patrick_baudry_astronaute\"\n                    alt=\"1-patrick_baudry_astronaute\"\n                    src=\"https:\/\/5ka.fr\/project\/patrickbaudrymirror\/wp-content\/gallery\/le-johnson-space-center\/thumbs\/thumbs_1-patrick_baudry_astronaute.jpg\"\n                    width=\"100\"\n                    height=\"75\"\n                    style=\"max-width:100%;\"\n                \/>\n            <\/a>\n        <\/div>\n\t\t\t\t\t\t\t<\/div> \n\t\t\t\n\t\t\t\t<div id=\"ngg-image-1\" class=\"ngg-gallery-thumbnail-box \" >\n\t\t\t\t        <div class=\"ngg-gallery-thumbnail\">\n            <a href=\"https:\/\/5ka.fr\/project\/patrickbaudrymirror\/wp-content\/gallery\/le-johnson-space-center\/2-patrick_baudry_astronaute.jpg\"\n               title=\"\"\n               data-src=\"https:\/\/5ka.fr\/project\/patrickbaudrymirror\/wp-content\/gallery\/le-johnson-space-center\/2-patrick_baudry_astronaute.jpg\"\n               data-thumbnail=\"https:\/\/5ka.fr\/project\/patrickbaudrymirror\/wp-content\/gallery\/le-johnson-space-center\/thumbs\/thumbs_2-patrick_baudry_astronaute.jpg\"\n               data-image-id=\"88\"\n               data-title=\"2-patrick_baudry_astronaute\"\n               data-description=\"\"\n               data-image-slug=\"2-patrick_baudry_astronaute\"\n               class=\"ngg-simplelightbox\" rel=\"253a026d8694b1d6486ba0f8fce39e71\">\n                <img\n                    title=\"2-patrick_baudry_astronaute\"\n                    alt=\"2-patrick_baudry_astronaute\"\n                    src=\"https:\/\/5ka.fr\/project\/patrickbaudrymirror\/wp-content\/gallery\/le-johnson-space-center\/thumbs\/thumbs_2-patrick_baudry_astronaute.jpg\"\n                    width=\"100\"\n                    height=\"75\"\n                    style=\"max-width:100%;\"\n                \/>\n            <\/a>\n        <\/div>\n\t\t\t\t\t\t\t<\/div> \n\t\t\t\n\t\t\t\t<div id=\"ngg-image-2\" class=\"ngg-gallery-thumbnail-box \" >\n\t\t\t\t        <div class=\"ngg-gallery-thumbnail\">\n            <a href=\"https:\/\/5ka.fr\/project\/patrickbaudrymirror\/wp-content\/gallery\/le-johnson-space-center\/3-patrick_baudry_astronaute.jpg\"\n               title=\"\"\n               data-src=\"https:\/\/5ka.fr\/project\/patrickbaudrymirror\/wp-content\/gallery\/le-johnson-space-center\/3-patrick_baudry_astronaute.jpg\"\n               data-thumbnail=\"https:\/\/5ka.fr\/project\/patrickbaudrymirror\/wp-content\/gallery\/le-johnson-space-center\/thumbs\/thumbs_3-patrick_baudry_astronaute.jpg\"\n               data-image-id=\"89\"\n               data-title=\"3-patrick_baudry_astronaute\"\n               data-description=\"\"\n               data-image-slug=\"3-patrick_baudry_astronaute\"\n               class=\"ngg-simplelightbox\" rel=\"253a026d8694b1d6486ba0f8fce39e71\">\n                <img\n                    title=\"3-patrick_baudry_astronaute\"\n                    alt=\"3-patrick_baudry_astronaute\"\n                    src=\"https:\/\/5ka.fr\/project\/patrickbaudrymirror\/wp-content\/gallery\/le-johnson-space-center\/thumbs\/thumbs_3-patrick_baudry_astronaute.jpg\"\n                    width=\"100\"\n                    height=\"75\"\n                    style=\"max-width:100%;\"\n                \/>\n            <\/a>\n        <\/div>\n\t\t\t\t\t\t\t<\/div> \n\t\t\t\n\t\t\t\t<div id=\"ngg-image-3\" class=\"ngg-gallery-thumbnail-box \" >\n\t\t\t\t        <div class=\"ngg-gallery-thumbnail\">\n            <a href=\"https:\/\/5ka.fr\/project\/patrickbaudrymirror\/wp-content\/gallery\/le-johnson-space-center\/4-patrick_baudry_astronaute.jpg\"\n               title=\"\"\n               data-src=\"https:\/\/5ka.fr\/project\/patrickbaudrymirror\/wp-content\/gallery\/le-johnson-space-center\/4-patrick_baudry_astronaute.jpg\"\n               data-thumbnail=\"https:\/\/5ka.fr\/project\/patrickbaudrymirror\/wp-content\/gallery\/le-johnson-space-center\/thumbs\/thumbs_4-patrick_baudry_astronaute.jpg\"\n               data-image-id=\"90\"\n               data-title=\"4-patrick_baudry_astronaute\"\n               data-description=\"\"\n               data-image-slug=\"4-patrick_baudry_astronaute\"\n               class=\"ngg-simplelightbox\" rel=\"253a026d8694b1d6486ba0f8fce39e71\">\n                <img\n                    title=\"4-patrick_baudry_astronaute\"\n                    alt=\"4-patrick_baudry_astronaute\"\n                    src=\"https:\/\/5ka.fr\/project\/patrickbaudrymirror\/wp-content\/gallery\/le-johnson-space-center\/thumbs\/thumbs_4-patrick_baudry_astronaute.jpg\"\n                    width=\"100\"\n                    height=\"75\"\n                    style=\"max-width:100%;\"\n                \/>\n            <\/a>\n        <\/div>\n\t\t\t\t\t\t\t<\/div> \n\t\t\t\n\t\t\t\t<div id=\"ngg-image-4\" class=\"ngg-gallery-thumbnail-box \" >\n\t\t\t\t        <div class=\"ngg-gallery-thumbnail\">\n            <a href=\"https:\/\/5ka.fr\/project\/patrickbaudrymirror\/wp-content\/gallery\/le-johnson-space-center\/5-patrick_baudry_astronaute.jpg\"\n               title=\"\"\n               data-src=\"https:\/\/5ka.fr\/project\/patrickbaudrymirror\/wp-content\/gallery\/le-johnson-space-center\/5-patrick_baudry_astronaute.jpg\"\n               data-thumbnail=\"https:\/\/5ka.fr\/project\/patrickbaudrymirror\/wp-content\/gallery\/le-johnson-space-center\/thumbs\/thumbs_5-patrick_baudry_astronaute.jpg\"\n               data-image-id=\"91\"\n               data-title=\"5-patrick_baudry_astronaute\"\n               data-description=\"\"\n               data-image-slug=\"5-patrick_baudry_astronaute\"\n               class=\"ngg-simplelightbox\" rel=\"253a026d8694b1d6486ba0f8fce39e71\">\n                <img\n                    title=\"5-patrick_baudry_astronaute\"\n                    alt=\"5-patrick_baudry_astronaute\"\n                    src=\"https:\/\/5ka.fr\/project\/patrickbaudrymirror\/wp-content\/gallery\/le-johnson-space-center\/thumbs\/thumbs_5-patrick_baudry_astronaute.jpg\"\n                    width=\"100\"\n                    height=\"75\"\n                    style=\"max-width:100%;\"\n                \/>\n            <\/a>\n        <\/div>\n\t\t\t\t\t\t\t<\/div> \n\t\t\t\n\t\t\t\t<div id=\"ngg-image-5\" class=\"ngg-gallery-thumbnail-box \" >\n\t\t\t\t        <div class=\"ngg-gallery-thumbnail\">\n            <a href=\"https:\/\/5ka.fr\/project\/patrickbaudrymirror\/wp-content\/gallery\/le-johnson-space-center\/6-patrick_baudry_astronaute.jpg\"\n               title=\"\"\n               data-src=\"https:\/\/5ka.fr\/project\/patrickbaudrymirror\/wp-content\/gallery\/le-johnson-space-center\/6-patrick_baudry_astronaute.jpg\"\n               data-thumbnail=\"https:\/\/5ka.fr\/project\/patrickbaudrymirror\/wp-content\/gallery\/le-johnson-space-center\/thumbs\/thumbs_6-patrick_baudry_astronaute.jpg\"\n               data-image-id=\"92\"\n               data-title=\"6-patrick_baudry_astronaute\"\n               data-description=\"\"\n               data-image-slug=\"6-patrick_baudry_astronaute\"\n               class=\"ngg-simplelightbox\" rel=\"253a026d8694b1d6486ba0f8fce39e71\">\n                <img\n                    title=\"6-patrick_baudry_astronaute\"\n                    alt=\"6-patrick_baudry_astronaute\"\n                    src=\"https:\/\/5ka.fr\/project\/patrickbaudrymirror\/wp-content\/gallery\/le-johnson-space-center\/thumbs\/thumbs_6-patrick_baudry_astronaute.jpg\"\n                    width=\"100\"\n                    height=\"75\"\n                    style=\"max-width:100%;\"\n                \/>\n            <\/a>\n        <\/div>\n\t\t\t\t\t\t\t<\/div> \n\t\t\t\n\t\n\t<br style=\"clear: both\" \/>\n\n\t\n\t\t<!-- Pagination -->\n\t<div class='ngg-clear'><\/div>\t<\/div>\n<\/div>\n<\/h3>\n<p>Patrick Baudry rentre en France et maintient un entra\u00eenement sportif de haut niveau. Il effectue alors, comme cela est la r\u00e8gle, le compte-rendu du vol avec les sovi\u00e9tiques et pr\u00e9pare, en parall\u00e8le, mais non moins activement, le premier vol Franco-am\u00e9ricain dont la d\u00e9cision est prise en mars 1983.<\/p>\n<h3>Juin 1983 \u00e0 1985 &#8211; Astronaute<\/h3>\n<p>Patrick BAUDRY est ensuite s\u00e9lectionn\u00e9 pour voler \u00e0 bord de la navette am\u00e9ricaine, et s\u2019entra\u00eene \u00e0 Houston, au Texas, au Johnson Space Center, Centre d\u2019entra\u00eenement des astronautes am\u00e9ricains, durant pr\u00e8s de deux ann\u00e9es. Jean-Loup devient alors la doublure de Patrick, il n\u2019allait tout de m\u00eame pas laisser son camarade \u00ab\u00a0des Campagnes de Russie\u00a0\u00bb ne pas savourer avec lui les joies toutes nouvelles des d\u00e9couvertes texanes !<br \/>\n<iframe loading=\"lazy\" width=\"620\" height=\"489\" src=\"https:\/\/www.youtube.com\/embed\/OLmQPkho9sU\" title=\"YouTube video player\" frameborder=\"0\" allow=\"accelerometer; autoplay; clipboard-write; encrypted-media; gyroscope; picture-in-picture\" allowfullscreen=\"\"><\/iframe><br \/>\nPatrick pr\u00e9pare, alors, tout d\u2019abord, un vol \u00e0 bord de Challenger (Mission 51 E), annul\u00e9 pour des raisons techniques apr\u00e8s une dizaine de reports de tir. Il vole finalement sur Discovery du 17 au 24 Juin 1985, d\u00e9collant de Cap Canaveral en Floride et atterrissant sur la Base d\u2019Edwards en Californie, apr\u00e8s quelques probl\u00e8mes survenus pendant le vol et les emp\u00eachant de se poser en Floride comme le veut la proc\u00e9dure courante. Double casquette pour ce vol : sp\u00e9cialiste de charge utile et responsable d\u2019un programme scientifique et m\u00e9dical (adaptation cardio-vasculaire et physiologie neuro-sensorielle), il fait l\u2019apprentissage de l\u2019Espace, cette fois-ci, dans la r\u00e9alit\u00e9 ! 7 jours entre Ciel et Terre \u00e0 travailler, partager avec ses compagnons de vol la plus extraordinaire des aventures. Pionnier de l\u2019Espace &#8211; tr\u00e8s peu de non russes ou non am\u00e9ricains ont vol\u00e9 \u00e0 cette \u00e9poque &#8211; , il savoure chaque vision de la terre, notre berceau, qu\u2019il peut arracher au temps et au hublot !<\/p>\n","protected":false},"excerpt":{"rendered":"<p>1982 \u00e0 Juin 1983 &#8211; Retour en France Patrick Baudry rentre en France et maintient un entra\u00eenement sportif de haut niveau. Il effectue alors, comme cela est la r\u00e8gle, le compte-rendu du vol avec les sovi\u00e9tiques et pr\u00e9pare, en parall\u00e8le, mais non moins activement, le premier vol Franco-am\u00e9ricain dont la d\u00e9cision est prise en mars [&hellip;]<\/p>\n","protected":false},"author":1,"featured_media":0,"parent":163,"menu_order":6,"comment_status":"closed","ping_status":"closed","template":"","meta":{"ngg_post_thumbnail":0},"_links":{"self":[{"href":"https:\/\/5ka.fr\/project\/patrickbaudrymirror\/wp-json\/wp\/v2\/pages\/230"}],"collection":[{"href":"https:\/\/5ka.fr\/project\/patrickbaudrymirror\/wp-json\/wp\/v2\/pages"}],"about":[{"href":"https:\/\/5ka.fr\/project\/patrickbaudrymirror\/wp-json\/wp\/v2\/types\/page"}],"author":[{"embeddable":true,"href":"https:\/\/5ka.fr\/project\/patrickbaudrymirror\/wp-json\/wp\/v2\/users\/1"}],"replies":[{"embeddable":true,"href":"https:\/\/5ka.fr\/project\/patrickbaudrymirror\/wp-json\/wp\/v2\/comments?post=230"}],"version-history":[{"count":6,"href":"https:\/\/5ka.fr\/project\/patrickbaudrymirror\/wp-json\/wp\/v2\/pages\/230\/revisions"}],"predecessor-version":[{"id":1822,"href":"https:\/\/5ka.fr\/project\/patrickbaudrymirror\/wp-json\/wp\/v2\/pages\/230\/revisions\/1822"}],"up":[{"embeddable":true,"href":"https:\/\/5ka.fr\/project\/patrickbaudrymirror\/wp-json\/wp\/v2\/pages\/163"}],"wp:attachment":[{"href":"https:\/\/5ka.fr\/project\/patrickbaudrymirror\/wp-json\/wp\/v2\/media?parent=230"}],"curies":[{"name":"wp","href":"https:\/\/api.w.org\/{rel}","templated":true}]}}