{"id":219,"date":"2020-05-28T00:07:21","date_gmt":"2020-05-27T22:07:21","guid":{"rendered":"https:\/\/5ka.fr\/project\/patrickbaudrymirror\/?page_id=219"},"modified":"2020-05-28T00:08:45","modified_gmt":"2020-05-27T22:08:45","slug":"la-cite-des-etoiles","status":"publish","type":"page","link":"https:\/\/5ka.fr\/project\/patrickbaudrymirror\/bio\/biographie\/la-cite-des-etoiles\/","title":{"rendered":"La Cit\u00e9 des Etoiles"},"content":{"rendered":"<h3>Patrick devient cosmonaute<\/p>\n<div style=\"width: 250px; float: right;\"><!-- default-view.php -->\n<div\n\tclass=\"ngg-galleryoverview default-view \"\n\tid=\"ngg-gallery-705826f3331f5fb5d713c813cc47591f-1\">\n\n\t\t<!-- Thumbnails -->\n\t\t\t\t<div id=\"ngg-image-0\" class=\"ngg-gallery-thumbnail-box \" >\n\t\t\t\t        <div class=\"ngg-gallery-thumbnail\">\n            <a href=\"https:\/\/5ka.fr\/project\/patrickbaudrymirror\/wp-content\/gallery\/la-cite-des-etoiles\/1-baudry-ceremonie-drapeau.jpg\"\n               title=\"\"\n               data-src=\"https:\/\/5ka.fr\/project\/patrickbaudrymirror\/wp-content\/gallery\/la-cite-des-etoiles\/1-baudry-ceremonie-drapeau.jpg\"\n               data-thumbnail=\"https:\/\/5ka.fr\/project\/patrickbaudrymirror\/wp-content\/gallery\/la-cite-des-etoiles\/thumbs\/thumbs_1-baudry-ceremonie-drapeau.jpg\"\n               data-image-id=\"78\"\n               data-title=\"1-baudry-ceremonie-drapeau\"\n               data-description=\"\"\n               data-image-slug=\"1-baudry-ceremonie-drapeau\"\n               class=\"ngg-simplelightbox\" rel=\"705826f3331f5fb5d713c813cc47591f\">\n                <img\n                    title=\"1-baudry-ceremonie-drapeau\"\n                    alt=\"1-baudry-ceremonie-drapeau\"\n                    src=\"https:\/\/5ka.fr\/project\/patrickbaudrymirror\/wp-content\/gallery\/la-cite-des-etoiles\/thumbs\/thumbs_1-baudry-ceremonie-drapeau.jpg\"\n                    width=\"100\"\n                    height=\"75\"\n                    style=\"max-width:100%;\"\n                \/>\n            <\/a>\n        <\/div>\n\t\t\t\t\t\t\t<\/div> \n\t\t\t\n\t\t\t\t<div id=\"ngg-image-1\" class=\"ngg-gallery-thumbnail-box \" >\n\t\t\t\t        <div class=\"ngg-gallery-thumbnail\">\n            <a href=\"https:\/\/5ka.fr\/project\/patrickbaudrymirror\/wp-content\/gallery\/la-cite-des-etoiles\/2-baudry-russe.jpg\"\n               title=\"\"\n               data-src=\"https:\/\/5ka.fr\/project\/patrickbaudrymirror\/wp-content\/gallery\/la-cite-des-etoiles\/2-baudry-russe.jpg\"\n               data-thumbnail=\"https:\/\/5ka.fr\/project\/patrickbaudrymirror\/wp-content\/gallery\/la-cite-des-etoiles\/thumbs\/thumbs_2-baudry-russe.jpg\"\n               data-image-id=\"79\"\n               data-title=\"2-baudry-russe\"\n               data-description=\"\"\n               data-image-slug=\"2-baudry-russe\"\n               class=\"ngg-simplelightbox\" rel=\"705826f3331f5fb5d713c813cc47591f\">\n                <img\n                    title=\"2-baudry-russe\"\n                    alt=\"2-baudry-russe\"\n                    src=\"https:\/\/5ka.fr\/project\/patrickbaudrymirror\/wp-content\/gallery\/la-cite-des-etoiles\/thumbs\/thumbs_2-baudry-russe.jpg\"\n                    width=\"100\"\n                    height=\"75\"\n                    style=\"max-width:100%;\"\n                \/>\n            <\/a>\n        <\/div>\n\t\t\t\t\t\t\t<\/div> \n\t\t\t\n\t\t\t\t<div id=\"ngg-image-2\" class=\"ngg-gallery-thumbnail-box \" >\n\t\t\t\t        <div class=\"ngg-gallery-thumbnail\">\n            <a href=\"https:\/\/5ka.fr\/project\/patrickbaudrymirror\/wp-content\/gallery\/la-cite-des-etoiles\/3-baudry-chretien-equipement-survie.jpg\"\n               title=\"\"\n               data-src=\"https:\/\/5ka.fr\/project\/patrickbaudrymirror\/wp-content\/gallery\/la-cite-des-etoiles\/3-baudry-chretien-equipement-survie.jpg\"\n               data-thumbnail=\"https:\/\/5ka.fr\/project\/patrickbaudrymirror\/wp-content\/gallery\/la-cite-des-etoiles\/thumbs\/thumbs_3-baudry-chretien-equipement-survie.jpg\"\n               data-image-id=\"80\"\n               data-title=\"3-baudry-chretien-equipement-survie\"\n               data-description=\"\"\n               data-image-slug=\"3-baudry-chretien-equipement-survie\"\n               class=\"ngg-simplelightbox\" rel=\"705826f3331f5fb5d713c813cc47591f\">\n                <img\n                    title=\"3-baudry-chretien-equipement-survie\"\n                    alt=\"3-baudry-chretien-equipement-survie\"\n                    src=\"https:\/\/5ka.fr\/project\/patrickbaudrymirror\/wp-content\/gallery\/la-cite-des-etoiles\/thumbs\/thumbs_3-baudry-chretien-equipement-survie.jpg\"\n                    width=\"100\"\n                    height=\"75\"\n                    style=\"max-width:100%;\"\n                \/>\n            <\/a>\n        <\/div>\n\t\t\t\t\t\t\t<\/div> \n\t\t\t\n\t\t\t\t<div id=\"ngg-image-3\" class=\"ngg-gallery-thumbnail-box \" >\n\t\t\t\t        <div class=\"ngg-gallery-thumbnail\">\n            <a href=\"https:\/\/5ka.fr\/project\/patrickbaudrymirror\/wp-content\/gallery\/la-cite-des-etoiles\/4-baudry-cosmonautes-russes.jpg\"\n               title=\"\"\n               data-src=\"https:\/\/5ka.fr\/project\/patrickbaudrymirror\/wp-content\/gallery\/la-cite-des-etoiles\/4-baudry-cosmonautes-russes.jpg\"\n               data-thumbnail=\"https:\/\/5ka.fr\/project\/patrickbaudrymirror\/wp-content\/gallery\/la-cite-des-etoiles\/thumbs\/thumbs_4-baudry-cosmonautes-russes.jpg\"\n               data-image-id=\"81\"\n               data-title=\"4-baudry-cosmonautes-russes\"\n               data-description=\"\"\n               data-image-slug=\"4-baudry-cosmonautes-russes\"\n               class=\"ngg-simplelightbox\" rel=\"705826f3331f5fb5d713c813cc47591f\">\n                <img\n                    title=\"4-baudry-cosmonautes-russes\"\n                    alt=\"4-baudry-cosmonautes-russes\"\n                    src=\"https:\/\/5ka.fr\/project\/patrickbaudrymirror\/wp-content\/gallery\/la-cite-des-etoiles\/thumbs\/thumbs_4-baudry-cosmonautes-russes.jpg\"\n                    width=\"100\"\n                    height=\"75\"\n                    style=\"max-width:100%;\"\n                \/>\n            <\/a>\n        <\/div>\n\t\t\t\t\t\t\t<\/div> \n\t\t\t\n\t\t\t\t<div id=\"ngg-image-4\" class=\"ngg-gallery-thumbnail-box \" >\n\t\t\t\t        <div class=\"ngg-gallery-thumbnail\">\n            <a href=\"https:\/\/5ka.fr\/project\/patrickbaudrymirror\/wp-content\/gallery\/la-cite-des-etoiles\/5-baudry-entrainement-mer-noire.jpg\"\n               title=\"\"\n               data-src=\"https:\/\/5ka.fr\/project\/patrickbaudrymirror\/wp-content\/gallery\/la-cite-des-etoiles\/5-baudry-entrainement-mer-noire.jpg\"\n               data-thumbnail=\"https:\/\/5ka.fr\/project\/patrickbaudrymirror\/wp-content\/gallery\/la-cite-des-etoiles\/thumbs\/thumbs_5-baudry-entrainement-mer-noire.jpg\"\n               data-image-id=\"82\"\n               data-title=\"5-baudry-entrainement-mer-noire\"\n               data-description=\"\"\n               data-image-slug=\"5-baudry-entrainement-mer-noire\"\n               class=\"ngg-simplelightbox\" rel=\"705826f3331f5fb5d713c813cc47591f\">\n                <img\n                    title=\"5-baudry-entrainement-mer-noire\"\n                    alt=\"5-baudry-entrainement-mer-noire\"\n                    src=\"https:\/\/5ka.fr\/project\/patrickbaudrymirror\/wp-content\/gallery\/la-cite-des-etoiles\/thumbs\/thumbs_5-baudry-entrainement-mer-noire.jpg\"\n                    width=\"100\"\n                    height=\"75\"\n                    style=\"max-width:100%;\"\n                \/>\n            <\/a>\n        <\/div>\n\t\t\t\t\t\t\t<\/div> \n\t\t\t\n\t\t\t\t<div id=\"ngg-image-5\" class=\"ngg-gallery-thumbnail-box \" >\n\t\t\t\t        <div class=\"ngg-gallery-thumbnail\">\n            <a href=\"https:\/\/5ka.fr\/project\/patrickbaudrymirror\/wp-content\/gallery\/la-cite-des-etoiles\/6-baudry-entrainement-cosmonautes-russes.jpg\"\n               title=\"\"\n               data-src=\"https:\/\/5ka.fr\/project\/patrickbaudrymirror\/wp-content\/gallery\/la-cite-des-etoiles\/6-baudry-entrainement-cosmonautes-russes.jpg\"\n               data-thumbnail=\"https:\/\/5ka.fr\/project\/patrickbaudrymirror\/wp-content\/gallery\/la-cite-des-etoiles\/thumbs\/thumbs_6-baudry-entrainement-cosmonautes-russes.jpg\"\n               data-image-id=\"83\"\n               data-title=\"6-baudry-entrainement-cosmonautes-russes\"\n               data-description=\"\"\n               data-image-slug=\"6-baudry-entrainement-cosmonautes-russes\"\n               class=\"ngg-simplelightbox\" rel=\"705826f3331f5fb5d713c813cc47591f\">\n                <img\n                    title=\"6-baudry-entrainement-cosmonautes-russes\"\n                    alt=\"6-baudry-entrainement-cosmonautes-russes\"\n                    src=\"https:\/\/5ka.fr\/project\/patrickbaudrymirror\/wp-content\/gallery\/la-cite-des-etoiles\/thumbs\/thumbs_6-baudry-entrainement-cosmonautes-russes.jpg\"\n                    width=\"100\"\n                    height=\"75\"\n                    style=\"max-width:100%;\"\n                \/>\n            <\/a>\n        <\/div>\n\t\t\t\t\t\t\t<\/div> \n\t\t\t\n\t\t\t\t<div id=\"ngg-image-6\" class=\"ngg-gallery-thumbnail-box \" >\n\t\t\t\t        <div class=\"ngg-gallery-thumbnail\">\n            <a href=\"https:\/\/5ka.fr\/project\/patrickbaudrymirror\/wp-content\/gallery\/la-cite-des-etoiles\/7-baudry-scaphandre-russe.jpg\"\n               title=\"\"\n               data-src=\"https:\/\/5ka.fr\/project\/patrickbaudrymirror\/wp-content\/gallery\/la-cite-des-etoiles\/7-baudry-scaphandre-russe.jpg\"\n               data-thumbnail=\"https:\/\/5ka.fr\/project\/patrickbaudrymirror\/wp-content\/gallery\/la-cite-des-etoiles\/thumbs\/thumbs_7-baudry-scaphandre-russe.jpg\"\n               data-image-id=\"84\"\n               data-title=\"7-baudry-scaphandre-russe\"\n               data-description=\"\"\n               data-image-slug=\"7-baudry-scaphandre-russe\"\n               class=\"ngg-simplelightbox\" rel=\"705826f3331f5fb5d713c813cc47591f\">\n                <img\n                    title=\"7-baudry-scaphandre-russe\"\n                    alt=\"7-baudry-scaphandre-russe\"\n                    src=\"https:\/\/5ka.fr\/project\/patrickbaudrymirror\/wp-content\/gallery\/la-cite-des-etoiles\/thumbs\/thumbs_7-baudry-scaphandre-russe.jpg\"\n                    width=\"100\"\n                    height=\"75\"\n                    style=\"max-width:100%;\"\n                \/>\n            <\/a>\n        <\/div>\n\t\t\t\t\t\t\t<\/div> \n\t\t\t\n\t\t\t\t<div id=\"ngg-image-7\" class=\"ngg-gallery-thumbnail-box \" >\n\t\t\t\t        <div class=\"ngg-gallery-thumbnail\">\n            <a href=\"https:\/\/5ka.fr\/project\/patrickbaudrymirror\/wp-content\/gallery\/la-cite-des-etoiles\/8-baudry-cours-theorique-vol-spatial.jpg\"\n               title=\"\"\n               data-src=\"https:\/\/5ka.fr\/project\/patrickbaudrymirror\/wp-content\/gallery\/la-cite-des-etoiles\/8-baudry-cours-theorique-vol-spatial.jpg\"\n               data-thumbnail=\"https:\/\/5ka.fr\/project\/patrickbaudrymirror\/wp-content\/gallery\/la-cite-des-etoiles\/thumbs\/thumbs_8-baudry-cours-theorique-vol-spatial.jpg\"\n               data-image-id=\"85\"\n               data-title=\"8-baudry-cours-theorique-vol-spatial\"\n               data-description=\"\"\n               data-image-slug=\"8-baudry-cours-theorique-vol-spatial\"\n               class=\"ngg-simplelightbox\" rel=\"705826f3331f5fb5d713c813cc47591f\">\n                <img\n                    title=\"8-baudry-cours-theorique-vol-spatial\"\n                    alt=\"8-baudry-cours-theorique-vol-spatial\"\n                    src=\"https:\/\/5ka.fr\/project\/patrickbaudrymirror\/wp-content\/gallery\/la-cite-des-etoiles\/thumbs\/thumbs_8-baudry-cours-theorique-vol-spatial.jpg\"\n                    width=\"100\"\n                    height=\"75\"\n                    style=\"max-width:100%;\"\n                \/>\n            <\/a>\n        <\/div>\n\t\t\t\t\t\t\t<\/div> \n\t\t\t\n\t\t\t\t<div id=\"ngg-image-8\" class=\"ngg-gallery-thumbnail-box \" >\n\t\t\t\t        <div class=\"ngg-gallery-thumbnail\">\n            <a href=\"https:\/\/5ka.fr\/project\/patrickbaudrymirror\/wp-content\/gallery\/la-cite-des-etoiles\/9-patrick-baudry-fille-melodie.jpg\"\n               title=\"\"\n               data-src=\"https:\/\/5ka.fr\/project\/patrickbaudrymirror\/wp-content\/gallery\/la-cite-des-etoiles\/9-patrick-baudry-fille-melodie.jpg\"\n               data-thumbnail=\"https:\/\/5ka.fr\/project\/patrickbaudrymirror\/wp-content\/gallery\/la-cite-des-etoiles\/thumbs\/thumbs_9-patrick-baudry-fille-melodie.jpg\"\n               data-image-id=\"86\"\n               data-title=\"9-patrick-baudry-fille-melodie\"\n               data-description=\"\"\n               data-image-slug=\"9-patrick-baudry-fille-melodie\"\n               class=\"ngg-simplelightbox\" rel=\"705826f3331f5fb5d713c813cc47591f\">\n                <img\n                    title=\"9-patrick-baudry-fille-melodie\"\n                    alt=\"9-patrick-baudry-fille-melodie\"\n                    src=\"https:\/\/5ka.fr\/project\/patrickbaudrymirror\/wp-content\/gallery\/la-cite-des-etoiles\/thumbs\/thumbs_9-patrick-baudry-fille-melodie.jpg\"\n                    width=\"100\"\n                    height=\"75\"\n                    style=\"max-width:100%;\"\n                \/>\n            <\/a>\n        <\/div>\n\t\t\t\t\t\t\t<\/div> \n\t\t\t\n\t\n\t<br style=\"clear: both\" \/>\n\n\t\n\t\t<!-- Pagination -->\n\t<div class='ngg-clear'><\/div>\t<\/div>\n<\/div>\n<\/h3>\n<p>Avec son arriv\u00e9e \u00e0 Moscou, en URSS \u00e0 l\u2019\u00e9poque, Patrick Baudry porte le titre de Cosmonaute. Il apprend \u00e0 le m\u00e9riter en tous cas. S\u00e9lectionn\u00e9 par le Centre National d\u2019Etudes Spatiales pour former le premier groupe de cosmonautes fran\u00e7ais, il a suivi l\u2019entra\u00eenement de rigueur des cosmonautes sovi\u00e9tiques \u00e0 la Cit\u00e9 des Etoiles pr\u00e8s de Moscou, jusqu\u2019en 1982.<\/p>\n<p>Membre du deuxi\u00e8me \u00e9quipage pour le premier vol spatial franco-sovi\u00e9tique, doublure de Jean-Loup Chr\u00e9tien, il a \u00e9t\u00e9 form\u00e9 pour effectuer des exp\u00e9riences scientifiques dans des domaines tels que la physiologie, la biologie, l\u2019astronomie, l\u2019astro-physique et l\u2019\u00e9laboration de mat\u00e9riaux dans l\u2019Espace. Qualifi\u00e9 pour voler sur le vaisseau spatial russe, il est tout aussi apte que tous ses autres camarades \u00e0 partir dans l\u2019Espace. Mais ce sera, comme cela \u00e9tait pr\u00e9visible &#8211; il est extr\u00eamement rare que la doublure parte \u00e0 la place du s\u00e9lectionn\u00e9 &#8211; Jean-Loup qui ram\u00e8nera \u00e0 Patrick ses premi\u00e8res impressions de l\u2019Espace avant que celui-ci n\u2019aille tutoyer les \u00e9toiles. Chaque chose en son temps, Patrick partira bient\u00f4t. Mais avant cela, \u00e9tant devenu un peu russe-sovi\u00e9tique- il lui faudra laisser ses nouveaux amis sur place et apprendre quelques unes des habitudes fondamentales de vie d\u2019un peuple bien diff\u00e9rents : les Am\u00e9ricains des ann\u00e9es 80 !<\/p>\n<p>En route pour HOUSTON, TEXAS, aux USA !<\/p>\n<div style=\"text-align:center;\">\n<object classid=\"clsid:d27cdb6e-ae6d-11cf-96b8-444553540000\" width=\"640\" height=\"505\" codebase=\"http:\/\/download.macromedia.com\/pub\/shockwave\/cabs\/flash\/swflash.cab#version=6,0,40,0\"><param name=\"allowFullScreen\" value=\"true\"><param name=\"allowscriptaccess\" value=\"always\"><param name=\"src\" value=\"http:\/\/www.youtube.com\/v\/qcFQKfXdfSM&amp;hl=en&amp;fs=1&amp;\"><param name=\"allowfullscreen\" value=\"true\"><param name=\"wmode\" value=\"opaque\"><embed type=\"application\/x-shockwave-flash\" width=\"640\" height=\"505\" src=\"http:\/\/www.youtube.com\/v\/qcFQKfXdfSM&amp;hl=en&amp;fs=1&amp;\" allowscriptaccess=\"always\" allowfullscreen=\"true\" wmode=\"opaque\"><\/object><\/div>\n","protected":false},"excerpt":{"rendered":"<p>Patrick devient cosmonaute Avec son arriv\u00e9e \u00e0 Moscou, en URSS \u00e0 l\u2019\u00e9poque, Patrick Baudry porte le titre de Cosmonaute. Il apprend \u00e0 le m\u00e9riter en tous cas. S\u00e9lectionn\u00e9 par le Centre National d\u2019Etudes Spatiales pour former le premier groupe de cosmonautes fran\u00e7ais, il a suivi l\u2019entra\u00eenement de rigueur des cosmonautes sovi\u00e9tiques \u00e0 la Cit\u00e9 des [&hellip;]<\/p>\n","protected":false},"author":1,"featured_media":0,"parent":163,"menu_order":5,"comment_status":"closed","ping_status":"closed","template":"","meta":{"ngg_post_thumbnail":0},"_links":{"self":[{"href":"https:\/\/5ka.fr\/project\/patrickbaudrymirror\/wp-json\/wp\/v2\/pages\/219"}],"collection":[{"href":"https:\/\/5ka.fr\/project\/patrickbaudrymirror\/wp-json\/wp\/v2\/pages"}],"about":[{"href":"https:\/\/5ka.fr\/project\/patrickbaudrymirror\/wp-json\/wp\/v2\/types\/page"}],"author":[{"embeddable":true,"href":"https:\/\/5ka.fr\/project\/patrickbaudrymirror\/wp-json\/wp\/v2\/users\/1"}],"replies":[{"embeddable":true,"href":"https:\/\/5ka.fr\/project\/patrickbaudrymirror\/wp-json\/wp\/v2\/comments?post=219"}],"version-history":[{"count":3,"href":"https:\/\/5ka.fr\/project\/patrickbaudrymirror\/wp-json\/wp\/v2\/pages\/219\/revisions"}],"predecessor-version":[{"id":222,"href":"https:\/\/5ka.fr\/project\/patrickbaudrymirror\/wp-json\/wp\/v2\/pages\/219\/revisions\/222"}],"up":[{"embeddable":true,"href":"https:\/\/5ka.fr\/project\/patrickbaudrymirror\/wp-json\/wp\/v2\/pages\/163"}],"wp:attachment":[{"href":"https:\/\/5ka.fr\/project\/patrickbaudrymirror\/wp-json\/wp\/v2\/media?parent=219"}],"curies":[{"name":"wp","href":"https:\/\/api.w.org\/{rel}","templated":true}]}}