{"id":187,"date":"2020-05-27T23:50:36","date_gmt":"2020-05-27T21:50:36","guid":{"rendered":"https:\/\/5ka.fr\/project\/patrickbaudrymirror\/?page_id=187"},"modified":"2020-05-27T23:53:32","modified_gmt":"2020-05-27T21:53:32","slug":"apprenti-pilote","status":"publish","type":"page","link":"https:\/\/5ka.fr\/project\/patrickbaudrymirror\/bio\/biographie\/apprenti-pilote\/","title":{"rendered":"Apprenti PILOTE"},"content":{"rendered":"<h3>1967 &#8211; 1969 Ecole de l\u2019Air<\/p>\n<div style=\"width: 250px; float: right;\"><!-- default-view.php -->\n<div\n\tclass=\"ngg-galleryoverview default-view \"\n\tid=\"ngg-gallery-c49bd5e635edad321dab54b00e6692ad-1\">\n\n\t\t<!-- Thumbnails -->\n\t\t\t\t<div id=\"ngg-image-0\" class=\"ngg-gallery-thumbnail-box \" >\n\t\t\t\t        <div class=\"ngg-gallery-thumbnail\">\n            <a href=\"https:\/\/5ka.fr\/project\/patrickbaudrymirror\/wp-content\/gallery\/apprenti-pilote\/1-baudry-apprenti-pilote.jpg\"\n               title=\"\"\n               data-src=\"https:\/\/5ka.fr\/project\/patrickbaudrymirror\/wp-content\/gallery\/apprenti-pilote\/1-baudry-apprenti-pilote.jpg\"\n               data-thumbnail=\"https:\/\/5ka.fr\/project\/patrickbaudrymirror\/wp-content\/gallery\/apprenti-pilote\/thumbs\/thumbs_1-baudry-apprenti-pilote.jpg\"\n               data-image-id=\"61\"\n               data-title=\"1-baudry-apprenti-pilote\"\n               data-description=\"\"\n               data-image-slug=\"1-baudry-apprenti-pilote\"\n               class=\"ngg-simplelightbox\" rel=\"c49bd5e635edad321dab54b00e6692ad\">\n                <img\n                    title=\"1-baudry-apprenti-pilote\"\n                    alt=\"1-baudry-apprenti-pilote\"\n                    src=\"https:\/\/5ka.fr\/project\/patrickbaudrymirror\/wp-content\/gallery\/apprenti-pilote\/thumbs\/thumbs_1-baudry-apprenti-pilote.jpg\"\n                    width=\"100\"\n                    height=\"75\"\n                    style=\"max-width:100%;\"\n                \/>\n            <\/a>\n        <\/div>\n\t\t\t\t\t\t\t<\/div> \n\t\t\t\n\t\t\t\t<div id=\"ngg-image-1\" class=\"ngg-gallery-thumbnail-box \" >\n\t\t\t\t        <div class=\"ngg-gallery-thumbnail\">\n            <a href=\"https:\/\/5ka.fr\/project\/patrickbaudrymirror\/wp-content\/gallery\/apprenti-pilote\/2-baudry-apprenti-pilote.jpg\"\n               title=\"\"\n               data-src=\"https:\/\/5ka.fr\/project\/patrickbaudrymirror\/wp-content\/gallery\/apprenti-pilote\/2-baudry-apprenti-pilote.jpg\"\n               data-thumbnail=\"https:\/\/5ka.fr\/project\/patrickbaudrymirror\/wp-content\/gallery\/apprenti-pilote\/thumbs\/thumbs_2-baudry-apprenti-pilote.jpg\"\n               data-image-id=\"62\"\n               data-title=\"2-baudry-apprenti-pilote\"\n               data-description=\"\"\n               data-image-slug=\"2-baudry-apprenti-pilote\"\n               class=\"ngg-simplelightbox\" rel=\"c49bd5e635edad321dab54b00e6692ad\">\n                <img\n                    title=\"2-baudry-apprenti-pilote\"\n                    alt=\"2-baudry-apprenti-pilote\"\n                    src=\"https:\/\/5ka.fr\/project\/patrickbaudrymirror\/wp-content\/gallery\/apprenti-pilote\/thumbs\/thumbs_2-baudry-apprenti-pilote.jpg\"\n                    width=\"100\"\n                    height=\"75\"\n                    style=\"max-width:100%;\"\n                \/>\n            <\/a>\n        <\/div>\n\t\t\t\t\t\t\t<\/div> \n\t\t\t\n\t\t\t\t<div id=\"ngg-image-2\" class=\"ngg-gallery-thumbnail-box \" >\n\t\t\t\t        <div class=\"ngg-gallery-thumbnail\">\n            <a href=\"https:\/\/5ka.fr\/project\/patrickbaudrymirror\/wp-content\/gallery\/apprenti-pilote\/3-baudry-service-militaire.jpg\"\n               title=\"\"\n               data-src=\"https:\/\/5ka.fr\/project\/patrickbaudrymirror\/wp-content\/gallery\/apprenti-pilote\/3-baudry-service-militaire.jpg\"\n               data-thumbnail=\"https:\/\/5ka.fr\/project\/patrickbaudrymirror\/wp-content\/gallery\/apprenti-pilote\/thumbs\/thumbs_3-baudry-service-militaire.jpg\"\n               data-image-id=\"63\"\n               data-title=\"3-baudry-service-militaire\"\n               data-description=\"\"\n               data-image-slug=\"3-baudry-service-militaire\"\n               class=\"ngg-simplelightbox\" rel=\"c49bd5e635edad321dab54b00e6692ad\">\n                <img\n                    title=\"3-baudry-service-militaire\"\n                    alt=\"3-baudry-service-militaire\"\n                    src=\"https:\/\/5ka.fr\/project\/patrickbaudrymirror\/wp-content\/gallery\/apprenti-pilote\/thumbs\/thumbs_3-baudry-service-militaire.jpg\"\n                    width=\"100\"\n                    height=\"75\"\n                    style=\"max-width:100%;\"\n                \/>\n            <\/a>\n        <\/div>\n\t\t\t\t\t\t\t<\/div> \n\t\t\t\n\t\t\t\t<div id=\"ngg-image-3\" class=\"ngg-gallery-thumbnail-box \" >\n\t\t\t\t        <div class=\"ngg-gallery-thumbnail\">\n            <a href=\"https:\/\/5ka.fr\/project\/patrickbaudrymirror\/wp-content\/gallery\/apprenti-pilote\/4-baudry-motocross.jpg\"\n               title=\"\"\n               data-src=\"https:\/\/5ka.fr\/project\/patrickbaudrymirror\/wp-content\/gallery\/apprenti-pilote\/4-baudry-motocross.jpg\"\n               data-thumbnail=\"https:\/\/5ka.fr\/project\/patrickbaudrymirror\/wp-content\/gallery\/apprenti-pilote\/thumbs\/thumbs_4-baudry-motocross.jpg\"\n               data-image-id=\"64\"\n               data-title=\"4-baudry-motocross\"\n               data-description=\"\"\n               data-image-slug=\"4-baudry-motocross\"\n               class=\"ngg-simplelightbox\" rel=\"c49bd5e635edad321dab54b00e6692ad\">\n                <img\n                    title=\"4-baudry-motocross\"\n                    alt=\"4-baudry-motocross\"\n                    src=\"https:\/\/5ka.fr\/project\/patrickbaudrymirror\/wp-content\/gallery\/apprenti-pilote\/thumbs\/thumbs_4-baudry-motocross.jpg\"\n                    width=\"100\"\n                    height=\"75\"\n                    style=\"max-width:100%;\"\n                \/>\n            <\/a>\n        <\/div>\n\t\t\t\t\t\t\t<\/div> \n\t\t\t\n\t\t\t\t<div id=\"ngg-image-4\" class=\"ngg-gallery-thumbnail-box \" >\n\t\t\t\t        <div class=\"ngg-gallery-thumbnail\">\n            <a href=\"https:\/\/5ka.fr\/project\/patrickbaudrymirror\/wp-content\/gallery\/apprenti-pilote\/5-baudry-uniforme.jpg\"\n               title=\"\"\n               data-src=\"https:\/\/5ka.fr\/project\/patrickbaudrymirror\/wp-content\/gallery\/apprenti-pilote\/5-baudry-uniforme.jpg\"\n               data-thumbnail=\"https:\/\/5ka.fr\/project\/patrickbaudrymirror\/wp-content\/gallery\/apprenti-pilote\/thumbs\/thumbs_5-baudry-uniforme.jpg\"\n               data-image-id=\"65\"\n               data-title=\"5-baudry-uniforme\"\n               data-description=\"\"\n               data-image-slug=\"5-baudry-uniforme\"\n               class=\"ngg-simplelightbox\" rel=\"c49bd5e635edad321dab54b00e6692ad\">\n                <img\n                    title=\"5-baudry-uniforme\"\n                    alt=\"5-baudry-uniforme\"\n                    src=\"https:\/\/5ka.fr\/project\/patrickbaudrymirror\/wp-content\/gallery\/apprenti-pilote\/thumbs\/thumbs_5-baudry-uniforme.jpg\"\n                    width=\"100\"\n                    height=\"75\"\n                    style=\"max-width:100%;\"\n                \/>\n            <\/a>\n        <\/div>\n\t\t\t\t\t\t\t<\/div> \n\t\t\t\n\t\t\t\t<div id=\"ngg-image-5\" class=\"ngg-gallery-thumbnail-box \" >\n\t\t\t\t        <div class=\"ngg-gallery-thumbnail\">\n            <a href=\"https:\/\/5ka.fr\/project\/patrickbaudrymirror\/wp-content\/gallery\/apprenti-pilote\/6-patrick-baudry-moto.jpg\"\n               title=\"\"\n               data-src=\"https:\/\/5ka.fr\/project\/patrickbaudrymirror\/wp-content\/gallery\/apprenti-pilote\/6-patrick-baudry-moto.jpg\"\n               data-thumbnail=\"https:\/\/5ka.fr\/project\/patrickbaudrymirror\/wp-content\/gallery\/apprenti-pilote\/thumbs\/thumbs_6-patrick-baudry-moto.jpg\"\n               data-image-id=\"66\"\n               data-title=\"6-patrick-baudry-moto\"\n               data-description=\"\"\n               data-image-slug=\"6-patrick-baudry-moto\"\n               class=\"ngg-simplelightbox\" rel=\"c49bd5e635edad321dab54b00e6692ad\">\n                <img\n                    title=\"6-patrick-baudry-moto\"\n                    alt=\"6-patrick-baudry-moto\"\n                    src=\"https:\/\/5ka.fr\/project\/patrickbaudrymirror\/wp-content\/gallery\/apprenti-pilote\/thumbs\/thumbs_6-patrick-baudry-moto.jpg\"\n                    width=\"100\"\n                    height=\"75\"\n                    style=\"max-width:100%;\"\n                \/>\n            <\/a>\n        <\/div>\n\t\t\t\t\t\t\t<\/div> \n\t\t\t\n\t\t\t\t<div id=\"ngg-image-6\" class=\"ngg-gallery-thumbnail-box \" >\n\t\t\t\t        <div class=\"ngg-gallery-thumbnail\">\n            <a href=\"https:\/\/5ka.fr\/project\/patrickbaudrymirror\/wp-content\/gallery\/apprenti-pilote\/7-baudry-uniforme.jpg\"\n               title=\"\"\n               data-src=\"https:\/\/5ka.fr\/project\/patrickbaudrymirror\/wp-content\/gallery\/apprenti-pilote\/7-baudry-uniforme.jpg\"\n               data-thumbnail=\"https:\/\/5ka.fr\/project\/patrickbaudrymirror\/wp-content\/gallery\/apprenti-pilote\/thumbs\/thumbs_7-baudry-uniforme.jpg\"\n               data-image-id=\"67\"\n               data-title=\"7-baudry-uniforme\"\n               data-description=\"\"\n               data-image-slug=\"7-baudry-uniforme\"\n               class=\"ngg-simplelightbox\" rel=\"c49bd5e635edad321dab54b00e6692ad\">\n                <img\n                    title=\"7-baudry-uniforme\"\n                    alt=\"7-baudry-uniforme\"\n                    src=\"https:\/\/5ka.fr\/project\/patrickbaudrymirror\/wp-content\/gallery\/apprenti-pilote\/thumbs\/thumbs_7-baudry-uniforme.jpg\"\n                    width=\"100\"\n                    height=\"75\"\n                    style=\"max-width:100%;\"\n                \/>\n            <\/a>\n        <\/div>\n\t\t\t\t\t\t\t<\/div> \n\t\t\t\n\t\t\t\t<div id=\"ngg-image-7\" class=\"ngg-gallery-thumbnail-box \" >\n\t\t\t\t        <div class=\"ngg-gallery-thumbnail\">\n            <a href=\"https:\/\/5ka.fr\/project\/patrickbaudrymirror\/wp-content\/gallery\/apprenti-pilote\/8-baudry-uniforme-2cv.jpg\"\n               title=\"\"\n               data-src=\"https:\/\/5ka.fr\/project\/patrickbaudrymirror\/wp-content\/gallery\/apprenti-pilote\/8-baudry-uniforme-2cv.jpg\"\n               data-thumbnail=\"https:\/\/5ka.fr\/project\/patrickbaudrymirror\/wp-content\/gallery\/apprenti-pilote\/thumbs\/thumbs_8-baudry-uniforme-2cv.jpg\"\n               data-image-id=\"68\"\n               data-title=\"8-baudry-uniforme-2cv\"\n               data-description=\"\"\n               data-image-slug=\"8-baudry-uniforme-2cv\"\n               class=\"ngg-simplelightbox\" rel=\"c49bd5e635edad321dab54b00e6692ad\">\n                <img\n                    title=\"8-baudry-uniforme-2cv\"\n                    alt=\"8-baudry-uniforme-2cv\"\n                    src=\"https:\/\/5ka.fr\/project\/patrickbaudrymirror\/wp-content\/gallery\/apprenti-pilote\/thumbs\/thumbs_8-baudry-uniforme-2cv.jpg\"\n                    width=\"100\"\n                    height=\"75\"\n                    style=\"max-width:100%;\"\n                \/>\n            <\/a>\n        <\/div>\n\t\t\t\t\t\t\t<\/div> \n\t\t\t\n\t\t\t\t<div id=\"ngg-image-8\" class=\"ngg-gallery-thumbnail-box \" >\n\t\t\t\t        <div class=\"ngg-gallery-thumbnail\">\n            <a href=\"https:\/\/5ka.fr\/project\/patrickbaudrymirror\/wp-content\/gallery\/apprenti-pilote\/9-baudry-etudiant.jpg\"\n               title=\"\"\n               data-src=\"https:\/\/5ka.fr\/project\/patrickbaudrymirror\/wp-content\/gallery\/apprenti-pilote\/9-baudry-etudiant.jpg\"\n               data-thumbnail=\"https:\/\/5ka.fr\/project\/patrickbaudrymirror\/wp-content\/gallery\/apprenti-pilote\/thumbs\/thumbs_9-baudry-etudiant.jpg\"\n               data-image-id=\"69\"\n               data-title=\"9-baudry-etudiant\"\n               data-description=\"\"\n               data-image-slug=\"9-baudry-etudiant\"\n               class=\"ngg-simplelightbox\" rel=\"c49bd5e635edad321dab54b00e6692ad\">\n                <img\n                    title=\"9-baudry-etudiant\"\n                    alt=\"9-baudry-etudiant\"\n                    src=\"https:\/\/5ka.fr\/project\/patrickbaudrymirror\/wp-content\/gallery\/apprenti-pilote\/thumbs\/thumbs_9-baudry-etudiant.jpg\"\n                    width=\"100\"\n                    height=\"75\"\n                    style=\"max-width:100%;\"\n                \/>\n            <\/a>\n        <\/div>\n\t\t\t\t\t\t\t<\/div> \n\t\t\t\n\t\t\t\t<div id=\"ngg-image-9\" class=\"ngg-gallery-thumbnail-box \" >\n\t\t\t\t        <div class=\"ngg-gallery-thumbnail\">\n            <a href=\"https:\/\/5ka.fr\/project\/patrickbaudrymirror\/wp-content\/gallery\/apprenti-pilote\/10-baudry-pilote.jpg\"\n               title=\"\"\n               data-src=\"https:\/\/5ka.fr\/project\/patrickbaudrymirror\/wp-content\/gallery\/apprenti-pilote\/10-baudry-pilote.jpg\"\n               data-thumbnail=\"https:\/\/5ka.fr\/project\/patrickbaudrymirror\/wp-content\/gallery\/apprenti-pilote\/thumbs\/thumbs_10-baudry-pilote.jpg\"\n               data-image-id=\"70\"\n               data-title=\"10-baudry-pilote\"\n               data-description=\"\"\n               data-image-slug=\"10-baudry-pilote\"\n               class=\"ngg-simplelightbox\" rel=\"c49bd5e635edad321dab54b00e6692ad\">\n                <img\n                    title=\"10-baudry-pilote\"\n                    alt=\"10-baudry-pilote\"\n                    src=\"https:\/\/5ka.fr\/project\/patrickbaudrymirror\/wp-content\/gallery\/apprenti-pilote\/thumbs\/thumbs_10-baudry-pilote.jpg\"\n                    width=\"100\"\n                    height=\"75\"\n                    style=\"max-width:100%;\"\n                \/>\n            <\/a>\n        <\/div>\n\t\t\t\t\t\t\t<\/div> \n\t\t\t\n\t\n\t<br style=\"clear: both\" \/>\n\n\t\n\t\t<!-- Pagination -->\n\t<div class='ngg-clear'><\/div>\t<\/div>\n<\/div>\n<\/h3>\n<p>Dipl\u00f4me d\u2019Ing\u00e9nieur de l\u2019Air et d\u2019Officier de l\u2019Arm\u00e9e de l\u2019Air. Patrick Baudry obtient \u00e9galement une Ma\u00eetrise de Thermodynamique.<\/p>\n<h3>1970 &#8211; 1980 Patrick BAUDRY PILOTE de CHASSE<\/h3>\n<p><strong>1970<\/strong> \u2013 Patrick BAUDRY est brevet\u00e9 Pilote de chasse. Il pilote successivement sur Myst\u00e8re IV, F100 et Jaguar avant de devenir Commandant d\u2019Escadrille en 1975 \u00e0 la 11\u00e8me Escadre de Chasse de Toul.<\/p>\n<p><strong>Jusqu\u2019en 1977<\/strong> \u2013 Patrick BAUDRY effectue de nombreuses missions op\u00e9rationnelles dans plusieurs pays africains.<\/p>\n<p><strong>1978 \u00e0 1980<\/strong> &#8211; S\u00e9lectionn\u00e9 pour suivre le cursus de l\u2019Ecole des Pilotes d\u2019Essais britanniques \u00ab\u00a0<strong>l\u2019Empire Test Pilot School<\/strong>\u00a0\u00bb \u00e0 Boscomb Down (Grande Bretagne), Patrick BAUDRY re\u00e7oit le Patuxent River Trophy des mains du Prince Charles. Il est ensuite affect\u00e9 comme PILOTE d\u2019ESSAIS au Centre d\u2019Essais en Vol de Br\u00e9tigny-sur-Orge o\u00f9 il effectue des vols d\u2019essais sur tous types d\u2019avions de chasse et de transport.<\/p>\n","protected":false},"excerpt":{"rendered":"<p>1967 &#8211; 1969 Ecole de l\u2019Air Dipl\u00f4me d\u2019Ing\u00e9nieur de l\u2019Air et d\u2019Officier de l\u2019Arm\u00e9e de l\u2019Air. Patrick Baudry obtient \u00e9galement une Ma\u00eetrise de Thermodynamique. 1970 &#8211; 1980 Patrick BAUDRY PILOTE de CHASSE 1970 \u2013 Patrick BAUDRY est brevet\u00e9 Pilote de chasse. Il pilote successivement sur Myst\u00e8re IV, F100 et Jaguar avant de devenir Commandant d\u2019Escadrille [&hellip;]<\/p>\n","protected":false},"author":1,"featured_media":0,"parent":163,"menu_order":2,"comment_status":"closed","ping_status":"closed","template":"","meta":{"ngg_post_thumbnail":0},"_links":{"self":[{"href":"https:\/\/5ka.fr\/project\/patrickbaudrymirror\/wp-json\/wp\/v2\/pages\/187"}],"collection":[{"href":"https:\/\/5ka.fr\/project\/patrickbaudrymirror\/wp-json\/wp\/v2\/pages"}],"about":[{"href":"https:\/\/5ka.fr\/project\/patrickbaudrymirror\/wp-json\/wp\/v2\/types\/page"}],"author":[{"embeddable":true,"href":"https:\/\/5ka.fr\/project\/patrickbaudrymirror\/wp-json\/wp\/v2\/users\/1"}],"replies":[{"embeddable":true,"href":"https:\/\/5ka.fr\/project\/patrickbaudrymirror\/wp-json\/wp\/v2\/comments?post=187"}],"version-history":[{"count":2,"href":"https:\/\/5ka.fr\/project\/patrickbaudrymirror\/wp-json\/wp\/v2\/pages\/187\/revisions"}],"predecessor-version":[{"id":189,"href":"https:\/\/5ka.fr\/project\/patrickbaudrymirror\/wp-json\/wp\/v2\/pages\/187\/revisions\/189"}],"up":[{"embeddable":true,"href":"https:\/\/5ka.fr\/project\/patrickbaudrymirror\/wp-json\/wp\/v2\/pages\/163"}],"wp:attachment":[{"href":"https:\/\/5ka.fr\/project\/patrickbaudrymirror\/wp-json\/wp\/v2\/media?parent=187"}],"curies":[{"name":"wp","href":"https:\/\/api.w.org\/{rel}","templated":true}]}}