{"id":173,"date":"2020-05-27T23:44:55","date_gmt":"2020-05-27T21:44:55","guid":{"rendered":"https:\/\/5ka.fr\/project\/patrickbaudrymirror\/?page_id=173"},"modified":"2020-05-27T23:45:47","modified_gmt":"2020-05-27T21:45:47","slug":"patrick-baudry-enfant","status":"publish","type":"page","link":"https:\/\/5ka.fr\/project\/patrickbaudrymirror\/bio\/biographie\/patrick-baudry-enfant\/","title":{"rendered":"Patrick Baudry enfant"},"content":{"rendered":"<h3>\u00ab Mon enfance passa\u2026 \u00bb<\/h3>\n<div style=\"width: 250px; float: right;\"><!-- default-view.php -->\n<div\n\tclass=\"ngg-galleryoverview default-view \"\n\tid=\"ngg-gallery-81018194d71a43eee0fa3816516b9acf-1\">\n\n\t\t<!-- Thumbnails -->\n\t\t\t\t<div id=\"ngg-image-0\" class=\"ngg-gallery-thumbnail-box \" >\n\t\t\t\t        <div class=\"ngg-gallery-thumbnail\">\n            <a href=\"https:\/\/5ka.fr\/project\/patrickbaudrymirror\/wp-content\/gallery\/patrick-baudry-enfant\/1-patrick-sables-d-olonne.jpg\"\n               title=\"\"\n               data-src=\"https:\/\/5ka.fr\/project\/patrickbaudrymirror\/wp-content\/gallery\/patrick-baudry-enfant\/1-patrick-sables-d-olonne.jpg\"\n               data-thumbnail=\"https:\/\/5ka.fr\/project\/patrickbaudrymirror\/wp-content\/gallery\/patrick-baudry-enfant\/thumbs\/thumbs_1-patrick-sables-d-olonne.jpg\"\n               data-image-id=\"55\"\n               data-title=\"1-patrick-sables-d-olonne\"\n               data-description=\"\"\n               data-image-slug=\"1-patrick-sables-d-olonne\"\n               class=\"ngg-simplelightbox\" rel=\"81018194d71a43eee0fa3816516b9acf\">\n                <img\n                    title=\"1-patrick-sables-d-olonne\"\n                    alt=\"1-patrick-sables-d-olonne\"\n                    src=\"https:\/\/5ka.fr\/project\/patrickbaudrymirror\/wp-content\/gallery\/patrick-baudry-enfant\/thumbs\/thumbs_1-patrick-sables-d-olonne.jpg\"\n                    width=\"100\"\n                    height=\"75\"\n                    style=\"max-width:100%;\"\n                \/>\n            <\/a>\n        <\/div>\n\t\t\t\t\t\t\t<\/div> \n\t\t\t\n\t\t\t\t<div id=\"ngg-image-1\" class=\"ngg-gallery-thumbnail-box \" >\n\t\t\t\t        <div class=\"ngg-gallery-thumbnail\">\n            <a href=\"https:\/\/5ka.fr\/project\/patrickbaudrymirror\/wp-content\/gallery\/patrick-baudry-enfant\/2-patrick-externat-casablanca.jpg\"\n               title=\"\"\n               data-src=\"https:\/\/5ka.fr\/project\/patrickbaudrymirror\/wp-content\/gallery\/patrick-baudry-enfant\/2-patrick-externat-casablanca.jpg\"\n               data-thumbnail=\"https:\/\/5ka.fr\/project\/patrickbaudrymirror\/wp-content\/gallery\/patrick-baudry-enfant\/thumbs\/thumbs_2-patrick-externat-casablanca.jpg\"\n               data-image-id=\"56\"\n               data-title=\"2-patrick-externat-casablanca\"\n               data-description=\"\"\n               data-image-slug=\"2-patrick-externat-casablanca\"\n               class=\"ngg-simplelightbox\" rel=\"81018194d71a43eee0fa3816516b9acf\">\n                <img\n                    title=\"2-patrick-externat-casablanca\"\n                    alt=\"2-patrick-externat-casablanca\"\n                    src=\"https:\/\/5ka.fr\/project\/patrickbaudrymirror\/wp-content\/gallery\/patrick-baudry-enfant\/thumbs\/thumbs_2-patrick-externat-casablanca.jpg\"\n                    width=\"100\"\n                    height=\"75\"\n                    style=\"max-width:100%;\"\n                \/>\n            <\/a>\n        <\/div>\n\t\t\t\t\t\t\t<\/div> \n\t\t\t\n\t\t\t\t<div id=\"ngg-image-2\" class=\"ngg-gallery-thumbnail-box \" >\n\t\t\t\t        <div class=\"ngg-gallery-thumbnail\">\n            <a href=\"https:\/\/5ka.fr\/project\/patrickbaudrymirror\/wp-content\/gallery\/patrick-baudry-enfant\/3-patrick-et-sa-mere-odette.jpg\"\n               title=\"\"\n               data-src=\"https:\/\/5ka.fr\/project\/patrickbaudrymirror\/wp-content\/gallery\/patrick-baudry-enfant\/3-patrick-et-sa-mere-odette.jpg\"\n               data-thumbnail=\"https:\/\/5ka.fr\/project\/patrickbaudrymirror\/wp-content\/gallery\/patrick-baudry-enfant\/thumbs\/thumbs_3-patrick-et-sa-mere-odette.jpg\"\n               data-image-id=\"57\"\n               data-title=\"3-patrick-et-sa-mere-odette\"\n               data-description=\"\"\n               data-image-slug=\"3-patrick-et-sa-mere-odette\"\n               class=\"ngg-simplelightbox\" rel=\"81018194d71a43eee0fa3816516b9acf\">\n                <img\n                    title=\"3-patrick-et-sa-mere-odette\"\n                    alt=\"3-patrick-et-sa-mere-odette\"\n                    src=\"https:\/\/5ka.fr\/project\/patrickbaudrymirror\/wp-content\/gallery\/patrick-baudry-enfant\/thumbs\/thumbs_3-patrick-et-sa-mere-odette.jpg\"\n                    width=\"100\"\n                    height=\"75\"\n                    style=\"max-width:100%;\"\n                \/>\n            <\/a>\n        <\/div>\n\t\t\t\t\t\t\t<\/div> \n\t\t\t\n\t\t\t\t<div id=\"ngg-image-3\" class=\"ngg-gallery-thumbnail-box \" >\n\t\t\t\t        <div class=\"ngg-gallery-thumbnail\">\n            <a href=\"https:\/\/5ka.fr\/project\/patrickbaudrymirror\/wp-content\/gallery\/patrick-baudry-enfant\/4-patrick-basket-ball.jpg\"\n               title=\"\"\n               data-src=\"https:\/\/5ka.fr\/project\/patrickbaudrymirror\/wp-content\/gallery\/patrick-baudry-enfant\/4-patrick-basket-ball.jpg\"\n               data-thumbnail=\"https:\/\/5ka.fr\/project\/patrickbaudrymirror\/wp-content\/gallery\/patrick-baudry-enfant\/thumbs\/thumbs_4-patrick-basket-ball.jpg\"\n               data-image-id=\"58\"\n               data-title=\"4-patrick-basket-ball\"\n               data-description=\"\"\n               data-image-slug=\"4-patrick-basket-ball\"\n               class=\"ngg-simplelightbox\" rel=\"81018194d71a43eee0fa3816516b9acf\">\n                <img\n                    title=\"4-patrick-basket-ball\"\n                    alt=\"4-patrick-basket-ball\"\n                    src=\"https:\/\/5ka.fr\/project\/patrickbaudrymirror\/wp-content\/gallery\/patrick-baudry-enfant\/thumbs\/thumbs_4-patrick-basket-ball.jpg\"\n                    width=\"100\"\n                    height=\"75\"\n                    style=\"max-width:100%;\"\n                \/>\n            <\/a>\n        <\/div>\n\t\t\t\t\t\t\t<\/div> \n\t\t\t\n\t\t\t\t<div id=\"ngg-image-4\" class=\"ngg-gallery-thumbnail-box \" >\n\t\t\t\t        <div class=\"ngg-gallery-thumbnail\">\n            <a href=\"https:\/\/5ka.fr\/project\/patrickbaudrymirror\/wp-content\/gallery\/patrick-baudry-enfant\/5-baudry_enfant.jpg\"\n               title=\"\"\n               data-src=\"https:\/\/5ka.fr\/project\/patrickbaudrymirror\/wp-content\/gallery\/patrick-baudry-enfant\/5-baudry_enfant.jpg\"\n               data-thumbnail=\"https:\/\/5ka.fr\/project\/patrickbaudrymirror\/wp-content\/gallery\/patrick-baudry-enfant\/thumbs\/thumbs_5-baudry_enfant.jpg\"\n               data-image-id=\"59\"\n               data-title=\"5-baudry_enfant\"\n               data-description=\"\"\n               data-image-slug=\"5-baudry_enfant\"\n               class=\"ngg-simplelightbox\" rel=\"81018194d71a43eee0fa3816516b9acf\">\n                <img\n                    title=\"5-baudry_enfant\"\n                    alt=\"5-baudry_enfant\"\n                    src=\"https:\/\/5ka.fr\/project\/patrickbaudrymirror\/wp-content\/gallery\/patrick-baudry-enfant\/thumbs\/thumbs_5-baudry_enfant.jpg\"\n                    width=\"100\"\n                    height=\"75\"\n                    style=\"max-width:100%;\"\n                \/>\n            <\/a>\n        <\/div>\n\t\t\t\t\t\t\t<\/div> \n\t\t\t\n\t\t\t\t<div id=\"ngg-image-5\" class=\"ngg-gallery-thumbnail-box \" >\n\t\t\t\t        <div class=\"ngg-gallery-thumbnail\">\n            <a href=\"https:\/\/5ka.fr\/project\/patrickbaudrymirror\/wp-content\/gallery\/patrick-baudry-enfant\/6-patrick-et-son-pere-roger.jpg\"\n               title=\"\"\n               data-src=\"https:\/\/5ka.fr\/project\/patrickbaudrymirror\/wp-content\/gallery\/patrick-baudry-enfant\/6-patrick-et-son-pere-roger.jpg\"\n               data-thumbnail=\"https:\/\/5ka.fr\/project\/patrickbaudrymirror\/wp-content\/gallery\/patrick-baudry-enfant\/thumbs\/thumbs_6-patrick-et-son-pere-roger.jpg\"\n               data-image-id=\"60\"\n               data-title=\"6-patrick-et-son-pere-roger\"\n               data-description=\"\"\n               data-image-slug=\"6-patrick-et-son-pere-roger\"\n               class=\"ngg-simplelightbox\" rel=\"81018194d71a43eee0fa3816516b9acf\">\n                <img\n                    title=\"6-patrick-et-son-pere-roger\"\n                    alt=\"6-patrick-et-son-pere-roger\"\n                    src=\"https:\/\/5ka.fr\/project\/patrickbaudrymirror\/wp-content\/gallery\/patrick-baudry-enfant\/thumbs\/thumbs_6-patrick-et-son-pere-roger.jpg\"\n                    width=\"100\"\n                    height=\"75\"\n                    style=\"max-width:100%;\"\n                \/>\n            <\/a>\n        <\/div>\n\t\t\t\t\t\t\t<\/div> \n\t\t\t\n\t\n\t<br style=\"clear: both\" \/>\n\n\t\n\t\t<!-- Pagination -->\n\t<div class='ngg-clear'><\/div>\t<\/div>\n<\/div>\n<p>Patrick na\u00eet \u00e0 Douala, au Cameroun, le 6 mars 1946. C\u2019est donc sur la terre d\u2019Afrique qu\u2019il fera ses premiers pas. Lorsqu\u2019il na\u00eet, il fait d\u00e9j\u00e0 partie d\u2019une petite famille bien organis\u00e9e. Ses parents, tous deux enfants de coop\u00e9rants se sont connus au Cameroun. Roger, son p\u00e8re travaille tout \u00e0 c\u00f4t\u00e9 des pistes de l\u2019a\u00e9roport en tant qu\u2019ing\u00e9nieur m\u00e9t\u00e9orologiste et Odette a \u00e9pous\u00e9 Roger apr\u00e8s que son p\u00e8re l\u2019a eu ramen\u00e9e de la pension dans laquelle elle \u00e9tudiait en France pour rejoindre les siens. A Douala, Liliane et Nicole, les deux s\u0153urs a\u00een\u00e9es de Patrick sont d\u00e9j\u00e0 n\u00e9es et se r\u00e9v\u00e8lent, d\u00e8s sa naissance, toutes pr\u00eates \u00e0 jouer les m\u00e8res \u00ab suppl\u00e9mentaires \u00bb.<\/p>\n<p>C\u2019est compter sans le caract\u00e8re du petit Patrick. Sa m\u00e8re se rappelle d\u2019un b\u00e9b\u00e9 avec \u2013 d\u00e9j\u00e0 \u2013 un solide app\u00e9tit ! Mais ce qui marque la famille, encore aujourd\u2019hui, c\u2019est que d\u00e8s que Patrick a pu marcher, il s\u2019est mis \u00e0\u2026courir, gambader, sauter, traverser, escalader ! D\u00e9j\u00e0 il cherchait \u00e0 aller plus loin, plus haut. Celui qu\u2019elles avaient surnomm\u00e9 \u2013 il \u00e9tait alors le seul gar\u00e7on de la famille \u2013 Petit Prince &#8211; sans savoir qu\u2019elles avaient l\u00e0 une sorte de r\u00e9flexe pr\u00e9monitoire, allait bient\u00f4t se d\u00e9couvrir une passion pour un beau terrain de jeux \u00e0 sa port\u00e9e : les pistes d\u2019aviation qu\u2019il fallait traverser pour aller jusqu\u2019aux bureaux de la m\u00e9t\u00e9o de son p\u00e8re. Tout le monde cherchait tout le temps Patrick, mais, bien vite, ils surent tous o\u00f9 le retrouver. Et, cela ne d\u00e9plaisait pas vraiment \u00e0 son p\u00e8re de voir ce petit gamin intr\u00e9pide dans les parages. D\u00e9j\u00e0, il \u00e9coutait avec plus d\u2019attention les pilotes \u00e0 la radio et il tra\u00eenait sur le tarmac pour voir de plus pr\u00e8s ces beaux avions qui le faisaient r\u00eaver.<\/p>\n<p>Une fois, pourtant, son p\u00e8re a eu r\u00e9ellement peur. Patrick avait grandi, et m\u00eame s\u2019il ne parvenait pas \u00e0 atteindre les p\u00e9dales de la voiture de service de la m\u00e9t\u00e9o, son p\u00e8re avait fabriqu\u00e9 un syst\u00e8me pour qu\u2019il puisse la conduire. Mais jamais il n\u2019avait \u00e9t\u00e9 question qu\u2019il conduise\u2026seul ! Cela le tenta pourtant, et\u2026 il le fit ! Son pied d\u00e9rapa et c\u2019est l\u2019aile d\u2019un avion qui lui apparut tr\u00e8s proche. Ce ne furent pas l\u00e0 les derni\u00e8res remontrances de son p\u00e8re ! Patrick continua pourtant ainsi et fut tr\u00e8s attir\u00e9 par tout ce qui pouvait lui permettre d\u2019aller plus vite. Il attendit, tout d\u2019abord, tr\u00e8s longtemps son premier v\u00e9lo qui lui valut, lui aussi, quelques bonnes b\u00fbches mais aussi de longues heures de libert\u00e9 incomparables ! Il les v\u00e9cut \u00e0 Casablanca puis \u00e0 Alger o\u00f9 toujours tra\u00eenant en route \u00e0 la recherche de quelque coup pendable, il manqua de peu pourtant le bus qui devait le ramener \u00e0 la maison et qui fut victime d&rsquo;un attentat \u00e0 la bombe ce jour l\u00e0&#8230;. Il \u00e9tait donc certainement \u00e9crit qu\u2019il devait poursuivre ses investigations sur les diff\u00e9rents moyens d\u2019aller toujours plus loin, plus vite, en France, par exemple, o\u00f9 le m\u00e9tier de son p\u00e8re, toujours, les ramena tous en 1956 . A peine 10 ans, et, le v\u00e9lo ayant d\u00e9j\u00e0 parcouru un tas de kilom\u00e8tres, il r\u00eava des motos lues et relues, fiches techniques apprises par c\u0153ur dans les magazines. Il essaya d\u2019abord celles des amis, plus vieux que lui, avec lesquels il tra\u00eenait du c\u00f4t\u00e9 de Lacanau. La famille s\u2019\u00e9tait agrandie entre-temps de Chantal et de Philippe, les deux petits derniers, et s\u2019\u00e9tait \u00e9tablie \u00e0 Eysines, pr\u00e8s de Bordeaux, dans le Sud Ouest. Il allait mettre de longues ann\u00e9es \u00e0 retrouver Lacanau, mais cela se ferait, comme tout dans sa vie\u2026\u00e0 son heure. La bonne !<\/p>\n<p>Moto, v\u00e9lo, emprunts divers de voitures sans vraiment en avoir l\u2019\u00e2ge, son p\u00e8re d\u00fbt quelques fois tenter de calmer un gar\u00e7on juste un peu plus vivant que les autres ! Sans grand succ\u00e8s !<\/p>\n<p>Enfin, que pouvait-il vraiment dire ? Patrick \u00e9tait premier, en tout, et cela aga\u00e7ait tout de m\u00eame pas mal de ses camarades de Grand Lebrun, l\u2019institution religieuse de Bordeaux-Caud\u00e9ran o\u00f9 il fit tout son secondaire. Premier partout, avec l\u2019admiration de ses professeurs dans la voix m\u00eame lorsque, n\u2019ayant pas besoin de trop d\u2019attention pour int\u00e9grer le cours, il faisait voler des avions en papier dans le cours de physique o\u00f9, d\u2019ailleurs, \u2026il excellait !<\/p>\n<p>Cependant, rien ne reste longtemps impuni, et les copains, les motos, les voitures, les premi\u00e8res filles et sa premi\u00e8re passion qui prit toutes les formes \u2013 le sport &#8211; eurent raison de sa premi\u00e8re terminale. Coll\u00e9 au bac, malgr\u00e9 tous les bons r\u00e9sultats obtenus des ann\u00e9es durant ! Un \u00e9chec dur \u00e0 avaler, mais qui le sauve puisque d\u2019un commun accord avec son p\u00e8re : direction le Lyc\u00e9e militaire d\u2019Autun et l\u2019enfermement sans autre forme de proc\u00e8s et de distraction pour un an. R\u00e9sultat : une mention tr\u00e8s bien et la voie royale ouverte devant lui. Celle des classes pr\u00e9paratoires aux grandes \u00e9coles. Prytan\u00e9e national militaire de la Fl\u00e8che pour Maths Sup, et Lyc\u00e9e Chaptal pour Maths Sp\u00e9 A\u2019. Des deux, il sort tr\u00e8s bien plac\u00e9. Il eut pu entrer dans plusieurs grandes \u00e9coles, certaines m\u00eame plus prestigieuses, mais il opta pour celle qui le menait vers ses r\u00eaves : L\u2019Ecole de l\u2019Air de Salon de Provence qu&rsquo;il int\u00e9gra en 1967&#8230; Tout pouvait alors commencer!<\/p>\n","protected":false},"excerpt":{"rendered":"<p>\u00ab Mon enfance passa\u2026 \u00bb Patrick na\u00eet \u00e0 Douala, au Cameroun, le 6 mars 1946. C\u2019est donc sur la terre d\u2019Afrique qu\u2019il fera ses premiers pas. Lorsqu\u2019il na\u00eet, il fait d\u00e9j\u00e0 partie d\u2019une petite famille bien organis\u00e9e. Ses parents, tous deux enfants de coop\u00e9rants se sont connus au Cameroun. Roger, son p\u00e8re travaille tout \u00e0 [&hellip;]<\/p>\n","protected":false},"author":1,"featured_media":0,"parent":163,"menu_order":1,"comment_status":"closed","ping_status":"closed","template":"","meta":{"ngg_post_thumbnail":0},"_links":{"self":[{"href":"https:\/\/5ka.fr\/project\/patrickbaudrymirror\/wp-json\/wp\/v2\/pages\/173"}],"collection":[{"href":"https:\/\/5ka.fr\/project\/patrickbaudrymirror\/wp-json\/wp\/v2\/pages"}],"about":[{"href":"https:\/\/5ka.fr\/project\/patrickbaudrymirror\/wp-json\/wp\/v2\/types\/page"}],"author":[{"embeddable":true,"href":"https:\/\/5ka.fr\/project\/patrickbaudrymirror\/wp-json\/wp\/v2\/users\/1"}],"replies":[{"embeddable":true,"href":"https:\/\/5ka.fr\/project\/patrickbaudrymirror\/wp-json\/wp\/v2\/comments?post=173"}],"version-history":[{"count":2,"href":"https:\/\/5ka.fr\/project\/patrickbaudrymirror\/wp-json\/wp\/v2\/pages\/173\/revisions"}],"predecessor-version":[{"id":175,"href":"https:\/\/5ka.fr\/project\/patrickbaudrymirror\/wp-json\/wp\/v2\/pages\/173\/revisions\/175"}],"up":[{"embeddable":true,"href":"https:\/\/5ka.fr\/project\/patrickbaudrymirror\/wp-json\/wp\/v2\/pages\/163"}],"wp:attachment":[{"href":"https:\/\/5ka.fr\/project\/patrickbaudrymirror\/wp-json\/wp\/v2\/media?parent=173"}],"curies":[{"name":"wp","href":"https:\/\/api.w.org\/{rel}","templated":true}]}}