{"id":1693,"date":"2020-07-09T01:26:52","date_gmt":"2020-07-08T23:26:52","guid":{"rendered":"https:\/\/5ka.fr\/project\/patrickbaudrymirror\/?page_id=1693"},"modified":"2020-07-09T01:26:52","modified_gmt":"2020-07-08T23:26:52","slug":"le-premier-vin-sur-terre-a-etre-alle-dans-lespace","status":"publish","type":"page","link":"https:\/\/5ka.fr\/project\/patrickbaudrymirror\/le-premier-vin-sur-terre-a-etre-alle-dans-lespace\/","title":{"rendered":"Le Premier Vin sur Terre \u00e0 \u00eatre all\u00e9 dans l&rsquo;Espace"},"content":{"rendered":"<p>Deux jours avant le lancement de DISCOVERY le 17 juin 1985, en rendez-vous t\u00e9l\u00e9phonique avec des journalistes fran\u00e7ais depuis HOUSTON, TEXAS, ils me demand\u00e8rent si j\u2019allais emmener du vin \u00e0 bord. Je r\u00e9pondis par l\u2019affirmative!<br \/>\nDe mon Bordelais, j\u2019emmenais donc un vin et toute sa vigne avec lui&nbsp;: un Ch\u00e2teau LYNCH-BAGES de Pauillac, class\u00e9 cinqui\u00e8me grand cru dans la classification officielle des vins de Bordeaux de 1855.C&rsquo;est le vin fran\u00e7ais que j&#8217;emmenais avec moi, l&rsquo;un des plus beaux exemples du travail humain et l&rsquo;une des plus belles merveilles que produit notre Terre, avant que le coca ne soit envoy\u00e9 \u00e0 son tour dans l&rsquo;Espace, et je n&rsquo;en \u00e9tais pas peu fier! je m&rsquo;\u00e9tais battu pour cela et pour que le produit des efforts, du travail et de la passion de mon ami Jean-Michel CAZES et de son p\u00e8re ANDRE avant lui fasse le plus beau et le plus lointain des voyages! Une fillette de LYNCH-BAGES 1975 m&rsquo;accompagnait et jamais je ne m&rsquo;\u00e9tais senti plus li\u00e9 \u00e0 ma plan\u00e8te.<br \/>\nJ&rsquo;avais voulu prendre \u00e9galement avec moi un \u00e9chantillon de HAUT-MARBUZET le vin d&rsquo;un autre ami tr\u00e8s cher, Henri DUBOSCQ, toujours dans ses vignes, toujours pr\u00eat \u00e0 expliquer son travail avec un verbe magnifique, une \u00e9loquence et une passion intarissables, et cela aurait fait un mariage r\u00e9ellement somptueux en plein Cosmos! Mais les choses \u00e9taient compliqu\u00e9es lorsque les administrations s&rsquo;en m\u00ealent et Edith Cresson avait d\u00e9j\u00e0 oppos\u00e9 son v\u00e9to aux exp\u00e9riences que je comptais mener en apesanteur sur les mous de raisin&#8230; Ce n&rsquo;\u00e9tait pas le moment de risquer de toute remettre en cause et puis j&#8217;emmenais l&rsquo;un des plus beaux vins du M\u00e9doc et de France dans mes bagages! Je suis rentr\u00e9, la bouteille a rejoint ses vignes et nous avons f\u00eat\u00e9 son retour dignement avec mes compagnons de vol et Jean-Michel \u00e0 Pauillac o\u00f9 le dimanche midi, au caf\u00e9 du coin, les plus vieux m\u00e9docains en reparlent encore aujourd&rsquo;hui!<\/p>\n<p><a href=\"https:\/\/5ka.fr\/project\/patrickbaudrymirror\/wp-content\/uploads\/2020\/07\/vin-espace-c-morin.jpg\"><img loading=\"lazy\" style=\"display: inline;\" class=\"alignnone size-thumbnail wp-image-1694\" src=\"https:\/\/5ka.fr\/project\/patrickbaudrymirror\/wp-content\/uploads\/2020\/07\/vin-espace-c-morin-150x150.jpg\" alt=\"\" width=\"150\" height=\"150\"><\/a><a href=\"https:\/\/5ka.fr\/project\/patrickbaudrymirror\/wp-content\/uploads\/2020\/07\/vin-espace-pierre-guy.jpg\"><img loading=\"lazy\" style=\"display: inline;\" class=\"alignnone size-thumbnail wp-image-1696\" src=\"https:\/\/5ka.fr\/project\/patrickbaudrymirror\/wp-content\/uploads\/2020\/07\/vin-espace-pierre-guy-150x150.jpg\" alt=\"\" width=\"150\" height=\"150\"><\/a><a href=\"https:\/\/5ka.fr\/project\/patrickbaudrymirror\/wp-content\/uploads\/2020\/07\/patrick-espace1.gif\"><img loading=\"lazy\" style=\"display: inline;\" class=\"alignnone size-thumbnail wp-image-1695\" src=\"https:\/\/5ka.fr\/project\/patrickbaudrymirror\/wp-content\/uploads\/2020\/07\/patrick-espace1-150x150.gif\" alt=\"\" width=\"150\" height=\"150\"><\/a><\/p>\n<p><em style=\"font-size: 16px;\">LYNCH-BAGES et l&rsquo;Espace&nbsp;vus par mon grand ami CHRISTIAN MORIN, grand dessinateur encore trop m\u00e9connu, &#8230; entre autres amis&#8230;<\/em><\/p>\n<p style=\"text-align: center;\">&nbsp;<\/p>\n","protected":false},"excerpt":{"rendered":"<p>Deux jours avant le lancement de DISCOVERY le 17 juin 1985, en rendez-vous t\u00e9l\u00e9phonique avec des journalistes fran\u00e7ais depuis HOUSTON, TEXAS, ils me demand\u00e8rent si j\u2019allais emmener du vin \u00e0 bord. Je r\u00e9pondis par l\u2019affirmative! De mon Bordelais, j\u2019emmenais donc un vin et toute sa vigne avec lui&nbsp;: un Ch\u00e2teau LYNCH-BAGES de Pauillac, class\u00e9 cinqui\u00e8me [&hellip;]<\/p>\n","protected":false},"author":1,"featured_media":0,"parent":0,"menu_order":0,"comment_status":"closed","ping_status":"closed","template":"","meta":{"ngg_post_thumbnail":0},"_links":{"self":[{"href":"https:\/\/5ka.fr\/project\/patrickbaudrymirror\/wp-json\/wp\/v2\/pages\/1693"}],"collection":[{"href":"https:\/\/5ka.fr\/project\/patrickbaudrymirror\/wp-json\/wp\/v2\/pages"}],"about":[{"href":"https:\/\/5ka.fr\/project\/patrickbaudrymirror\/wp-json\/wp\/v2\/types\/page"}],"author":[{"embeddable":true,"href":"https:\/\/5ka.fr\/project\/patrickbaudrymirror\/wp-json\/wp\/v2\/users\/1"}],"replies":[{"embeddable":true,"href":"https:\/\/5ka.fr\/project\/patrickbaudrymirror\/wp-json\/wp\/v2\/comments?post=1693"}],"version-history":[{"count":1,"href":"https:\/\/5ka.fr\/project\/patrickbaudrymirror\/wp-json\/wp\/v2\/pages\/1693\/revisions"}],"predecessor-version":[{"id":1697,"href":"https:\/\/5ka.fr\/project\/patrickbaudrymirror\/wp-json\/wp\/v2\/pages\/1693\/revisions\/1697"}],"wp:attachment":[{"href":"https:\/\/5ka.fr\/project\/patrickbaudrymirror\/wp-json\/wp\/v2\/media?parent=1693"}],"curies":[{"name":"wp","href":"https:\/\/api.w.org\/{rel}","templated":true}]}}