{"id":163,"date":"2020-05-27T23:40:29","date_gmt":"2020-05-27T21:40:29","guid":{"rendered":"https:\/\/5ka.fr\/project\/patrickbaudrymirror\/?page_id=163"},"modified":"2020-07-23T00:19:59","modified_gmt":"2020-07-22T22:19:59","slug":"biographie","status":"publish","type":"page","link":"https:\/\/5ka.fr\/project\/patrickbaudrymirror\/bio\/biographie\/","title":{"rendered":"Biographie"},"content":{"rendered":"<div style=\"float:left;margin: 0px 10px 0px 0px;\"><img loading=\"lazy\" class=\"alignnone size-full wp-image-13\" title=\"Patrick BAUDRY enfant\" src=\"https:\/\/5ka.fr\/project\/patrickbaudrymirror\/wp-content\/gallery\/patrick-baudry-enfant\/5-baudry_enfant.jpg\" alt=\"Patrick BAUDRY enfant\" width=\"75\" height=\"75\"><\/div>\n<h3><a href=\"https:\/\/5ka.fr\/project\/patrickbaudrymirror\/bio\/biographie\/patrick-baudry-enfant\/\">Patrick BAUDRY enfant<\/a><\/h3>\n<p>A 5 ans, d\u00e9j\u00e0, le Ciel nargue Patrick qui, lorsqu\u2019il arrive \u00e0 \u00e9chapper \u00e0 la surveillance de son p\u00e8re ing\u00e9nieur m\u00e9t\u00e9orologiste, court tout pr\u00e8s du bureau de celui-ci vers le bout de la piste pour voir les avions d\u00e9coller et s\u2019envoler. Il r\u00eave d\u00e9j\u00e0 de les faire voler&nbsp;!<\/p>\n<div style=\"clear:both;\">&nbsp;<\/div>\n<div style=\"float:left;margin: 0px 10px 0px 0px;\"><img loading=\"lazy\" class=\"alignnone size-full wp-image-15\" title=\"Patrick Baudry Apprenti Pilote\" src=\"https:\/\/5ka.fr\/project\/patrickbaudrymirror\/wp-content\/gallery\/apprenti-pilote\/1-baudry-apprenti-pilote.jpg\" alt=\"Patrick Baudry Apprenti Pilote\" width=\"75\" height=\"75\"><\/div>\n<h3><a href=\"https:\/\/5ka.fr\/project\/patrickbaudrymirror\/bio\/biographie\/apprenti-pilote\/\">Apprenti pilote<\/a><\/h3>\n<p>Voler, enfin, voler ! Brillant \u00e9l\u00e8ve, Patrick n\u2019a pas de mal \u00e0 suivre haut la main la fili\u00e8re scientifique, une chance ! Mais il lui faut abandonner ses nombreuses activit\u00e9s pour devenir le meilleur et int\u00e9grer l\u2019Ecole de l\u2019Air. C\u2019est chose faite en 1967 !<\/p>\n<div style=\"clear:both;\">&nbsp;<\/div>\n<div style=\"float:left;margin: 0px 10px 0px 0px;\"><img loading=\"lazy\" class=\"alignnone size-full wp-image-16\" title=\"Patrick Baudry pilote de chasse\" src=\"https:\/\/5ka.fr\/project\/patrickbaudrymirror\/wp-content\/gallery\/a-la-chasse\/2-patrick-baudry-pilote-de-chasse.jpg\" alt=\"Patrick Baudry pilote de chasse\" width=\"75\" height=\"75\"><\/div>\n<h3><a href=\"https:\/\/5ka.fr\/project\/patrickbaudrymirror\/bio\/biographie\/a-la-chasse\/\">A la chasse&#8230; !<\/a><\/h3>\n<p>L\u2019Ecole de l\u2019Air, puis la Chasse, les meilleurs moments de sa vie de pilote avec le Ciel et son Jaguar pour compagnons. Mais le plaisir go\u00fbt\u00e9, il faut aller plus loin : l\u2019Ecole de Pilote d\u2019Essais !<\/p>\n<div style=\"clear:both;\">&nbsp;<\/div>\n<div style=\"float:left;margin: 0px 10px 0px 0px;\"><img loading=\"lazy\" class=\"alignnone size-full wp-image-47\" title=\"4-aventure\" src=\"https:\/\/5ka.fr\/project\/patrickbaudrymirror\/wp-content\/gallery\/l-aventure-de-la-selection\/patrick-baudry-jean-loup-chretien.jpg\" alt=\"4-aventure\" width=\"75\" height=\"75\"><\/div>\n<h3><a href=\"https:\/\/5ka.fr\/project\/patrickbaudrymirror\/bio\/biographie\/laventure-de-la-selection\/\">L\u2019Aventure de la s\u00e9lection<\/a><\/h3>\n<p>Pilote d\u2019Essais, c\u2019est gagn\u00e9, mais d\u00e9j\u00e0 il faut penser \u00e0 la suite : pourquoi pas l\u2019Espace puisqu\u2019une s\u00e9lection est ouverte ? 2000 candidats ? Ah bon, vraiment ! Et, apr\u00e8s&#8230; ?<\/p>\n<div style=\"clear:both;\">&nbsp;<\/div>\n<div style=\"float:left;margin: 0px 10px 0px 0px;\"><img loading=\"lazy\" class=\"alignnone size-full wp-image-46\" title=\"5-cosmonaute\" src=\"https:\/\/5ka.fr\/project\/patrickbaudrymirror\/wp-content\/gallery\/la-cite-des-etoiles\/2-baudry-russe.jpg\" alt=\"5-cosmonaute\" width=\"75\" height=\"75\"><\/div>\n<h3><a href=\"https:\/\/5ka.fr\/project\/patrickbaudrymirror\/bio\/biographie\/la-cite-des-etoiles\/\">Cosmonaute \u00e0 La Cit\u00e9 des Etoiles<\/a><\/h3>\n<p>Le r\u00eave est presque enfin \u00e0 port\u00e9e de mains ! Patrick va pouvoir s\u2019entra\u00eener, et, peut-\u00eatre, bient\u00f4t, partir dans l\u2019Espace. En route pour Moscou&#8230; M\u00e9lodie, qui est n\u00e9e entre temps sera bien s\u00fbr du Voyage&#8230;<\/p>\n<div style=\"clear:both;\">&nbsp;<\/div>\n<div style=\"float:left;margin: 0px 10px 0px 0px;\"><img loading=\"lazy\" class=\"alignnone size-full wp-image-45\" title=\"6-astronaute\" src=\"https:\/\/5ka.fr\/project\/patrickbaudrymirror\/wp-content\/gallery\/le-johnson-space-center\/1-patrick_baudry_astronaute.jpg\" alt=\"6-astronaute\" width=\"75\" height=\"75\"><\/div>\n<h3><a href=\"https:\/\/5ka.fr\/project\/patrickbaudrymirror\/bio\/biographie\/le-johnson-space-center\/\">Astronaute au Johnson Space Center<\/a><\/h3>\n<p>Jean-Loup a vol\u00e9, le prochain vol va se faire avec les am\u00e9ricains et, un beau matin de mars 1983, Patrick devenu bordelais, apprend que c\u2019est lui qui volera lors du premier vol franco-am\u00e9ricain de la navette, le plus bel engin spatial et terrestre de l\u2019\u00e9poque. En route pour Houston !<\/p>\n<div style=\"clear:both;\">&nbsp;<\/div>\n<div style=\"float:left;margin: 0px 10px 0px 0px;\"><img loading=\"lazy\" class=\"alignnone size-full wp-image-44\" title=\"7-entre-ciel-et-terre\" src=\"https:\/\/5ka.fr\/project\/patrickbaudrymirror\/wp-content\/uploads\/2020\/05\/1-patrick-baudry-a-bord-de-discovery.jpg\" alt=\"7-entre-ciel-et-terre\" width=\"75\" height=\"75\"><\/div>\n<h3><a href=\"https:\/\/5ka.fr\/project\/patrickbaudrymirror\/bio\/biographie\/entre-ciel-et-terre\/\">Entre Ciel et Terre<\/a><\/h3>\n<p>Mission annul\u00e9e sur une autre navette, reports de tir, 17 juin 1985, d\u00e9collage \u2013 enfin \u2013 &nbsp;\u00e0 bord de DISCOVERY &#8230;. 7 jours hors du monde terrestre avec 6 autres compagnons et, quelques jours plus tard, le 24 juin 1985, retour sur le plancher des vaches &#8211; h\u00e9las &#8211; ! Mais, quelle Aventure !<\/p>\n<div style=\"clear:both;\">&nbsp;<\/div>\n<div style=\"float:left;margin: 0px 10px 0px 0px;\"><img loading=\"lazy\" class=\"alignnone size-full wp-image-43\" title=\"8-aerospatiale\" src=\"https:\/\/5ka.fr\/project\/patrickbaudrymirror\/wp-content\/gallery\/aerospaciale-hermes\/4-patrick_baudry_-_aerospatiale.jpg\" alt=\"8-aerospatiale\" width=\"75\" height=\"75\"><\/div>\n<h3><a href=\"https:\/\/5ka.fr\/project\/patrickbaudrymirror\/bio\/biographie\/aerospatiale-hermes\/\">A\u00e9rospatiale, Herm\u00e8s, Airbus&#8230;<\/a><\/h3>\n<p>Enfin, la vie continue et l\u2019Aventure aussi, toujours&#8230; Il faut trouver d\u2019autres adr\u00e9nalines, c\u2019est tout. Conseiller du Pr\u00e9sident d\u2019A\u00e9rospatiale, Pilote d\u2019Essais de l\u2019avion spatial Europ\u00e9en Herm\u00e8s \u00e0 venir, Pilote d\u2019Essais pour Airbus Industrie dans tous les salons du monde..Des centaines d\u2019avions et d\u2019h\u00e9licos auront eu Patrick BAUDRY pour Pilote et Tatiana et Natalia, n\u00e9es entre temps, pour passag\u00e8res de temps en temps !<\/p>\n<div style=\"clear:both;\">&nbsp;<\/div>\n<div style=\"float:left;margin: 0px 10px 0px 0px;\"><img loading=\"lazy\" class=\"alignnone size-full wp-image-42\" title=\"9-aujourdhui\" src=\"https:\/\/5ka.fr\/project\/patrickbaudrymirror\/wp-content\/uploads\/2020\/05\/1-patrick_baudry_aujourd_hui.jpg\" alt=\"9-aujourdhui\" width=\"75\" height=\"75\"><\/div>\n<h3><a href=\"https:\/\/5ka.fr\/project\/patrickbaudrymirror\/bio\/biographie\/patrick-aujourdhui\/\">Patrick BAUDRY aujourd\u2019hui<\/a><\/h3>\n<p>Patrick Baudry est Ambassadeur de Bonne Volont\u00e9 de l\u2019UNESCO, Envoy\u00e9 sp\u00e9cial pour la Paix et les Enfants et travaille sur de nombreux projets p\u00e9dagogiques innovants \u00e0 l\u2019\u00e9tranger. Il est aussi Conseiller en Activit\u00e9s a\u00e9ronautiques et spatiales. Ecrivain et Conf\u00e9rencier, il t\u00e9moigne de ce qu\u2019il a v\u00e9cu et porte un message o\u00f9 Motivation, Excellence et Responsabilit\u00e9 fusionnent pour aider ceux qui n\u2019ont pas eu la chance de voir leur plan\u00e8te de l\u2019ext\u00e9rieur \u00e0 voir leur Terre, et leur vie, sous un angle diff\u00e9rent, plus humain et plus productif.<\/p>\n<div style=\"clear:both;\">&nbsp;<\/div>\n<div style=\"float:left;margin: 0px 10px 0px 0px;\"><img loading=\"lazy\" class=\"alignnone size-full wp-image-41\" title=\"10-decorations\" src=\"https:\/\/5ka.fr\/project\/patrickbaudrymirror\/wp-content\/gallery\/decorations-et-distinctions\/04-patrick-baudry-francois-mitterand.jpg\" alt=\"10-decorations\" width=\"75\" height=\"75\"><\/div>\n<h3><a href=\"https:\/\/5ka.fr\/project\/patrickbaudrymirror\/bio\/biographie\/decorations-et-distinctions\/\">D\u00e9corations et Distinctions<\/a><\/h3>\n<p>Une telle vie ne pouvait que laisser quelques traces de ses exploits que vous pourrez d\u00e9couvrir entre ces pages. Quelques d\u00e9corations et distinctions pour vous donner une \u2013petite &#8211; id\u00e9e du personnage !<\/p>\n","protected":false},"excerpt":{"rendered":"<p>Patrick BAUDRY enfant A 5 ans, d\u00e9j\u00e0, le Ciel nargue Patrick qui, lorsqu\u2019il arrive \u00e0 \u00e9chapper \u00e0 la surveillance de son p\u00e8re ing\u00e9nieur m\u00e9t\u00e9orologiste, court tout pr\u00e8s du bureau de celui-ci vers le bout de la piste pour voir les avions d\u00e9coller et s\u2019envoler. Il r\u00eave d\u00e9j\u00e0 de les faire voler&nbsp;! &nbsp; Apprenti pilote Voler, [&hellip;]<\/p>\n","protected":false},"author":1,"featured_media":0,"parent":159,"menu_order":1,"comment_status":"closed","ping_status":"closed","template":"","meta":{"ngg_post_thumbnail":0},"_links":{"self":[{"href":"https:\/\/5ka.fr\/project\/patrickbaudrymirror\/wp-json\/wp\/v2\/pages\/163"}],"collection":[{"href":"https:\/\/5ka.fr\/project\/patrickbaudrymirror\/wp-json\/wp\/v2\/pages"}],"about":[{"href":"https:\/\/5ka.fr\/project\/patrickbaudrymirror\/wp-json\/wp\/v2\/types\/page"}],"author":[{"embeddable":true,"href":"https:\/\/5ka.fr\/project\/patrickbaudrymirror\/wp-json\/wp\/v2\/users\/1"}],"replies":[{"embeddable":true,"href":"https:\/\/5ka.fr\/project\/patrickbaudrymirror\/wp-json\/wp\/v2\/comments?post=163"}],"version-history":[{"count":7,"href":"https:\/\/5ka.fr\/project\/patrickbaudrymirror\/wp-json\/wp\/v2\/pages\/163\/revisions"}],"predecessor-version":[{"id":1798,"href":"https:\/\/5ka.fr\/project\/patrickbaudrymirror\/wp-json\/wp\/v2\/pages\/163\/revisions\/1798"}],"up":[{"embeddable":true,"href":"https:\/\/5ka.fr\/project\/patrickbaudrymirror\/wp-json\/wp\/v2\/pages\/159"}],"wp:attachment":[{"href":"https:\/\/5ka.fr\/project\/patrickbaudrymirror\/wp-json\/wp\/v2\/media?parent=163"}],"curies":[{"name":"wp","href":"https:\/\/api.w.org\/{rel}","templated":true}]}}