{"id":16,"date":"2020-05-26T23:29:39","date_gmt":"2020-05-26T21:29:39","guid":{"rendered":"https:\/\/5ka.fr\/project\/patrickbaudrymirror\/?page_id=16"},"modified":"2020-07-09T18:18:59","modified_gmt":"2020-07-09T16:18:59","slug":"conferencier","status":"publish","type":"page","link":"https:\/\/5ka.fr\/project\/patrickbaudrymirror\/conferencier\/","title":{"rendered":"CONF\u00c9RENCIER"},"content":{"rendered":"<h2>Conf\u00e9rencier, consultant et &#8230; tant d&rsquo;autres choses !<\/h2>\n<p>Beaucoup d&rsquo;entre vous se rappellent de Patrick Baudry <a href=\"https:\/\/5ka.fr\/project\/patrickbaudrymirror\/astronaute\/astronaute-aux-usa\/sts-51g-discovery\/\">astronaute<\/a>, de son d\u00e9part dans l&rsquo;espace avec un b\u00e9ret basque et une fillette de Lynch-Bages 1975 dans ses valises ! Certains m\u00eame disent l&rsquo;avoir vu sur leurs \u00e9crans de t\u00e9l\u00e9vision le 17 juin 1985 avec une baguette de pain sous le bras, pr\u00eat pour le d\u00e9collage !<\/p>\n<p>Beaucoup pensent \u00e9galement qu&rsquo;il est avant tout <a href=\"https:\/\/5ka.fr\/project\/patrickbaudrymirror\/pilote\/\">pilote<\/a>, <a href=\"https:\/\/5ka.fr\/project\/patrickbaudrymirror\/pilote\/sur-tout-ce-qui-vole\/avions-de-combat\/\">pilote de combat<\/a> bien s\u00fbr, mais aussi <a href=\"https:\/\/5ka.fr\/project\/patrickbaudrymirror\/pilote\/sur-tout-ce-qui-vole\/concorde\/\">pilote civil<\/a>, moins d\u00e9j\u00e0 savent qu&rsquo;il est <a href=\"https:\/\/5ka.fr\/project\/patrickbaudrymirror\/pilote\/pilote-dessais-sur-avions-civils\/\">pilote d&rsquo;essais<\/a>, militaire et civil, autant que <a href=\"https:\/\/5ka.fr\/project\/patrickbaudrymirror\/pilote\/sur-tout-ce-qui-vole\/helicopteres\/\">pilote d&rsquo;h\u00e9licopt\u00e8res<\/a> !<\/p>\n<p>Beaucoup encore se demandent ce qu&rsquo;il fait aujourd&rsquo;hui&#8230; \u00ab\u00a0Beaucoup de choses\u00a0\u00bb leur r\u00e9pond-il, lorsqu&rsquo;on le lui demande.<\/p>\n<p>A toutes ces images, il fallait apporter une v\u00e9rit\u00e9, et \u00e0 toutes ces questions que l&rsquo;on peut se poser sur hier et surtout sur aujourd&rsquo;hui, quelques r\u00e9ponses.<\/p>\n<p>D\u00e9couvrez entre ces lignes la <a href=\"https:\/\/5ka.fr\/project\/patrickbaudrymirror\/conferencier\/cv-de-patrick-baudry\/\">biographie de Patrick Baudry<\/a>, et ses activit\u00e9s actuelles en tant que <a href=\"https:\/\/5ka.fr\/project\/patrickbaudrymirror\/conferencier\/themes-de-conference\/\">conf\u00e9rencier<\/a> et <a href=\"https:\/\/5ka.fr\/project\/patrickbaudrymirror\/conferencier\/consultant-en-activites-aeronautiques-et-spatiales\/\">consultant en activit\u00e9s a\u00e9ronautiques et spatiales<\/a>.<\/p>\n<p><a href=\"https:\/\/5ka.fr\/project\/patrickbaudrymirror\/category\/edito\/\"><img loading=\"lazy\" style=\"box-shadow:none;\" class=\"aligncenter size-full wp-image-2554\" title=\"MiniBio\" src=\"https:\/\/5ka.fr\/project\/patrickbaudrymirror\/wp-content\/uploads\/2020\/07\/MiniBio.gif\" alt=\"\" width=\"284\" height=\"109\"><\/a><\/p>\n","protected":false},"excerpt":{"rendered":"<p>Conf\u00e9rencier, consultant et &#8230; tant d&rsquo;autres choses ! Beaucoup d&rsquo;entre vous se rappellent de Patrick Baudry astronaute, de son d\u00e9part dans l&rsquo;espace avec un b\u00e9ret basque et une fillette de Lynch-Bages 1975 dans ses valises ! Certains m\u00eame disent l&rsquo;avoir vu sur leurs \u00e9crans de t\u00e9l\u00e9vision le 17 juin 1985 avec une baguette de pain [&hellip;]<\/p>\n","protected":false},"author":1,"featured_media":0,"parent":0,"menu_order":2,"comment_status":"closed","ping_status":"closed","template":"","meta":{"ngg_post_thumbnail":0},"_links":{"self":[{"href":"https:\/\/5ka.fr\/project\/patrickbaudrymirror\/wp-json\/wp\/v2\/pages\/16"}],"collection":[{"href":"https:\/\/5ka.fr\/project\/patrickbaudrymirror\/wp-json\/wp\/v2\/pages"}],"about":[{"href":"https:\/\/5ka.fr\/project\/patrickbaudrymirror\/wp-json\/wp\/v2\/types\/page"}],"author":[{"embeddable":true,"href":"https:\/\/5ka.fr\/project\/patrickbaudrymirror\/wp-json\/wp\/v2\/users\/1"}],"replies":[{"embeddable":true,"href":"https:\/\/5ka.fr\/project\/patrickbaudrymirror\/wp-json\/wp\/v2\/comments?post=16"}],"version-history":[{"count":13,"href":"https:\/\/5ka.fr\/project\/patrickbaudrymirror\/wp-json\/wp\/v2\/pages\/16\/revisions"}],"predecessor-version":[{"id":1787,"href":"https:\/\/5ka.fr\/project\/patrickbaudrymirror\/wp-json\/wp\/v2\/pages\/16\/revisions\/1787"}],"wp:attachment":[{"href":"https:\/\/5ka.fr\/project\/patrickbaudrymirror\/wp-json\/wp\/v2\/media?parent=16"}],"curies":[{"name":"wp","href":"https:\/\/api.w.org\/{rel}","templated":true}]}}