{"id":159,"date":"2020-05-27T23:26:29","date_gmt":"2020-05-27T21:26:29","guid":{"rendered":"https:\/\/5ka.fr\/project\/patrickbaudrymirror\/?page_id=159"},"modified":"2020-07-22T23:46:55","modified_gmt":"2020-07-22T21:46:55","slug":"bio","status":"publish","type":"page","link":"https:\/\/5ka.fr\/project\/patrickbaudrymirror\/bio\/","title":{"rendered":"BIO"},"content":{"rendered":"<p>Avant de devenir astronaute, Patrick Baudry \u00e9tait avant tout un pilote \u00e9m\u00e9rite, qui a totalis\u00e9 plus de 13.000 heures de vol sur plus de 300 appareils diff\u00e9rents. Cette vocation de pilote lui est venue aux premi\u00e8res heures de son enfance, et l&rsquo;a guid\u00e9 tout au long de sa carri\u00e8re que vous retrouverez dans sa <a href=\"https:\/\/5ka.fr\/project\/patrickbaudrymirror\/bio\/biographie\/\">biographie<\/a> compl\u00e8te.<\/p>\n<p>Patrick Baudry vise avant tout le d\u00e9passement de lui-m\u00eame. Il aime la d\u00e9couverte et l&rsquo;aventure et \u00e0 toujours tout fait pour aller au bout de ses r\u00eaves. Vous d\u00e9couvrirez dans ces pages \u00e9galements quelques unes des formidables <a href=\"https:\/\/5ka.fr\/project\/patrickbaudrymirror\/bio\/aventures-et-passions\/\">aventures humaines<\/a> auxquelles il a particip\u00e9.<\/p>\n<p>Dans toutes ses aventures, les enfants ont toujours occup\u00e9 une place majeure, parce qu&rsquo;ils sont l&rsquo;avenir de notre monde. Patrick Baudry saisit toujours, aujourd&rsquo;hui encore, chaque occasion d&rsquo;\u00e9changer avec eux pour leur donner l&rsquo;envie et la volont\u00e9 d&rsquo;aller au bout de leurs r\u00eaves. C&rsquo;est parce qu&rsquo;il a su conserver son <a href=\"https:\/\/5ka.fr\/project\/patrickbaudrymirror\/bio\/334-2\/\">\u00e2me d&rsquo;enfant<\/a> qu&rsquo;il a pu r\u00e9aliser les siens, et il consid\u00e8re comme un devoir de permettre \u00e0 d&rsquo;autres, \u00e0 leur tour, de trouver les leurs et de les vivre pleinement.<\/p>\n","protected":false},"excerpt":{"rendered":"<p>Avant de devenir astronaute, Patrick Baudry \u00e9tait avant tout un pilote \u00e9m\u00e9rite, qui a totalis\u00e9 plus de 13.000 heures de vol sur plus de 300 appareils diff\u00e9rents. Cette vocation de pilote lui est venue aux premi\u00e8res heures de son enfance, et l&rsquo;a guid\u00e9 tout au long de sa carri\u00e8re que vous retrouverez dans sa biographie [&hellip;]<\/p>\n","protected":false},"author":1,"featured_media":0,"parent":0,"menu_order":3,"comment_status":"closed","ping_status":"closed","template":"","meta":{"ngg_post_thumbnail":0},"_links":{"self":[{"href":"https:\/\/5ka.fr\/project\/patrickbaudrymirror\/wp-json\/wp\/v2\/pages\/159"}],"collection":[{"href":"https:\/\/5ka.fr\/project\/patrickbaudrymirror\/wp-json\/wp\/v2\/pages"}],"about":[{"href":"https:\/\/5ka.fr\/project\/patrickbaudrymirror\/wp-json\/wp\/v2\/types\/page"}],"author":[{"embeddable":true,"href":"https:\/\/5ka.fr\/project\/patrickbaudrymirror\/wp-json\/wp\/v2\/users\/1"}],"replies":[{"embeddable":true,"href":"https:\/\/5ka.fr\/project\/patrickbaudrymirror\/wp-json\/wp\/v2\/comments?post=159"}],"version-history":[{"count":3,"href":"https:\/\/5ka.fr\/project\/patrickbaudrymirror\/wp-json\/wp\/v2\/pages\/159\/revisions"}],"predecessor-version":[{"id":1795,"href":"https:\/\/5ka.fr\/project\/patrickbaudrymirror\/wp-json\/wp\/v2\/pages\/159\/revisions\/1795"}],"wp:attachment":[{"href":"https:\/\/5ka.fr\/project\/patrickbaudrymirror\/wp-json\/wp\/v2\/media?parent=159"}],"curies":[{"name":"wp","href":"https:\/\/api.w.org\/{rel}","templated":true}]}}