{"id":141,"date":"2020-05-27T23:08:44","date_gmt":"2020-05-27T21:08:44","guid":{"rendered":"https:\/\/5ka.fr\/project\/patrickbaudrymirror\/?page_id=141"},"modified":"2020-05-27T23:10:22","modified_gmt":"2020-05-27T21:10:22","slug":"141-2","status":"publish","type":"page","link":"https:\/\/5ka.fr\/project\/patrickbaudrymirror\/conferencier\/interventions-du-3eme-type\/141-2\/","title":{"rendered":"Label Patrick BAUDRY"},"content":{"rendered":"<p>Il est des causes, m\u00eame mercantiles, qui m\u00e9ritent d\u2019\u00eatre port\u00e9es par de vrais et beaux messages. Patrick BAUDRY met alors ce qu\u2019il repr\u00e9sente au service de ces causes : d\u00e9passement de soi jusqu\u2019\u00e0 l\u2019extr\u00eame, go\u00fbt de l\u2019aventure et de la perfection, int\u00e9r\u00eat obsessionnel pour l\u2019am\u00e9lioration des conditions de vie de notre esp\u00e8ce, survie du monde moderne pris dans un cycle infernal d\u2019o\u00f9 il faut sortir, courage, effort, exploit\u2026 Autant de mot qui prennent une r\u00e9alit\u00e9 dans des concepts \u00e0 mettre en valeur et qui sont peut-\u00eatre les v\u00f4tres !<br \/>\n<!-- default-view.php -->\n<div\n\tclass=\"ngg-galleryoverview default-view \"\n\tid=\"ngg-gallery-ff09cb40428582c0446d8ba30177586a-1\">\n\n\t\t<!-- Thumbnails -->\n\t\t\t\t<div id=\"ngg-image-0\" class=\"ngg-gallery-thumbnail-box \" >\n\t\t\t\t        <div class=\"ngg-gallery-thumbnail\">\n            <a href=\"https:\/\/5ka.fr\/project\/patrickbaudrymirror\/wp-content\/gallery\/label-patrick-baudry\/conf-cnes.jpg\"\n               title=\"\"\n               data-src=\"https:\/\/5ka.fr\/project\/patrickbaudrymirror\/wp-content\/gallery\/label-patrick-baudry\/conf-cnes.jpg\"\n               data-thumbnail=\"https:\/\/5ka.fr\/project\/patrickbaudrymirror\/wp-content\/gallery\/label-patrick-baudry\/thumbs\/thumbs_conf-cnes.jpg\"\n               data-image-id=\"45\"\n               data-title=\"conf-cnes\"\n               data-description=\"\"\n               data-image-slug=\"conf-cnes\"\n               class=\"ngg-simplelightbox\" rel=\"ff09cb40428582c0446d8ba30177586a\">\n                <img\n                    title=\"conf-cnes\"\n                    alt=\"conf-cnes\"\n                    src=\"https:\/\/5ka.fr\/project\/patrickbaudrymirror\/wp-content\/gallery\/label-patrick-baudry\/thumbs\/thumbs_conf-cnes.jpg\"\n                    width=\"100\"\n                    height=\"75\"\n                    style=\"max-width:100%;\"\n                \/>\n            <\/a>\n        <\/div>\n\t\t\t\t\t\t\t<\/div> \n\t\t\t\n\t\t\t\t<div id=\"ngg-image-1\" class=\"ngg-gallery-thumbnail-box \" >\n\t\t\t\t        <div class=\"ngg-gallery-thumbnail\">\n            <a href=\"https:\/\/5ka.fr\/project\/patrickbaudrymirror\/wp-content\/gallery\/label-patrick-baudry\/conf-courreges-couture.jpg\"\n               title=\"\"\n               data-src=\"https:\/\/5ka.fr\/project\/patrickbaudrymirror\/wp-content\/gallery\/label-patrick-baudry\/conf-courreges-couture.jpg\"\n               data-thumbnail=\"https:\/\/5ka.fr\/project\/patrickbaudrymirror\/wp-content\/gallery\/label-patrick-baudry\/thumbs\/thumbs_conf-courreges-couture.jpg\"\n               data-image-id=\"46\"\n               data-title=\"conf-courreges-couture\"\n               data-description=\"\"\n               data-image-slug=\"conf-courreges-couture\"\n               class=\"ngg-simplelightbox\" rel=\"ff09cb40428582c0446d8ba30177586a\">\n                <img\n                    title=\"conf-courreges-couture\"\n                    alt=\"conf-courreges-couture\"\n                    src=\"https:\/\/5ka.fr\/project\/patrickbaudrymirror\/wp-content\/gallery\/label-patrick-baudry\/thumbs\/thumbs_conf-courreges-couture.jpg\"\n                    width=\"100\"\n                    height=\"75\"\n                    style=\"max-width:100%;\"\n                \/>\n            <\/a>\n        <\/div>\n\t\t\t\t\t\t\t<\/div> \n\t\t\t\n\t\t\t\t<div id=\"ngg-image-2\" class=\"ngg-gallery-thumbnail-box \" >\n\t\t\t\t        <div class=\"ngg-gallery-thumbnail\">\n            <a href=\"https:\/\/5ka.fr\/project\/patrickbaudrymirror\/wp-content\/gallery\/label-patrick-baudry\/conf-lab-pby-aerospatiale-01.jpg\"\n               title=\"\"\n               data-src=\"https:\/\/5ka.fr\/project\/patrickbaudrymirror\/wp-content\/gallery\/label-patrick-baudry\/conf-lab-pby-aerospatiale-01.jpg\"\n               data-thumbnail=\"https:\/\/5ka.fr\/project\/patrickbaudrymirror\/wp-content\/gallery\/label-patrick-baudry\/thumbs\/thumbs_conf-lab-pby-aerospatiale-01.jpg\"\n               data-image-id=\"47\"\n               data-title=\"conf-lab-pby-aerospatiale-01\"\n               data-description=\"\"\n               data-image-slug=\"conf-lab-pby-aerospatiale-01\"\n               class=\"ngg-simplelightbox\" rel=\"ff09cb40428582c0446d8ba30177586a\">\n                <img\n                    title=\"conf-lab-pby-aerospatiale-01\"\n                    alt=\"conf-lab-pby-aerospatiale-01\"\n                    src=\"https:\/\/5ka.fr\/project\/patrickbaudrymirror\/wp-content\/gallery\/label-patrick-baudry\/thumbs\/thumbs_conf-lab-pby-aerospatiale-01.jpg\"\n                    width=\"100\"\n                    height=\"75\"\n                    style=\"max-width:100%;\"\n                \/>\n            <\/a>\n        <\/div>\n\t\t\t\t\t\t\t<\/div> \n\t\t\t\n\t\t\t\t<div id=\"ngg-image-3\" class=\"ngg-gallery-thumbnail-box \" >\n\t\t\t\t        <div class=\"ngg-gallery-thumbnail\">\n            <a href=\"https:\/\/5ka.fr\/project\/patrickbaudrymirror\/wp-content\/gallery\/label-patrick-baudry\/conf-lab-pby-aerospatiale-02.jpg\"\n               title=\"\"\n               data-src=\"https:\/\/5ka.fr\/project\/patrickbaudrymirror\/wp-content\/gallery\/label-patrick-baudry\/conf-lab-pby-aerospatiale-02.jpg\"\n               data-thumbnail=\"https:\/\/5ka.fr\/project\/patrickbaudrymirror\/wp-content\/gallery\/label-patrick-baudry\/thumbs\/thumbs_conf-lab-pby-aerospatiale-02.jpg\"\n               data-image-id=\"48\"\n               data-title=\"conf-lab-pby-aerospatiale-02\"\n               data-description=\"\"\n               data-image-slug=\"conf-lab-pby-aerospatiale-02\"\n               class=\"ngg-simplelightbox\" rel=\"ff09cb40428582c0446d8ba30177586a\">\n                <img\n                    title=\"conf-lab-pby-aerospatiale-02\"\n                    alt=\"conf-lab-pby-aerospatiale-02\"\n                    src=\"https:\/\/5ka.fr\/project\/patrickbaudrymirror\/wp-content\/gallery\/label-patrick-baudry\/thumbs\/thumbs_conf-lab-pby-aerospatiale-02.jpg\"\n                    width=\"100\"\n                    height=\"75\"\n                    style=\"max-width:100%;\"\n                \/>\n            <\/a>\n        <\/div>\n\t\t\t\t\t\t\t<\/div> \n\t\t\t\n\t\t\t\t<div id=\"ngg-image-4\" class=\"ngg-gallery-thumbnail-box \" >\n\t\t\t\t        <div class=\"ngg-gallery-thumbnail\">\n            <a href=\"https:\/\/5ka.fr\/project\/patrickbaudrymirror\/wp-content\/gallery\/label-patrick-baudry\/conf-lab-pby-aerospatiale-03.jpg\"\n               title=\"\"\n               data-src=\"https:\/\/5ka.fr\/project\/patrickbaudrymirror\/wp-content\/gallery\/label-patrick-baudry\/conf-lab-pby-aerospatiale-03.jpg\"\n               data-thumbnail=\"https:\/\/5ka.fr\/project\/patrickbaudrymirror\/wp-content\/gallery\/label-patrick-baudry\/thumbs\/thumbs_conf-lab-pby-aerospatiale-03.jpg\"\n               data-image-id=\"49\"\n               data-title=\"conf-lab-pby-aerospatiale-03\"\n               data-description=\"\"\n               data-image-slug=\"conf-lab-pby-aerospatiale-03\"\n               class=\"ngg-simplelightbox\" rel=\"ff09cb40428582c0446d8ba30177586a\">\n                <img\n                    title=\"conf-lab-pby-aerospatiale-03\"\n                    alt=\"conf-lab-pby-aerospatiale-03\"\n                    src=\"https:\/\/5ka.fr\/project\/patrickbaudrymirror\/wp-content\/gallery\/label-patrick-baudry\/thumbs\/thumbs_conf-lab-pby-aerospatiale-03.jpg\"\n                    width=\"100\"\n                    height=\"75\"\n                    style=\"max-width:100%;\"\n                \/>\n            <\/a>\n        <\/div>\n\t\t\t\t\t\t\t<\/div> \n\t\t\t\n\t\t\t\t<div id=\"ngg-image-5\" class=\"ngg-gallery-thumbnail-box \" >\n\t\t\t\t        <div class=\"ngg-gallery-thumbnail\">\n            <a href=\"https:\/\/5ka.fr\/project\/patrickbaudrymirror\/wp-content\/gallery\/label-patrick-baudry\/confparfum-weil.jpg\"\n               title=\"\"\n               data-src=\"https:\/\/5ka.fr\/project\/patrickbaudrymirror\/wp-content\/gallery\/label-patrick-baudry\/confparfum-weil.jpg\"\n               data-thumbnail=\"https:\/\/5ka.fr\/project\/patrickbaudrymirror\/wp-content\/gallery\/label-patrick-baudry\/thumbs\/thumbs_confparfum-weil.jpg\"\n               data-image-id=\"50\"\n               data-title=\"confparfum-weil\"\n               data-description=\"\"\n               data-image-slug=\"confparfum-weil\"\n               class=\"ngg-simplelightbox\" rel=\"ff09cb40428582c0446d8ba30177586a\">\n                <img\n                    title=\"confparfum-weil\"\n                    alt=\"confparfum-weil\"\n                    src=\"https:\/\/5ka.fr\/project\/patrickbaudrymirror\/wp-content\/gallery\/label-patrick-baudry\/thumbs\/thumbs_confparfum-weil.jpg\"\n                    width=\"100\"\n                    height=\"75\"\n                    style=\"max-width:100%;\"\n                \/>\n            <\/a>\n        <\/div>\n\t\t\t\t\t\t\t<\/div> \n\t\t\t\n\t\t\t\t<div id=\"ngg-image-6\" class=\"ngg-gallery-thumbnail-box \" >\n\t\t\t\t        <div class=\"ngg-gallery-thumbnail\">\n            <a href=\"https:\/\/5ka.fr\/project\/patrickbaudrymirror\/wp-content\/gallery\/label-patrick-baudry\/conf-renault-espace.jpg\"\n               title=\"\"\n               data-src=\"https:\/\/5ka.fr\/project\/patrickbaudrymirror\/wp-content\/gallery\/label-patrick-baudry\/conf-renault-espace.jpg\"\n               data-thumbnail=\"https:\/\/5ka.fr\/project\/patrickbaudrymirror\/wp-content\/gallery\/label-patrick-baudry\/thumbs\/thumbs_conf-renault-espace.jpg\"\n               data-image-id=\"51\"\n               data-title=\"conf-renault-espace\"\n               data-description=\"\"\n               data-image-slug=\"conf-renault-espace\"\n               class=\"ngg-simplelightbox\" rel=\"ff09cb40428582c0446d8ba30177586a\">\n                <img\n                    title=\"conf-renault-espace\"\n                    alt=\"conf-renault-espace\"\n                    src=\"https:\/\/5ka.fr\/project\/patrickbaudrymirror\/wp-content\/gallery\/label-patrick-baudry\/thumbs\/thumbs_conf-renault-espace.jpg\"\n                    width=\"100\"\n                    height=\"75\"\n                    style=\"max-width:100%;\"\n                \/>\n            <\/a>\n        <\/div>\n\t\t\t\t\t\t\t<\/div> \n\t\t\t\n\t\t\t\t<div id=\"ngg-image-7\" class=\"ngg-gallery-thumbnail-box \" >\n\t\t\t\t        <div class=\"ngg-gallery-thumbnail\">\n            <a href=\"https:\/\/5ka.fr\/project\/patrickbaudrymirror\/wp-content\/gallery\/label-patrick-baudry\/croisiere-sur-le-france.jpg\"\n               title=\"\"\n               data-src=\"https:\/\/5ka.fr\/project\/patrickbaudrymirror\/wp-content\/gallery\/label-patrick-baudry\/croisiere-sur-le-france.jpg\"\n               data-thumbnail=\"https:\/\/5ka.fr\/project\/patrickbaudrymirror\/wp-content\/gallery\/label-patrick-baudry\/thumbs\/thumbs_croisiere-sur-le-france.jpg\"\n               data-image-id=\"52\"\n               data-title=\"croisiere-sur-le-france\"\n               data-description=\"\"\n               data-image-slug=\"croisiere-sur-le-france\"\n               class=\"ngg-simplelightbox\" rel=\"ff09cb40428582c0446d8ba30177586a\">\n                <img\n                    title=\"croisiere-sur-le-france\"\n                    alt=\"croisiere-sur-le-france\"\n                    src=\"https:\/\/5ka.fr\/project\/patrickbaudrymirror\/wp-content\/gallery\/label-patrick-baudry\/thumbs\/thumbs_croisiere-sur-le-france.jpg\"\n                    width=\"100\"\n                    height=\"75\"\n                    style=\"max-width:100%;\"\n                \/>\n            <\/a>\n        <\/div>\n\t\t\t\t\t\t\t<\/div> \n\t\t\t\n\t\t\t\t<div id=\"ngg-image-8\" class=\"ngg-gallery-thumbnail-box \" >\n\t\t\t\t        <div class=\"ngg-gallery-thumbnail\">\n            <a href=\"https:\/\/5ka.fr\/project\/patrickbaudrymirror\/wp-content\/gallery\/label-patrick-baudry\/hermes.jpg\"\n               title=\"\"\n               data-src=\"https:\/\/5ka.fr\/project\/patrickbaudrymirror\/wp-content\/gallery\/label-patrick-baudry\/hermes.jpg\"\n               data-thumbnail=\"https:\/\/5ka.fr\/project\/patrickbaudrymirror\/wp-content\/gallery\/label-patrick-baudry\/thumbs\/thumbs_hermes.jpg\"\n               data-image-id=\"53\"\n               data-title=\"hermes\"\n               data-description=\"\"\n               data-image-slug=\"hermes\"\n               class=\"ngg-simplelightbox\" rel=\"ff09cb40428582c0446d8ba30177586a\">\n                <img\n                    title=\"hermes\"\n                    alt=\"hermes\"\n                    src=\"https:\/\/5ka.fr\/project\/patrickbaudrymirror\/wp-content\/gallery\/label-patrick-baudry\/thumbs\/thumbs_hermes.jpg\"\n                    width=\"100\"\n                    height=\"75\"\n                    style=\"max-width:100%;\"\n                \/>\n            <\/a>\n        <\/div>\n\t\t\t\t\t\t\t<\/div> \n\t\t\t\n\t\t\t\t<div id=\"ngg-image-9\" class=\"ngg-gallery-thumbnail-box \" >\n\t\t\t\t        <div class=\"ngg-gallery-thumbnail\">\n            <a href=\"https:\/\/5ka.fr\/project\/patrickbaudrymirror\/wp-content\/gallery\/label-patrick-baudry\/pat-pub-accor.jpg\"\n               title=\"\"\n               data-src=\"https:\/\/5ka.fr\/project\/patrickbaudrymirror\/wp-content\/gallery\/label-patrick-baudry\/pat-pub-accor.jpg\"\n               data-thumbnail=\"https:\/\/5ka.fr\/project\/patrickbaudrymirror\/wp-content\/gallery\/label-patrick-baudry\/thumbs\/thumbs_pat-pub-accor.jpg\"\n               data-image-id=\"54\"\n               data-title=\"pat-pub-accor\"\n               data-description=\"\"\n               data-image-slug=\"pat-pub-accor\"\n               class=\"ngg-simplelightbox\" rel=\"ff09cb40428582c0446d8ba30177586a\">\n                <img\n                    title=\"pat-pub-accor\"\n                    alt=\"pat-pub-accor\"\n                    src=\"https:\/\/5ka.fr\/project\/patrickbaudrymirror\/wp-content\/gallery\/label-patrick-baudry\/thumbs\/thumbs_pat-pub-accor.jpg\"\n                    width=\"100\"\n                    height=\"75\"\n                    style=\"max-width:100%;\"\n                \/>\n            <\/a>\n        <\/div>\n\t\t\t\t\t\t\t<\/div> \n\t\t\t\n\t\n\t<br style=\"clear: both\" \/>\n\n\t\n\t\t<!-- Pagination -->\n\t<div class='ngg-clear'><\/div>\t<\/div>\n<\/p>\n<address><img loading=\"lazy\" class=\"alignleft size-full wp-image-721\" style=\"float: left;\" title=\"Patrick Baudry et Charles Beigbeider\" src=\"https:\/\/5ka.fr\/project\/patrickbaudrymirror\/wp-content\/uploads\/2020\/05\/images.jpg\" alt=\"Patrick Baudry et Charles Beigbeider\" width=\"96\" height=\"83\"><em>Charles Beigbeder a fait appel \u00e0 Patrick Baudry en 2007 pour promouvoir l&rsquo;\u00e9nergie propre au sein du groupe Poweo<\/em><\/address>\n","protected":false},"excerpt":{"rendered":"<p>Il est des causes, m\u00eame mercantiles, qui m\u00e9ritent d\u2019\u00eatre port\u00e9es par de vrais et beaux messages. Patrick BAUDRY met alors ce qu\u2019il repr\u00e9sente au service de ces causes : d\u00e9passement de soi jusqu\u2019\u00e0 l\u2019extr\u00eame, go\u00fbt de l\u2019aventure et de la perfection, int\u00e9r\u00eat obsessionnel pour l\u2019am\u00e9lioration des conditions de vie de notre esp\u00e8ce, survie du monde [&hellip;]<\/p>\n","protected":false},"author":1,"featured_media":0,"parent":109,"menu_order":3,"comment_status":"closed","ping_status":"closed","template":"","meta":{"ngg_post_thumbnail":0},"_links":{"self":[{"href":"https:\/\/5ka.fr\/project\/patrickbaudrymirror\/wp-json\/wp\/v2\/pages\/141"}],"collection":[{"href":"https:\/\/5ka.fr\/project\/patrickbaudrymirror\/wp-json\/wp\/v2\/pages"}],"about":[{"href":"https:\/\/5ka.fr\/project\/patrickbaudrymirror\/wp-json\/wp\/v2\/types\/page"}],"author":[{"embeddable":true,"href":"https:\/\/5ka.fr\/project\/patrickbaudrymirror\/wp-json\/wp\/v2\/users\/1"}],"replies":[{"embeddable":true,"href":"https:\/\/5ka.fr\/project\/patrickbaudrymirror\/wp-json\/wp\/v2\/comments?post=141"}],"version-history":[{"count":4,"href":"https:\/\/5ka.fr\/project\/patrickbaudrymirror\/wp-json\/wp\/v2\/pages\/141\/revisions"}],"predecessor-version":[{"id":146,"href":"https:\/\/5ka.fr\/project\/patrickbaudrymirror\/wp-json\/wp\/v2\/pages\/141\/revisions\/146"}],"up":[{"embeddable":true,"href":"https:\/\/5ka.fr\/project\/patrickbaudrymirror\/wp-json\/wp\/v2\/pages\/109"}],"wp:attachment":[{"href":"https:\/\/5ka.fr\/project\/patrickbaudrymirror\/wp-json\/wp\/v2\/media?parent=141"}],"curies":[{"name":"wp","href":"https:\/\/api.w.org\/{rel}","templated":true}]}}