{"id":127,"date":"2020-05-27T03:03:57","date_gmt":"2020-05-27T01:03:57","guid":{"rendered":"https:\/\/5ka.fr\/project\/patrickbaudrymirror\/?page_id=127"},"modified":"2020-05-27T03:03:58","modified_gmt":"2020-05-27T01:03:58","slug":"parrainages-festivals","status":"publish","type":"page","link":"https:\/\/5ka.fr\/project\/patrickbaudrymirror\/conferencier\/interventions-du-3eme-type\/parrainages-festivals\/","title":{"rendered":"Parrainages, Festivals"},"content":{"rendered":"\n<p>Pr\u00e9sident du jury, membre occasionnel, organisateur parfois m\u00eame, ou t\u00e9moin exceptionnel venu partager son exp\u00e9rience, Patrick BAUDRY participe au bon d\u00e9roulement de festivals ou de rencontres qui mettent l&rsquo;accent sur la motivation, l&rsquo;exploit, le go\u00fbt de l&rsquo;effort, la combativit\u00e9 ou encore le d\u00e9passement de soi-m\u00eame. Ces manifestations ont toutes attrait avec l&rsquo;aventure, le sport, les domaines de l&rsquo;extr\u00eame ou de la technologie. Festival du film d&rsquo;aventures de Val d&rsquo;Is\u00e8re, Rencontres m\u00e9t\u00e9o-montagnes de l&rsquo;Alpe d&rsquo;Huez, festival du film de M\u00e9ribel\u2026 Quelques noms \u00e9vocateurs qui vous donneront une id\u00e9e plus pr\u00e9cise des lieux o\u00f9 vous le rencontrerez !<\/p>\n\n\n<p>2009 Festival Jules Verne :<\/p>\n<!-- default-view.php -->\n<div\n\tclass=\"ngg-galleryoverview default-view \"\n\tid=\"ngg-gallery-4d4becd18e9e57ba1e490f8ae5e1be2a-1\">\n\n\t\t<!-- Thumbnails -->\n\t\t\t\t<div id=\"ngg-image-0\" class=\"ngg-gallery-thumbnail-box \" >\n\t\t\t\t        <div class=\"ngg-gallery-thumbnail\">\n            <a href=\"https:\/\/5ka.fr\/project\/patrickbaudrymirror\/wp-content\/gallery\/parrainages-festivals\/festival-jules-verne-2009.jpg\"\n               title=\"\"\n               data-src=\"https:\/\/5ka.fr\/project\/patrickbaudrymirror\/wp-content\/gallery\/parrainages-festivals\/festival-jules-verne-2009.jpg\"\n               data-thumbnail=\"https:\/\/5ka.fr\/project\/patrickbaudrymirror\/wp-content\/gallery\/parrainages-festivals\/thumbs\/thumbs_festival-jules-verne-2009.jpg\"\n               data-image-id=\"39\"\n               data-title=\"festival-jules-verne-2009\"\n               data-description=\"\"\n               data-image-slug=\"festival-jules-verne-2009\"\n               class=\"ngg-simplelightbox\" rel=\"4d4becd18e9e57ba1e490f8ae5e1be2a\">\n                <img\n                    title=\"festival-jules-verne-2009\"\n                    alt=\"festival-jules-verne-2009\"\n                    src=\"https:\/\/5ka.fr\/project\/patrickbaudrymirror\/wp-content\/gallery\/parrainages-festivals\/thumbs\/thumbs_festival-jules-verne-2009.jpg\"\n                    width=\"100\"\n                    height=\"75\"\n                    style=\"max-width:100%;\"\n                \/>\n            <\/a>\n        <\/div>\n\t\t\t\t\t\t\t<\/div> \n\t\t\t\n\t\t\t\t<div id=\"ngg-image-1\" class=\"ngg-gallery-thumbnail-box \" >\n\t\t\t\t        <div class=\"ngg-gallery-thumbnail\">\n            <a href=\"https:\/\/5ka.fr\/project\/patrickbaudrymirror\/wp-content\/gallery\/parrainages-festivals\/festival-jules-verne-2009-2.jpg\"\n               title=\"\"\n               data-src=\"https:\/\/5ka.fr\/project\/patrickbaudrymirror\/wp-content\/gallery\/parrainages-festivals\/festival-jules-verne-2009-2.jpg\"\n               data-thumbnail=\"https:\/\/5ka.fr\/project\/patrickbaudrymirror\/wp-content\/gallery\/parrainages-festivals\/thumbs\/thumbs_festival-jules-verne-2009-2.jpg\"\n               data-image-id=\"40\"\n               data-title=\"festival-jules-verne-2009-2\"\n               data-description=\"\"\n               data-image-slug=\"festival-jules-verne-2009-2\"\n               class=\"ngg-simplelightbox\" rel=\"4d4becd18e9e57ba1e490f8ae5e1be2a\">\n                <img\n                    title=\"festival-jules-verne-2009-2\"\n                    alt=\"festival-jules-verne-2009-2\"\n                    src=\"https:\/\/5ka.fr\/project\/patrickbaudrymirror\/wp-content\/gallery\/parrainages-festivals\/thumbs\/thumbs_festival-jules-verne-2009-2.jpg\"\n                    width=\"100\"\n                    height=\"75\"\n                    style=\"max-width:100%;\"\n                \/>\n            <\/a>\n        <\/div>\n\t\t\t\t\t\t\t<\/div> \n\t\t\t\n\t\t\t\t<div id=\"ngg-image-2\" class=\"ngg-gallery-thumbnail-box \" >\n\t\t\t\t        <div class=\"ngg-gallery-thumbnail\">\n            <a href=\"https:\/\/5ka.fr\/project\/patrickbaudrymirror\/wp-content\/gallery\/parrainages-festivals\/festival-jules-verne-2009-3.jpg\"\n               title=\"\"\n               data-src=\"https:\/\/5ka.fr\/project\/patrickbaudrymirror\/wp-content\/gallery\/parrainages-festivals\/festival-jules-verne-2009-3.jpg\"\n               data-thumbnail=\"https:\/\/5ka.fr\/project\/patrickbaudrymirror\/wp-content\/gallery\/parrainages-festivals\/thumbs\/thumbs_festival-jules-verne-2009-3.jpg\"\n               data-image-id=\"41\"\n               data-title=\"festival-jules-verne-2009-3\"\n               data-description=\"\"\n               data-image-slug=\"festival-jules-verne-2009-3\"\n               class=\"ngg-simplelightbox\" rel=\"4d4becd18e9e57ba1e490f8ae5e1be2a\">\n                <img\n                    title=\"festival-jules-verne-2009-3\"\n                    alt=\"festival-jules-verne-2009-3\"\n                    src=\"https:\/\/5ka.fr\/project\/patrickbaudrymirror\/wp-content\/gallery\/parrainages-festivals\/thumbs\/thumbs_festival-jules-verne-2009-3.jpg\"\n                    width=\"100\"\n                    height=\"75\"\n                    style=\"max-width:100%;\"\n                \/>\n            <\/a>\n        <\/div>\n\t\t\t\t\t\t\t<\/div> \n\t\t\t\n\t\t\t\t<div id=\"ngg-image-3\" class=\"ngg-gallery-thumbnail-box \" >\n\t\t\t\t        <div class=\"ngg-gallery-thumbnail\">\n            <a href=\"https:\/\/5ka.fr\/project\/patrickbaudrymirror\/wp-content\/gallery\/parrainages-festivals\/festival-jules-verne-2009-4.jpg\"\n               title=\"\"\n               data-src=\"https:\/\/5ka.fr\/project\/patrickbaudrymirror\/wp-content\/gallery\/parrainages-festivals\/festival-jules-verne-2009-4.jpg\"\n               data-thumbnail=\"https:\/\/5ka.fr\/project\/patrickbaudrymirror\/wp-content\/gallery\/parrainages-festivals\/thumbs\/thumbs_festival-jules-verne-2009-4.jpg\"\n               data-image-id=\"42\"\n               data-title=\"festival-jules-verne-2009-4\"\n               data-description=\"\"\n               data-image-slug=\"festival-jules-verne-2009-4\"\n               class=\"ngg-simplelightbox\" rel=\"4d4becd18e9e57ba1e490f8ae5e1be2a\">\n                <img\n                    title=\"festival-jules-verne-2009-4\"\n                    alt=\"festival-jules-verne-2009-4\"\n                    src=\"https:\/\/5ka.fr\/project\/patrickbaudrymirror\/wp-content\/gallery\/parrainages-festivals\/thumbs\/thumbs_festival-jules-verne-2009-4.jpg\"\n                    width=\"100\"\n                    height=\"75\"\n                    style=\"max-width:100%;\"\n                \/>\n            <\/a>\n        <\/div>\n\t\t\t\t\t\t\t<\/div> \n\t\t\t\n\t\t\t\t<div id=\"ngg-image-4\" class=\"ngg-gallery-thumbnail-box \" >\n\t\t\t\t        <div class=\"ngg-gallery-thumbnail\">\n            <a href=\"https:\/\/5ka.fr\/project\/patrickbaudrymirror\/wp-content\/gallery\/parrainages-festivals\/festival-jules-verne-2009-5.jpg\"\n               title=\"\"\n               data-src=\"https:\/\/5ka.fr\/project\/patrickbaudrymirror\/wp-content\/gallery\/parrainages-festivals\/festival-jules-verne-2009-5.jpg\"\n               data-thumbnail=\"https:\/\/5ka.fr\/project\/patrickbaudrymirror\/wp-content\/gallery\/parrainages-festivals\/thumbs\/thumbs_festival-jules-verne-2009-5.jpg\"\n               data-image-id=\"43\"\n               data-title=\"festival-jules-verne-2009-5\"\n               data-description=\"\"\n               data-image-slug=\"festival-jules-verne-2009-5\"\n               class=\"ngg-simplelightbox\" rel=\"4d4becd18e9e57ba1e490f8ae5e1be2a\">\n                <img\n                    title=\"festival-jules-verne-2009-5\"\n                    alt=\"festival-jules-verne-2009-5\"\n                    src=\"https:\/\/5ka.fr\/project\/patrickbaudrymirror\/wp-content\/gallery\/parrainages-festivals\/thumbs\/thumbs_festival-jules-verne-2009-5.jpg\"\n                    width=\"100\"\n                    height=\"75\"\n                    style=\"max-width:100%;\"\n                \/>\n            <\/a>\n        <\/div>\n\t\t\t\t\t\t\t<\/div> \n\t\t\t\n\t\t\t\t<div id=\"ngg-image-5\" class=\"ngg-gallery-thumbnail-box \" >\n\t\t\t\t        <div class=\"ngg-gallery-thumbnail\">\n            <a href=\"https:\/\/5ka.fr\/project\/patrickbaudrymirror\/wp-content\/gallery\/parrainages-festivals\/festival-jules-verne-2009-6.jpg\"\n               title=\"\"\n               data-src=\"https:\/\/5ka.fr\/project\/patrickbaudrymirror\/wp-content\/gallery\/parrainages-festivals\/festival-jules-verne-2009-6.jpg\"\n               data-thumbnail=\"https:\/\/5ka.fr\/project\/patrickbaudrymirror\/wp-content\/gallery\/parrainages-festivals\/thumbs\/thumbs_festival-jules-verne-2009-6.jpg\"\n               data-image-id=\"44\"\n               data-title=\"festival-jules-verne-2009-6\"\n               data-description=\"\"\n               data-image-slug=\"festival-jules-verne-2009-6\"\n               class=\"ngg-simplelightbox\" rel=\"4d4becd18e9e57ba1e490f8ae5e1be2a\">\n                <img\n                    title=\"festival-jules-verne-2009-6\"\n                    alt=\"festival-jules-verne-2009-6\"\n                    src=\"https:\/\/5ka.fr\/project\/patrickbaudrymirror\/wp-content\/gallery\/parrainages-festivals\/thumbs\/thumbs_festival-jules-verne-2009-6.jpg\"\n                    width=\"100\"\n                    height=\"75\"\n                    style=\"max-width:100%;\"\n                \/>\n            <\/a>\n        <\/div>\n\t\t\t\t\t\t\t<\/div> \n\t\t\t\n\t\n\t<br style=\"clear: both\" \/>\n\n\t\n\t\t<!-- Pagination -->\n\t<div class='ngg-clear'><\/div>\t<\/div>\n","protected":false},"excerpt":{"rendered":"<p>Pr\u00e9sident du jury, membre occasionnel, organisateur parfois m\u00eame, ou t\u00e9moin exceptionnel venu partager son exp\u00e9rience, Patrick BAUDRY participe au bon d\u00e9roulement de festivals ou de rencontres qui mettent l&rsquo;accent sur la motivation, l&rsquo;exploit, le go\u00fbt de l&rsquo;effort, la combativit\u00e9 ou encore le d\u00e9passement de soi-m\u00eame. Ces manifestations ont toutes attrait avec l&rsquo;aventure, le sport, les [&hellip;]<\/p>\n","protected":false},"author":1,"featured_media":0,"parent":109,"menu_order":2,"comment_status":"closed","ping_status":"closed","template":"","meta":{"ngg_post_thumbnail":0},"_links":{"self":[{"href":"https:\/\/5ka.fr\/project\/patrickbaudrymirror\/wp-json\/wp\/v2\/pages\/127"}],"collection":[{"href":"https:\/\/5ka.fr\/project\/patrickbaudrymirror\/wp-json\/wp\/v2\/pages"}],"about":[{"href":"https:\/\/5ka.fr\/project\/patrickbaudrymirror\/wp-json\/wp\/v2\/types\/page"}],"author":[{"embeddable":true,"href":"https:\/\/5ka.fr\/project\/patrickbaudrymirror\/wp-json\/wp\/v2\/users\/1"}],"replies":[{"embeddable":true,"href":"https:\/\/5ka.fr\/project\/patrickbaudrymirror\/wp-json\/wp\/v2\/comments?post=127"}],"version-history":[{"count":2,"href":"https:\/\/5ka.fr\/project\/patrickbaudrymirror\/wp-json\/wp\/v2\/pages\/127\/revisions"}],"predecessor-version":[{"id":129,"href":"https:\/\/5ka.fr\/project\/patrickbaudrymirror\/wp-json\/wp\/v2\/pages\/127\/revisions\/129"}],"up":[{"embeddable":true,"href":"https:\/\/5ka.fr\/project\/patrickbaudrymirror\/wp-json\/wp\/v2\/pages\/109"}],"wp:attachment":[{"href":"https:\/\/5ka.fr\/project\/patrickbaudrymirror\/wp-json\/wp\/v2\/media?parent=127"}],"curies":[{"name":"wp","href":"https:\/\/api.w.org\/{rel}","templated":true}]}}