{"id":117,"date":"2020-05-27T02:35:31","date_gmt":"2020-05-27T00:35:31","guid":{"rendered":"https:\/\/5ka.fr\/project\/patrickbaudrymirror\/?page_id=117"},"modified":"2020-05-27T02:35:31","modified_gmt":"2020-05-27T00:35:31","slug":"conferences-pour-les-jeunes","status":"publish","type":"page","link":"https:\/\/5ka.fr\/project\/patrickbaudrymirror\/conferencier\/interventions-du-3eme-type\/conferences-pour-les-jeunes\/","title":{"rendered":"Conf\u00e9rences pour les jeunes"},"content":{"rendered":"<p>Motiver les entreprises, booster les crit\u00e8res d&rsquo;excellence et redonner un \u00e9lan neuf et combatif ne va pas sans un message d&rsquo;\u00e9ducation que Patrick BAUDRY s&rsquo;attache \u00e0 d\u00e9livrer aux plus jeunes. Pour lui, le meilleur moyen de faire des hommes responsables de la Terre est de leur donner de la vie une vision tr\u00e8s positive tr\u00e8s jeunes. Avoir des r\u00eaves, croire en eux, d\u00e9sirer tr\u00e8s fort les r\u00e9aliser pour se porter soi-m\u00eame au sommet de sa destin\u00e9e est un message vital pour la jeunesse d&rsquo;aujourd&rsquo;hui qu&rsquo;il est bon de le d\u00e9livrer d\u00e8s qu&rsquo;on le peut.<\/p>\n<p><em>Op\u00e9ration Petit Prince-Olll\u00e8ge Jacques Monod -Baumont\/oise<\/em><\/p>\n<!-- default-view.php -->\n<div\n\tclass=\"ngg-galleryoverview default-view \"\n\tid=\"ngg-gallery-68a5a410d0d7964a9399d4df4f7e16fd-1\">\n\n\t\t<!-- Thumbnails -->\n\t\t\t\t<div id=\"ngg-image-0\" class=\"ngg-gallery-thumbnail-box \" >\n\t\t\t\t        <div class=\"ngg-gallery-thumbnail\">\n            <a href=\"https:\/\/5ka.fr\/project\/patrickbaudrymirror\/wp-content\/gallery\/conference-pour-les-jeunes\/college-jacques-monod.gif\"\n               title=\"\"\n               data-src=\"https:\/\/5ka.fr\/project\/patrickbaudrymirror\/wp-content\/gallery\/conference-pour-les-jeunes\/college-jacques-monod.gif\"\n               data-thumbnail=\"https:\/\/5ka.fr\/project\/patrickbaudrymirror\/wp-content\/gallery\/conference-pour-les-jeunes\/thumbs\/thumbs_college-jacques-monod.gif\"\n               data-image-id=\"35\"\n               data-title=\"college-jacques-monod\"\n               data-description=\"\"\n               data-image-slug=\"college-jacques-monod\"\n               class=\"ngg-simplelightbox\" rel=\"68a5a410d0d7964a9399d4df4f7e16fd\">\n                <img\n                    title=\"college-jacques-monod\"\n                    alt=\"college-jacques-monod\"\n                    src=\"https:\/\/5ka.fr\/project\/patrickbaudrymirror\/wp-content\/gallery\/conference-pour-les-jeunes\/thumbs\/thumbs_college-jacques-monod.gif\"\n                    width=\"100\"\n                    height=\"75\"\n                    style=\"max-width:100%;\"\n                \/>\n            <\/a>\n        <\/div>\n\t\t\t\t\t\t\t<\/div> \n\t\t\t\n\t\t\t\t<div id=\"ngg-image-1\" class=\"ngg-gallery-thumbnail-box \" >\n\t\t\t\t        <div class=\"ngg-gallery-thumbnail\">\n            <a href=\"https:\/\/5ka.fr\/project\/patrickbaudrymirror\/wp-content\/gallery\/conference-pour-les-jeunes\/college-jacques-monod2.gif\"\n               title=\"\"\n               data-src=\"https:\/\/5ka.fr\/project\/patrickbaudrymirror\/wp-content\/gallery\/conference-pour-les-jeunes\/college-jacques-monod2.gif\"\n               data-thumbnail=\"https:\/\/5ka.fr\/project\/patrickbaudrymirror\/wp-content\/gallery\/conference-pour-les-jeunes\/thumbs\/thumbs_college-jacques-monod2.gif\"\n               data-image-id=\"36\"\n               data-title=\"college-jacques-monod2\"\n               data-description=\"\"\n               data-image-slug=\"college-jacques-monod2\"\n               class=\"ngg-simplelightbox\" rel=\"68a5a410d0d7964a9399d4df4f7e16fd\">\n                <img\n                    title=\"college-jacques-monod2\"\n                    alt=\"college-jacques-monod2\"\n                    src=\"https:\/\/5ka.fr\/project\/patrickbaudrymirror\/wp-content\/gallery\/conference-pour-les-jeunes\/thumbs\/thumbs_college-jacques-monod2.gif\"\n                    width=\"100\"\n                    height=\"75\"\n                    style=\"max-width:100%;\"\n                \/>\n            <\/a>\n        <\/div>\n\t\t\t\t\t\t\t<\/div> \n\t\t\t\n\t\t\t\t<div id=\"ngg-image-2\" class=\"ngg-gallery-thumbnail-box \" >\n\t\t\t\t        <div class=\"ngg-gallery-thumbnail\">\n            <a href=\"https:\/\/5ka.fr\/project\/patrickbaudrymirror\/wp-content\/gallery\/conference-pour-les-jeunes\/college-jacques-monod3.gif\"\n               title=\"\"\n               data-src=\"https:\/\/5ka.fr\/project\/patrickbaudrymirror\/wp-content\/gallery\/conference-pour-les-jeunes\/college-jacques-monod3.gif\"\n               data-thumbnail=\"https:\/\/5ka.fr\/project\/patrickbaudrymirror\/wp-content\/gallery\/conference-pour-les-jeunes\/thumbs\/thumbs_college-jacques-monod3.gif\"\n               data-image-id=\"37\"\n               data-title=\"college-jacques-monod3\"\n               data-description=\"\"\n               data-image-slug=\"college-jacques-monod3\"\n               class=\"ngg-simplelightbox\" rel=\"68a5a410d0d7964a9399d4df4f7e16fd\">\n                <img\n                    title=\"college-jacques-monod3\"\n                    alt=\"college-jacques-monod3\"\n                    src=\"https:\/\/5ka.fr\/project\/patrickbaudrymirror\/wp-content\/gallery\/conference-pour-les-jeunes\/thumbs\/thumbs_college-jacques-monod3.gif\"\n                    width=\"100\"\n                    height=\"75\"\n                    style=\"max-width:100%;\"\n                \/>\n            <\/a>\n        <\/div>\n\t\t\t\t\t\t\t<\/div> \n\t\t\t\n\t\t\t\t<div id=\"ngg-image-3\" class=\"ngg-gallery-thumbnail-box \" >\n\t\t\t\t        <div class=\"ngg-gallery-thumbnail\">\n            <a href=\"https:\/\/5ka.fr\/project\/patrickbaudrymirror\/wp-content\/gallery\/conference-pour-les-jeunes\/img107.jpg\"\n               title=\"\"\n               data-src=\"https:\/\/5ka.fr\/project\/patrickbaudrymirror\/wp-content\/gallery\/conference-pour-les-jeunes\/img107.jpg\"\n               data-thumbnail=\"https:\/\/5ka.fr\/project\/patrickbaudrymirror\/wp-content\/gallery\/conference-pour-les-jeunes\/thumbs\/thumbs_img107.jpg\"\n               data-image-id=\"38\"\n               data-title=\"img107\"\n               data-description=\"\"\n               data-image-slug=\"img107\"\n               class=\"ngg-simplelightbox\" rel=\"68a5a410d0d7964a9399d4df4f7e16fd\">\n                <img\n                    title=\"img107\"\n                    alt=\"img107\"\n                    src=\"https:\/\/5ka.fr\/project\/patrickbaudrymirror\/wp-content\/gallery\/conference-pour-les-jeunes\/thumbs\/thumbs_img107.jpg\"\n                    width=\"100\"\n                    height=\"75\"\n                    style=\"max-width:100%;\"\n                \/>\n            <\/a>\n        <\/div>\n\t\t\t\t\t\t\t<\/div> \n\t\t\t\n\t\n\t<br style=\"clear: both\" \/>\n\n\t\n\t\t<!-- Pagination -->\n\t<div class='ngg-clear'><\/div>\t<\/div>\n\n\n\n<p><\/p>\n","protected":false},"excerpt":{"rendered":"<p>Motiver les entreprises, booster les crit\u00e8res d&rsquo;excellence et redonner un \u00e9lan neuf et combatif ne va pas sans un message d&rsquo;\u00e9ducation que Patrick BAUDRY s&rsquo;attache \u00e0 d\u00e9livrer aux plus jeunes. Pour lui, le meilleur moyen de faire des hommes responsables de la Terre est de leur donner de la vie une vision tr\u00e8s positive tr\u00e8s [&hellip;]<\/p>\n","protected":false},"author":1,"featured_media":0,"parent":109,"menu_order":0,"comment_status":"closed","ping_status":"closed","template":"","meta":{"ngg_post_thumbnail":0},"_links":{"self":[{"href":"https:\/\/5ka.fr\/project\/patrickbaudrymirror\/wp-json\/wp\/v2\/pages\/117"}],"collection":[{"href":"https:\/\/5ka.fr\/project\/patrickbaudrymirror\/wp-json\/wp\/v2\/pages"}],"about":[{"href":"https:\/\/5ka.fr\/project\/patrickbaudrymirror\/wp-json\/wp\/v2\/types\/page"}],"author":[{"embeddable":true,"href":"https:\/\/5ka.fr\/project\/patrickbaudrymirror\/wp-json\/wp\/v2\/users\/1"}],"replies":[{"embeddable":true,"href":"https:\/\/5ka.fr\/project\/patrickbaudrymirror\/wp-json\/wp\/v2\/comments?post=117"}],"version-history":[{"count":2,"href":"https:\/\/5ka.fr\/project\/patrickbaudrymirror\/wp-json\/wp\/v2\/pages\/117\/revisions"}],"predecessor-version":[{"id":119,"href":"https:\/\/5ka.fr\/project\/patrickbaudrymirror\/wp-json\/wp\/v2\/pages\/117\/revisions\/119"}],"up":[{"embeddable":true,"href":"https:\/\/5ka.fr\/project\/patrickbaudrymirror\/wp-json\/wp\/v2\/pages\/109"}],"wp:attachment":[{"href":"https:\/\/5ka.fr\/project\/patrickbaudrymirror\/wp-json\/wp\/v2\/media?parent=117"}],"curies":[{"name":"wp","href":"https:\/\/api.w.org\/{rel}","templated":true}]}}