{"id":109,"date":"2020-05-27T02:28:21","date_gmt":"2020-05-27T00:28:21","guid":{"rendered":"https:\/\/5ka.fr\/project\/patrickbaudrymirror\/?page_id=109"},"modified":"2020-05-27T02:28:21","modified_gmt":"2020-05-27T00:28:21","slug":"interventions-du-3eme-type","status":"publish","type":"page","link":"https:\/\/5ka.fr\/project\/patrickbaudrymirror\/conferencier\/interventions-du-3eme-type\/","title":{"rendered":"Interventions du 3\u00e8me type"},"content":{"rendered":"<p>Les activit\u00e9s de Patrick Baudry sont toutes centr\u00e9es autour d&rsquo;un message o\u00f9 tournent les notions d&rsquo;effort, de combativit\u00e9, de d\u00e9passement de soi-m\u00eame et de ses r\u00eaves \u00e0 r\u00e9aliser.<\/p>\n<p>C&rsquo;est pourquoi Patrick Baudry accepte, selon le temps dont il dispose, d&rsquo;intervenir aupr\u00e8s des jeunes et des enfants, dans les \u00e9coles et les lyc\u00e9es, et de parrainer certains festivals ou certaines manifestations en rapport avec ces notions, pour livrer aujourd&rsquo;hui encore ce message porteur d&rsquo;espoir pour notre plan\u00e8te et ses futures g\u00e9n\u00e9rations.<\/p>\n<p>De temps \u00e0 autre, il met \u00e9galement son image au service d&rsquo;une cause ou d&rsquo;une autre, toujours choisie, jamais impos\u00e9e et qui cherche \u00e0 d\u00e9fendre les valeurs qui lui tiennent \u00e0 coeur depuis son retour sur Terre, une terre qui a bien besoin d&rsquo;\u00eatre tir\u00e9e vers le heut, vers plus de sens des responsabilit\u00e9s et vers une vision positive de son devenir.<\/p>\n","protected":false},"excerpt":{"rendered":"<p>Les activit\u00e9s de Patrick Baudry sont toutes centr\u00e9es autour d&rsquo;un message o\u00f9 tournent les notions d&rsquo;effort, de combativit\u00e9, de d\u00e9passement de soi-m\u00eame et de ses r\u00eaves \u00e0 r\u00e9aliser. C&rsquo;est pourquoi Patrick Baudry accepte, selon le temps dont il dispose, d&rsquo;intervenir aupr\u00e8s des jeunes et des enfants, dans les \u00e9coles et les lyc\u00e9es, et de parrainer [&hellip;]<\/p>\n","protected":false},"author":1,"featured_media":0,"parent":16,"menu_order":4,"comment_status":"closed","ping_status":"closed","template":"","meta":{"ngg_post_thumbnail":0},"_links":{"self":[{"href":"https:\/\/5ka.fr\/project\/patrickbaudrymirror\/wp-json\/wp\/v2\/pages\/109"}],"collection":[{"href":"https:\/\/5ka.fr\/project\/patrickbaudrymirror\/wp-json\/wp\/v2\/pages"}],"about":[{"href":"https:\/\/5ka.fr\/project\/patrickbaudrymirror\/wp-json\/wp\/v2\/types\/page"}],"author":[{"embeddable":true,"href":"https:\/\/5ka.fr\/project\/patrickbaudrymirror\/wp-json\/wp\/v2\/users\/1"}],"replies":[{"embeddable":true,"href":"https:\/\/5ka.fr\/project\/patrickbaudrymirror\/wp-json\/wp\/v2\/comments?post=109"}],"version-history":[{"count":2,"href":"https:\/\/5ka.fr\/project\/patrickbaudrymirror\/wp-json\/wp\/v2\/pages\/109\/revisions"}],"predecessor-version":[{"id":111,"href":"https:\/\/5ka.fr\/project\/patrickbaudrymirror\/wp-json\/wp\/v2\/pages\/109\/revisions\/111"}],"up":[{"embeddable":true,"href":"https:\/\/5ka.fr\/project\/patrickbaudrymirror\/wp-json\/wp\/v2\/pages\/16"}],"wp:attachment":[{"href":"https:\/\/5ka.fr\/project\/patrickbaudrymirror\/wp-json\/wp\/v2\/media?parent=109"}],"curies":[{"name":"wp","href":"https:\/\/api.w.org\/{rel}","templated":true}]}}