{"id":1077,"date":"2020-06-29T15:37:05","date_gmt":"2020-06-29T13:37:05","guid":{"rendered":"https:\/\/5ka.fr\/project\/patrickbaudrymirror\/?page_id=1077"},"modified":"2020-06-29T15:42:04","modified_gmt":"2020-06-29T13:42:04","slug":"blog","status":"publish","type":"page","link":"https:\/\/5ka.fr\/project\/patrickbaudrymirror\/blog\/","title":{"rendered":"BLOG"},"content":{"rendered":"<p>BONJOUR A TOUS<\/p>\n<p>Et, Bienvenue dans mon BLOG&#8230;.<\/p>\n<p>Vous y verrez un peu de tout, car vivre sur cette plan\u00e8te, c&rsquo;est surtout, et avant tout, pouvoir partager CE QU&rsquo;ON AIME!<\/p>\n<p>Alors, n&rsquo;h\u00e9sitez pas, soyez CURIEUX, prenez, laissez ce que vous aimez, d\u00e9testez&#8230;<\/p>\n<p>Car, j&rsquo;esp\u00e8re de tout coeur, que vous vous ferez PLAISIR \u00e0 lire, \u00e9couter, regarder, d\u00e9couvrir aussi, l&rsquo;une ou l&rsquo;autre de ces rubriques, de ces sujets&#8230;.<\/p>\n<p>Bonnes d\u00e9couvertes \u00e0 vous&#8230;<\/p>\n<p><a href=\"https:\/\/5ka.fr\/project\/patrickbaudrymirror\/wp-content\/uploads\/2020\/06\/accueil-edito.jpg\"><img loading=\"lazy\" class=\"alignright size-full wp-image-1081\" src=\"https:\/\/5ka.fr\/project\/patrickbaudrymirror\/wp-content\/uploads\/2020\/06\/accueil-edito.jpg\" alt=\"\" width=\"150\" height=\"170\"><\/a><\/p>\n<p>40 ans que quelques uns de mes camarades ont march\u00e9 sur la Lune, d\u00e9j\u00e0 !!!<\/p>\n<p>Et, je dois dire que la lune a toujours fait partie de mes r\u00eaves&#8230;<\/p>\n<p>De pr\u00e8s ou de loin, elle avait chaque fois quelque chose \u00e0 voir avec eux.<br \/>\nElle reste accroch\u00e9e \u00e0 nombre de mes vols nocturnes, seul dans l\u2019air, avec elle seule pour t\u00e9moin. Et, Lorsque j\u2019 \u00e9tais l\u00e0-haut, savourant ma chance \u2013 h\u00e9las unique &#8211; de tourner autour de notre Terre, \u00e0 contempler chaque lever et chaque coucher de soleil que je pouvais, je me disais que la lune restait bien loin de moi malgr\u00e9 ce fabuleux voyage.<\/p>\n<p><!--more--><\/p>\n<p>Je n\u2019ai jamais pu la toucher que des yeux. Proche, lointaine, plus proche parfois, mais jamais touch\u00e9e !<\/p>\n<p><!--more--><\/p>\n<p>Lorsque je pense \u00e0 elle , aujourd\u2019hui encore, je me dis qu\u2019elle ne se doutait pas que Gene Cernan, Apollo 17, serait le dernier \u00e0 venir la fouler de ses pas. Car, lorsqu\u2019elle lui a r\u00e9v\u00e9l\u00e9 quelques-uns de ses myst\u00e8res \u2013 si grands encore aujourd\u2019hui \u2013 je suis s\u00fbr qu\u2019elle pensait d\u00e9j\u00e0 \u00e0 son prochain visiteur. Quelques-uns \u00e9taient d\u00e9j\u00e0 venus la voir, et elle les avait tous beaucoup aim\u00e9s&#8230;<\/p>\n<p>Ils \u00e9taient \u00e9tranges, ces visiteurs qui se disaient am\u00e9ricains. Ils avaient m\u00eame plant\u00e9 leur drapeau sur son sol&#8230; Elle ne comprenait d\u2019ailleurs pas bien, elle les croyait terriens ! Mais, qu\u2019importe, elle les trouvait tous terriblement humains ! Et ce prochain visiteur, serait-il russe, chinois, Indien, europ\u00e9een ? Elle n\u2019en savait rien, mais elle s\u2019en moquait car elle pensait qu\u2019il arrivait et que lui aussi aurait bien d\u2019autres secrets \u00e0 lui raconter&#8230;<\/p>\n<p>Nous avons tous d\u00e9\u00e7u la lune. Elle pleure de nous voir, de l\u00e0-haut, capables seulement de la regarder, alors que nous lui avions tant promis. Elle reste donc seule, et nous aussi, car nous avons oubli\u00e9 de repartir \u00e0 la conqu\u00eate de ce morceau de nous que nous connaissons encore si mal.<\/p>\n<p>Qui peut ainsi aimer quelqu\u2019un sans vouloir le conna\u00eetre ?<\/p>\n<p>Il nous faut d\u00e9cider de revenir sur la lune et, cette fois, y aller avant qu\u2019elle ne se demande si cette premi\u00e8re s\u00e9rie de terriens venus la rencontrer n\u2019\u00e9tait pas un r\u00eave. Les hommes qui l\u2019ont foul\u00e9e, ces 12 amis exceptionnels, lui rendent toujours de vibrants et silencieux hommages.<\/p>\n<p>Que peuvent-ils, eux aussi &#8211; m\u00eame eux &#8211; faire d\u2019autre ? Elle fut alors une compagne si accueillante, si bienveillante ! Je veux encore r\u00eaver de la Lune. Je sais maintenant que je n\u2019irai jamais la toucher. Alors, je r\u00eave que le prochain lunien d\u2019un jour, puis de plusieurs jours, puis de tant de jours, sera un petit gar\u00e7on de 2009 \u2013ou une petite fille \u2013, quelle que soit sa nationalit\u00e9. Je r\u00eave que, ce soir, \u00e0 l\u2019heure o\u00f9 j\u2019\u00e9cris cet \u00e9dito (qu\u2019il lira d\u2019ailleurs peut-\u00eatre bient\u00f4t), ce petit \u00eatre s\u2019endort en la regardant par sa fen\u00eatre, et qu\u2019il lui promet, dans le secret de son c\u0153ur avant que de pouvoir le lui dire, que bient\u00f4t, il, ou elle, sera le prochain homme, ou femme, \u00e0 marcher sur Elle, La LUNE&#8230;<\/p>\n<p><!--more--><\/p>\n<p>Et, je sais que ce futur Petit Prince, ainsi que mes s\u0153urs m\u2019appelaient quand j\u2019\u00e9tais petit, est l\u00e0 quelque part et qu\u2019ils attendent, tous deux, de se rencontrer. L\u2019attente sera peut-\u00eatre un peu longue, les batailles peut-\u00eatre un peu rudes, (quelles batailles sont faciles ?).<br \/>\nMais, ce jour l\u00e0, nous serons tous \u00e0 regarder ce nouveau petit Neil devenu grand et, en m\u00eame temps, par la fen\u00eatre, celle qui ne sera plus jamais seule, puisque l\u2019on viendra l\u2019habiter et l\u2019admirer, juste d\u2019un peu plus pr\u00e8s, juste comme nous n\u2019aurions jamais d\u00fb cesser de le faire, juste\u2026.comme j\u2019aurais tant aim\u00e9 pouvoir le faire.<\/p>\n<p>Je fais ce site pour cet enfant que je ne connais pas et pour tous les autres qui ont raison de r\u00eaver comme lui. Je fais ce r\u00eave pour eux et je l\u2019\u00e9cris pour vous afin que vous les aidiez un peu.<\/p>\n<p>Et, j\u2019esp\u00e8re que vous avez r\u00eav\u00e9 un peu, vous aussi, avec moi\u2026 Les r\u00eaves ont toujours \u00e9t\u00e9 mon plus beau moteur et mon plus s\u00fbr chemin vers la r\u00e9ussite. Je vous souhaite de beaucoup r\u00eaver dans ces pages et j\u2019esp\u00e8re que vous viendrez quelques fois me dire quelque chose des v\u00f4tres.<\/p>\n<p>A vous tous, bon vol entre les pages de ma vie !<\/p>\n<p>Patrick Baudry<\/p>\n","protected":false},"excerpt":{"rendered":"<p>BONJOUR A TOUS Et, Bienvenue dans mon BLOG&#8230;. Vous y verrez un peu de tout, car vivre sur cette plan\u00e8te, c&rsquo;est surtout, et avant tout, pouvoir partager CE QU&rsquo;ON AIME! Alors, n&rsquo;h\u00e9sitez pas, soyez CURIEUX, prenez, laissez ce que vous aimez, d\u00e9testez&#8230; Car, j&rsquo;esp\u00e8re de tout coeur, que vous vous ferez PLAISIR \u00e0 lire, \u00e9couter, [&hellip;]<\/p>\n","protected":false},"author":1,"featured_media":0,"parent":0,"menu_order":9,"comment_status":"closed","ping_status":"closed","template":"","meta":{"ngg_post_thumbnail":0},"_links":{"self":[{"href":"https:\/\/5ka.fr\/project\/patrickbaudrymirror\/wp-json\/wp\/v2\/pages\/1077"}],"collection":[{"href":"https:\/\/5ka.fr\/project\/patrickbaudrymirror\/wp-json\/wp\/v2\/pages"}],"about":[{"href":"https:\/\/5ka.fr\/project\/patrickbaudrymirror\/wp-json\/wp\/v2\/types\/page"}],"author":[{"embeddable":true,"href":"https:\/\/5ka.fr\/project\/patrickbaudrymirror\/wp-json\/wp\/v2\/users\/1"}],"replies":[{"embeddable":true,"href":"https:\/\/5ka.fr\/project\/patrickbaudrymirror\/wp-json\/wp\/v2\/comments?post=1077"}],"version-history":[{"count":5,"href":"https:\/\/5ka.fr\/project\/patrickbaudrymirror\/wp-json\/wp\/v2\/pages\/1077\/revisions"}],"predecessor-version":[{"id":1083,"href":"https:\/\/5ka.fr\/project\/patrickbaudrymirror\/wp-json\/wp\/v2\/pages\/1077\/revisions\/1083"}],"wp:attachment":[{"href":"https:\/\/5ka.fr\/project\/patrickbaudrymirror\/wp-json\/wp\/v2\/media?parent=1077"}],"curies":[{"name":"wp","href":"https:\/\/api.w.org\/{rel}","templated":true}]}}