{"id":1068,"date":"2020-06-29T11:35:45","date_gmt":"2020-06-29T09:35:45","guid":{"rendered":"https:\/\/5ka.fr\/project\/patrickbaudrymirror\/?page_id=1068"},"modified":"2021-05-14T14:46:52","modified_gmt":"2021-05-14T12:46:52","slug":"2015-2","status":"publish","type":"page","link":"https:\/\/5ka.fr\/project\/patrickbaudrymirror\/le-concept\/2015-2\/","title":{"rendered":"2015"},"content":{"rendered":"<p><strong>Patrick Baudry f\u00eate ses 30 ans de vol avec Enfants Cancers Sant\u00e9 et Alice Taglioni<\/strong><br \/>\n<iframe loading=\"lazy\" width=\"620\" height=\"349\" src=\"https:\/\/www.youtube.com\/embed\/zbAzFWCO9iQ\" title=\"YouTube video player\" frameborder=\"0\" allow=\"accelerometer; autoplay; clipboard-write; encrypted-media; gyroscope; picture-in-picture\" allowfullscreen=\"\"><\/iframe><\/p>\n<p>Pr\u00e9paration de la nouvelle \u00e9dition de tour moto en cours.<\/p>\n<p>\u00e0 voir, tr\u00e8s prochainement.<\/p>\n","protected":false},"excerpt":{"rendered":"<p>Patrick Baudry f\u00eate ses 30 ans de vol avec Enfants Cancers Sant\u00e9 et Alice Taglioni Pr\u00e9paration de la nouvelle \u00e9dition de tour moto en cours. \u00e0 voir, tr\u00e8s prochainement.<\/p>\n","protected":false},"author":1,"featured_media":0,"parent":980,"menu_order":4,"comment_status":"closed","ping_status":"closed","template":"","meta":{"ngg_post_thumbnail":0},"_links":{"self":[{"href":"https:\/\/5ka.fr\/project\/patrickbaudrymirror\/wp-json\/wp\/v2\/pages\/1068"}],"collection":[{"href":"https:\/\/5ka.fr\/project\/patrickbaudrymirror\/wp-json\/wp\/v2\/pages"}],"about":[{"href":"https:\/\/5ka.fr\/project\/patrickbaudrymirror\/wp-json\/wp\/v2\/types\/page"}],"author":[{"embeddable":true,"href":"https:\/\/5ka.fr\/project\/patrickbaudrymirror\/wp-json\/wp\/v2\/users\/1"}],"replies":[{"embeddable":true,"href":"https:\/\/5ka.fr\/project\/patrickbaudrymirror\/wp-json\/wp\/v2\/comments?post=1068"}],"version-history":[{"count":2,"href":"https:\/\/5ka.fr\/project\/patrickbaudrymirror\/wp-json\/wp\/v2\/pages\/1068\/revisions"}],"predecessor-version":[{"id":1849,"href":"https:\/\/5ka.fr\/project\/patrickbaudrymirror\/wp-json\/wp\/v2\/pages\/1068\/revisions\/1849"}],"up":[{"embeddable":true,"href":"https:\/\/5ka.fr\/project\/patrickbaudrymirror\/wp-json\/wp\/v2\/pages\/980"}],"wp:attachment":[{"href":"https:\/\/5ka.fr\/project\/patrickbaudrymirror\/wp-json\/wp\/v2\/media?parent=1068"}],"curies":[{"name":"wp","href":"https:\/\/api.w.org\/{rel}","templated":true}]}}