{"id":106,"date":"2020-05-27T02:25:35","date_gmt":"2020-05-27T00:25:35","guid":{"rendered":"https:\/\/5ka.fr\/project\/patrickbaudrymirror\/?page_id=106"},"modified":"2020-07-09T18:24:51","modified_gmt":"2020-07-09T16:24:51","slug":"consultant-en-activites-aeronautiques-et-spatiales","status":"publish","type":"page","link":"https:\/\/5ka.fr\/project\/patrickbaudrymirror\/conferencier\/consultant-en-activites-aeronautiques-et-spatiales\/","title":{"rendered":"Consultant en activit\u00e9s a\u00e9ronautiques et spatiales"},"content":{"rendered":"<p>Patrick Baudry n&rsquo;a pas oubli\u00e9 son vrai m\u00e9tier pour autant, m\u00eame apr\u00e8s son d\u00e9part d&rsquo;Airbus Industrie en 2003. Depuis, parall\u00e8lement aux <a href=\"https:\/\/5ka.fr\/project\/patrickbaudrymirror\/conferencier\/themes-de-conference\/\">conf\u00e9rences<\/a> qu&rsquo;il donne en France comme \u00e0 l&rsquo;\u00e9tranger, il s&rsquo;est engag\u00e9 dans la voie d&rsquo;une mission de conseil et d&rsquo;organisation aupr\u00e8s de soci\u00e9t\u00e9s qui recourent \u00e0 ses services. Excellent connaisseur du milieu, cultivant des contacts pr\u00e9cieux qui le tiennent inform\u00e9s de ce qui le passionne, il intervient entre ou aupr\u00e8s de plusieurs actants des professions de haute technologies dans les milieux de l&rsquo;aviation et de l&rsquo;espace, pour les aider dans l&rsquo;am\u00e9lioration de l&rsquo;\u00e9volution de leurs syst\u00e8mes, sur des points pr\u00e9cis ou g\u00e9n\u00e9raux, plus directement dans la fabrication de produits ou encore l&rsquo;organisation de leurs soci\u00e9t\u00e9s.<\/p>\n<p>R\u00e9cemment, il s&rsquo;est passionn\u00e9 et investi dans des missions plus confidentielles d&rsquo;expertise lors d&rsquo;accidents d&rsquo;avions sur les Airbus qu&rsquo;il a test\u00e9 durant de pr\u00e9c\u00e9dentes longues ann\u00e9es.<\/p>\n<p>Ses activit\u00e9s de consultant, de conseil ou d&rsquo;expert touchent donc \u00e0 tous les domaines de la performance et de l&rsquo;excellence, toujours en comp\u00e9tition et sans cesse perfectible, de soci\u00e9t\u00e9s qui trouvent aupr\u00e8s de lui une aide s\u00fbre et efficace.<\/p>\n","protected":false},"excerpt":{"rendered":"<p>Patrick Baudry n&rsquo;a pas oubli\u00e9 son vrai m\u00e9tier pour autant, m\u00eame apr\u00e8s son d\u00e9part d&rsquo;Airbus Industrie en 2003. Depuis, parall\u00e8lement aux conf\u00e9rences qu&rsquo;il donne en France comme \u00e0 l&rsquo;\u00e9tranger, il s&rsquo;est engag\u00e9 dans la voie d&rsquo;une mission de conseil et d&rsquo;organisation aupr\u00e8s de soci\u00e9t\u00e9s qui recourent \u00e0 ses services. Excellent connaisseur du milieu, cultivant des [&hellip;]<\/p>\n","protected":false},"author":1,"featured_media":0,"parent":16,"menu_order":3,"comment_status":"closed","ping_status":"closed","template":"","meta":{"ngg_post_thumbnail":0},"_links":{"self":[{"href":"https:\/\/5ka.fr\/project\/patrickbaudrymirror\/wp-json\/wp\/v2\/pages\/106"}],"collection":[{"href":"https:\/\/5ka.fr\/project\/patrickbaudrymirror\/wp-json\/wp\/v2\/pages"}],"about":[{"href":"https:\/\/5ka.fr\/project\/patrickbaudrymirror\/wp-json\/wp\/v2\/types\/page"}],"author":[{"embeddable":true,"href":"https:\/\/5ka.fr\/project\/patrickbaudrymirror\/wp-json\/wp\/v2\/users\/1"}],"replies":[{"embeddable":true,"href":"https:\/\/5ka.fr\/project\/patrickbaudrymirror\/wp-json\/wp\/v2\/comments?post=106"}],"version-history":[{"count":3,"href":"https:\/\/5ka.fr\/project\/patrickbaudrymirror\/wp-json\/wp\/v2\/pages\/106\/revisions"}],"predecessor-version":[{"id":1790,"href":"https:\/\/5ka.fr\/project\/patrickbaudrymirror\/wp-json\/wp\/v2\/pages\/106\/revisions\/1790"}],"up":[{"embeddable":true,"href":"https:\/\/5ka.fr\/project\/patrickbaudrymirror\/wp-json\/wp\/v2\/pages\/16"}],"wp:attachment":[{"href":"https:\/\/5ka.fr\/project\/patrickbaudrymirror\/wp-json\/wp\/v2\/media?parent=106"}],"curies":[{"name":"wp","href":"https:\/\/api.w.org\/{rel}","templated":true}]}}