{"id":1006,"date":"2020-06-26T10:15:19","date_gmt":"2020-06-26T08:15:19","guid":{"rendered":"https:\/\/5ka.fr\/project\/patrickbaudrymirror\/?page_id=1006"},"modified":"2020-07-23T00:36:17","modified_gmt":"2020-07-22T22:36:17","slug":"2013-2","status":"publish","type":"page","link":"https:\/\/5ka.fr\/project\/patrickbaudrymirror\/le-concept\/2013-2\/","title":{"rendered":"2013"},"content":{"rendered":"<p align=\"center\"><strong>TOUR A MOTO SOLIDAIRE<\/strong><\/p>\n<p align=\"center\"><strong><span style=\"text-decoration: underline;\">2\u00e8me \u00e9dition<\/span><\/strong><span style=\"text-decoration: underline;\">&nbsp;: 25 et 26 MAI 2013<\/span><\/p>\n<p>Voici donc la deuxi\u00e8me \u00e9dition du TOUR a MOTO que <strong>mon \u00e9pouse &nbsp;St\u00e9phanie et moi-m\u00eame avons mis en place pour ENFANTS ET SANTE&nbsp;<\/strong><\/p>\n<p><em><span style=\"text-decoration: underline;\">&nbsp;&nbsp;Car, nous&nbsp;: <strong>\u00ab\u00a0ON ROULE POUR EUX \u2026&nbsp;!\u00a0\u00bb<\/strong><\/span><\/em><\/p>\n<p align=\"center\"><a href=\"http:\/\/tourmotoenfantsante.unblog.fr\/\">http:\/\/tourmotoenfantsante.unblog.fr<\/a><\/p>\n<p><strong><em><span style=\"text-decoration: underline;\">ENFANTS ET SANTE&nbsp;<\/span><\/em><\/strong><\/p>\n<p>ENFANTS ET SANTE &nbsp;est le <strong>principal bailleur de fonds de la recherche en canc\u00e9rologie p\u00e9diatrique.<\/strong><\/p>\n<p>Ils r\u00e9coltent <strong>PLUS D UN MILLION D EUROS de dons par an<\/strong><\/p>\n<p>L&rsquo;Association est reconnue <strong>D&rsquo;UTILITE PUBLIQUE depuis 2005<\/strong><\/p>\n<p>Je me suis toujours int\u00e9ress\u00e9 \u00e0 l&rsquo;\u00e9ducation des enfants pour en faire des \u00eatres <strong>COMBATTIFS et VOLONTAIRES<\/strong>, ces enfants-l\u00e0 le sont un peu plus que les autres. c&rsquo;est la raison pour laquelle je suis devenu le <strong>PARRAIN d&rsquo;ENFANTS ET SANTE en 2009.<\/strong><\/p>\n<p><strong><em>1 ENFANT sur 440 est atteint d&rsquo;un cancer ou d&rsquo;une &nbsp;&nbsp;&nbsp;&nbsp;leuc\u00e9mie et 20% d&rsquo;entre eux meurent encore!<\/em><\/strong><\/p>\n<p>ENFANTS ET SANTE qui r\u00e9colte tant de fonds a <strong>JUSTE BESOIN DE SE FAIRE CONNAITRE<\/strong> un peu mieux, <strong>pour \u00eatre encore plus productive!<\/strong><\/p>\n<p>&nbsp;<\/p>\n<p><strong><em><span style=\"text-decoration: underline;\">TOUR A MOTO SOLIDAIRE EDITION 2013<\/span><\/em><\/strong><\/p>\n<p><strong>Mon \u00e9pouse et moi-m\u00eame faisons beaucoup de moto<\/strong>, c&rsquo;est la raison pour laquelle <strong>NOUS AVONS IMAGINE CE TOUR A MOTO &nbsp;qui a pour but de FAIRE CONNAITRE ELUR ACTION.<\/strong><\/p>\n<p>Nous esp\u00e9rons qu&rsquo;\u00e0 terme, ce TOUR A MOTO deviendra <strong>UN TOUR DE FRANCE A MOTO en 2014 ou 2015!<\/strong><\/p>\n<p>&nbsp;<\/p>\n<p><strong><em><span style=\"text-decoration: underline;\">CETTE ANNEE :&nbsp;<\/span><\/em><\/strong><\/p>\n<p>D\u00e9part de <strong>MONTAUBAN<\/strong> , \u00e9tapes dans le sud-est \u00e0 <strong>SAINT ESTEVE ( GRAND GALA D&rsquo;ENFANTS ET SANTE ) et SAIN- CYPRIEN <\/strong>, puis retour \u00e0 <strong>BLAGNAC<\/strong>, au mus\u00e9e de l&rsquo;air <strong>AEROSCOPIA<\/strong><\/p>\n<p align=\"center\"><strong><em><span style=\"text-decoration: underline;\">Un grand merci aux MAIRIES RECEPTIVES ET GENEREUSES<\/span><\/em><\/strong><\/p>\n<p>&nbsp;<\/p>\n<p align=\"center\">Si j&rsquo;ai accept\u00e9 ces interviews , c&rsquo;est pour<\/p>\n<p align=\"center\"><strong><em><span style=\"text-decoration: underline;\">vous enjoindre \u00e0 nous rejoindre<\/span><\/em><\/strong><\/p>\n<p align=\"center\">ou \u00e0 venir nous voir .<\/p>\n<p align=\"center\">Alors, <strong>A VOS MOTOS<\/strong> car :<\/p>\n<p align=\"center\"><strong><em><span style=\"text-decoration: underline;\">\u00a0\u00bb NOUS, &nbsp;ON ROULE POUR EUX&#8230; !\u00a0\u00bb<\/span><\/em><\/strong><\/p>\n<p>&nbsp;<\/p>\n<p><strong><em><span style=\"text-decoration: underline;\">INFOS SUPPLEMENTAIRES<\/span><\/em><\/strong><\/p>\n<p>BLOG : tourmotoenfantsant\u00e9.unblog.fr<\/p>\n<p>MON SITE : <a title=\"http:\/\/www.patrick-baudry.com\/associations\" href=\"https:\/\/5ka.fr\/project\/patrickbaudrymirror\/associations\/\">http:\/\/www.patrick-baudry.com\/?page_id=1444<\/a><\/p>\n<p><a href=\"https:\/\/5ka.fr\/project\/patrickbaudrymirror\/wp-content\/uploads\/2020\/06\/recto.jpg\"><img loading=\"lazy\" class=\"aligncenter size-large wp-image-996\" src=\"https:\/\/5ka.fr\/project\/patrickbaudrymirror\/wp-content\/uploads\/2020\/06\/recto-722x1024.jpg\" alt=\"\" width=\"615\" height=\"872\" srcset=\"https:\/\/5ka.fr\/project\/patrickbaudrymirror\/wp-content\/uploads\/2020\/06\/recto-722x1024.jpg 722w, https:\/\/5ka.fr\/project\/patrickbaudrymirror\/wp-content\/uploads\/2020\/06\/recto-212x300.jpg 212w, https:\/\/5ka.fr\/project\/patrickbaudrymirror\/wp-content\/uploads\/2020\/06\/recto-768x1089.jpg 768w, https:\/\/5ka.fr\/project\/patrickbaudrymirror\/wp-content\/uploads\/2020\/06\/recto.jpg 903w\" sizes=\"(max-width: 615px) 100vw, 615px\" \/><\/a><a href=\"https:\/\/5ka.fr\/project\/patrickbaudrymirror\/wp-content\/uploads\/2020\/06\/Verso.jpg\"><img loading=\"lazy\" class=\"aligncenter size-large wp-image-997\" src=\"https:\/\/5ka.fr\/project\/patrickbaudrymirror\/wp-content\/uploads\/2020\/06\/Verso-722x1024.jpg\" alt=\"\" width=\"615\" height=\"872\" srcset=\"https:\/\/5ka.fr\/project\/patrickbaudrymirror\/wp-content\/uploads\/2020\/06\/Verso-722x1024.jpg 722w, https:\/\/5ka.fr\/project\/patrickbaudrymirror\/wp-content\/uploads\/2020\/06\/Verso-212x300.jpg 212w, https:\/\/5ka.fr\/project\/patrickbaudrymirror\/wp-content\/uploads\/2020\/06\/Verso-768x1089.jpg 768w, https:\/\/5ka.fr\/project\/patrickbaudrymirror\/wp-content\/uploads\/2020\/06\/Verso.jpg 903w\" sizes=\"(max-width: 615px) 100vw, 615px\" \/><\/a><\/p>\n<!-- default-view.php -->\n<div\n\tclass=\"ngg-galleryoverview default-view \"\n\tid=\"ngg-gallery-d46e76c16736df7b84e857117e00e8a5-1\">\n\n\t\t<!-- Thumbnails -->\n\t\t\t\t<div id=\"ngg-image-0\" class=\"ngg-gallery-thumbnail-box \" >\n\t\t\t\t        <div class=\"ngg-gallery-thumbnail\">\n            <a href=\"https:\/\/5ka.fr\/project\/patrickbaudrymirror\/wp-content\/gallery\/tour-moto-2013\/img055.jpg\"\n               title=\"\"\n               data-src=\"https:\/\/5ka.fr\/project\/patrickbaudrymirror\/wp-content\/gallery\/tour-moto-2013\/img055.jpg\"\n               data-thumbnail=\"https:\/\/5ka.fr\/project\/patrickbaudrymirror\/wp-content\/gallery\/tour-moto-2013\/thumbs\/thumbs_img055.jpg\"\n               data-image-id=\"472\"\n               data-title=\"img055\"\n               data-description=\"\"\n               data-image-slug=\"img055\"\n               class=\"ngg-simplelightbox\" rel=\"d46e76c16736df7b84e857117e00e8a5\">\n                <img\n                    title=\"img055\"\n                    alt=\"img055\"\n                    src=\"https:\/\/5ka.fr\/project\/patrickbaudrymirror\/wp-content\/gallery\/tour-moto-2013\/thumbs\/thumbs_img055.jpg\"\n                    width=\"100\"\n                    height=\"75\"\n                    style=\"max-width:100%;\"\n                \/>\n            <\/a>\n        <\/div>\n\t\t\t\t\t\t\t<\/div> \n\t\t\t\n\t\t\t\t<div id=\"ngg-image-1\" class=\"ngg-gallery-thumbnail-box \" >\n\t\t\t\t        <div class=\"ngg-gallery-thumbnail\">\n            <a href=\"https:\/\/5ka.fr\/project\/patrickbaudrymirror\/wp-content\/gallery\/tour-moto-2013\/img056.jpg\"\n               title=\"\"\n               data-src=\"https:\/\/5ka.fr\/project\/patrickbaudrymirror\/wp-content\/gallery\/tour-moto-2013\/img056.jpg\"\n               data-thumbnail=\"https:\/\/5ka.fr\/project\/patrickbaudrymirror\/wp-content\/gallery\/tour-moto-2013\/thumbs\/thumbs_img056.jpg\"\n               data-image-id=\"473\"\n               data-title=\"img056\"\n               data-description=\"\"\n               data-image-slug=\"img056\"\n               class=\"ngg-simplelightbox\" rel=\"d46e76c16736df7b84e857117e00e8a5\">\n                <img\n                    title=\"img056\"\n                    alt=\"img056\"\n                    src=\"https:\/\/5ka.fr\/project\/patrickbaudrymirror\/wp-content\/gallery\/tour-moto-2013\/thumbs\/thumbs_img056.jpg\"\n                    width=\"100\"\n                    height=\"75\"\n                    style=\"max-width:100%;\"\n                \/>\n            <\/a>\n        <\/div>\n\t\t\t\t\t\t\t<\/div> \n\t\t\t\n\t\t\t\t<div id=\"ngg-image-2\" class=\"ngg-gallery-thumbnail-box \" >\n\t\t\t\t        <div class=\"ngg-gallery-thumbnail\">\n            <a href=\"https:\/\/5ka.fr\/project\/patrickbaudrymirror\/wp-content\/gallery\/tour-moto-2013\/TM13-miss1.jpg\"\n               title=\"\"\n               data-src=\"https:\/\/5ka.fr\/project\/patrickbaudrymirror\/wp-content\/gallery\/tour-moto-2013\/TM13-miss1.jpg\"\n               data-thumbnail=\"https:\/\/5ka.fr\/project\/patrickbaudrymirror\/wp-content\/gallery\/tour-moto-2013\/thumbs\/thumbs_TM13-miss1.jpg\"\n               data-image-id=\"474\"\n               data-title=\"TM13-miss1\"\n               data-description=\"\"\n               data-image-slug=\"tm13-miss1\"\n               class=\"ngg-simplelightbox\" rel=\"d46e76c16736df7b84e857117e00e8a5\">\n                <img\n                    title=\"TM13-miss1\"\n                    alt=\"TM13-miss1\"\n                    src=\"https:\/\/5ka.fr\/project\/patrickbaudrymirror\/wp-content\/gallery\/tour-moto-2013\/thumbs\/thumbs_TM13-miss1.jpg\"\n                    width=\"100\"\n                    height=\"75\"\n                    style=\"max-width:100%;\"\n                \/>\n            <\/a>\n        <\/div>\n\t\t\t\t\t\t\t<\/div> \n\t\t\t\n\t\t\t\t<div id=\"ngg-image-3\" class=\"ngg-gallery-thumbnail-box \" >\n\t\t\t\t        <div class=\"ngg-gallery-thumbnail\">\n            <a href=\"https:\/\/5ka.fr\/project\/patrickbaudrymirror\/wp-content\/gallery\/tour-moto-2013\/TM13-miss2.jpg\"\n               title=\"\"\n               data-src=\"https:\/\/5ka.fr\/project\/patrickbaudrymirror\/wp-content\/gallery\/tour-moto-2013\/TM13-miss2.jpg\"\n               data-thumbnail=\"https:\/\/5ka.fr\/project\/patrickbaudrymirror\/wp-content\/gallery\/tour-moto-2013\/thumbs\/thumbs_TM13-miss2.jpg\"\n               data-image-id=\"475\"\n               data-title=\"TM13-miss2\"\n               data-description=\"\"\n               data-image-slug=\"tm13-miss2\"\n               class=\"ngg-simplelightbox\" rel=\"d46e76c16736df7b84e857117e00e8a5\">\n                <img\n                    title=\"TM13-miss2\"\n                    alt=\"TM13-miss2\"\n                    src=\"https:\/\/5ka.fr\/project\/patrickbaudrymirror\/wp-content\/gallery\/tour-moto-2013\/thumbs\/thumbs_TM13-miss2.jpg\"\n                    width=\"100\"\n                    height=\"75\"\n                    style=\"max-width:100%;\"\n                \/>\n            <\/a>\n        <\/div>\n\t\t\t\t\t\t\t<\/div> \n\t\t\t\n\t\t\t\t<div id=\"ngg-image-4\" class=\"ngg-gallery-thumbnail-box \" >\n\t\t\t\t        <div class=\"ngg-gallery-thumbnail\">\n            <a href=\"https:\/\/5ka.fr\/project\/patrickbaudrymirror\/wp-content\/gallery\/tour-moto-2013\/TM13-miss3.jpg\"\n               title=\"\"\n               data-src=\"https:\/\/5ka.fr\/project\/patrickbaudrymirror\/wp-content\/gallery\/tour-moto-2013\/TM13-miss3.jpg\"\n               data-thumbnail=\"https:\/\/5ka.fr\/project\/patrickbaudrymirror\/wp-content\/gallery\/tour-moto-2013\/thumbs\/thumbs_TM13-miss3.jpg\"\n               data-image-id=\"476\"\n               data-title=\"TM13-miss3\"\n               data-description=\"\"\n               data-image-slug=\"tm13-miss3\"\n               class=\"ngg-simplelightbox\" rel=\"d46e76c16736df7b84e857117e00e8a5\">\n                <img\n                    title=\"TM13-miss3\"\n                    alt=\"TM13-miss3\"\n                    src=\"https:\/\/5ka.fr\/project\/patrickbaudrymirror\/wp-content\/gallery\/tour-moto-2013\/thumbs\/thumbs_TM13-miss3.jpg\"\n                    width=\"100\"\n                    height=\"75\"\n                    style=\"max-width:100%;\"\n                \/>\n            <\/a>\n        <\/div>\n\t\t\t\t\t\t\t<\/div> \n\t\t\t\n\t\t\t\t<div id=\"ngg-image-5\" class=\"ngg-gallery-thumbnail-box \" >\n\t\t\t\t        <div class=\"ngg-gallery-thumbnail\">\n            <a href=\"https:\/\/5ka.fr\/project\/patrickbaudrymirror\/wp-content\/gallery\/tour-moto-2013\/TM13-miss4.jpg\"\n               title=\"\"\n               data-src=\"https:\/\/5ka.fr\/project\/patrickbaudrymirror\/wp-content\/gallery\/tour-moto-2013\/TM13-miss4.jpg\"\n               data-thumbnail=\"https:\/\/5ka.fr\/project\/patrickbaudrymirror\/wp-content\/gallery\/tour-moto-2013\/thumbs\/thumbs_TM13-miss4.jpg\"\n               data-image-id=\"477\"\n               data-title=\"TM13-miss4\"\n               data-description=\"\"\n               data-image-slug=\"tm13-miss4\"\n               class=\"ngg-simplelightbox\" rel=\"d46e76c16736df7b84e857117e00e8a5\">\n                <img\n                    title=\"TM13-miss4\"\n                    alt=\"TM13-miss4\"\n                    src=\"https:\/\/5ka.fr\/project\/patrickbaudrymirror\/wp-content\/gallery\/tour-moto-2013\/thumbs\/thumbs_TM13-miss4.jpg\"\n                    width=\"100\"\n                    height=\"75\"\n                    style=\"max-width:100%;\"\n                \/>\n            <\/a>\n        <\/div>\n\t\t\t\t\t\t\t<\/div> \n\t\t\t\n\t\t\t\t<div id=\"ngg-image-6\" class=\"ngg-gallery-thumbnail-box \" >\n\t\t\t\t        <div class=\"ngg-gallery-thumbnail\">\n            <a href=\"https:\/\/5ka.fr\/project\/patrickbaudrymirror\/wp-content\/gallery\/tour-moto-2013\/TM13-miss5.jpg\"\n               title=\"\"\n               data-src=\"https:\/\/5ka.fr\/project\/patrickbaudrymirror\/wp-content\/gallery\/tour-moto-2013\/TM13-miss5.jpg\"\n               data-thumbnail=\"https:\/\/5ka.fr\/project\/patrickbaudrymirror\/wp-content\/gallery\/tour-moto-2013\/thumbs\/thumbs_TM13-miss5.jpg\"\n               data-image-id=\"478\"\n               data-title=\"TM13-miss5\"\n               data-description=\"\"\n               data-image-slug=\"tm13-miss5\"\n               class=\"ngg-simplelightbox\" rel=\"d46e76c16736df7b84e857117e00e8a5\">\n                <img\n                    title=\"TM13-miss5\"\n                    alt=\"TM13-miss5\"\n                    src=\"https:\/\/5ka.fr\/project\/patrickbaudrymirror\/wp-content\/gallery\/tour-moto-2013\/thumbs\/thumbs_TM13-miss5.jpg\"\n                    width=\"100\"\n                    height=\"75\"\n                    style=\"max-width:100%;\"\n                \/>\n            <\/a>\n        <\/div>\n\t\t\t\t\t\t\t<\/div> \n\t\t\t\n\t\n\t<br style=\"clear: both\" \/>\n\n\t\n\t\t<!-- Pagination -->\n\t<div class='ngg-clear'><\/div>\t<\/div>\n\n","protected":false},"excerpt":{"rendered":"<p>TOUR A MOTO SOLIDAIRE 2\u00e8me \u00e9dition&nbsp;: 25 et 26 MAI 2013 Voici donc la deuxi\u00e8me \u00e9dition du TOUR a MOTO que mon \u00e9pouse &nbsp;St\u00e9phanie et moi-m\u00eame avons mis en place pour ENFANTS ET SANTE&nbsp; &nbsp;&nbsp;Car, nous&nbsp;: \u00ab\u00a0ON ROULE POUR EUX \u2026&nbsp;!\u00a0\u00bb http:\/\/tourmotoenfantsante.unblog.fr ENFANTS ET SANTE&nbsp; ENFANTS ET SANTE &nbsp;est le principal bailleur de fonds de [&hellip;]<\/p>\n","protected":false},"author":1,"featured_media":0,"parent":980,"menu_order":3,"comment_status":"closed","ping_status":"closed","template":"","meta":{"ngg_post_thumbnail":0},"_links":{"self":[{"href":"https:\/\/5ka.fr\/project\/patrickbaudrymirror\/wp-json\/wp\/v2\/pages\/1006"}],"collection":[{"href":"https:\/\/5ka.fr\/project\/patrickbaudrymirror\/wp-json\/wp\/v2\/pages"}],"about":[{"href":"https:\/\/5ka.fr\/project\/patrickbaudrymirror\/wp-json\/wp\/v2\/types\/page"}],"author":[{"embeddable":true,"href":"https:\/\/5ka.fr\/project\/patrickbaudrymirror\/wp-json\/wp\/v2\/users\/1"}],"replies":[{"embeddable":true,"href":"https:\/\/5ka.fr\/project\/patrickbaudrymirror\/wp-json\/wp\/v2\/comments?post=1006"}],"version-history":[{"count":3,"href":"https:\/\/5ka.fr\/project\/patrickbaudrymirror\/wp-json\/wp\/v2\/pages\/1006\/revisions"}],"predecessor-version":[{"id":1803,"href":"https:\/\/5ka.fr\/project\/patrickbaudrymirror\/wp-json\/wp\/v2\/pages\/1006\/revisions\/1803"}],"up":[{"embeddable":true,"href":"https:\/\/5ka.fr\/project\/patrickbaudrymirror\/wp-json\/wp\/v2\/pages\/980"}],"wp:attachment":[{"href":"https:\/\/5ka.fr\/project\/patrickbaudrymirror\/wp-json\/wp\/v2\/media?parent=1006"}],"curies":[{"name":"wp","href":"https:\/\/api.w.org\/{rel}","templated":true}]}}