{"id":100,"date":"2020-05-27T02:21:46","date_gmt":"2020-05-27T00:21:46","guid":{"rendered":"https:\/\/5ka.fr\/project\/patrickbaudrymirror\/?page_id=100"},"modified":"2020-05-27T02:21:47","modified_gmt":"2020-05-27T00:21:47","slug":"une-planete-a-preserver","status":"publish","type":"page","link":"https:\/\/5ka.fr\/project\/patrickbaudrymirror\/conferencier\/themes-de-conference\/une-planete-a-preserver\/","title":{"rendered":"Une plan\u00e8te \u00e0 pr\u00e9server"},"content":{"rendered":"<h3>Notre Terre, une plan\u00e8te \u00e0 pr\u00e9server<\/h3>\n<p>Voir sa plan\u00e8te \u201cde l\u2019ext\u00e9rieur\u201d, au c\u0153ur de l\u2019Univers, perdue au milieu d\u2019un noir absolu, a permis \u00e0 Patrick BAUDRY de toucher \u00e0 une \u00e9vidence : notre plan\u00e8te, d\u2019une beaut\u00e9 resplendissante et d\u2019une majest\u00e9 extraordinaire, est en m\u00eame temps d\u2019une infinie fragilit\u00e9. Son atmosph\u00e8re est si t\u00e9nue et mince qu\u2019en l\u2019observant de quelques centaines de kilom\u00e8tres \u00e0 peine, on n\u2019en distingue plus l\u2019\u00e9paisseur ni l\u2019existence. Et on prend conscience de son absolue fragilit\u00e9, alors que c\u2019est elle qui permet l\u2019existence et la protection de la vie. Seul un \u00e9quilibre miraculeux a permis l\u2019\u00e9closion de la vie, et cet \u00e9quilibre est \u00e9troitement d\u00e9pendant de notre atmosph\u00e8re. Il est donc essentiel de la pr\u00e9server si nous voulons pr\u00e9server les conditions m\u00eames de notre survie.<\/p>\n<p>Le film qui sert de support \u00e0 Patrick BAUDRY lors de sa Conf\u00e9rence permet de bien prendre conscience de cette n\u00e9cessit\u00e9 qui s\u2019impose \u00e0 nous tous. C\u2019est l\u00e0 une bonne raison de s\u2019interroger sur la n\u00e9cessit\u00e9 de la science dans l\u2019Espace et de la poursuite de la conqu\u00eate spatiale. L\u2019exploration lunaire, par exemple, nous permettra d\u2019exploiter les ressources qui s\u2019y trouvent. L\u2019H\u00e9lium 3 que nous pourrions extraire et qui est une mol\u00e9cule pratiquement inexistante sur Terre, pourrait offrir une solution non polluante \u00e0 nos besoins \u00e9nerg\u00e9tiques bient\u00f4t probl\u00e9matiques avec l\u2019\u00e9puisement des ressources fossiles.<\/p>\n<p>Pr\u00e9server autant qu\u2019on le peut notre vaisseau spatial Terre, aller explorer l\u2019ailleurs pour en ramener ce qui nous sera n\u00e9cessaire, voil\u00e0 un objectif \u00e0 la fois individuel et plan\u00e9taire dont chacun doit prendre la mesure. Aider \u00e0 cette prise de conscience est l\u2019objectif poursuivi par Patrick BAUDRY dans sa conf\u00e9rence.<\/p>\n","protected":false},"excerpt":{"rendered":"<p>Notre Terre, une plan\u00e8te \u00e0 pr\u00e9server Voir sa plan\u00e8te \u201cde l\u2019ext\u00e9rieur\u201d, au c\u0153ur de l\u2019Univers, perdue au milieu d\u2019un noir absolu, a permis \u00e0 Patrick BAUDRY de toucher \u00e0 une \u00e9vidence : notre plan\u00e8te, d\u2019une beaut\u00e9 resplendissante et d\u2019une majest\u00e9 extraordinaire, est en m\u00eame temps d\u2019une infinie fragilit\u00e9. Son atmosph\u00e8re est si t\u00e9nue et mince [&hellip;]<\/p>\n","protected":false},"author":1,"featured_media":0,"parent":20,"menu_order":7,"comment_status":"closed","ping_status":"closed","template":"","meta":{"ngg_post_thumbnail":0},"_links":{"self":[{"href":"https:\/\/5ka.fr\/project\/patrickbaudrymirror\/wp-json\/wp\/v2\/pages\/100"}],"collection":[{"href":"https:\/\/5ka.fr\/project\/patrickbaudrymirror\/wp-json\/wp\/v2\/pages"}],"about":[{"href":"https:\/\/5ka.fr\/project\/patrickbaudrymirror\/wp-json\/wp\/v2\/types\/page"}],"author":[{"embeddable":true,"href":"https:\/\/5ka.fr\/project\/patrickbaudrymirror\/wp-json\/wp\/v2\/users\/1"}],"replies":[{"embeddable":true,"href":"https:\/\/5ka.fr\/project\/patrickbaudrymirror\/wp-json\/wp\/v2\/comments?post=100"}],"version-history":[{"count":2,"href":"https:\/\/5ka.fr\/project\/patrickbaudrymirror\/wp-json\/wp\/v2\/pages\/100\/revisions"}],"predecessor-version":[{"id":102,"href":"https:\/\/5ka.fr\/project\/patrickbaudrymirror\/wp-json\/wp\/v2\/pages\/100\/revisions\/102"}],"up":[{"embeddable":true,"href":"https:\/\/5ka.fr\/project\/patrickbaudrymirror\/wp-json\/wp\/v2\/pages\/20"}],"wp:attachment":[{"href":"https:\/\/5ka.fr\/project\/patrickbaudrymirror\/wp-json\/wp\/v2\/media?parent=100"}],"curies":[{"name":"wp","href":"https:\/\/api.w.org\/{rel}","templated":true}]}}