{"id":8,"date":"2026-01-14T04:13:12","date_gmt":"2026-01-14T03:13:12","guid":{"rendered":"https:\/\/5ka.fr\/project\/ceramiqskin\/panier\/"},"modified":"2026-01-15T02:39:42","modified_gmt":"2026-01-15T01:39:42","slug":"panier","status":"publish","type":"page","link":"https:\/\/5ka.fr\/project\/ceramiqskin\/panier\/","title":{"rendered":"Panier"},"content":{"rendered":"\n<div data-block-name=\"woocommerce\/cart\" class=\"wp-block-woocommerce-cart alignwide is-loading\">\n<div data-block-name=\"woocommerce\/filled-cart-block\" class=\"wp-block-woocommerce-filled-cart-block\">\n<div data-block-name=\"woocommerce\/cart-items-block\" class=\"wp-block-woocommerce-cart-items-block\">\n<div data-block-name=\"woocommerce\/cart-line-items-block\" class=\"wp-block-woocommerce-cart-line-items-block\"><\/div>\n\n\n<\/div>\n\n\n\n\n<div data-block-name=\"woocommerce\/cart-totals-block\" class=\"wp-block-woocommerce-cart-totals-block\">\n<div data-block-name=\"woocommerce\/cart-order-summary-block\" class=\"wp-block-woocommerce-cart-order-summary-block\">\n<div data-block-name=\"woocommerce\/cart-order-summary-heading-block\" class=\"wp-block-woocommerce-cart-order-summary-heading-block\"><\/div><div data-block-name=\"woocommerce\/cart-order-summary-coupon-form-block\" class=\"wp-block-woocommerce-cart-order-summary-coupon-form-block\"><\/div><div data-block-name=\"woocommerce\/cart-order-summary-totals-block\" class=\"wp-block-woocommerce-cart-order-summary-totals-block\">\n<div data-block-name=\"woocommerce\/cart-order-summary-subtotal-block\" class=\"wp-block-woocommerce-cart-order-summary-subtotal-block\"><\/div>\n<div data-block-name=\"woocommerce\/cart-order-summary-discount-block\" class=\"wp-block-woocommerce-cart-order-summary-discount-block\"><\/div>\n<div data-block-name=\"woocommerce\/cart-order-summary-fee-block\" class=\"wp-block-woocommerce-cart-order-summary-fee-block\"><\/div>\n<div data-block-name=\"woocommerce\/cart-order-summary-shipping-block\" class=\"wp-block-woocommerce-cart-order-summary-shipping-block\"><\/div>\n<div data-block-name=\"woocommerce\/cart-order-summary-taxes-block\" class=\"wp-block-woocommerce-cart-order-summary-taxes-block\"><\/div><\/div>\n<\/div>\n\n\n\n<div data-block-name=\"woocommerce\/cart-express-payment-block\" class=\"wp-block-woocommerce-cart-express-payment-block\"><\/div>\n\n\n\n<div data-block-name=\"woocommerce\/proceed-to-checkout-block\" class=\"wp-block-woocommerce-proceed-to-checkout-block\"><\/div>\n\n\n\n<div data-block-name=\"woocommerce\/cart-accepted-payment-methods-block\" class=\"wp-block-woocommerce-cart-accepted-payment-methods-block\"><\/div>\n<\/div>\n<\/div>\n\n\n\n<div data-block-name=\"woocommerce\/empty-cart-block\" class=\"wp-block-woocommerce-empty-cart-block\">\n<h2 class=\"wp-block-heading has-text-align-center with-empty-cart-icon wc-block-cart__empty-cart__title\">Votre panier est actuellement vide\u00a0!<\/h2>\n\n\n\n<hr class=\"wp-block-separator has-alpha-channel-opacity is-style-dots\"\/>\n\n\n\n<h2 class=\"wp-block-heading has-text-align-center\">Nouveau dans la boutique<\/h2>\n\n\n<div data-block-name=\"woocommerce\/product-new\" data-columns=\"4\" data-rows=\"1\" class=\"wc-block-grid wp-block-product-new wp-block-woocommerce-product-new wc-block-product-new has-4-columns\"><ul class=\"wc-block-grid__products\"><li class=\"wc-block-grid__product\">\n\t\t\t\t<a href=\"https:\/\/5ka.fr\/project\/ceramiqskin\/produit\/brooklyn-shirt\/\" class=\"wc-block-grid__product-link\">\n\t\t\t\t\t\n\t\t\t\t\t<div class=\"wc-block-grid__product-image\"><img loading=\"lazy\" decoding=\"async\" width=\"300\" height=\"300\" src=\"https:\/\/5ka.fr\/project\/ceramiqskin\/wp-content\/uploads\/2018\/08\/vneck-tee-2-300x300.jpg\" class=\"attachment-woocommerce_thumbnail size-woocommerce_thumbnail\" alt=\"Brooklyn Shirt\" srcset=\"https:\/\/5ka.fr\/project\/ceramiqskin\/wp-content\/uploads\/2018\/08\/vneck-tee-2-300x300.jpg 300w, https:\/\/5ka.fr\/project\/ceramiqskin\/wp-content\/uploads\/2018\/08\/vneck-tee-2-150x150.jpg 150w, https:\/\/5ka.fr\/project\/ceramiqskin\/wp-content\/uploads\/2018\/08\/vneck-tee-2-768x767.jpg 768w, https:\/\/5ka.fr\/project\/ceramiqskin\/wp-content\/uploads\/2018\/08\/vneck-tee-2-140x140.jpg 140w, https:\/\/5ka.fr\/project\/ceramiqskin\/wp-content\/uploads\/2018\/08\/vneck-tee-2-100x100.jpg 100w, https:\/\/5ka.fr\/project\/ceramiqskin\/wp-content\/uploads\/2018\/08\/vneck-tee-2-500x500.jpg 500w, https:\/\/5ka.fr\/project\/ceramiqskin\/wp-content\/uploads\/2018\/08\/vneck-tee-2-350x350.jpg 350w, https:\/\/5ka.fr\/project\/ceramiqskin\/wp-content\/uploads\/2018\/08\/vneck-tee-2-600x599.jpg 600w, https:\/\/5ka.fr\/project\/ceramiqskin\/wp-content\/uploads\/2018\/08\/vneck-tee-2.jpg 801w\" sizes=\"auto, (max-width: 300px) 100vw, 300px\" \/><\/div>\n\t\t\t\t\t<div class=\"wc-block-grid__product-title\">Brooklyn Shirt<\/div>\n\t\t\t\t<\/a>\n\t\t\t\t<div class=\"wc-block-grid__product-price price\"><span class=\"woocommerce-Price-amount amount\">25,00&nbsp;<span class=\"woocommerce-Price-currencySymbol\">&euro;<\/span><\/span><\/div>\n\t\t\t\t\n\t\t\t\t<div class=\"wp-block-button wc-block-grid__product-add-to-cart\"><a href=\"\/project\/ceramiqskin\/wp-json\/wp\/v2\/pages\/8?add-to-cart=223\" aria-label=\"Ajouter au panier\u00a0: &ldquo;Brooklyn Shirt&rdquo;\" data-quantity=\"1\" data-product_id=\"223\" data-product_sku=\"\" data-price=\"25\" rel=\"nofollow\" class=\"wp-block-button__link  add_to_cart_button ajax_add_to_cart\">Ajouter au panier<\/a><\/div>\n\t\t\t<\/li><li class=\"wc-block-grid__product\">\n\t\t\t\t<a href=\"https:\/\/5ka.fr\/project\/ceramiqskin\/produit\/salient-tshirt\/\" class=\"wc-block-grid__product-link\">\n\t\t\t\t\t<div class=\"wc-block-grid__product-onsale\">\n\t\t\t<span aria-hidden=\"true\">Promo<\/span>\n\t\t\t<span class=\"screen-reader-text\">Produit en promotion<\/span>\n\t\t<\/div>\n\t\t\t\t\t<div class=\"wc-block-grid__product-image\"><img loading=\"lazy\" decoding=\"async\" width=\"300\" height=\"300\" src=\"https:\/\/5ka.fr\/project\/ceramiqskin\/wp-content\/uploads\/2018\/08\/vnech-tee-blue-1-300x300.jpg\" class=\"attachment-woocommerce_thumbnail size-woocommerce_thumbnail\" alt=\"Salient T-Shirt\" srcset=\"https:\/\/5ka.fr\/project\/ceramiqskin\/wp-content\/uploads\/2018\/08\/vnech-tee-blue-1-300x300.jpg 300w, https:\/\/5ka.fr\/project\/ceramiqskin\/wp-content\/uploads\/2018\/08\/vnech-tee-blue-1-150x150.jpg 150w, https:\/\/5ka.fr\/project\/ceramiqskin\/wp-content\/uploads\/2018\/08\/vnech-tee-blue-1-768x768.jpg 768w, https:\/\/5ka.fr\/project\/ceramiqskin\/wp-content\/uploads\/2018\/08\/vnech-tee-blue-1-140x140.jpg 140w, https:\/\/5ka.fr\/project\/ceramiqskin\/wp-content\/uploads\/2018\/08\/vnech-tee-blue-1-100x100.jpg 100w, https:\/\/5ka.fr\/project\/ceramiqskin\/wp-content\/uploads\/2018\/08\/vnech-tee-blue-1-500x500.jpg 500w, https:\/\/5ka.fr\/project\/ceramiqskin\/wp-content\/uploads\/2018\/08\/vnech-tee-blue-1-350x350.jpg 350w, https:\/\/5ka.fr\/project\/ceramiqskin\/wp-content\/uploads\/2018\/08\/vnech-tee-blue-1-600x600.jpg 600w, https:\/\/5ka.fr\/project\/ceramiqskin\/wp-content\/uploads\/2018\/08\/vnech-tee-blue-1.jpg 800w\" sizes=\"auto, (max-width: 300px) 100vw, 300px\" \/><\/div>\n\t\t\t\t\t<div class=\"wc-block-grid__product-title\">Salient T-Shirt<\/div>\n\t\t\t\t<\/a>\n\t\t\t\t<div class=\"wc-block-grid__product-price price\"><del aria-hidden=\"true\"><span class=\"woocommerce-Price-amount amount\">20,00&nbsp;<span class=\"woocommerce-Price-currencySymbol\">&euro;<\/span><\/span><\/del> <span class=\"screen-reader-text\">Le prix initial \u00e9tait\u00a0: 20,00&nbsp;&euro;.<\/span><ins aria-hidden=\"true\"><span class=\"woocommerce-Price-amount amount\">18,00&nbsp;<span class=\"woocommerce-Price-currencySymbol\">&euro;<\/span><\/span><\/ins><span class=\"screen-reader-text\">Le prix actuel est\u00a0: 18,00&nbsp;&euro;.<\/span><\/div>\n\t\t\t\t\n\t\t\t\t<div class=\"wp-block-button wc-block-grid__product-add-to-cart\"><a href=\"\/project\/ceramiqskin\/wp-json\/wp\/v2\/pages\/8?add-to-cart=5834\" aria-label=\"Ajouter au panier\u00a0: &ldquo;Salient T-Shirt&rdquo;\" data-quantity=\"1\" data-product_id=\"5834\" data-product_sku=\"Woo-beanie-logo\" data-price=\"18\" rel=\"nofollow\" class=\"wp-block-button__link  add_to_cart_button ajax_add_to_cart\">Ajouter au panier<\/a><\/div>\n\t\t\t<\/li><li class=\"wc-block-grid__product\">\n\t\t\t\t<a href=\"https:\/\/5ka.fr\/project\/ceramiqskin\/produit\/t-shirt-nectar-logo\/\" class=\"wc-block-grid__product-link\">\n\t\t\t\t\t\n\t\t\t\t\t<div class=\"wc-block-grid__product-image\"><img loading=\"lazy\" decoding=\"async\" width=\"300\" height=\"300\" src=\"https:\/\/5ka.fr\/project\/ceramiqskin\/wp-content\/uploads\/2018\/08\/vnech-tee-green-1-300x300.jpg\" class=\"attachment-woocommerce_thumbnail size-woocommerce_thumbnail\" alt=\"T-Shirt Nectar Logo\" srcset=\"https:\/\/5ka.fr\/project\/ceramiqskin\/wp-content\/uploads\/2018\/08\/vnech-tee-green-1-300x300.jpg 300w, https:\/\/5ka.fr\/project\/ceramiqskin\/wp-content\/uploads\/2018\/08\/vnech-tee-green-1-150x150.jpg 150w, https:\/\/5ka.fr\/project\/ceramiqskin\/wp-content\/uploads\/2018\/08\/vnech-tee-green-1-768x768.jpg 768w, https:\/\/5ka.fr\/project\/ceramiqskin\/wp-content\/uploads\/2018\/08\/vnech-tee-green-1-140x140.jpg 140w, https:\/\/5ka.fr\/project\/ceramiqskin\/wp-content\/uploads\/2018\/08\/vnech-tee-green-1-100x100.jpg 100w, https:\/\/5ka.fr\/project\/ceramiqskin\/wp-content\/uploads\/2018\/08\/vnech-tee-green-1-500x500.jpg 500w, https:\/\/5ka.fr\/project\/ceramiqskin\/wp-content\/uploads\/2018\/08\/vnech-tee-green-1-350x350.jpg 350w, https:\/\/5ka.fr\/project\/ceramiqskin\/wp-content\/uploads\/2018\/08\/vnech-tee-green-1-600x600.jpg 600w, https:\/\/5ka.fr\/project\/ceramiqskin\/wp-content\/uploads\/2018\/08\/vnech-tee-green-1.jpg 800w\" sizes=\"auto, (max-width: 300px) 100vw, 300px\" \/><\/div>\n\t\t\t\t\t<div class=\"wc-block-grid__product-title\">T-Shirt Nectar Logo<\/div>\n\t\t\t\t<\/a>\n\t\t\t\t<div class=\"wc-block-grid__product-price price\"><span class=\"woocommerce-Price-amount amount\">18,00&nbsp;<span class=\"woocommerce-Price-currencySymbol\">&euro;<\/span><\/span><\/div>\n\t\t\t\t\n\t\t\t\t<div class=\"wp-block-button wc-block-grid__product-add-to-cart\"><a href=\"\/project\/ceramiqskin\/wp-json\/wp\/v2\/pages\/8?add-to-cart=5833\" aria-label=\"Ajouter au panier\u00a0: &ldquo;T-Shirt Nectar Logo&rdquo;\" data-quantity=\"1\" data-product_id=\"5833\" data-product_sku=\"Woo-tshirt-logo\" data-price=\"18\" rel=\"nofollow\" class=\"wp-block-button__link  add_to_cart_button ajax_add_to_cart\">Ajouter au panier<\/a><\/div>\n\t\t\t<\/li><li class=\"wc-block-grid__product\">\n\t\t\t\t<a href=\"https:\/\/5ka.fr\/project\/ceramiqskin\/produit\/berlin-green-shirt\/\" class=\"wc-block-grid__product-link\">\n\t\t\t\t\t<div class=\"wc-block-grid__product-onsale\">\n\t\t\t<span aria-hidden=\"true\">Promo<\/span>\n\t\t\t<span class=\"screen-reader-text\">Produit en promotion<\/span>\n\t\t<\/div>\n\t\t\t\t\t<div class=\"wc-block-grid__product-image\"><img loading=\"lazy\" decoding=\"async\" width=\"300\" height=\"300\" src=\"https:\/\/5ka.fr\/project\/ceramiqskin\/wp-content\/uploads\/2018\/08\/long-sleeve-tee-2-300x300.jpg\" class=\"attachment-woocommerce_thumbnail size-woocommerce_thumbnail\" alt=\"Berlin Green Shirt\" srcset=\"https:\/\/5ka.fr\/project\/ceramiqskin\/wp-content\/uploads\/2018\/08\/long-sleeve-tee-2-300x300.jpg 300w, https:\/\/5ka.fr\/project\/ceramiqskin\/wp-content\/uploads\/2018\/08\/long-sleeve-tee-2-150x150.jpg 150w, https:\/\/5ka.fr\/project\/ceramiqskin\/wp-content\/uploads\/2018\/08\/long-sleeve-tee-2-768x768.jpg 768w, https:\/\/5ka.fr\/project\/ceramiqskin\/wp-content\/uploads\/2018\/08\/long-sleeve-tee-2-140x140.jpg 140w, https:\/\/5ka.fr\/project\/ceramiqskin\/wp-content\/uploads\/2018\/08\/long-sleeve-tee-2-100x100.jpg 100w, https:\/\/5ka.fr\/project\/ceramiqskin\/wp-content\/uploads\/2018\/08\/long-sleeve-tee-2-500x500.jpg 500w, https:\/\/5ka.fr\/project\/ceramiqskin\/wp-content\/uploads\/2018\/08\/long-sleeve-tee-2-350x350.jpg 350w, https:\/\/5ka.fr\/project\/ceramiqskin\/wp-content\/uploads\/2018\/08\/long-sleeve-tee-2-600x600.jpg 600w, https:\/\/5ka.fr\/project\/ceramiqskin\/wp-content\/uploads\/2018\/08\/long-sleeve-tee-2.jpg 801w\" sizes=\"auto, (max-width: 300px) 100vw, 300px\" \/><\/div>\n\t\t\t\t\t<div class=\"wc-block-grid__product-title\">Berlin Green Shirt<\/div>\n\t\t\t\t<\/a>\n\t\t\t\t<div class=\"wc-block-grid__product-price price\"><del aria-hidden=\"true\"><span class=\"woocommerce-Price-amount amount\">30,00&nbsp;<span class=\"woocommerce-Price-currencySymbol\">&euro;<\/span><\/span><\/del> <span class=\"screen-reader-text\">Le prix initial \u00e9tait\u00a0: 30,00&nbsp;&euro;.<\/span><ins aria-hidden=\"true\"><span class=\"woocommerce-Price-amount amount\">20,00&nbsp;<span class=\"woocommerce-Price-currencySymbol\">&euro;<\/span><\/span><\/ins><span class=\"screen-reader-text\">Le prix actuel est\u00a0: 20,00&nbsp;&euro;.<\/span><\/div>\n\t\t\t\t\n\t\t\t\t<div class=\"wp-block-button wc-block-grid__product-add-to-cart\"><a href=\"\/project\/ceramiqskin\/wp-json\/wp\/v2\/pages\/8?add-to-cart=5832\" aria-label=\"Ajouter au panier\u00a0: &ldquo;Berlin Green Shirt&rdquo;\" data-quantity=\"1\" data-product_id=\"5832\" data-product_sku=\"woo-single\" data-price=\"20\" rel=\"nofollow\" class=\"wp-block-button__link  add_to_cart_button ajax_add_to_cart\">Ajouter au panier<\/a><\/div>\n\t\t\t<\/li><\/ul><\/div><\/div>\n<\/div>\n","protected":false},"excerpt":{"rendered":"Vous serez peut-\u00eatre int\u00e9ress\u00e9 par&hellip; Votre panier est actuellement vide\u00a0! Nouveau dans la boutique","protected":false},"author":1,"featured_media":0,"parent":0,"menu_order":0,"comment_status":"closed","ping_status":"closed","template":"","meta":{"footnotes":""},"class_list":["post-8","page","type-page","status-publish"],"_links":{"self":[{"href":"https:\/\/5ka.fr\/project\/ceramiqskin\/wp-json\/wp\/v2\/pages\/8","targetHints":{"allow":["GET"]}}],"collection":[{"href":"https:\/\/5ka.fr\/project\/ceramiqskin\/wp-json\/wp\/v2\/pages"}],"about":[{"href":"https:\/\/5ka.fr\/project\/ceramiqskin\/wp-json\/wp\/v2\/types\/page"}],"author":[{"embeddable":true,"href":"https:\/\/5ka.fr\/project\/ceramiqskin\/wp-json\/wp\/v2\/users\/1"}],"replies":[{"embeddable":true,"href":"https:\/\/5ka.fr\/project\/ceramiqskin\/wp-json\/wp\/v2\/comments?post=8"}],"version-history":[{"count":1,"href":"https:\/\/5ka.fr\/project\/ceramiqskin\/wp-json\/wp\/v2\/pages\/8\/revisions"}],"predecessor-version":[{"id":12,"href":"https:\/\/5ka.fr\/project\/ceramiqskin\/wp-json\/wp\/v2\/pages\/8\/revisions\/12"}],"wp:attachment":[{"href":"https:\/\/5ka.fr\/project\/ceramiqskin\/wp-json\/wp\/v2\/media?parent=8"}],"curies":[{"name":"wp","href":"https:\/\/api.w.org\/{rel}","templated":true}]}}